{"id":20469,"date":"2025-04-11T18:05:12","date_gmt":"2025-04-11T16:05:12","guid":{"rendered":"https:\/\/zadarapartments.com\/?page_id=20469"},"modified":"2026-01-14T04:55:06","modified_gmt":"2026-01-14T02:55:06","slug":"iznajmljivaci","status":"publish","type":"page","link":"https:\/\/zadarapartments.com\/sv\/iznajmljivaci\/","title":{"rendered":"Iznajmljivaci"},"content":{"rendered":"<div class=\"wpb-content-wrapper\"><div class=\"vc_row wpb_row vc_row-fluid wpestate_row vc_row\"><div class=\"wpb_column vc_column_container vc_col-sm-12 vc_column\"><div class=\"vc_column-inner\"><div class=\"wpb_wrapper\">\n\t<div class=\"wpb_text_column wpb_content_element vc_column_text\" >\n\t\t<div class=\"wpb_wrapper\">\n\t\t\t<p id=\"user_menu_u\">\n<div>\n<h1 style=\"text-align: center; margin-bottom: 30px;\"> Promovirajte Va\u0161e Apartmane na ZadarApartments.com <\/h1>\n<p>\n<strong>Svaki apartman ima svoju vlastitu premium promotivnu internet stranicu za najluksuzniju reklamu va\u0161ih apartmana<\/strong>, s neograni\u010denim brojem fotografija, videom, detaljnim opisom ponude sadr\u017eaja i usluga, sezonskim cijenama, vlastitim iCal kalendarom za automatsko a\u017euriranje i dr.<\/p>\n<div class=\"col-md-6\" style=\"margin-top: 20px; margin-bottom: 30px;\">\n<ul class=\"list-unstyled feature-list mb-4\">\n<li style=\"padding: 4px 0;\"> &#8211; Direktne rezervacije bez tro\u0161kova agencijskih provizija <\/li>\n<li style=\"padding: 4px 0;\"> &#8211; Gosti pla\u0107aju izravno vama, bez posrednika i \u010dekanja na naplatu <\/li>\n<li style=\"padding: 4px 0;\"> &#8211; Vi odre\u0111ujete sve cijene i uvjete, ne portali i agencije <\/li>\n<li style=\"padding: 4px 0;\"> &#8211; Konkurentnost i fleksibilnost kod dogovaranja cijena i uvjeta <\/li>\n<li style=\"padding: 4px 0;\"> &#8211; Imate punu kontrolu nad rezervacijama, bez overbookinga <\/li>\n<\/ul>\n<\/div>\n<div class=\"col-md-6\" style=\"margin-top: 20px; margin-bottom: 30px;\">\n<ul class=\"list-unstyled feature-list mb-4\">\n<li style=\"padding: 4px 0;\"> &#8211; Vlastita internet stranica va\u0161ih apartmana za lako djeljenje npr.: <\/li>\n<li style=\"padding: 4px 0;\"> &nbsp; &nbsp; &nbsp; &nbsp; <strong>ZadarApartments.com\/Vase-Ime-Apartments<\/strong> <\/li>\n<li style=\"padding: 4px 0;\"> &#8211; Izravnim kontaktom s gostom kontrolirate tko dolazi u apartmane <\/li>\n<li style=\"padding: 4px 0;\"> &#8211; Prva rezervacija bez tro\u0161ka provizije isplati investiciju ogla\u0161avanja <\/li>\n<li style=\"padding: 4px 0;\"> &#8211; Ogla\u0161avanje na ZadarApartments.com je investicija koja se isplati <\/li>\n<\/ul>\n<\/div>\n<\/div>\n\n\t\t<\/div>\n\t<\/div>\n<\/div><\/div><\/div><\/div><div class=\"vc_row wpb_row vc_row-fluid wpestate_row vc_row\"><div class=\"wpb_column vc_column_container vc_col-sm-12 vc_column\"><div class=\"vc_column-inner\"><div class=\"wpb_wrapper\">\n\t<div class=\"wpb_text_column wpb_content_element vc_column_text\" >\n\t\t<div class=\"wpb_wrapper\">\n\t\t\t<div class=\"container py-5\" style=\"margin-top: 30px;\">\n<div class=\"row justify-content-center g-4\">\n<div class=\"col-md-4\">\n<div class=\"pricing-card card h-100 p-4\">\n<div class=\"card-body text-center\" style=\"padding-top: 20px; padding-bottom: 20px;\">\n<p><span style=\"font-size: 12px; letter-spacing: 2px;\"> PROMOTIVNI PAKET <\/span><\/p>\n<h2 class=\"display-4 fw-bold mb-4\" style=\"margin: 30px 0;\"><span style=\"font-size: 36px;\"> 1 Apartman <\/span><\/h2>\n<div class=\"pricing-table__badge yellow margin-bottom--m\" style=\"padding: 10px 20px;\">\n<span style=\"font-size: 16px;\"> Oglasite Apartman po cijeni 3 kave mjese\u010dno <\/span>\n<\/div>\n<p><span style=\"font-size: 15px; letter-spacing: 1px;\"> Ogla\u0161avanje 1 Apartmana godi\u0161nje <\/span><\/p>\n<p class=\"text-muted mb-4\" style=\"font-size: 24px; color: #419de0;\"> 69 \u20ac \/ 365 dana <\/p>\n<ul class=\"list-unstyled feature-list mb-4\">\n<li style=\"margin-left: -26px;\"> 5,75 \u20ac \/ mjese\u010dno Ogla\u0161avanje 1 Apartmana <\/li>\n<li style=\"text-align: left;\"><i class=\"fa fa-check checkon\"><\/i> &nbsp; Najluksuznije Ogla\u0161avanje Apartmana <\/li>\n<li style=\"text-align: left;\"><i class=\"fa fa-check checkon\"><\/i> &nbsp; Apartman ima vlastitu promo stranicu <\/li>\n<li style=\"text-align: left;\"><i class=\"fa fa-check checkon\"><\/i> &nbsp; 1 Promotivna internet stranica Apartmana <\/li>\n<li style=\"text-align: left;\"><i class=\"fa fa-check checkon\"><\/i> &nbsp; 1 Promotivna internet stranica Objekta <\/li>\n<li style=\"text-align: left;\"><i class=\"fa fa-check checkon\"><\/i> &nbsp; Neograni\u010den broj fotografija i 2 videa <\/li>\n<li style=\"text-align: left;\"><i class=\"fa fa-check checkon\"><\/i> &nbsp; Promo stranica apartmana na 15 jezika <\/li>\n<li style=\"text-align: left;\"><i class=\"fa fa-check checkon\"><\/i> &nbsp; Apartman ima vlastiti iCal kalendar <\/li>\n<li style=\"text-align: left;\"><i class=\"fa fa-check checkon\"><\/i> &nbsp; Prva rezervacija isplati investiciju <\/li>\n<\/ul>\n<p><button class=\"btn btn-custom text-white w-100\" style=\"margin-bottom: 20px !important;\"><a style=\"color: #fff;\" href=\"https:\/\/zadarapartments.com\/podaci-1-apartman.doc\"> Preuzmite obrazac <\/a><\/button><\/p>\n<\/div>\n<\/div>\n<\/div>\n<div class=\"col-md-4\">\n<div class=\"pricing-card card h-100 p-4\">\n<div class=\"card-body text-center\" style=\"padding-top: 20px; padding-bottom: 20px;\">\n<p><span style=\"font-size: 12px; letter-spacing: 2px;\"> PROMOTIVNI PAKET <\/span><\/p>\n<h2 class=\"display-4 fw-bold mb-4\" style=\"margin: 30px 0;\"><span style=\"font-size: 36px;\"> 2 Apartmana <\/span><\/h2>\n<div class=\"pricing-table__badge yellow margin-bottom--m\">\n<span style=\"font-size: 28px;\"> -40 % <\/span><span style=\"font-size: 22px; padding-left: 10px;\"> Popusta <\/span>\n<\/div>\n<p><span style=\"font-size: 15px; letter-spacing: 1px;\"> Apartman godi\u0161nje 69 \u20ac -40% <\/span><\/p>\n<p class=\"text-muted mb-4\" style=\"font-size: 24px; color: #419de0;\"> 42 \u20ac \/ 365 dana <\/p>\n<p><span style=\"font-size: 15px; letter-spacing: 1px;\"> 2 Apartmana godi\u0161nje 138 \u20ac -40% <\/span><\/p>\n<p class=\"text-muted mb-4\" style=\"font-size: 24px; color: #419de0;\"> 84 \u20ac \/ 365 dana <\/p>\n<ul class=\"list-unstyled feature-list mb-4\">\n<li style=\"margin-left: -26px;\"> 3,50 \u20ac \/ mjese\u010dno Ogla\u0161avanje 1 Apartmana <\/li>\n<li style=\"text-align: left;\"><i class=\"fa fa-check checkon\"><\/i> &nbsp; Najluksuznije Ogla\u0161avanje Apartmana <\/li>\n<li style=\"text-align: left;\"><i class=\"fa fa-check checkon\"><\/i> &nbsp; Svaki Apartman ima vlastitu promo stranicu <\/li>\n<li style=\"text-align: left;\"><i class=\"fa fa-check checkon\"><\/i> &nbsp; 2 Promotivne internet stranice Apartmana <\/li>\n<li style=\"text-align: left;\"><i class=\"fa fa-check checkon\"><\/i> &nbsp; 1 Promotivna internet stranica Objekta <\/li>\n<li style=\"text-align: left;\"><i class=\"fa fa-check checkon\"><\/i> &nbsp; Neograni\u010den broj fotografija i 3 videa <\/li>\n<li style=\"text-align: left;\"><i class=\"fa fa-check checkon\"><\/i> &nbsp; Svaka promo stranica je na 15 jezika <\/li>\n<li style=\"text-align: left;\"><i class=\"fa fa-check checkon\"><\/i> &nbsp; Svaki Apartman ima vlastiti iCal kalendar <\/li>\n<li style=\"text-align: left;\"><i class=\"fa fa-check checkon\"><\/i> &nbsp; Prva rezervacija isplati investiciju <\/li>\n<\/ul>\n<p><button class=\"btn btn-custom text-white w-100\" style=\"margin-bottom: 20px !important;\"><a style=\"color: #fff;\" href=\"https:\/\/zadarapartments.com\/podaci-2-apartmana.doc\"> Preuzmite obrazac <\/a><\/button><\/p>\n<\/div>\n<\/div>\n<\/div>\n<div class=\"col-md-4\">\n<div class=\"pricing-card card h-100 p-4\">\n<div class=\"card-body text-center\" style=\"padding-top: 20px; padding-bottom: 20px;\">\n<p><span style=\"font-size: 12px; letter-spacing: 2px;\"> PROMOTIVNI PAKET <\/span><\/p>\n<h2 class=\"display-4 fw-bold mb-4\" style=\"margin: 30px 0;\"><span style=\"font-size: 36px;\"> 3 Apartmana <\/span><\/h2>\n<div class=\"pricing-table__badge yellow margin-bottom--m\">\n<span style=\"font-size: 28px;\"> -50 % <\/span><span style=\"font-size: 22px; padding-left: 10px;\"> Popusta <\/span>\n<\/div>\n<p><span style=\"font-size: 15px; letter-spacing: 1px;\"> Apartman godi\u0161nje 69 \u20ac -50% <\/span><\/p>\n<p class=\"text-muted mb-4\" style=\"font-size: 24px; color: #419de0;\"> 33 \u20ac \/ 365 dana <\/p>\n<p><span style=\"font-size: 15px; letter-spacing: 1px;\"> 3 Apartmana godi\u0161nje 207 \u20ac -50% <\/span><\/p>\n<p class=\"text-muted mb-4\" style=\"font-size: 24px; color: #419de0;\"> 99 \u20ac \/ 365 dana <\/p>\n<ul class=\"list-unstyled feature-list mb-4\">\n<li style=\"margin-left: -26px;\"> 2,75 \u20ac \/ mjese\u010dno Ogla\u0161avanje 1 Apartmana <\/li>\n<li style=\"text-align: left;\"><i class=\"fa fa-check checkon\"><\/i> &nbsp; Najluksuznije Ogla\u0161avanje Apartmana <\/li>\n<li style=\"text-align: left;\"><i class=\"fa fa-check checkon\"><\/i> &nbsp; Svaki Apartman ima vlastitu promo stranicu <\/li>\n<li style=\"text-align: left;\"><i class=\"fa fa-check checkon\"><\/i> &nbsp; 3 Promotivne internet stranice Apartmana <\/li>\n<li style=\"text-align: left;\"><i class=\"fa fa-check checkon\"><\/i> &nbsp; 1 Promotivna internet stranica Objekta <\/li>\n<li style=\"text-align: left;\"><i class=\"fa fa-check checkon\"><\/i> &nbsp; Neograni\u010den broj fotografija i 4 videa <\/li>\n<li style=\"text-align: left;\"><i class=\"fa fa-check checkon\"><\/i> &nbsp; Svaka promo stranica je na 15 jezika <\/li>\n<li style=\"text-align: left;\"><i class=\"fa fa-check checkon\"><\/i> &nbsp; Svaki Apartman ima vlastiti iCal kalendar <\/li>\n<li style=\"text-align: left;\"><i class=\"fa fa-check checkon\"><\/i> &nbsp; Prva rezervacija isplati investiciju <\/li>\n<\/ul>\n<p><button class=\"btn btn-custom text-white w-100\" style=\"margin-bottom: 20px !important;\"><a style=\"color: #fff;\" href=\"https:\/\/zadarapartments.com\/podaci-3-apartmana.doc\"> Preuzmite obrazac <\/a><\/button><\/p>\n<\/div>\n<\/div>\n<\/div>\n<\/div>\n<\/div>\n<div style=\"margin-top: 80px;\">\n\n\t\t<\/div>\n\t<\/div>\n<\/div><\/div><\/div><\/div><div class=\"vc_row wpb_row vc_row-fluid wpestate_row vc_row\"><div class=\"wpb_column vc_column_container vc_col-sm-12 vc_column\"><div class=\"vc_column-inner\"><div class=\"wpb_wrapper\"><div class=\"col-md-4\"><div class=\"login_form shortcode-login\" id=\"login-div\">\n        <div class=\"loginalert\" id=\"login_message_area_sh\" ><\/div>\n        \n                <div class=\"loginrow\">\n                    <input type=\"text\" class=\"form-control\" name=\"log\" id=\"login_user_sh\" placeholder=\"Username\" size=\"20\" \/>\n                <\/div>\n                \n                <div class=\"loginrow\">\n                    <input type=\"password\" class=\"form-control\" name=\"pwd\" id=\"login_pwd_sh\"  placeholder=\"Password\" size=\"20\" \/>\n                <\/div>\n                \n                <input type=\"hidden\" name=\"loginpop\" id=\"loginpop\" value=\"0\">\n                <input type=\"hidden\" id=\"security-login_sh\" name=\"security-login\" value=\"a225e099c3-1776807133\">\n                      \n                \n                <button id=\"wp-login-but_sh\" class=\"wpb_button  wpb_btn-info  wpb_btn-small   wpestate_vc_button  vc_button\">Login<\/button>\n                <div class=\"login-links shortlog\"><a href=\"https:\/\/zadarapartments.com\/sv\/iznajmljivaci\/\">Register link text222<\/a> | <a href=\"#\" id=\"forgot_pass\">Forgot Password?<\/a>\n                <\/div>                 \n        <\/div>\n        <div class=\"login_form  shortcode-login\" id=\"forgot-pass-div\">\n            <div class=\"loginalert\" id=\"forgot_pass_area\"><\/div>\n            <div class=\"loginrow\">\n                    <input type=\"text\" class=\"form-control\" name=\"forgot_email\" id=\"forgot_email\" placeholder=\"Enter Your Email Address\" size=\"20\" \/>\n            <\/div>\n            <input type=\"hidden\" id=\"security-forgot\" name=\"security-forgot\" value=\"382ba0729f\" \/><input type=\"hidden\" name=\"_wp_http_referer\" value=\"\/sv\/wp-json\/wp\/v2\/pages\/20469\" \/>  \n            <input type=\"hidden\" id=\"postid\" value=\"20469\">    \n            <button class=\"wpb_button  wpb_btn-info  wpb_btn-small   wpestate_vc_button  vc_button\" id=\"wp-forgot-but\" name=\"forgot\" >Reset Password<\/button>\n            <div class=\"login-links shortlog\">\n            <a href=\"#\" id=\"return_login\">Return to Login<\/a>\n            <\/div>\n        <\/div><br><br><br><br><br><br><br><br><br><br><br><br><br><\/div>\r\n<div class=\"col-md-8\">\r\n<br><br>\r\nSvaki apartman reklamira se <a href=\"https:\/\/zadarapartments.com\/sv\/lagenheter\/luxury-apartment-pool-family-oasis-zadar\/\" target=\"_blank\">vlastitom luksuznom promotivnom internet stranicom<\/a>, dodatno se napravi \r\ni <a href=\"https:\/\/zadarapartments.com\/sv\/manda-lagenheter-zadar-kroatien\/\" target=\"_blank\">promotivna internet stranica objekta vlasnika<\/a> prikazuju\u0107i i promoviraju\u0107i sve va\u0161e apartmane. \r\n<br><br>\r\nPromotivna internet stranica objekta na internet adresi: <strong> ZadarApartments.com\/Vase-Ime-Apartments <\/strong><br>\r\nslu\u017ei i kao vlastita internet stranica va\u0161ih apartmana \u010diju internet adresu vrlo lako dijelite \r\nturistima usmeno, emailom, mobitelom, SMS-om, whatsapp-om, putem dru\u0161tvenih mre\u017ea itd.\r\n\r\n<br><br>\r\nKako oglasiti va\u0161e apartmane na internet portalu ZadarApartments.com.\r\n<br><br>\r\nJednostavno &#8220;<strong>Preuzmite obrazac<\/strong>&#8221; i ispunjenog po\u0161aljite na: <strong>info@ZadarApartments.com<\/strong>.\r\n<br><br>\r\nPo\u0161aljite i link s kojeg se mogu preuzeti <strong>fotografije<\/strong> i <strong>video<\/strong> apartmana.\r\n<br><br>\r\nZa ogla\u0161avanje va\u0161ih apartmana na ZadarApartments.com uplatite iznos 69, 84 ili 99 Eur na IBAN ra\u010dun:<br>\r\n<strong>HR60 2407 0001 1005 0607 1<\/strong> \r\n<br><br>\r\nPlatitelj:<br> \r\n<strong>Va\u0161e ime, prezime i adresa<\/strong>\r\n<br><br>\r\nOpis pla\u0107anja:<br> \r\n<strong>Ogla\u0161avanje apartmana na ZadarApartments.com u trajanju od 1. godine<\/strong>\r\n<br><br>\r\nPrimatelj:<br> \r\n<strong>Visit Dalmatia j.d.o.o.<\/strong> <br>\r\n<strong>Kroz Smrde\u010dac 35, 21000 Split<\/strong> <br>\r\n<br>\r\n\r\nNakon uplate na email adresu \u0107ete dobiti potvrdu-ra\u010dun na upla\u0107eni iznos za promociju va\u0161ih apartmana \r\nna internet portalu ZadarApartments.com i putem drugih kanala promid\u017ebe u trajanju od godinu dana.\r\n<br><br>\r\nJo\u0161 samo na email adresu <strong>info@ZadarApartments.com<\/strong> jednostavno po\u0161aljite ispunjen obrazac s podacima \r\napartmana, fotografije i video ili linkove s kojih se mogu preuzeti za izradu promotivnih stranica \r\nva\u0161eg objekta i svakog pojedinog apartmana, za par dana promotivne internet stranice \u0107e biti gotove. \r\n<br><br>\r\nObavijestiti \u0107emo vas odmah kad promotivne stranice va\u0161ih apartmana budu pripremljene da ih pregledate \r\ni odobrite, za sve eventualne izmjene i dopune samo nas obavijestite pa \u0107e biti napravljene. \r\n\r\n<br><br>\r\nZa sve dodatne informacije i pojedinosti kontaktirajte nas na: <strong>info@ZadarApartments.com<\/strong>\r\n\r\n<\/div><\/div><\/div><\/div><\/div>\r\n<\/div><\/div>","protected":false},"excerpt":{"rendered":"Promovirajte Va\u0161e Apartmane na ZadarApartments.com Svaki apartman ima svoju vlastitu premium promotivnu internet stranicu za najluksuzniju reklamu va\u0161ih apartmana, s ...","protected":false},"author":1,"featured_media":0,"parent":0,"menu_order":0,"comment_status":"closed","ping_status":"closed","template":"","meta":{"footnotes":""},"class_list":["post-20469","page","type-page","status-publish","hentry"],"yoast_head":"<!-- This site is optimized with the Yoast SEO plugin v27.4 - https:\/\/yoast.com\/product\/yoast-seo-wordpress\/ -->\n<title>Iznajmljivaci<\/title>\n<meta name=\"robots\" content=\"index, follow, max-snippet:-1, max-image-preview:large, max-video-preview:-1\" \/>\n<link rel=\"canonical\" href=\"https:\/\/zadarapartments.com\/sv\/iznajmljivaci\/\" \/>\n<meta property=\"og:locale\" content=\"sv_SE\" \/>\n<meta property=\"og:type\" content=\"article\" \/>\n<meta property=\"og:title\" content=\"Iznajmljivaci\" \/>\n<meta property=\"og:url\" content=\"https:\/\/zadarapartments.com\/sv\/iznajmljivaci\/\" \/>\n<meta property=\"og:site_name\" content=\"Holiday Apartments Zadar Croatia, Luxury, Budget, City or Beach\" \/>\n<meta property=\"article:modified_time\" content=\"2026-01-14T02:55:06+00:00\" \/>\n<meta name=\"twitter:card\" content=\"summary_large_image\" \/>\n<meta name=\"twitter:label1\" content=\"Ber\u00e4knad l\u00e4stid\" \/>\n\t<meta name=\"twitter:data1\" content=\"3 minuter\" \/>\n<script type=\"application\/ld+json\" class=\"yoast-schema-graph\">{\"@context\":\"https:\\\/\\\/schema.org\",\"@graph\":[{\"@type\":\"WebPage\",\"@id\":\"https:\\\/\\\/zadarapartments.com\\\/iznajmljivaci\\\/\",\"url\":\"https:\\\/\\\/zadarapartments.com\\\/iznajmljivaci\\\/\",\"name\":\"Iznajmljivaci\",\"isPartOf\":{\"@id\":\"https:\\\/\\\/zadarapartments.com\\\/#website\"},\"datePublished\":\"2025-04-11T16:05:12+00:00\",\"dateModified\":\"2026-01-14T02:55:06+00:00\",\"breadcrumb\":{\"@id\":\"https:\\\/\\\/zadarapartments.com\\\/iznajmljivaci\\\/#breadcrumb\"},\"inLanguage\":\"sv-SE\",\"potentialAction\":[{\"@type\":\"ReadAction\",\"target\":[\"https:\\\/\\\/zadarapartments.com\\\/iznajmljivaci\\\/\"]}]},{\"@type\":\"BreadcrumbList\",\"@id\":\"https:\\\/\\\/zadarapartments.com\\\/iznajmljivaci\\\/#breadcrumb\",\"itemListElement\":[{\"@type\":\"ListItem\",\"position\":1,\"name\":\"Home\",\"item\":\"https:\\\/\\\/zadarapartments.com\\\/\"},{\"@type\":\"ListItem\",\"position\":2,\"name\":\"Iznajmljivaci\"}]},{\"@type\":\"WebSite\",\"@id\":\"https:\\\/\\\/zadarapartments.com\\\/#website\",\"url\":\"https:\\\/\\\/zadarapartments.com\\\/\",\"name\":\"Holiday Apartments Zadar, Croatia, Luxury, Budget, City or Beach\",\"description\":\"Rent Holiday Apartment in Zadar, Croatia, Luxury, Cheap, City, Beach Vacation Rentals by Owner\",\"publisher\":{\"@id\":\"https:\\\/\\\/zadarapartments.com\\\/#organization\"},\"potentialAction\":[{\"@type\":\"SearchAction\",\"target\":{\"@type\":\"EntryPoint\",\"urlTemplate\":\"https:\\\/\\\/zadarapartments.com\\\/?s={search_term_string}\"},\"query-input\":{\"@type\":\"PropertyValueSpecification\",\"valueRequired\":true,\"valueName\":\"search_term_string\"}}],\"inLanguage\":\"sv-SE\"},{\"@type\":\"Organization\",\"@id\":\"https:\\\/\\\/zadarapartments.com\\\/#organization\",\"name\":\"ZadarApartments.com\",\"url\":\"https:\\\/\\\/zadarapartments.com\\\/\",\"logo\":{\"@type\":\"ImageObject\",\"inLanguage\":\"sv-SE\",\"@id\":\"https:\\\/\\\/zadarapartments.com\\\/#\\\/schema\\\/logo\\\/image\\\/\",\"url\":\"https:\\\/\\\/zadarapartments.com\\\/wp-content\\\/uploads\\\/2018\\\/09\\\/logo-new.png\",\"contentUrl\":\"https:\\\/\\\/zadarapartments.com\\\/wp-content\\\/uploads\\\/2018\\\/09\\\/logo-new.png\",\"width\":300,\"height\":38,\"caption\":\"ZadarApartments.com\"},\"image\":{\"@id\":\"https:\\\/\\\/zadarapartments.com\\\/#\\\/schema\\\/logo\\\/image\\\/\"}}]}<\/script>\n<!-- \/ Yoast SEO plugin. -->","yoast_head_json":{"title":"Iznajmljivaci","robots":{"index":"index","follow":"follow","max-snippet":"max-snippet:-1","max-image-preview":"max-image-preview:large","max-video-preview":"max-video-preview:-1"},"canonical":"https:\/\/zadarapartments.com\/sv\/iznajmljivaci\/","og_locale":"sv_SE","og_type":"article","og_title":"Iznajmljivaci","og_url":"https:\/\/zadarapartments.com\/sv\/iznajmljivaci\/","og_site_name":"Holiday Apartments Zadar Croatia, Luxury, Budget, City or Beach","article_modified_time":"2026-01-14T02:55:06+00:00","twitter_card":"summary_large_image","twitter_misc":{"Ber\u00e4knad l\u00e4stid":"3 minuter"},"schema":{"@context":"https:\/\/schema.org","@graph":[{"@type":"WebPage","@id":"https:\/\/zadarapartments.com\/iznajmljivaci\/","url":"https:\/\/zadarapartments.com\/iznajmljivaci\/","name":"Iznajmljivaci","isPartOf":{"@id":"https:\/\/zadarapartments.com\/#website"},"datePublished":"2025-04-11T16:05:12+00:00","dateModified":"2026-01-14T02:55:06+00:00","breadcrumb":{"@id":"https:\/\/zadarapartments.com\/iznajmljivaci\/#breadcrumb"},"inLanguage":"sv-SE","potentialAction":[{"@type":"ReadAction","target":["https:\/\/zadarapartments.com\/iznajmljivaci\/"]}]},{"@type":"BreadcrumbList","@id":"https:\/\/zadarapartments.com\/iznajmljivaci\/#breadcrumb","itemListElement":[{"@type":"ListItem","position":1,"name":"Home","item":"https:\/\/zadarapartments.com\/"},{"@type":"ListItem","position":2,"name":"Iznajmljivaci"}]},{"@type":"WebSite","@id":"https:\/\/zadarapartments.com\/#website","url":"https:\/\/zadarapartments.com\/","name":"Semesterl\u00e4genheter Zadar, Kroatien, lyx, budget, stad eller strand","description":"Hyr semesterl\u00e4genhet i Zadar, Kroatien, lyx, billig, stad, strand Semesteruthyrning av \u00e4gare","publisher":{"@id":"https:\/\/zadarapartments.com\/#organization"},"potentialAction":[{"@type":"SearchAction","target":{"@type":"EntryPoint","urlTemplate":"https:\/\/zadarapartments.com\/?s={search_term_string}"},"query-input":{"@type":"PropertyValueSpecification","valueRequired":true,"valueName":"search_term_string"}}],"inLanguage":"sv-SE"},{"@type":"Organization","@id":"https:\/\/zadarapartments.com\/#organization","name":"ZadarApartments.com","url":"https:\/\/zadarapartments.com\/","logo":{"@type":"ImageObject","inLanguage":"sv-SE","@id":"https:\/\/zadarapartments.com\/#\/schema\/logo\/image\/","url":"https:\/\/zadarapartments.com\/wp-content\/uploads\/2018\/09\/logo-new.png","contentUrl":"https:\/\/zadarapartments.com\/wp-content\/uploads\/2018\/09\/logo-new.png","width":300,"height":38,"caption":"ZadarApartments.com"},"image":{"@id":"https:\/\/zadarapartments.com\/#\/schema\/logo\/image\/"}}]}},"_links":{"self":[{"href":"https:\/\/zadarapartments.com\/sv\/wp-json\/wp\/v2\/pages\/20469","targetHints":{"allow":["GET"]}}],"collection":[{"href":"https:\/\/zadarapartments.com\/sv\/wp-json\/wp\/v2\/pages"}],"about":[{"href":"https:\/\/zadarapartments.com\/sv\/wp-json\/wp\/v2\/types\/page"}],"author":[{"embeddable":true,"href":"https:\/\/zadarapartments.com\/sv\/wp-json\/wp\/v2\/users\/1"}],"replies":[{"embeddable":true,"href":"https:\/\/zadarapartments.com\/sv\/wp-json\/wp\/v2\/comments?post=20469"}],"version-history":[{"count":152,"href":"https:\/\/zadarapartments.com\/sv\/wp-json\/wp\/v2\/pages\/20469\/revisions"}],"predecessor-version":[{"id":21890,"href":"https:\/\/zadarapartments.com\/sv\/wp-json\/wp\/v2\/pages\/20469\/revisions\/21890"}],"wp:attachment":[{"href":"https:\/\/zadarapartments.com\/sv\/wp-json\/wp\/v2\/media?parent=20469"}],"curies":[{"name":"wp","href":"https:\/\/api.w.org\/{rel}","templated":true}]}}