{"id":19555,"date":"2020-04-28T00:23:57","date_gmt":"2020-04-27T22:23:57","guid":{"rendered":"https:\/\/zadarapartments.com\/?page_id=19555"},"modified":"2025-08-25T01:55:33","modified_gmt":"2025-08-24T23:55:33","slug":"zadar-lagenheter-karta-kroatien-hyra","status":"publish","type":"page","link":"https:\/\/zadarapartments.com\/sv\/zadar-lagenheter-karta-kroatien-hyra\/","title":{"rendered":"Zadar L\u00e4genheter Kartplaceringar, Kroatien"},"content":{"rendered":"<h1 style=\"color: #1060f0;\"><em>Zadar L\u00e4genheter Kartplaceringar, Kroatien <\/em><\/h1>\n<p style=\"line-height: 22px;\">\n<strong><a href=\"https:\/\/zadarapartments.com\/sv\/\"><span style=\"color: #505050;\">Zadar L\u00e4genheter<\/span><\/a> karta<\/strong>, l\u00e4gen f\u00f6r semesterl\u00e4genheter i stadens centrum eller privata semesterbost\u00e4der vid havet och vid stranden, semesterhus p\u00e5 g\u00e5ngavst\u00e5nd till restauranger, barer och butiker eller en privat l\u00e4genhet i ett lugnt l\u00e4ge f\u00f6r perfekt tillflyktsort och avkoppling med din familj och v\u00e4nner.\n<\/p>\n<p style=\"line-height: 22px;\">\nDenna och f\u00f6ljande webbsidor presenterar f\u00f6r dig exakta platser p\u00e5 kartan f\u00f6r alla l\u00e4genheter i Zadar, Kroatien, f\u00f6r att hitta den b\u00e4sta l\u00e4genheten i Zadar f\u00f6r dig sj\u00e4lv, din familj och dina v\u00e4nner. \n<\/p>\n<p style=\"line-height: 22px; margin-bottom: 30px;\">\nNjut av ditt bes\u00f6k i Zadar i Zadar Apartments. G\u00e4sterna kommer att ha n\u00e5gra av gratis f\u00f6rm\u00e5ner som WiFi och parkering, solterrass, tr\u00e4dg\u00e5rd, pool, fitness, bubbelpool, bastu, grill, luftkonditionering, smart platt-TV, husdjursv\u00e4nligt och fler h\u00f6jdpunkter, eller njut av <a href=\"https:\/\/villascroatia.com\/villas-zadar-croatia\" target=\"_blank\"><span style=\"color: #505050;\" > lyxigt boende i Zadar <\/span><\/a> - <strong> Hyr av \u00e4gare - B\u00e4sta hyrespriser!<\/strong>\n<\/p>\n\n\n\n<p><\/p>","protected":false},"excerpt":{"rendered":"Zadar Apartments Map locations, Croatia Zadar Apartments map, locations of holiday apartments in the city center or private vacation rentals &#8230;","protected":false},"author":1,"featured_media":0,"parent":0,"menu_order":0,"comment_status":"closed","ping_status":"closed","template":"property_list_half.php","meta":{"footnotes":""},"class_list":["post-19555","page","type-page","status-publish","hentry"],"yoast_head":"<!-- This site is optimized with the Yoast SEO plugin v27.4 - https:\/\/yoast.com\/product\/yoast-seo-wordpress\/ -->\n<title>Zadar Apartments Map locations, Croatia - ZadarApartments.com<\/title>\n<meta name=\"description\" content=\"Apartments Zadar on the map, Croatia, locations of holiday apartments in the city center or holiday homes by the sea or the beach for rent.\" \/>\n<meta name=\"robots\" content=\"index, follow, max-snippet:-1, max-image-preview:large, max-video-preview:-1\" \/>\n<link rel=\"canonical\" href=\"https:\/\/zadarapartments.com\/sv\/zadar-lagenheter-karta-kroatien-hyra\/\" \/>\n<meta property=\"og:locale\" content=\"sv_SE\" \/>\n<meta property=\"og:type\" content=\"article\" \/>\n<meta property=\"og:title\" content=\"Zadar Apartments Map locations, Croatia - ZadarApartments.com\" \/>\n<meta property=\"og:description\" content=\"Apartments Zadar on the map, Croatia, locations of holiday apartments in the city center or holiday homes by the sea or the beach for rent.\" \/>\n<meta property=\"og:url\" content=\"https:\/\/zadarapartments.com\/sv\/zadar-lagenheter-karta-kroatien-hyra\/\" \/>\n<meta property=\"og:site_name\" content=\"Holiday Apartments Zadar Croatia, Luxury, Budget, City or Beach\" \/>\n<meta property=\"article:modified_time\" content=\"2025-08-24T23:55:33+00:00\" \/>\n<meta name=\"twitter:card\" content=\"summary_large_image\" \/>\n<meta name=\"twitter:label1\" content=\"Ber\u00e4knad l\u00e4stid\" \/>\n\t<meta name=\"twitter:data1\" content=\"1 minut\" \/>\n<script type=\"application\/ld+json\" class=\"yoast-schema-graph\">{\"@context\":\"https:\\\/\\\/schema.org\",\"@graph\":[{\"@type\":\"WebPage\",\"@id\":\"https:\\\/\\\/zadarapartments.com\\\/zadar-apartments-map-croatia-rent\\\/\",\"url\":\"https:\\\/\\\/zadarapartments.com\\\/zadar-apartments-map-croatia-rent\\\/\",\"name\":\"Zadar Apartments Map locations, Croatia - ZadarApartments.com\",\"isPartOf\":{\"@id\":\"https:\\\/\\\/zadarapartments.com\\\/#website\"},\"datePublished\":\"2020-04-27T22:23:57+00:00\",\"dateModified\":\"2025-08-24T23:55:33+00:00\",\"description\":\"Apartments Zadar on the map, Croatia, locations of holiday apartments in the city center or holiday homes by the sea or the beach for rent.\",\"breadcrumb\":{\"@id\":\"https:\\\/\\\/zadarapartments.com\\\/zadar-apartments-map-croatia-rent\\\/#breadcrumb\"},\"inLanguage\":\"sv-SE\",\"potentialAction\":[{\"@type\":\"ReadAction\",\"target\":[\"https:\\\/\\\/zadarapartments.com\\\/zadar-apartments-map-croatia-rent\\\/\"]}]},{\"@type\":\"BreadcrumbList\",\"@id\":\"https:\\\/\\\/zadarapartments.com\\\/zadar-apartments-map-croatia-rent\\\/#breadcrumb\",\"itemListElement\":[{\"@type\":\"ListItem\",\"position\":1,\"name\":\"Home\",\"item\":\"https:\\\/\\\/zadarapartments.com\\\/\"},{\"@type\":\"ListItem\",\"position\":2,\"name\":\"Zadar Apartments Map locations, Croatia\"}]},{\"@type\":\"WebSite\",\"@id\":\"https:\\\/\\\/zadarapartments.com\\\/#website\",\"url\":\"https:\\\/\\\/zadarapartments.com\\\/\",\"name\":\"Holiday Apartments Zadar, Croatia, Luxury, Budget, City or Beach\",\"description\":\"Rent Holiday Apartment in Zadar, Croatia, Luxury, Cheap, City, Beach Vacation Rentals by Owner\",\"publisher\":{\"@id\":\"https:\\\/\\\/zadarapartments.com\\\/#organization\"},\"potentialAction\":[{\"@type\":\"SearchAction\",\"target\":{\"@type\":\"EntryPoint\",\"urlTemplate\":\"https:\\\/\\\/zadarapartments.com\\\/?s={search_term_string}\"},\"query-input\":{\"@type\":\"PropertyValueSpecification\",\"valueRequired\":true,\"valueName\":\"search_term_string\"}}],\"inLanguage\":\"sv-SE\"},{\"@type\":\"Organization\",\"@id\":\"https:\\\/\\\/zadarapartments.com\\\/#organization\",\"name\":\"ZadarApartments.com\",\"url\":\"https:\\\/\\\/zadarapartments.com\\\/\",\"logo\":{\"@type\":\"ImageObject\",\"inLanguage\":\"sv-SE\",\"@id\":\"https:\\\/\\\/zadarapartments.com\\\/#\\\/schema\\\/logo\\\/image\\\/\",\"url\":\"https:\\\/\\\/zadarapartments.com\\\/wp-content\\\/uploads\\\/2018\\\/09\\\/logo-new.png\",\"contentUrl\":\"https:\\\/\\\/zadarapartments.com\\\/wp-content\\\/uploads\\\/2018\\\/09\\\/logo-new.png\",\"width\":300,\"height\":38,\"caption\":\"ZadarApartments.com\"},\"image\":{\"@id\":\"https:\\\/\\\/zadarapartments.com\\\/#\\\/schema\\\/logo\\\/image\\\/\"}}]}<\/script>\n<!-- \/ Yoast SEO plugin. -->","yoast_head_json":{"title":"Zadar Apartments Kartplaceringar, Kroatien - ZadarApartments.com","description":"L\u00e4genheter Zadar p\u00e5 kartan, Kroatien, platser f\u00f6r semesterl\u00e4genheter i stadens centrum eller semesterbost\u00e4der vid havet eller stranden f\u00f6r uthyrning.","robots":{"index":"index","follow":"follow","max-snippet":"max-snippet:-1","max-image-preview":"max-image-preview:large","max-video-preview":"max-video-preview:-1"},"canonical":"https:\/\/zadarapartments.com\/sv\/zadar-lagenheter-karta-kroatien-hyra\/","og_locale":"sv_SE","og_type":"article","og_title":"Zadar Apartments Map locations, Croatia - ZadarApartments.com","og_description":"Apartments Zadar on the map, Croatia, locations of holiday apartments in the city center or holiday homes by the sea or the beach for rent.","og_url":"https:\/\/zadarapartments.com\/sv\/zadar-lagenheter-karta-kroatien-hyra\/","og_site_name":"Holiday Apartments Zadar Croatia, Luxury, Budget, City or Beach","article_modified_time":"2025-08-24T23:55:33+00:00","twitter_card":"summary_large_image","twitter_misc":{"Ber\u00e4knad l\u00e4stid":"1 minut"},"schema":{"@context":"https:\/\/schema.org","@graph":[{"@type":"WebPage","@id":"https:\/\/zadarapartments.com\/zadar-apartments-map-croatia-rent\/","url":"https:\/\/zadarapartments.com\/zadar-apartments-map-croatia-rent\/","name":"Zadar Apartments Kartplaceringar, Kroatien - ZadarApartments.com","isPartOf":{"@id":"https:\/\/zadarapartments.com\/#website"},"datePublished":"2020-04-27T22:23:57+00:00","dateModified":"2025-08-24T23:55:33+00:00","description":"L\u00e4genheter Zadar p\u00e5 kartan, Kroatien, platser f\u00f6r semesterl\u00e4genheter i stadens centrum eller semesterbost\u00e4der vid havet eller stranden f\u00f6r uthyrning.","breadcrumb":{"@id":"https:\/\/zadarapartments.com\/zadar-apartments-map-croatia-rent\/#breadcrumb"},"inLanguage":"sv-SE","potentialAction":[{"@type":"ReadAction","target":["https:\/\/zadarapartments.com\/zadar-apartments-map-croatia-rent\/"]}]},{"@type":"BreadcrumbList","@id":"https:\/\/zadarapartments.com\/zadar-apartments-map-croatia-rent\/#breadcrumb","itemListElement":[{"@type":"ListItem","position":1,"name":"Home","item":"https:\/\/zadarapartments.com\/"},{"@type":"ListItem","position":2,"name":"Zadar Apartments Map locations, Croatia"}]},{"@type":"WebSite","@id":"https:\/\/zadarapartments.com\/#website","url":"https:\/\/zadarapartments.com\/","name":"Semesterl\u00e4genheter Zadar, Kroatien, lyx, budget, stad eller strand","description":"Hyr semesterl\u00e4genhet i Zadar, Kroatien, lyx, billig, stad, strand Semesteruthyrning av \u00e4gare","publisher":{"@id":"https:\/\/zadarapartments.com\/#organization"},"potentialAction":[{"@type":"SearchAction","target":{"@type":"EntryPoint","urlTemplate":"https:\/\/zadarapartments.com\/?s={search_term_string}"},"query-input":{"@type":"PropertyValueSpecification","valueRequired":true,"valueName":"search_term_string"}}],"inLanguage":"sv-SE"},{"@type":"Organization","@id":"https:\/\/zadarapartments.com\/#organization","name":"ZadarApartments.com","url":"https:\/\/zadarapartments.com\/","logo":{"@type":"ImageObject","inLanguage":"sv-SE","@id":"https:\/\/zadarapartments.com\/#\/schema\/logo\/image\/","url":"https:\/\/zadarapartments.com\/wp-content\/uploads\/2018\/09\/logo-new.png","contentUrl":"https:\/\/zadarapartments.com\/wp-content\/uploads\/2018\/09\/logo-new.png","width":300,"height":38,"caption":"ZadarApartments.com"},"image":{"@id":"https:\/\/zadarapartments.com\/#\/schema\/logo\/image\/"}}]}},"_links":{"self":[{"href":"https:\/\/zadarapartments.com\/sv\/wp-json\/wp\/v2\/pages\/19555","targetHints":{"allow":["GET"]}}],"collection":[{"href":"https:\/\/zadarapartments.com\/sv\/wp-json\/wp\/v2\/pages"}],"about":[{"href":"https:\/\/zadarapartments.com\/sv\/wp-json\/wp\/v2\/types\/page"}],"author":[{"embeddable":true,"href":"https:\/\/zadarapartments.com\/sv\/wp-json\/wp\/v2\/users\/1"}],"replies":[{"embeddable":true,"href":"https:\/\/zadarapartments.com\/sv\/wp-json\/wp\/v2\/comments?post=19555"}],"version-history":[{"count":4,"href":"https:\/\/zadarapartments.com\/sv\/wp-json\/wp\/v2\/pages\/19555\/revisions"}],"predecessor-version":[{"id":21117,"href":"https:\/\/zadarapartments.com\/sv\/wp-json\/wp\/v2\/pages\/19555\/revisions\/21117"}],"wp:attachment":[{"href":"https:\/\/zadarapartments.com\/sv\/wp-json\/wp\/v2\/media?parent=19555"}],"curies":[{"name":"wp","href":"https:\/\/api.w.org\/{rel}","templated":true}]}}