{"id":19523,"date":"2020-04-27T00:46:31","date_gmt":"2020-04-26T22:46:31","guid":{"rendered":"https:\/\/zadarapartments.com\/?page_id=19523"},"modified":"2025-10-13T00:06:11","modified_gmt":"2025-10-12T22:06:11","slug":"privata-lagenheter-zadar-kroatien","status":"publish","type":"page","link":"https:\/\/zadarapartments.com\/sv\/privata-lagenheter-zadar-kroatien\/","title":{"rendered":"Familjel\u00e4genheter Zadar Kroatien Privat tillflyktsort"},"content":{"rendered":"<h1 style=\"color: #1060f0;\"><em> Familjel\u00e4genheter Zadar Kroatien Privat tillflyktsort <\/em><\/h1>\n<p style=\"line-height: 22px;\">\n<strong>Privat Semester Familj <a href=\"https:\/\/zadarapartments.com\/sv\/\"><span style=\"color: #505050;\">Zadar L\u00e4genheter<\/span><\/a>, Kroatien<\/strong>, erbjuder st\u00f6rre avskildhet, komfort och en mer personlig upplevelse, hela l\u00e4genheten erbjuder mer personligt utrymme och en k\u00e4nsla av integritet, f\u00f6r par, familjer eller grupper, en mer intim och exklusiv semesterupplevelse, fridfulla avskilda semesterbost\u00e4der.\n<\/p>\n<p style=\"line-height: 22px;\">\nPrivata familjev\u00e4nliga l\u00e4genheter i Zadar, Kroatien, handlar om att sk\u00e4mma bort dig sj\u00e4lv, din familj och dina v\u00e4nner i en perfekt och of\u00f6rgl\u00f6mlig upplevelse. Avkopplande och trevlig semesterupplevelse f\u00f6r g\u00e4ster som s\u00f6ker en paus. \n<\/p>\n<p style=\"line-height: 22px; margin-bottom: 30px;\">\nNjut av ditt bes\u00f6k i boutique romantiska Zadar getaways med Zadar Private Apartment getaways. G\u00e4sterna kommer att ha n\u00e5gra av gratis f\u00f6rm\u00e5ner som WiFi och parkering, solterrass, tr\u00e4dg\u00e5rd, fitness, bubbelpool, bastu, grill, luftkonditionering, smart platt-TV, husdjursv\u00e4nligt och fler h\u00f6jdpunkter - <strong>Hyr av \u00e4gare - B\u00e4sta hyrespriser!<\/strong>\n<\/p>\n\n\n\n<p><\/p>","protected":false},"excerpt":{"rendered":"Family Apartments Zadar Croatia Private Getaway Private Holiday Family Zadar Apartments, Croatia, offers greater privacy, comfort, and a more personal &#8230;","protected":false},"author":1,"featured_media":0,"parent":0,"menu_order":0,"comment_status":"closed","ping_status":"closed","template":"property_list_half.php","meta":{"footnotes":""},"class_list":["post-19523","page","type-page","status-publish","hentry"],"yoast_head":"<!-- This site is optimized with the Yoast SEO plugin v27.4 - https:\/\/yoast.com\/product\/yoast-seo-wordpress\/ -->\n<title>Family Apartments Zadar Croatia Private - ZadarApartments.com<\/title>\n<meta name=\"description\" content=\"Rent Private Holiday Family Apartments in Zadar, Croatia, romantic getaway secluded vacation rentals, boutique entire apartment for privacy.\" \/>\n<meta name=\"robots\" content=\"index, follow, max-snippet:-1, max-image-preview:large, max-video-preview:-1\" \/>\n<link rel=\"canonical\" href=\"https:\/\/zadarapartments.com\/sv\/privata-lagenheter-zadar-kroatien\/\" \/>\n<meta property=\"og:locale\" content=\"sv_SE\" \/>\n<meta property=\"og:type\" content=\"article\" \/>\n<meta property=\"og:title\" content=\"Family Apartments Zadar Croatia Private - ZadarApartments.com\" \/>\n<meta property=\"og:description\" content=\"Rent Private Holiday Family Apartments in Zadar, Croatia, romantic getaway secluded vacation rentals, boutique entire apartment for privacy.\" \/>\n<meta property=\"og:url\" content=\"https:\/\/zadarapartments.com\/sv\/privata-lagenheter-zadar-kroatien\/\" \/>\n<meta property=\"og:site_name\" content=\"Holiday Apartments Zadar Croatia, Luxury, Budget, City or Beach\" \/>\n<meta property=\"article:modified_time\" content=\"2025-10-12T22:06:11+00:00\" \/>\n<meta name=\"twitter:card\" content=\"summary_large_image\" \/>\n<meta name=\"twitter:label1\" content=\"Ber\u00e4knad l\u00e4stid\" \/>\n\t<meta name=\"twitter:data1\" content=\"1 minut\" \/>\n<script type=\"application\/ld+json\" class=\"yoast-schema-graph\">{\"@context\":\"https:\\\/\\\/schema.org\",\"@graph\":[{\"@type\":\"WebPage\",\"@id\":\"https:\\\/\\\/zadarapartments.com\\\/getaway-apartments-zadar-croatia\\\/\",\"url\":\"https:\\\/\\\/zadarapartments.com\\\/getaway-apartments-zadar-croatia\\\/\",\"name\":\"Family Apartments Zadar Croatia Private - ZadarApartments.com\",\"isPartOf\":{\"@id\":\"https:\\\/\\\/zadarapartments.com\\\/#website\"},\"datePublished\":\"2020-04-26T22:46:31+00:00\",\"dateModified\":\"2025-10-12T22:06:11+00:00\",\"description\":\"Rent Private Holiday Family Apartments in Zadar, Croatia, romantic getaway secluded vacation rentals, boutique entire apartment for privacy.\",\"breadcrumb\":{\"@id\":\"https:\\\/\\\/zadarapartments.com\\\/getaway-apartments-zadar-croatia\\\/#breadcrumb\"},\"inLanguage\":\"sv-SE\",\"potentialAction\":[{\"@type\":\"ReadAction\",\"target\":[\"https:\\\/\\\/zadarapartments.com\\\/getaway-apartments-zadar-croatia\\\/\"]}]},{\"@type\":\"BreadcrumbList\",\"@id\":\"https:\\\/\\\/zadarapartments.com\\\/getaway-apartments-zadar-croatia\\\/#breadcrumb\",\"itemListElement\":[{\"@type\":\"ListItem\",\"position\":1,\"name\":\"Home\",\"item\":\"https:\\\/\\\/zadarapartments.com\\\/\"},{\"@type\":\"ListItem\",\"position\":2,\"name\":\"Family Apartments Zadar Croatia Private Getaway\"}]},{\"@type\":\"WebSite\",\"@id\":\"https:\\\/\\\/zadarapartments.com\\\/#website\",\"url\":\"https:\\\/\\\/zadarapartments.com\\\/\",\"name\":\"Holiday Apartments Zadar, Croatia, Luxury, Budget, City or Beach\",\"description\":\"Rent Holiday Apartment in Zadar, Croatia, Luxury, Cheap, City, Beach Vacation Rentals by Owner\",\"publisher\":{\"@id\":\"https:\\\/\\\/zadarapartments.com\\\/#organization\"},\"potentialAction\":[{\"@type\":\"SearchAction\",\"target\":{\"@type\":\"EntryPoint\",\"urlTemplate\":\"https:\\\/\\\/zadarapartments.com\\\/?s={search_term_string}\"},\"query-input\":{\"@type\":\"PropertyValueSpecification\",\"valueRequired\":true,\"valueName\":\"search_term_string\"}}],\"inLanguage\":\"sv-SE\"},{\"@type\":\"Organization\",\"@id\":\"https:\\\/\\\/zadarapartments.com\\\/#organization\",\"name\":\"ZadarApartments.com\",\"url\":\"https:\\\/\\\/zadarapartments.com\\\/\",\"logo\":{\"@type\":\"ImageObject\",\"inLanguage\":\"sv-SE\",\"@id\":\"https:\\\/\\\/zadarapartments.com\\\/#\\\/schema\\\/logo\\\/image\\\/\",\"url\":\"https:\\\/\\\/zadarapartments.com\\\/wp-content\\\/uploads\\\/2018\\\/09\\\/logo-new.png\",\"contentUrl\":\"https:\\\/\\\/zadarapartments.com\\\/wp-content\\\/uploads\\\/2018\\\/09\\\/logo-new.png\",\"width\":300,\"height\":38,\"caption\":\"ZadarApartments.com\"},\"image\":{\"@id\":\"https:\\\/\\\/zadarapartments.com\\\/#\\\/schema\\\/logo\\\/image\\\/\"}}]}<\/script>\n<!-- \/ Yoast SEO plugin. -->","yoast_head_json":{"title":"Familjel\u00e4genheter Zadar Kroatien Privat - ZadarApartments.com","description":"Hyr privata semesterfamiljl\u00e4genheter i Zadar, Kroatien, romantisk tillflyktsort avskild semesteruthyrning, boutique hela l\u00e4genheten f\u00f6r avskildhet.","robots":{"index":"index","follow":"follow","max-snippet":"max-snippet:-1","max-image-preview":"max-image-preview:large","max-video-preview":"max-video-preview:-1"},"canonical":"https:\/\/zadarapartments.com\/sv\/privata-lagenheter-zadar-kroatien\/","og_locale":"sv_SE","og_type":"article","og_title":"Family Apartments Zadar Croatia Private - ZadarApartments.com","og_description":"Rent Private Holiday Family Apartments in Zadar, Croatia, romantic getaway secluded vacation rentals, boutique entire apartment for privacy.","og_url":"https:\/\/zadarapartments.com\/sv\/privata-lagenheter-zadar-kroatien\/","og_site_name":"Holiday Apartments Zadar Croatia, Luxury, Budget, City or Beach","article_modified_time":"2025-10-12T22:06:11+00:00","twitter_card":"summary_large_image","twitter_misc":{"Ber\u00e4knad l\u00e4stid":"1 minut"},"schema":{"@context":"https:\/\/schema.org","@graph":[{"@type":"WebPage","@id":"https:\/\/zadarapartments.com\/getaway-apartments-zadar-croatia\/","url":"https:\/\/zadarapartments.com\/getaway-apartments-zadar-croatia\/","name":"Familjel\u00e4genheter Zadar Kroatien Privat - ZadarApartments.com","isPartOf":{"@id":"https:\/\/zadarapartments.com\/#website"},"datePublished":"2020-04-26T22:46:31+00:00","dateModified":"2025-10-12T22:06:11+00:00","description":"Hyr privata semesterfamiljl\u00e4genheter i Zadar, Kroatien, romantisk tillflyktsort avskild semesteruthyrning, boutique hela l\u00e4genheten f\u00f6r avskildhet.","breadcrumb":{"@id":"https:\/\/zadarapartments.com\/getaway-apartments-zadar-croatia\/#breadcrumb"},"inLanguage":"sv-SE","potentialAction":[{"@type":"ReadAction","target":["https:\/\/zadarapartments.com\/getaway-apartments-zadar-croatia\/"]}]},{"@type":"BreadcrumbList","@id":"https:\/\/zadarapartments.com\/getaway-apartments-zadar-croatia\/#breadcrumb","itemListElement":[{"@type":"ListItem","position":1,"name":"Home","item":"https:\/\/zadarapartments.com\/"},{"@type":"ListItem","position":2,"name":"Family Apartments Zadar Croatia Private Getaway"}]},{"@type":"WebSite","@id":"https:\/\/zadarapartments.com\/#website","url":"https:\/\/zadarapartments.com\/","name":"Semesterl\u00e4genheter Zadar, Kroatien, lyx, budget, stad eller strand","description":"Hyr semesterl\u00e4genhet i Zadar, Kroatien, lyx, billig, stad, strand Semesteruthyrning av \u00e4gare","publisher":{"@id":"https:\/\/zadarapartments.com\/#organization"},"potentialAction":[{"@type":"SearchAction","target":{"@type":"EntryPoint","urlTemplate":"https:\/\/zadarapartments.com\/?s={search_term_string}"},"query-input":{"@type":"PropertyValueSpecification","valueRequired":true,"valueName":"search_term_string"}}],"inLanguage":"sv-SE"},{"@type":"Organization","@id":"https:\/\/zadarapartments.com\/#organization","name":"ZadarApartments.com","url":"https:\/\/zadarapartments.com\/","logo":{"@type":"ImageObject","inLanguage":"sv-SE","@id":"https:\/\/zadarapartments.com\/#\/schema\/logo\/image\/","url":"https:\/\/zadarapartments.com\/wp-content\/uploads\/2018\/09\/logo-new.png","contentUrl":"https:\/\/zadarapartments.com\/wp-content\/uploads\/2018\/09\/logo-new.png","width":300,"height":38,"caption":"ZadarApartments.com"},"image":{"@id":"https:\/\/zadarapartments.com\/#\/schema\/logo\/image\/"}}]}},"_links":{"self":[{"href":"https:\/\/zadarapartments.com\/sv\/wp-json\/wp\/v2\/pages\/19523","targetHints":{"allow":["GET"]}}],"collection":[{"href":"https:\/\/zadarapartments.com\/sv\/wp-json\/wp\/v2\/pages"}],"about":[{"href":"https:\/\/zadarapartments.com\/sv\/wp-json\/wp\/v2\/types\/page"}],"author":[{"embeddable":true,"href":"https:\/\/zadarapartments.com\/sv\/wp-json\/wp\/v2\/users\/1"}],"replies":[{"embeddable":true,"href":"https:\/\/zadarapartments.com\/sv\/wp-json\/wp\/v2\/comments?post=19523"}],"version-history":[{"count":4,"href":"https:\/\/zadarapartments.com\/sv\/wp-json\/wp\/v2\/pages\/19523\/revisions"}],"predecessor-version":[{"id":21111,"href":"https:\/\/zadarapartments.com\/sv\/wp-json\/wp\/v2\/pages\/19523\/revisions\/21111"}],"wp:attachment":[{"href":"https:\/\/zadarapartments.com\/sv\/wp-json\/wp\/v2\/media?parent=19523"}],"curies":[{"name":"wp","href":"https:\/\/api.w.org\/{rel}","templated":true}]}}