{"id":19518,"date":"2020-04-27T00:41:22","date_gmt":"2020-04-26T22:41:22","guid":{"rendered":"https:\/\/zadarapartments.com\/?page_id=19518"},"modified":"2025-08-24T20:00:55","modified_gmt":"2025-08-24T18:00:55","slug":"lyxlagenheter-zadar-kroatien","status":"publish","type":"page","link":"https:\/\/zadarapartments.com\/sv\/lyxlagenheter-zadar-kroatien\/","title":{"rendered":"Lyxl\u00e4genheter Zadar Kroatien"},"content":{"rendered":"<h1 style=\"color: #1060f0;\"><em> Lyxl\u00e4genheter Zadar Kroatien <\/em><\/h1>\n<p style=\"line-height: 22px;\">\n<strong>Semester Lyx <a href=\"https:\/\/zadarapartments.com\/sv\/\"><span style=\"color: #505050;\"> Zadar L\u00e4genheter <\/span><\/a>, Kroatien<\/strong>, b\u00e4sta moderna design med pool, h\u00f6gsta niv\u00e5 av komfort, service och bekv\u00e4mligheter ut\u00f6ver grundl\u00e4ggande krav, vilket ger en f\u00f6rfinad upplevelse med rymliga layouter och premiumfinish, avancerade apparater, smarta hemfunktioner och utm\u00e4rkta l\u00e4gen: stadens centrum, vid stranden, med havsutsikt. \n<\/p>\n<p style=\"line-height: 22px;\">\nLyxl\u00e4genheter i Zadar, Kroatien, handlar om att sk\u00e4mma bort dig sj\u00e4lv, din familj och v\u00e4nner i en perfekt och of\u00f6rgl\u00f6mlig exklusiv upplevelse, som g\u00e5r ut\u00f6ver det grundl\u00e4ggande i en v\u00e4rld av toppservice, komfort och exklusivitet.\n<\/p>\n<p style=\"line-height: 22px; margin-bottom: 30px;\">\nNjut av ditt bes\u00f6k i Zadar Luxury Apartments. G\u00e4sterna kommer att ha n\u00e5gra gratis f\u00f6rm\u00e5ner som WiFi och parkering, modernt rymligt utrymme, solterrass, tr\u00e4dg\u00e5rd, pool, fitness, bubbelpool, bastu, grill, luftkonditionering, smart platt-TV, husdjursv\u00e4nligt och mer h\u00f6jdpunkter, <a href=\"https:\/\/villascroatia.com\/villas-zadar-croatia\" target=\"_blank\"><span style=\"color: #505050;\" > lyxigt boende i Zadar <\/span><\/a>- <strong> Hyr av \u00e4gare - B\u00e4sta hyrespriser!<\/strong>\n<\/p>\n\n\n<p><\/p>","protected":false},"excerpt":{"rendered":"Luxury Apartments Zadar Croatia Holiday Luxury Zadar Apartments , Croatia, best modern design with pool, top level of comfort, service, &#8230;","protected":false},"author":1,"featured_media":0,"parent":0,"menu_order":0,"comment_status":"closed","ping_status":"closed","template":"property_list_half.php","meta":{"footnotes":""},"class_list":["post-19518","page","type-page","status-publish","hentry"],"yoast_head":"<!-- This site is optimized with the Yoast SEO plugin v27.4 - https:\/\/yoast.com\/product\/yoast-seo-wordpress\/ -->\n<title>Luxury Apartments Zadar Croatia for rent - ZadarApartments.com<\/title>\n<meta name=\"description\" content=\"Holiday Zadar Luxury Apartments , Croatia, best modern design with pool, top comfort, service, city center, by the sea - Rent by owner.\" \/>\n<meta name=\"robots\" content=\"index, follow, max-snippet:-1, max-image-preview:large, max-video-preview:-1\" \/>\n<link rel=\"canonical\" href=\"https:\/\/zadarapartments.com\/sv\/lyxlagenheter-zadar-kroatien\/\" \/>\n<meta property=\"og:locale\" content=\"sv_SE\" \/>\n<meta property=\"og:type\" content=\"article\" \/>\n<meta property=\"og:title\" content=\"Luxury Apartments Zadar Croatia for rent - ZadarApartments.com\" \/>\n<meta property=\"og:description\" content=\"Holiday Zadar Luxury Apartments , Croatia, best modern design with pool, top comfort, service, city center, by the sea - Rent by owner.\" \/>\n<meta property=\"og:url\" content=\"https:\/\/zadarapartments.com\/sv\/lyxlagenheter-zadar-kroatien\/\" \/>\n<meta property=\"og:site_name\" content=\"Holiday Apartments Zadar Croatia, Luxury, Budget, City or Beach\" \/>\n<meta property=\"article:modified_time\" content=\"2025-08-24T18:00:55+00:00\" \/>\n<meta name=\"twitter:card\" content=\"summary_large_image\" \/>\n<meta name=\"twitter:label1\" content=\"Ber\u00e4knad l\u00e4stid\" \/>\n\t<meta name=\"twitter:data1\" content=\"1 minut\" \/>\n<script type=\"application\/ld+json\" class=\"yoast-schema-graph\">{\"@context\":\"https:\\\/\\\/schema.org\",\"@graph\":[{\"@type\":\"WebPage\",\"@id\":\"https:\\\/\\\/zadarapartments.com\\\/luxury-apartments-zadar-croatia\\\/\",\"url\":\"https:\\\/\\\/zadarapartments.com\\\/luxury-apartments-zadar-croatia\\\/\",\"name\":\"Luxury Apartments Zadar Croatia for rent - ZadarApartments.com\",\"isPartOf\":{\"@id\":\"https:\\\/\\\/zadarapartments.com\\\/#website\"},\"datePublished\":\"2020-04-26T22:41:22+00:00\",\"dateModified\":\"2025-08-24T18:00:55+00:00\",\"description\":\"Holiday Zadar Luxury Apartments , Croatia, best modern design with pool, top comfort, service, city center, by the sea - Rent by owner.\",\"breadcrumb\":{\"@id\":\"https:\\\/\\\/zadarapartments.com\\\/luxury-apartments-zadar-croatia\\\/#breadcrumb\"},\"inLanguage\":\"sv-SE\",\"potentialAction\":[{\"@type\":\"ReadAction\",\"target\":[\"https:\\\/\\\/zadarapartments.com\\\/luxury-apartments-zadar-croatia\\\/\"]}]},{\"@type\":\"BreadcrumbList\",\"@id\":\"https:\\\/\\\/zadarapartments.com\\\/luxury-apartments-zadar-croatia\\\/#breadcrumb\",\"itemListElement\":[{\"@type\":\"ListItem\",\"position\":1,\"name\":\"Home\",\"item\":\"https:\\\/\\\/zadarapartments.com\\\/\"},{\"@type\":\"ListItem\",\"position\":2,\"name\":\"Luxury Apartments Zadar Croatia\"}]},{\"@type\":\"WebSite\",\"@id\":\"https:\\\/\\\/zadarapartments.com\\\/#website\",\"url\":\"https:\\\/\\\/zadarapartments.com\\\/\",\"name\":\"Holiday Apartments Zadar, Croatia, Luxury, Budget, City or Beach\",\"description\":\"Rent Holiday Apartment in Zadar, Croatia, Luxury, Cheap, City, Beach Vacation Rentals by Owner\",\"publisher\":{\"@id\":\"https:\\\/\\\/zadarapartments.com\\\/#organization\"},\"potentialAction\":[{\"@type\":\"SearchAction\",\"target\":{\"@type\":\"EntryPoint\",\"urlTemplate\":\"https:\\\/\\\/zadarapartments.com\\\/?s={search_term_string}\"},\"query-input\":{\"@type\":\"PropertyValueSpecification\",\"valueRequired\":true,\"valueName\":\"search_term_string\"}}],\"inLanguage\":\"sv-SE\"},{\"@type\":\"Organization\",\"@id\":\"https:\\\/\\\/zadarapartments.com\\\/#organization\",\"name\":\"ZadarApartments.com\",\"url\":\"https:\\\/\\\/zadarapartments.com\\\/\",\"logo\":{\"@type\":\"ImageObject\",\"inLanguage\":\"sv-SE\",\"@id\":\"https:\\\/\\\/zadarapartments.com\\\/#\\\/schema\\\/logo\\\/image\\\/\",\"url\":\"https:\\\/\\\/zadarapartments.com\\\/wp-content\\\/uploads\\\/2018\\\/09\\\/logo-new.png\",\"contentUrl\":\"https:\\\/\\\/zadarapartments.com\\\/wp-content\\\/uploads\\\/2018\\\/09\\\/logo-new.png\",\"width\":300,\"height\":38,\"caption\":\"ZadarApartments.com\"},\"image\":{\"@id\":\"https:\\\/\\\/zadarapartments.com\\\/#\\\/schema\\\/logo\\\/image\\\/\"}}]}<\/script>\n<!-- \/ Yoast SEO plugin. -->","yoast_head_json":{"title":"Lyxl\u00e4genheter Zadar Kroatien f\u00f6r uthyrning - ZadarApartments.com","description":"Holiday Zadar Luxury Apartments , Kroatien, b\u00e4sta moderna design med pool, h\u00f6gsta komfort, service, centrum, vid havet - Hyr av \u00e4gare.","robots":{"index":"index","follow":"follow","max-snippet":"max-snippet:-1","max-image-preview":"max-image-preview:large","max-video-preview":"max-video-preview:-1"},"canonical":"https:\/\/zadarapartments.com\/sv\/lyxlagenheter-zadar-kroatien\/","og_locale":"sv_SE","og_type":"article","og_title":"Luxury Apartments Zadar Croatia for rent - ZadarApartments.com","og_description":"Holiday Zadar Luxury Apartments , Croatia, best modern design with pool, top comfort, service, city center, by the sea - Rent by owner.","og_url":"https:\/\/zadarapartments.com\/sv\/lyxlagenheter-zadar-kroatien\/","og_site_name":"Holiday Apartments Zadar Croatia, Luxury, Budget, City or Beach","article_modified_time":"2025-08-24T18:00:55+00:00","twitter_card":"summary_large_image","twitter_misc":{"Ber\u00e4knad l\u00e4stid":"1 minut"},"schema":{"@context":"https:\/\/schema.org","@graph":[{"@type":"WebPage","@id":"https:\/\/zadarapartments.com\/luxury-apartments-zadar-croatia\/","url":"https:\/\/zadarapartments.com\/luxury-apartments-zadar-croatia\/","name":"Lyxl\u00e4genheter Zadar Kroatien f\u00f6r uthyrning - ZadarApartments.com","isPartOf":{"@id":"https:\/\/zadarapartments.com\/#website"},"datePublished":"2020-04-26T22:41:22+00:00","dateModified":"2025-08-24T18:00:55+00:00","description":"Holiday Zadar Luxury Apartments , Kroatien, b\u00e4sta moderna design med pool, h\u00f6gsta komfort, service, centrum, vid havet - Hyr av \u00e4gare.","breadcrumb":{"@id":"https:\/\/zadarapartments.com\/luxury-apartments-zadar-croatia\/#breadcrumb"},"inLanguage":"sv-SE","potentialAction":[{"@type":"ReadAction","target":["https:\/\/zadarapartments.com\/luxury-apartments-zadar-croatia\/"]}]},{"@type":"BreadcrumbList","@id":"https:\/\/zadarapartments.com\/luxury-apartments-zadar-croatia\/#breadcrumb","itemListElement":[{"@type":"ListItem","position":1,"name":"Home","item":"https:\/\/zadarapartments.com\/"},{"@type":"ListItem","position":2,"name":"Luxury Apartments Zadar Croatia"}]},{"@type":"WebSite","@id":"https:\/\/zadarapartments.com\/#website","url":"https:\/\/zadarapartments.com\/","name":"Semesterl\u00e4genheter Zadar, Kroatien, lyx, budget, stad eller strand","description":"Hyr semesterl\u00e4genhet i Zadar, Kroatien, lyx, billig, stad, strand Semesteruthyrning av \u00e4gare","publisher":{"@id":"https:\/\/zadarapartments.com\/#organization"},"potentialAction":[{"@type":"SearchAction","target":{"@type":"EntryPoint","urlTemplate":"https:\/\/zadarapartments.com\/?s={search_term_string}"},"query-input":{"@type":"PropertyValueSpecification","valueRequired":true,"valueName":"search_term_string"}}],"inLanguage":"sv-SE"},{"@type":"Organization","@id":"https:\/\/zadarapartments.com\/#organization","name":"ZadarApartments.com","url":"https:\/\/zadarapartments.com\/","logo":{"@type":"ImageObject","inLanguage":"sv-SE","@id":"https:\/\/zadarapartments.com\/#\/schema\/logo\/image\/","url":"https:\/\/zadarapartments.com\/wp-content\/uploads\/2018\/09\/logo-new.png","contentUrl":"https:\/\/zadarapartments.com\/wp-content\/uploads\/2018\/09\/logo-new.png","width":300,"height":38,"caption":"ZadarApartments.com"},"image":{"@id":"https:\/\/zadarapartments.com\/#\/schema\/logo\/image\/"}}]}},"_links":{"self":[{"href":"https:\/\/zadarapartments.com\/sv\/wp-json\/wp\/v2\/pages\/19518","targetHints":{"allow":["GET"]}}],"collection":[{"href":"https:\/\/zadarapartments.com\/sv\/wp-json\/wp\/v2\/pages"}],"about":[{"href":"https:\/\/zadarapartments.com\/sv\/wp-json\/wp\/v2\/types\/page"}],"author":[{"embeddable":true,"href":"https:\/\/zadarapartments.com\/sv\/wp-json\/wp\/v2\/users\/1"}],"replies":[{"embeddable":true,"href":"https:\/\/zadarapartments.com\/sv\/wp-json\/wp\/v2\/comments?post=19518"}],"version-history":[{"count":9,"href":"https:\/\/zadarapartments.com\/sv\/wp-json\/wp\/v2\/pages\/19518\/revisions"}],"predecessor-version":[{"id":21103,"href":"https:\/\/zadarapartments.com\/sv\/wp-json\/wp\/v2\/pages\/19518\/revisions\/21103"}],"wp:attachment":[{"href":"https:\/\/zadarapartments.com\/sv\/wp-json\/wp\/v2\/media?parent=19518"}],"curies":[{"name":"wp","href":"https:\/\/api.w.org\/{rel}","templated":true}]}}