{"id":19513,"date":"2020-04-27T00:23:46","date_gmt":"2020-04-26T22:23:46","guid":{"rendered":"https:\/\/zadarapartments.com\/?page_id=19513"},"modified":"2025-10-12T23:57:42","modified_gmt":"2025-10-12T21:57:42","slug":"semesterlagenheter-zadar-kroatien","status":"publish","type":"page","link":"https:\/\/zadarapartments.com\/sv\/semesterlagenheter-zadar-kroatien\/","title":{"rendered":"Semesterl\u00e4genheter Zadar Kroatien"},"content":{"rendered":"<h1 style=\"color: #1060f0;\"><em> Semesterl\u00e4genheter Zadar Kroatien <\/em><\/h1>\n<p style=\"line-height: 22px;\">\n<strong>Semester <a href=\"https:\/\/zadarapartments.com\/sv\/\"><span style=\"color: #505050;\">Zadar L\u00e4genheter<\/span><\/a>, Kroatien<\/strong>, fr\u00e5n lyxiga semesterhus till billiga studior, bel\u00e4gna i stadens centrum eller tillflyktsort vid havet och stranden, privata semesterbost\u00e4der med pool och havsutsikt, sj\u00e4lvhush\u00e5ll, husdjursv\u00e4nliga och mer. Hyr Zadar l\u00e4genhet med 1 sovrum, 2 sovrum, 3 sovrum eller studiol\u00e4genhet.  \n<\/p>\n<p style=\"line-height: 22px;\">\nSemesterl\u00e4genheter i Zadar, Kroatien, handlar om att sk\u00e4mma bort dig sj\u00e4lv, din familj och dina v\u00e4nner i en perfekt och of\u00f6rgl\u00f6mlig upplevelse. Ditt semesterhem f\u00f6r att utforska Zadars attraktioner, aktiviteter och underh\u00e5llning.\n<\/p>\n<p style=\"line-height: 22px; margin-bottom: 30px;\">\nNjut av ditt bes\u00f6k i Zadar i Zadar Holiday Apartments. G\u00e4sterna kommer att ha n\u00e5gra av gratis f\u00f6rm\u00e5ner som WiFi och parkering, solterrass, tr\u00e4dg\u00e5rd, pool, fitness, bubbelpool, bastu, grill, luftkonditionering, smart platt-TV, husdjursv\u00e4nligt och fler h\u00f6jdpunkter eller njuta av <a href=\"https:\/\/villascroatia.com\/villas-zadar-croatia\" target=\"_blank\"><span style=\"color: #505050;\" > lyxigt boende i Zadar <\/span><\/a> - <strong>Hyr av \u00e4gare - B\u00e4sta hyrespriser!<\/strong>\n<\/p>\n\n\n\n<p><\/p>","protected":false},"excerpt":{"rendered":"Holiday Apartments Zadar Croatia Holiday Zadar Apartments, Croatia, from luxury holiday homes to low cost studios, located in the city &#8230;","protected":false},"author":1,"featured_media":0,"parent":0,"menu_order":0,"comment_status":"closed","ping_status":"closed","template":"property_list_half.php","meta":{"footnotes":""},"class_list":["post-19513","page","type-page","status-publish","hentry"],"yoast_head":"<!-- This site is optimized with the Yoast SEO plugin v27.4 - https:\/\/yoast.com\/product\/yoast-seo-wordpress\/ -->\n<title>Holiday Apartments Zadar Croatia for rent - ZadarApartments.com<\/title>\n<meta name=\"description\" content=\"Holiday Apartments Zadar, Croatia, luxury to low cost, center or beach getaway, private vacation rentals with pool, sea view, 1-3 bedrooms.\" \/>\n<meta name=\"robots\" content=\"index, follow, max-snippet:-1, max-image-preview:large, max-video-preview:-1\" \/>\n<link rel=\"canonical\" href=\"https:\/\/zadarapartments.com\/sv\/semesterlagenheter-zadar-kroatien\/\" \/>\n<meta property=\"og:locale\" content=\"sv_SE\" \/>\n<meta property=\"og:type\" content=\"article\" \/>\n<meta property=\"og:title\" content=\"Holiday Apartments Zadar Croatia for rent - ZadarApartments.com\" \/>\n<meta property=\"og:description\" content=\"Holiday Apartments Zadar, Croatia, luxury to low cost, center or beach getaway, private vacation rentals with pool, sea view, 1-3 bedrooms.\" \/>\n<meta property=\"og:url\" content=\"https:\/\/zadarapartments.com\/sv\/semesterlagenheter-zadar-kroatien\/\" \/>\n<meta property=\"og:site_name\" content=\"Holiday Apartments Zadar Croatia, Luxury, Budget, City or Beach\" \/>\n<meta property=\"article:modified_time\" content=\"2025-10-12T21:57:42+00:00\" \/>\n<meta name=\"twitter:card\" content=\"summary_large_image\" \/>\n<meta name=\"twitter:label1\" content=\"Ber\u00e4knad l\u00e4stid\" \/>\n\t<meta name=\"twitter:data1\" content=\"1 minut\" \/>\n<script type=\"application\/ld+json\" class=\"yoast-schema-graph\">{\"@context\":\"https:\\\/\\\/schema.org\",\"@graph\":[{\"@type\":\"WebPage\",\"@id\":\"https:\\\/\\\/zadarapartments.com\\\/holiday-apartments-zadar-croatia\\\/\",\"url\":\"https:\\\/\\\/zadarapartments.com\\\/holiday-apartments-zadar-croatia\\\/\",\"name\":\"Holiday Apartments Zadar Croatia for rent - ZadarApartments.com\",\"isPartOf\":{\"@id\":\"https:\\\/\\\/zadarapartments.com\\\/#website\"},\"datePublished\":\"2020-04-26T22:23:46+00:00\",\"dateModified\":\"2025-10-12T21:57:42+00:00\",\"description\":\"Holiday Apartments Zadar, Croatia, luxury to low cost, center or beach getaway, private vacation rentals with pool, sea view, 1-3 bedrooms.\",\"breadcrumb\":{\"@id\":\"https:\\\/\\\/zadarapartments.com\\\/holiday-apartments-zadar-croatia\\\/#breadcrumb\"},\"inLanguage\":\"sv-SE\",\"potentialAction\":[{\"@type\":\"ReadAction\",\"target\":[\"https:\\\/\\\/zadarapartments.com\\\/holiday-apartments-zadar-croatia\\\/\"]}]},{\"@type\":\"BreadcrumbList\",\"@id\":\"https:\\\/\\\/zadarapartments.com\\\/holiday-apartments-zadar-croatia\\\/#breadcrumb\",\"itemListElement\":[{\"@type\":\"ListItem\",\"position\":1,\"name\":\"Home\",\"item\":\"https:\\\/\\\/zadarapartments.com\\\/\"},{\"@type\":\"ListItem\",\"position\":2,\"name\":\"Holiday Apartments Zadar Croatia\"}]},{\"@type\":\"WebSite\",\"@id\":\"https:\\\/\\\/zadarapartments.com\\\/#website\",\"url\":\"https:\\\/\\\/zadarapartments.com\\\/\",\"name\":\"Holiday Apartments Zadar, Croatia, Luxury, Budget, City or Beach\",\"description\":\"Rent Holiday Apartment in Zadar, Croatia, Luxury, Cheap, City, Beach Vacation Rentals by Owner\",\"publisher\":{\"@id\":\"https:\\\/\\\/zadarapartments.com\\\/#organization\"},\"potentialAction\":[{\"@type\":\"SearchAction\",\"target\":{\"@type\":\"EntryPoint\",\"urlTemplate\":\"https:\\\/\\\/zadarapartments.com\\\/?s={search_term_string}\"},\"query-input\":{\"@type\":\"PropertyValueSpecification\",\"valueRequired\":true,\"valueName\":\"search_term_string\"}}],\"inLanguage\":\"sv-SE\"},{\"@type\":\"Organization\",\"@id\":\"https:\\\/\\\/zadarapartments.com\\\/#organization\",\"name\":\"ZadarApartments.com\",\"url\":\"https:\\\/\\\/zadarapartments.com\\\/\",\"logo\":{\"@type\":\"ImageObject\",\"inLanguage\":\"sv-SE\",\"@id\":\"https:\\\/\\\/zadarapartments.com\\\/#\\\/schema\\\/logo\\\/image\\\/\",\"url\":\"https:\\\/\\\/zadarapartments.com\\\/wp-content\\\/uploads\\\/2018\\\/09\\\/logo-new.png\",\"contentUrl\":\"https:\\\/\\\/zadarapartments.com\\\/wp-content\\\/uploads\\\/2018\\\/09\\\/logo-new.png\",\"width\":300,\"height\":38,\"caption\":\"ZadarApartments.com\"},\"image\":{\"@id\":\"https:\\\/\\\/zadarapartments.com\\\/#\\\/schema\\\/logo\\\/image\\\/\"}}]}<\/script>\n<!-- \/ Yoast SEO plugin. -->","yoast_head_json":{"title":"Semesterl\u00e4genheter Zadar Kroatien f\u00f6r uthyrning - ZadarApartments.com","description":"Semesterl\u00e4genheter Zadar, Kroatien, lyx till l\u00e5g kostnad, centrum eller strandresa, privat semesteruthyrning med pool, havsutsikt, 1-3 sovrum.","robots":{"index":"index","follow":"follow","max-snippet":"max-snippet:-1","max-image-preview":"max-image-preview:large","max-video-preview":"max-video-preview:-1"},"canonical":"https:\/\/zadarapartments.com\/sv\/semesterlagenheter-zadar-kroatien\/","og_locale":"sv_SE","og_type":"article","og_title":"Holiday Apartments Zadar Croatia for rent - ZadarApartments.com","og_description":"Holiday Apartments Zadar, Croatia, luxury to low cost, center or beach getaway, private vacation rentals with pool, sea view, 1-3 bedrooms.","og_url":"https:\/\/zadarapartments.com\/sv\/semesterlagenheter-zadar-kroatien\/","og_site_name":"Holiday Apartments Zadar Croatia, Luxury, Budget, City or Beach","article_modified_time":"2025-10-12T21:57:42+00:00","twitter_card":"summary_large_image","twitter_misc":{"Ber\u00e4knad l\u00e4stid":"1 minut"},"schema":{"@context":"https:\/\/schema.org","@graph":[{"@type":"WebPage","@id":"https:\/\/zadarapartments.com\/holiday-apartments-zadar-croatia\/","url":"https:\/\/zadarapartments.com\/holiday-apartments-zadar-croatia\/","name":"Semesterl\u00e4genheter Zadar Kroatien f\u00f6r uthyrning - ZadarApartments.com","isPartOf":{"@id":"https:\/\/zadarapartments.com\/#website"},"datePublished":"2020-04-26T22:23:46+00:00","dateModified":"2025-10-12T21:57:42+00:00","description":"Semesterl\u00e4genheter Zadar, Kroatien, lyx till l\u00e5g kostnad, centrum eller strandresa, privat semesteruthyrning med pool, havsutsikt, 1-3 sovrum.","breadcrumb":{"@id":"https:\/\/zadarapartments.com\/holiday-apartments-zadar-croatia\/#breadcrumb"},"inLanguage":"sv-SE","potentialAction":[{"@type":"ReadAction","target":["https:\/\/zadarapartments.com\/holiday-apartments-zadar-croatia\/"]}]},{"@type":"BreadcrumbList","@id":"https:\/\/zadarapartments.com\/holiday-apartments-zadar-croatia\/#breadcrumb","itemListElement":[{"@type":"ListItem","position":1,"name":"Home","item":"https:\/\/zadarapartments.com\/"},{"@type":"ListItem","position":2,"name":"Holiday Apartments Zadar Croatia"}]},{"@type":"WebSite","@id":"https:\/\/zadarapartments.com\/#website","url":"https:\/\/zadarapartments.com\/","name":"Semesterl\u00e4genheter Zadar, Kroatien, lyx, budget, stad eller strand","description":"Hyr semesterl\u00e4genhet i Zadar, Kroatien, lyx, billig, stad, strand Semesteruthyrning av \u00e4gare","publisher":{"@id":"https:\/\/zadarapartments.com\/#organization"},"potentialAction":[{"@type":"SearchAction","target":{"@type":"EntryPoint","urlTemplate":"https:\/\/zadarapartments.com\/?s={search_term_string}"},"query-input":{"@type":"PropertyValueSpecification","valueRequired":true,"valueName":"search_term_string"}}],"inLanguage":"sv-SE"},{"@type":"Organization","@id":"https:\/\/zadarapartments.com\/#organization","name":"ZadarApartments.com","url":"https:\/\/zadarapartments.com\/","logo":{"@type":"ImageObject","inLanguage":"sv-SE","@id":"https:\/\/zadarapartments.com\/#\/schema\/logo\/image\/","url":"https:\/\/zadarapartments.com\/wp-content\/uploads\/2018\/09\/logo-new.png","contentUrl":"https:\/\/zadarapartments.com\/wp-content\/uploads\/2018\/09\/logo-new.png","width":300,"height":38,"caption":"ZadarApartments.com"},"image":{"@id":"https:\/\/zadarapartments.com\/#\/schema\/logo\/image\/"}}]}},"_links":{"self":[{"href":"https:\/\/zadarapartments.com\/sv\/wp-json\/wp\/v2\/pages\/19513","targetHints":{"allow":["GET"]}}],"collection":[{"href":"https:\/\/zadarapartments.com\/sv\/wp-json\/wp\/v2\/pages"}],"about":[{"href":"https:\/\/zadarapartments.com\/sv\/wp-json\/wp\/v2\/types\/page"}],"author":[{"embeddable":true,"href":"https:\/\/zadarapartments.com\/sv\/wp-json\/wp\/v2\/users\/1"}],"replies":[{"embeddable":true,"href":"https:\/\/zadarapartments.com\/sv\/wp-json\/wp\/v2\/comments?post=19513"}],"version-history":[{"count":6,"href":"https:\/\/zadarapartments.com\/sv\/wp-json\/wp\/v2\/pages\/19513\/revisions"}],"predecessor-version":[{"id":21115,"href":"https:\/\/zadarapartments.com\/sv\/wp-json\/wp\/v2\/pages\/19513\/revisions\/21115"}],"wp:attachment":[{"href":"https:\/\/zadarapartments.com\/sv\/wp-json\/wp\/v2\/media?parent=19513"}],"curies":[{"name":"wp","href":"https:\/\/api.w.org\/{rel}","templated":true}]}}