{"id":19468,"date":"2020-04-25T00:00:10","date_gmt":"2020-04-24T22:00:10","guid":{"rendered":"https:\/\/zadarapartments.com\/?page_id=19468"},"modified":"2025-10-13T00:00:48","modified_gmt":"2025-10-12T22:00:48","slug":"billiga-lagenheter-zadar-kroatien","status":"publish","type":"page","link":"https:\/\/zadarapartments.com\/sv\/billiga-lagenheter-zadar-kroatien\/","title":{"rendered":"Prisv\u00e4rda billiga l\u00e4genheter i Zadar Kroatien"},"content":{"rendered":"<h1 style=\"color: #1060f0;\"><em> Prisv\u00e4rda billiga l\u00e4genheter i Zadar Kroatien <\/em><\/h1>\n<p style=\"line-height: 22px;\">\n<strong>Prisv\u00e4rd billig <a href=\"https:\/\/zadarapartments.com\/sv\/\"><span style=\"color: #505050;\">Zadar L\u00e4genheter<\/span><\/a>, Kroatien<\/strong>, Vi har ett brett utbud av billiga semesterbost\u00e4der f\u00f6r alla smaker och budgetar, ett brett utbud av prisv\u00e4rda, rena, h\u00f6gkvalitativa semesterbost\u00e4der med sj\u00e4lvhush\u00e5ll f\u00f6r din n\u00e4sta sommarsemester f\u00f6r familj och v\u00e4nner. Du kan hitta en budgetl\u00e4genhet som passar dina behov fr\u00e5n v\u00e5rt erbjudande som passar din budget.\n<\/p>\n<p style=\"line-height: 22px;\">\nLow Cost Apartments i Zadar, Kroatien, handlar om att sk\u00e4mma bort dig sj\u00e4lv, din familj och v\u00e4nner i en perfekt och minnesv\u00e4rd upplevelse till rimliga l\u00e4genhetspriser i Zadar Kroatien, prisv\u00e4rda alternativ utan att kompromissa med komfort och kvalitet.\n<\/p>\n<p style=\"line-height: 22px; margin-bottom: 30px;\">\nNjut av ditt bes\u00f6k i Zadar i Zadar Low Cost Cheap Apartments. G\u00e4sterna kommer att ha n\u00e5gra av gratis f\u00f6rm\u00e5ner som WiFi och parkering, solterrass, tr\u00e4dg\u00e5rd, fitness, grill, luftkonditionering, smart platt-TV, husdjursv\u00e4nligt och fler h\u00f6jdpunkter - <strong>Hyr av \u00e4gare - B\u00e4sta hyrespriser!<\/strong>\n<\/p>\n\n\n\n<p><\/p>","protected":false},"excerpt":{"rendered":"Affordable Cheap Zadar Apartments Croatia Affordable Cheap Zadar Apartments, Croatia, low cost vacation rentals for all tastes and budgets, a &#8230;","protected":false},"author":1,"featured_media":0,"parent":0,"menu_order":0,"comment_status":"closed","ping_status":"closed","template":"property_list_half.php","meta":{"footnotes":""},"class_list":["post-19468","page","type-page","status-publish","hentry"],"yoast_head":"<!-- This site is optimized with the Yoast SEO plugin v27.4 - https:\/\/yoast.com\/product\/yoast-seo-wordpress\/ -->\n<title>Affordable Cheap Zadar Apartments Croatia- ZadarApartments.com<\/title>\n<meta name=\"description\" content=\"Rent Affordable Cheap Zadar Apartments Croatia, low cost vacation rentals for all tastes and budgets, booking budget Zadar apartments.\" \/>\n<meta name=\"robots\" content=\"index, follow, max-snippet:-1, max-image-preview:large, max-video-preview:-1\" \/>\n<link rel=\"canonical\" href=\"https:\/\/zadarapartments.com\/sv\/billiga-lagenheter-zadar-kroatien\/\" \/>\n<meta property=\"og:locale\" content=\"sv_SE\" \/>\n<meta property=\"og:type\" content=\"article\" \/>\n<meta property=\"og:title\" content=\"Affordable Cheap Zadar Apartments Croatia- ZadarApartments.com\" \/>\n<meta property=\"og:description\" content=\"Rent Affordable Cheap Zadar Apartments Croatia, low cost vacation rentals for all tastes and budgets, booking budget Zadar apartments.\" \/>\n<meta property=\"og:url\" content=\"https:\/\/zadarapartments.com\/sv\/billiga-lagenheter-zadar-kroatien\/\" \/>\n<meta property=\"og:site_name\" content=\"Holiday Apartments Zadar Croatia, Luxury, Budget, City or Beach\" \/>\n<meta property=\"article:modified_time\" content=\"2025-10-12T22:00:48+00:00\" \/>\n<meta name=\"twitter:card\" content=\"summary_large_image\" \/>\n<meta name=\"twitter:label1\" content=\"Ber\u00e4knad l\u00e4stid\" \/>\n\t<meta name=\"twitter:data1\" content=\"1 minut\" \/>\n<script type=\"application\/ld+json\" class=\"yoast-schema-graph\">{\"@context\":\"https:\\\/\\\/schema.org\",\"@graph\":[{\"@type\":\"WebPage\",\"@id\":\"https:\\\/\\\/zadarapartments.com\\\/cheap-apartments-zadar-croatia\\\/\",\"url\":\"https:\\\/\\\/zadarapartments.com\\\/cheap-apartments-zadar-croatia\\\/\",\"name\":\"Affordable Cheap Zadar Apartments Croatia- ZadarApartments.com\",\"isPartOf\":{\"@id\":\"https:\\\/\\\/zadarapartments.com\\\/#website\"},\"datePublished\":\"2020-04-24T22:00:10+00:00\",\"dateModified\":\"2025-10-12T22:00:48+00:00\",\"description\":\"Rent Affordable Cheap Zadar Apartments Croatia, low cost vacation rentals for all tastes and budgets, booking budget Zadar apartments.\",\"breadcrumb\":{\"@id\":\"https:\\\/\\\/zadarapartments.com\\\/cheap-apartments-zadar-croatia\\\/#breadcrumb\"},\"inLanguage\":\"sv-SE\",\"potentialAction\":[{\"@type\":\"ReadAction\",\"target\":[\"https:\\\/\\\/zadarapartments.com\\\/cheap-apartments-zadar-croatia\\\/\"]}]},{\"@type\":\"BreadcrumbList\",\"@id\":\"https:\\\/\\\/zadarapartments.com\\\/cheap-apartments-zadar-croatia\\\/#breadcrumb\",\"itemListElement\":[{\"@type\":\"ListItem\",\"position\":1,\"name\":\"Home\",\"item\":\"https:\\\/\\\/zadarapartments.com\\\/\"},{\"@type\":\"ListItem\",\"position\":2,\"name\":\"Affordable Cheap Zadar Apartments Croatia\"}]},{\"@type\":\"WebSite\",\"@id\":\"https:\\\/\\\/zadarapartments.com\\\/#website\",\"url\":\"https:\\\/\\\/zadarapartments.com\\\/\",\"name\":\"Holiday Apartments Zadar, Croatia, Luxury, Budget, City or Beach\",\"description\":\"Rent Holiday Apartment in Zadar, Croatia, Luxury, Cheap, City, Beach Vacation Rentals by Owner\",\"publisher\":{\"@id\":\"https:\\\/\\\/zadarapartments.com\\\/#organization\"},\"potentialAction\":[{\"@type\":\"SearchAction\",\"target\":{\"@type\":\"EntryPoint\",\"urlTemplate\":\"https:\\\/\\\/zadarapartments.com\\\/?s={search_term_string}\"},\"query-input\":{\"@type\":\"PropertyValueSpecification\",\"valueRequired\":true,\"valueName\":\"search_term_string\"}}],\"inLanguage\":\"sv-SE\"},{\"@type\":\"Organization\",\"@id\":\"https:\\\/\\\/zadarapartments.com\\\/#organization\",\"name\":\"ZadarApartments.com\",\"url\":\"https:\\\/\\\/zadarapartments.com\\\/\",\"logo\":{\"@type\":\"ImageObject\",\"inLanguage\":\"sv-SE\",\"@id\":\"https:\\\/\\\/zadarapartments.com\\\/#\\\/schema\\\/logo\\\/image\\\/\",\"url\":\"https:\\\/\\\/zadarapartments.com\\\/wp-content\\\/uploads\\\/2018\\\/09\\\/logo-new.png\",\"contentUrl\":\"https:\\\/\\\/zadarapartments.com\\\/wp-content\\\/uploads\\\/2018\\\/09\\\/logo-new.png\",\"width\":300,\"height\":38,\"caption\":\"ZadarApartments.com\"},\"image\":{\"@id\":\"https:\\\/\\\/zadarapartments.com\\\/#\\\/schema\\\/logo\\\/image\\\/\"}}]}<\/script>\n<!-- \/ Yoast SEO plugin. -->","yoast_head_json":{"title":"Prisv\u00e4rda billiga Zadar-l\u00e4genheter Kroatien - ZadarApartments.com","description":"Hyr prisv\u00e4rda billiga Zadar-l\u00e4genheter Kroatien, billiga semesterbost\u00e4der f\u00f6r alla smaker och budgetar, bokning av budget Zadar-l\u00e4genheter.","robots":{"index":"index","follow":"follow","max-snippet":"max-snippet:-1","max-image-preview":"max-image-preview:large","max-video-preview":"max-video-preview:-1"},"canonical":"https:\/\/zadarapartments.com\/sv\/billiga-lagenheter-zadar-kroatien\/","og_locale":"sv_SE","og_type":"article","og_title":"Affordable Cheap Zadar Apartments Croatia- ZadarApartments.com","og_description":"Rent Affordable Cheap Zadar Apartments Croatia, low cost vacation rentals for all tastes and budgets, booking budget Zadar apartments.","og_url":"https:\/\/zadarapartments.com\/sv\/billiga-lagenheter-zadar-kroatien\/","og_site_name":"Holiday Apartments Zadar Croatia, Luxury, Budget, City or Beach","article_modified_time":"2025-10-12T22:00:48+00:00","twitter_card":"summary_large_image","twitter_misc":{"Ber\u00e4knad l\u00e4stid":"1 minut"},"schema":{"@context":"https:\/\/schema.org","@graph":[{"@type":"WebPage","@id":"https:\/\/zadarapartments.com\/cheap-apartments-zadar-croatia\/","url":"https:\/\/zadarapartments.com\/cheap-apartments-zadar-croatia\/","name":"Prisv\u00e4rda billiga Zadar-l\u00e4genheter Kroatien - ZadarApartments.com","isPartOf":{"@id":"https:\/\/zadarapartments.com\/#website"},"datePublished":"2020-04-24T22:00:10+00:00","dateModified":"2025-10-12T22:00:48+00:00","description":"Hyr prisv\u00e4rda billiga Zadar-l\u00e4genheter Kroatien, billiga semesterbost\u00e4der f\u00f6r alla smaker och budgetar, bokning av budget Zadar-l\u00e4genheter.","breadcrumb":{"@id":"https:\/\/zadarapartments.com\/cheap-apartments-zadar-croatia\/#breadcrumb"},"inLanguage":"sv-SE","potentialAction":[{"@type":"ReadAction","target":["https:\/\/zadarapartments.com\/cheap-apartments-zadar-croatia\/"]}]},{"@type":"BreadcrumbList","@id":"https:\/\/zadarapartments.com\/cheap-apartments-zadar-croatia\/#breadcrumb","itemListElement":[{"@type":"ListItem","position":1,"name":"Home","item":"https:\/\/zadarapartments.com\/"},{"@type":"ListItem","position":2,"name":"Affordable Cheap Zadar Apartments Croatia"}]},{"@type":"WebSite","@id":"https:\/\/zadarapartments.com\/#website","url":"https:\/\/zadarapartments.com\/","name":"Semesterl\u00e4genheter Zadar, Kroatien, lyx, budget, stad eller strand","description":"Hyr semesterl\u00e4genhet i Zadar, Kroatien, lyx, billig, stad, strand Semesteruthyrning av \u00e4gare","publisher":{"@id":"https:\/\/zadarapartments.com\/#organization"},"potentialAction":[{"@type":"SearchAction","target":{"@type":"EntryPoint","urlTemplate":"https:\/\/zadarapartments.com\/?s={search_term_string}"},"query-input":{"@type":"PropertyValueSpecification","valueRequired":true,"valueName":"search_term_string"}}],"inLanguage":"sv-SE"},{"@type":"Organization","@id":"https:\/\/zadarapartments.com\/#organization","name":"ZadarApartments.com","url":"https:\/\/zadarapartments.com\/","logo":{"@type":"ImageObject","inLanguage":"sv-SE","@id":"https:\/\/zadarapartments.com\/#\/schema\/logo\/image\/","url":"https:\/\/zadarapartments.com\/wp-content\/uploads\/2018\/09\/logo-new.png","contentUrl":"https:\/\/zadarapartments.com\/wp-content\/uploads\/2018\/09\/logo-new.png","width":300,"height":38,"caption":"ZadarApartments.com"},"image":{"@id":"https:\/\/zadarapartments.com\/#\/schema\/logo\/image\/"}}]}},"_links":{"self":[{"href":"https:\/\/zadarapartments.com\/sv\/wp-json\/wp\/v2\/pages\/19468","targetHints":{"allow":["GET"]}}],"collection":[{"href":"https:\/\/zadarapartments.com\/sv\/wp-json\/wp\/v2\/pages"}],"about":[{"href":"https:\/\/zadarapartments.com\/sv\/wp-json\/wp\/v2\/types\/page"}],"author":[{"embeddable":true,"href":"https:\/\/zadarapartments.com\/sv\/wp-json\/wp\/v2\/users\/1"}],"replies":[{"embeddable":true,"href":"https:\/\/zadarapartments.com\/sv\/wp-json\/wp\/v2\/comments?post=19468"}],"version-history":[{"count":4,"href":"https:\/\/zadarapartments.com\/sv\/wp-json\/wp\/v2\/pages\/19468\/revisions"}],"predecessor-version":[{"id":21113,"href":"https:\/\/zadarapartments.com\/sv\/wp-json\/wp\/v2\/pages\/19468\/revisions\/21113"}],"wp:attachment":[{"href":"https:\/\/zadarapartments.com\/sv\/wp-json\/wp\/v2\/media?parent=19468"}],"curies":[{"name":"wp","href":"https:\/\/api.w.org\/{rel}","templated":true}]}}