{"id":1886,"date":"2016-03-13T14:05:29","date_gmt":"2016-03-13T14:05:29","guid":{"rendered":"https:\/\/zadarapartments.com\/?page_id=1886"},"modified":"2025-10-25T02:37:37","modified_gmt":"2025-10-25T00:37:37","slug":"zadar-semesterbostader-kroatien","status":"publish","type":"page","link":"https:\/\/zadarapartments.com\/sv\/zadar-semesterbostader-kroatien\/","title":{"rendered":"Semesterbost\u00e4der i Zadar"},"content":{"rendered":"<div class=\"wpb-content-wrapper\"><div class=\"vc_row wpb_row vc_row-fluid wpestate_row vc_row\"><div class=\"wpb_column vc_column_container vc_col-sm-12 vc_column\"><div class=\"vc_column-inner\"><div class=\"wpb_wrapper\"><h1 style=\"text-align: center\" class=\"vc_custom_heading vc_do_custom_heading vc_custom_heading\" >Semesterbost\u00e4der i Zadar<\/h1><\/div><\/div><\/div><\/div><div class=\"vc_row wpb_row vc_row-fluid wpestate_row vc_row\"><div class=\"wpb_column vc_column_container vc_col-sm-12 vc_column\"><div class=\"vc_column-inner\"><div class=\"wpb_wrapper\"><div class=\"spacer\" style=\"height:15px;\"><\/div><\/div><\/div><\/div><\/div>\r\n<h2 class=\"vc_custom_heading zdvacationrent vc_custom_heading\"> Semesterl\u00e4genheter i Zadar<\/h2>\r\n<div class=\"vc_row wpb_row vc_row-fluid wpestate_row vc_row\">\r\n<div class=\"wpb_column vc_column_container vc_col-sm-4 vc_column\"><div class=\"vc_column-inner\"><div class=\"wpb_wrapper\">\r\n<div class=\"places_wrapper\" data-link=\"https:\/\/zadarapartments.com\/sv\/zadar\/manda-apartments\/\"><div class=\"listing-hover-gradient\"><\/div><div class=\"listing-hover\"><\/div><div class=\"places1 featuredplace\" style=\"background-image:url(https:\/\/zadarapartments.com\/wp-content\/uploads\/2025\/04\/luxury-manda-apartments-owner.jpg)\"><\/div><div class=\"category_name\"><a class=\"featured_listing_title\" href=\"https:\/\/zadarapartments.com\/sv\/zadar\/manda-apartments\/\">Manda L\u00e4genheter<\/a><div class=\"category_tagline\"><\/div><\/div><\/div>\n\t<div class=\"wpb_text_column wpb_content_element vc_column_text\" >\n\t\t<div class=\"wpb_wrapper\">\n\t\t\t\n<div>\n<ul class=\"list-unstyled popis\">\n<li><i class=\"fa fa-check checkon\"><\/i> &nbsp; Lyxig l\u00e4genhet <img decoding=\"async\" src=\"\/wp-content\/uploads\/2016\/09\/guests.png\" style=\"height: 22px; width: 22px; margin: 0 8px 6px 10px;\" title=\"G\u00e4ster\"> 2+2 <\/li>\n<li><i class=\"fa fa-check checkon\"><\/i> &nbsp; Lyxig l\u00e4genhet <img decoding=\"async\" src=\"\/wp-content\/uploads\/2016\/09\/guests.png\" style=\"height: 22px; width: 22px; margin: 0 8px 6px 10px;\" title=\"G\u00e4ster\"> 4 <\/li>\n<li><i class=\"fa fa-check checkon\"><\/i> &nbsp; Lyxig l\u00e4genhet <img decoding=\"async\" src=\"\/wp-content\/uploads\/2016\/09\/guests.png\" style=\"height: 22px; width: 22px; margin: 0 8px 6px 10px;\" title=\"G\u00e4ster\"> 4+2 <\/li>\n<\/ul>\n<\/div>\n\n\t\t<\/div>\n\t<\/div>\n<\/div><\/div><\/div>\r\n\r\n<div class=\"wpb_column vc_column_container vc_col-sm-4 vc_column\"><div class=\"vc_column-inner\"><div class=\"wpb_wrapper\">\r\n<div class=\"places_wrapper\" data-link=\"https:\/\/zadarapartments.com\/sv\/zadar\/markov-apartments\/\"><div class=\"listing-hover-gradient\"><\/div><div class=\"listing-hover\"><\/div><div class=\"places1 featuredplace\" style=\"background-image:url(https:\/\/zadarapartments.com\/wp-content\/uploads\/2025\/06\/cozy-apartment-near-beach-zadar-owner.jpg)\"><\/div><div class=\"category_name\"><a class=\"featured_listing_title\" href=\"https:\/\/zadarapartments.com\/sv\/zadar\/markov-apartments\/\">Markov L\u00e4genheter<\/a><div class=\"category_tagline\"><\/div><\/div><\/div>\n\t<div class=\"wpb_text_column wpb_content_element vc_column_text\" >\n\t\t<div class=\"wpb_wrapper\">\n\t\t\t\n<div>\n<ul class=\"list-unstyled popis\">\n<li><i class=\"fa fa-check checkon\"><\/i> &nbsp; Strandl\u00e4genhet <img decoding=\"async\" src=\"\/wp-content\/uploads\/2016\/09\/guests.png\" style=\"height: 22px; width: 22px; margin: 0 8px 6px 10px;\" title=\"G\u00e4ster\"> 2+1 <\/li>\n<li><i class=\"fa fa-check checkon\"><\/i> &nbsp; Strandl\u00e4genhet <img decoding=\"async\" src=\"\/wp-content\/uploads\/2016\/09\/guests.png\" style=\"height: 22px; width: 22px; margin: 0 8px 6px 10px;\" title=\"G\u00e4ster\"> 4+2 <\/li>\n<li><i class=\"fa fa-check checkon\"><\/i> &nbsp; Strandl\u00e4genhet <img decoding=\"async\" src=\"\/wp-content\/uploads\/2016\/09\/guests.png\" style=\"height: 22px; width: 22px; margin: 0 8px 6px 10px;\" title=\"G\u00e4ster\"> 4+2 <\/li>\n<\/ul>\n<\/div>\n\n\t\t<\/div>\n\t<\/div>\n<\/div><\/div><\/div>\r\n\r\n<div class=\"wpb_column vc_column_container vc_col-sm-4 vc_column\"><div class=\"vc_column-inner\"><div class=\"wpb_wrapper\">\r\n\r\n<\/div><\/div><\/div>\r\n\r\n<\/div>\r\n\r\n\r\n\r\n<div class=\"vc_row wpb_row vc_row-fluid wpestate_row vc_row\"><div class=\"wpb_column vc_column_container vc_col-sm-12 vc_column\"><div class=\"vc_column-inner\"><div class=\"wpb_wrapper\"><div class=\"spacer\" style=\"height:25px;\"><\/div><\/div><\/div><\/div><\/div><div class=\"vc_row wpb_row vc_row-fluid wpestate_row vc_row\"><div class=\"wpb_column vc_column_container vc_col-sm-12 vc_column\"><div class=\"vc_column-inner\"><div class=\"wpb_wrapper\"><div class=\"spacer\" style=\"height:40px;\"><\/div><\/div><\/div><\/div><\/div><div class=\"vc_row wpb_row vc_row-fluid wpestate_row vc_row\"><div class=\"wpb_column vc_column_container vc_col-sm-12 vc_column\"><div class=\"vc_column-inner\"><div class=\"wpb_wrapper\"><div class=\"vc_separator wpb_content_element vc_separator_align_center vc_sep_width_60 vc_sep_pos_align_center vc_separator_no_text vc_sep_color_turquoise wpb_content_element  wpb_content_element vc_separator vc_text_separator\" ><span class=\"vc_sep_holder vc_sep_holder_l\"><span class=\"vc_sep_line\"><\/span><\/span><span class=\"vc_sep_holder vc_sep_holder_r\"><span class=\"vc_sep_line\"><\/span><\/span>\n<\/div><\/div><\/div><\/div><\/div><div class=\"vc_row wpb_row vc_row-fluid wpestate_row vc_row\"><div class=\"wpb_column vc_column_container vc_col-sm-12 vc_column\"><div class=\"vc_column-inner\"><div class=\"wpb_wrapper\"><div class=\"spacer\" style=\"height:40px;\"><\/div><\/div><\/div><\/div><\/div><div class=\"vc_row wpb_row vc_row-fluid wpestate_row vc_row\"><div class=\"wpb_column vc_column_container vc_col-sm-12 vc_column\"><div class=\"vc_column-inner\"><div class=\"wpb_wrapper\">\n\t<div class=\"wpb_text_column wpb_content_element vc_column_text\" >\n\t\t<div class=\"wpb_wrapper\">\n\t\t\t<p class=\"owner_page_p\">\nLetar du efter en plats att bo p\u00e5 till <a href=\"https:\/\/zadarapartments.com\/sv\/\"><span style=\"color: #505050;\">L\u00e4genheter Zadar, Kroatien<\/span><\/a>! Boka unika semesterbost\u00e4der som \u00e4r v\u00e4rd f\u00f6r lokalbefolkningen p\u00e5 ZadarApartments.com och upplev staden som om du bor d\u00e4r. Semesterbost\u00e4der f\u00f6r alla stilar - hitta den r\u00e4tta semesterbostaden f\u00f6r dig i Zadar! <\/p>\n<p class=\"owner_page_p\">\nZadar Semesterbost\u00e4der \u00e4r perfekta f\u00f6r par, familjer eller stora s\u00e4llskap, semesterhus \u00e4r privat\u00e4gda bost\u00e4der, tillg\u00e4ngliga f\u00f6r l\u00e5ng- eller korttidsuthyrning. Listade semesterhus \u00e4r m\u00f6blerade och utrustade med k\u00f6ksutrustning f\u00f6r sj\u00e4lvhush\u00e5ll, \u00e4ven om frukost kan erbjudas som till\u00e4gg. <\/p>\n<p class=\"owner_page_p\">\nSemesterbost\u00e4der med pooler, g\u00f6r ett st\u00e4nk i Zadar semesterbost\u00e4der uppfriskande pooler. F\u00e5 de bekv\u00e4mligheter du vill ha, bubbelpooler, pooler, grillar - uppt\u00e4ck dussintals fantastiska extrafunktioner som passar dina behov. Hitta semesterhus med dina favoritbekv\u00e4mligheter f\u00f6r en perfekt, dr\u00f6mmande tillflyktsort.<\/p>\n<p class=\"owner_page_p\">\nUtforska ZadarApartments.com f\u00f6r de b\u00e4sta semesterbost\u00e4derna i Zadar, spara pengar p\u00e5 semesterbost\u00e4der i Zadar och n\u00e4rliggande, budgetalternativ tillg\u00e4ngliga. Husdjursv\u00e4nliga semesterbost\u00e4der, webbplats f\u00f6r semesterhusl\u00e4genheter att hyra i Zadar Kroatien, familjev\u00e4nlig, gamla stan i centrum, b\u00e4sta lyxiga Zadar-l\u00e4genheter - Hyr av \u00e4garen. <\/p>\n\n\t\t<\/div>\n\t<\/div>\n<\/div><\/div><\/div><\/div><\/div>","protected":false},"excerpt":{"rendered":"Semesterl\u00e4genheter i Zadar","protected":false},"author":1,"featured_media":0,"parent":0,"menu_order":0,"comment_status":"closed","ping_status":"closed","template":"","meta":{"footnotes":""},"class_list":["post-1886","page","type-page","status-publish","hentry"],"yoast_head":"<!-- This site is optimized with the Yoast SEO plugin v27.4 - https:\/\/yoast.com\/product\/yoast-seo-wordpress\/ -->\n<title>Zadar Vacation Rentals Croatia Holidays - ZadarApartments.com<\/title>\n<meta name=\"description\" content=\"Vacation rentals in Zadar, Croatia, best luxury apartments in city center or by the beach with sea view, affordable, private - Rent by owner.\" \/>\n<meta name=\"robots\" content=\"index, follow, max-snippet:-1, max-image-preview:large, max-video-preview:-1\" \/>\n<link rel=\"canonical\" href=\"https:\/\/zadarapartments.com\/sv\/zadar-semesterbostader-kroatien\/\" \/>\n<meta property=\"og:locale\" content=\"sv_SE\" \/>\n<meta property=\"og:type\" content=\"article\" \/>\n<meta property=\"og:title\" content=\"Zadar Vacation Rentals Croatia Holidays - ZadarApartments.com\" \/>\n<meta property=\"og:description\" content=\"Vacation rentals in Zadar, Croatia, best luxury apartments in city center or by the beach with sea view, affordable, private - Rent by owner.\" \/>\n<meta property=\"og:url\" content=\"https:\/\/zadarapartments.com\/sv\/zadar-semesterbostader-kroatien\/\" \/>\n<meta property=\"og:site_name\" content=\"Holiday Apartments Zadar Croatia, Luxury, Budget, City or Beach\" \/>\n<meta property=\"article:modified_time\" content=\"2025-10-25T00:37:37+00:00\" \/>\n<meta name=\"twitter:card\" content=\"summary_large_image\" \/>\n<meta name=\"twitter:label1\" content=\"Ber\u00e4knad l\u00e4stid\" \/>\n\t<meta name=\"twitter:data1\" content=\"3 minuter\" \/>\n<script type=\"application\/ld+json\" class=\"yoast-schema-graph\">{\"@context\":\"https:\\\/\\\/schema.org\",\"@graph\":[{\"@type\":\"WebPage\",\"@id\":\"https:\\\/\\\/zadarapartments.com\\\/zadar-vacation-rentals-croatia\\\/\",\"url\":\"https:\\\/\\\/zadarapartments.com\\\/zadar-vacation-rentals-croatia\\\/\",\"name\":\"Zadar Vacation Rentals Croatia Holidays - ZadarApartments.com\",\"isPartOf\":{\"@id\":\"https:\\\/\\\/zadarapartments.com\\\/#website\"},\"datePublished\":\"2016-03-13T14:05:29+00:00\",\"dateModified\":\"2025-10-25T00:37:37+00:00\",\"description\":\"Vacation rentals in Zadar, Croatia, best luxury apartments in city center or by the beach with sea view, affordable, private - Rent by owner.\",\"breadcrumb\":{\"@id\":\"https:\\\/\\\/zadarapartments.com\\\/zadar-vacation-rentals-croatia\\\/#breadcrumb\"},\"inLanguage\":\"sv-SE\",\"potentialAction\":[{\"@type\":\"ReadAction\",\"target\":[\"https:\\\/\\\/zadarapartments.com\\\/zadar-vacation-rentals-croatia\\\/\"]}]},{\"@type\":\"BreadcrumbList\",\"@id\":\"https:\\\/\\\/zadarapartments.com\\\/zadar-vacation-rentals-croatia\\\/#breadcrumb\",\"itemListElement\":[{\"@type\":\"ListItem\",\"position\":1,\"name\":\"Home\",\"item\":\"https:\\\/\\\/zadarapartments.com\\\/\"},{\"@type\":\"ListItem\",\"position\":2,\"name\":\"Zadar Vacation Rentals\"}]},{\"@type\":\"WebSite\",\"@id\":\"https:\\\/\\\/zadarapartments.com\\\/#website\",\"url\":\"https:\\\/\\\/zadarapartments.com\\\/\",\"name\":\"Holiday Apartments Zadar, Croatia, Luxury, Budget, City or Beach\",\"description\":\"Rent Holiday Apartment in Zadar, Croatia, Luxury, Cheap, City, Beach Vacation Rentals by Owner\",\"publisher\":{\"@id\":\"https:\\\/\\\/zadarapartments.com\\\/#organization\"},\"potentialAction\":[{\"@type\":\"SearchAction\",\"target\":{\"@type\":\"EntryPoint\",\"urlTemplate\":\"https:\\\/\\\/zadarapartments.com\\\/?s={search_term_string}\"},\"query-input\":{\"@type\":\"PropertyValueSpecification\",\"valueRequired\":true,\"valueName\":\"search_term_string\"}}],\"inLanguage\":\"sv-SE\"},{\"@type\":\"Organization\",\"@id\":\"https:\\\/\\\/zadarapartments.com\\\/#organization\",\"name\":\"ZadarApartments.com\",\"url\":\"https:\\\/\\\/zadarapartments.com\\\/\",\"logo\":{\"@type\":\"ImageObject\",\"inLanguage\":\"sv-SE\",\"@id\":\"https:\\\/\\\/zadarapartments.com\\\/#\\\/schema\\\/logo\\\/image\\\/\",\"url\":\"https:\\\/\\\/zadarapartments.com\\\/wp-content\\\/uploads\\\/2018\\\/09\\\/logo-new.png\",\"contentUrl\":\"https:\\\/\\\/zadarapartments.com\\\/wp-content\\\/uploads\\\/2018\\\/09\\\/logo-new.png\",\"width\":300,\"height\":38,\"caption\":\"ZadarApartments.com\"},\"image\":{\"@id\":\"https:\\\/\\\/zadarapartments.com\\\/#\\\/schema\\\/logo\\\/image\\\/\"}}]}<\/script>\n<!-- \/ Yoast SEO plugin. -->","yoast_head_json":{"title":"Semesterbost\u00e4der i Zadar Semester i Kroatien - ZadarApartments.com","description":"Semesterbost\u00e4der i Zadar, Kroatien, b\u00e4sta lyxl\u00e4genheter i stadens centrum eller vid stranden med havsutsikt, prisv\u00e4rda, privata - Hyr av \u00e4gare.","robots":{"index":"index","follow":"follow","max-snippet":"max-snippet:-1","max-image-preview":"max-image-preview:large","max-video-preview":"max-video-preview:-1"},"canonical":"https:\/\/zadarapartments.com\/sv\/zadar-semesterbostader-kroatien\/","og_locale":"sv_SE","og_type":"article","og_title":"Zadar Vacation Rentals Croatia Holidays - ZadarApartments.com","og_description":"Vacation rentals in Zadar, Croatia, best luxury apartments in city center or by the beach with sea view, affordable, private - Rent by owner.","og_url":"https:\/\/zadarapartments.com\/sv\/zadar-semesterbostader-kroatien\/","og_site_name":"Holiday Apartments Zadar Croatia, Luxury, Budget, City or Beach","article_modified_time":"2025-10-25T00:37:37+00:00","twitter_card":"summary_large_image","twitter_misc":{"Ber\u00e4knad l\u00e4stid":"3 minuter"},"schema":{"@context":"https:\/\/schema.org","@graph":[{"@type":"WebPage","@id":"https:\/\/zadarapartments.com\/zadar-vacation-rentals-croatia\/","url":"https:\/\/zadarapartments.com\/zadar-vacation-rentals-croatia\/","name":"Semesterbost\u00e4der i Zadar Semester i Kroatien - ZadarApartments.com","isPartOf":{"@id":"https:\/\/zadarapartments.com\/#website"},"datePublished":"2016-03-13T14:05:29+00:00","dateModified":"2025-10-25T00:37:37+00:00","description":"Semesterbost\u00e4der i Zadar, Kroatien, b\u00e4sta lyxl\u00e4genheter i stadens centrum eller vid stranden med havsutsikt, prisv\u00e4rda, privata - Hyr av \u00e4gare.","breadcrumb":{"@id":"https:\/\/zadarapartments.com\/zadar-vacation-rentals-croatia\/#breadcrumb"},"inLanguage":"sv-SE","potentialAction":[{"@type":"ReadAction","target":["https:\/\/zadarapartments.com\/zadar-vacation-rentals-croatia\/"]}]},{"@type":"BreadcrumbList","@id":"https:\/\/zadarapartments.com\/zadar-vacation-rentals-croatia\/#breadcrumb","itemListElement":[{"@type":"ListItem","position":1,"name":"Home","item":"https:\/\/zadarapartments.com\/"},{"@type":"ListItem","position":2,"name":"Zadar Vacation Rentals"}]},{"@type":"WebSite","@id":"https:\/\/zadarapartments.com\/#website","url":"https:\/\/zadarapartments.com\/","name":"Semesterl\u00e4genheter Zadar, Kroatien, lyx, budget, stad eller strand","description":"Hyr semesterl\u00e4genhet i Zadar, Kroatien, lyx, billig, stad, strand Semesteruthyrning av \u00e4gare","publisher":{"@id":"https:\/\/zadarapartments.com\/#organization"},"potentialAction":[{"@type":"SearchAction","target":{"@type":"EntryPoint","urlTemplate":"https:\/\/zadarapartments.com\/?s={search_term_string}"},"query-input":{"@type":"PropertyValueSpecification","valueRequired":true,"valueName":"search_term_string"}}],"inLanguage":"sv-SE"},{"@type":"Organization","@id":"https:\/\/zadarapartments.com\/#organization","name":"ZadarApartments.com","url":"https:\/\/zadarapartments.com\/","logo":{"@type":"ImageObject","inLanguage":"sv-SE","@id":"https:\/\/zadarapartments.com\/#\/schema\/logo\/image\/","url":"https:\/\/zadarapartments.com\/wp-content\/uploads\/2018\/09\/logo-new.png","contentUrl":"https:\/\/zadarapartments.com\/wp-content\/uploads\/2018\/09\/logo-new.png","width":300,"height":38,"caption":"ZadarApartments.com"},"image":{"@id":"https:\/\/zadarapartments.com\/#\/schema\/logo\/image\/"}}]}},"_links":{"self":[{"href":"https:\/\/zadarapartments.com\/sv\/wp-json\/wp\/v2\/pages\/1886","targetHints":{"allow":["GET"]}}],"collection":[{"href":"https:\/\/zadarapartments.com\/sv\/wp-json\/wp\/v2\/pages"}],"about":[{"href":"https:\/\/zadarapartments.com\/sv\/wp-json\/wp\/v2\/types\/page"}],"author":[{"embeddable":true,"href":"https:\/\/zadarapartments.com\/sv\/wp-json\/wp\/v2\/users\/1"}],"replies":[{"embeddable":true,"href":"https:\/\/zadarapartments.com\/sv\/wp-json\/wp\/v2\/comments?post=1886"}],"version-history":[{"count":44,"href":"https:\/\/zadarapartments.com\/sv\/wp-json\/wp\/v2\/pages\/1886\/revisions"}],"predecessor-version":[{"id":21310,"href":"https:\/\/zadarapartments.com\/sv\/wp-json\/wp\/v2\/pages\/1886\/revisions\/21310"}],"wp:attachment":[{"href":"https:\/\/zadarapartments.com\/sv\/wp-json\/wp\/v2\/media?parent=1886"}],"curies":[{"name":"wp","href":"https:\/\/api.w.org\/{rel}","templated":true}]}}