{"id":254,"date":"2015-04-21T13:28:29","date_gmt":"2015-04-21T13:28:29","guid":{"rendered":"http:\/\/demo1.wprentals.org\/?page_id=254"},"modified":"2025-10-25T02:21:44","modified_gmt":"2025-10-25T00:21:44","slug":"contact","status":"publish","type":"page","link":"https:\/\/zadarapartments.com\/sl\/contact\/","title":{"rendered":"Pi\u0161ite na"},"content":{"rendered":"<div>You are welcome to contact us, we&#8217;ll reply to your message as soon as possible. <span class=\"st\">Please keep in mind time zone difference as we are European based company<\/span>, local time: UTC+1.<\/div>","protected":false},"excerpt":{"rendered":"You are welcome to contact us, we&#8217;ll reply to your message as soon as possible. Please keep in mind time &#8230;","protected":false},"author":1,"featured_media":0,"parent":0,"menu_order":0,"comment_status":"open","ping_status":"open","template":"contact_page.php","meta":{"footnotes":""},"class_list":["post-254","page","type-page","status-publish","hentry"],"yoast_head":"<!-- This site is optimized with the Yoast SEO plugin v27.4 - https:\/\/yoast.com\/product\/yoast-seo-wordpress\/ -->\n<title>Contact us page - Villas Croatia<\/title>\n<meta name=\"description\" content=\"If you need any information related to Villas in Croatia to rent please let us know, we&#039;ll gladly provide correct information.\" \/>\n<meta name=\"robots\" content=\"noindex, follow\" \/>\n<meta property=\"og:locale\" content=\"sl_SI\" \/>\n<meta property=\"og:type\" content=\"article\" \/>\n<meta property=\"og:title\" content=\"Contact us page - Villas Croatia\" \/>\n<meta property=\"og:description\" content=\"If you need any information related to Villas in Croatia to rent please let us know, we&#039;ll gladly provide correct information.\" \/>\n<meta property=\"og:url\" content=\"https:\/\/zadarapartments.com\/sl\/contact\/\" \/>\n<meta property=\"og:site_name\" content=\"Holiday Apartments Zadar Croatia, Luxury, Budget, City or Beach\" \/>\n<meta property=\"article:modified_time\" content=\"2025-10-25T00:21:44+00:00\" \/>\n<meta name=\"twitter:card\" content=\"summary_large_image\" \/>\n<meta name=\"twitter:label1\" content=\"Est. reading time\" \/>\n\t<meta name=\"twitter:data1\" content=\"1 minuta\" \/>\n<script type=\"application\/ld+json\" class=\"yoast-schema-graph\">{\"@context\":\"https:\\\/\\\/schema.org\",\"@graph\":[{\"@type\":\"WebPage\",\"@id\":\"https:\\\/\\\/zadarapartments.com\\\/contact\\\/\",\"url\":\"https:\\\/\\\/zadarapartments.com\\\/contact\\\/\",\"name\":\"Contact us page - Villas Croatia\",\"isPartOf\":{\"@id\":\"https:\\\/\\\/zadarapartments.com\\\/#website\"},\"datePublished\":\"2015-04-21T13:28:29+00:00\",\"dateModified\":\"2025-10-25T00:21:44+00:00\",\"description\":\"If you need any information related to Villas in Croatia to rent please let us know, we'll gladly provide correct information.\",\"breadcrumb\":{\"@id\":\"https:\\\/\\\/zadarapartments.com\\\/contact\\\/#breadcrumb\"},\"inLanguage\":\"sl-SI\",\"potentialAction\":[{\"@type\":\"ReadAction\",\"target\":[\"https:\\\/\\\/zadarapartments.com\\\/contact\\\/\"]}]},{\"@type\":\"BreadcrumbList\",\"@id\":\"https:\\\/\\\/zadarapartments.com\\\/contact\\\/#breadcrumb\",\"itemListElement\":[{\"@type\":\"ListItem\",\"position\":1,\"name\":\"Home\",\"item\":\"https:\\\/\\\/zadarapartments.com\\\/\"},{\"@type\":\"ListItem\",\"position\":2,\"name\":\"Contact\"}]},{\"@type\":\"WebSite\",\"@id\":\"https:\\\/\\\/zadarapartments.com\\\/#website\",\"url\":\"https:\\\/\\\/zadarapartments.com\\\/\",\"name\":\"Holiday Apartments Zadar, Croatia, Luxury, Budget, City or Beach\",\"description\":\"Rent Holiday Apartment in Zadar, Croatia, Luxury, Cheap, City, Beach Vacation Rentals by Owner\",\"publisher\":{\"@id\":\"https:\\\/\\\/zadarapartments.com\\\/#organization\"},\"potentialAction\":[{\"@type\":\"SearchAction\",\"target\":{\"@type\":\"EntryPoint\",\"urlTemplate\":\"https:\\\/\\\/zadarapartments.com\\\/?s={search_term_string}\"},\"query-input\":{\"@type\":\"PropertyValueSpecification\",\"valueRequired\":true,\"valueName\":\"search_term_string\"}}],\"inLanguage\":\"sl-SI\"},{\"@type\":\"Organization\",\"@id\":\"https:\\\/\\\/zadarapartments.com\\\/#organization\",\"name\":\"ZadarApartments.com\",\"url\":\"https:\\\/\\\/zadarapartments.com\\\/\",\"logo\":{\"@type\":\"ImageObject\",\"inLanguage\":\"sl-SI\",\"@id\":\"https:\\\/\\\/zadarapartments.com\\\/#\\\/schema\\\/logo\\\/image\\\/\",\"url\":\"https:\\\/\\\/zadarapartments.com\\\/wp-content\\\/uploads\\\/2018\\\/09\\\/logo-new.png\",\"contentUrl\":\"https:\\\/\\\/zadarapartments.com\\\/wp-content\\\/uploads\\\/2018\\\/09\\\/logo-new.png\",\"width\":300,\"height\":38,\"caption\":\"ZadarApartments.com\"},\"image\":{\"@id\":\"https:\\\/\\\/zadarapartments.com\\\/#\\\/schema\\\/logo\\\/image\\\/\"}}]}<\/script>\n<!-- \/ Yoast SEO plugin. -->","yoast_head_json":{"title":"Contact us page - Villas Croatia","description":"If you need any information related to Villas in Croatia to rent please let us know, we'll gladly provide correct information.","robots":{"index":"noindex","follow":"follow"},"og_locale":"sl_SI","og_type":"article","og_title":"Contact us page - Villas Croatia","og_description":"If you need any information related to Villas in Croatia to rent please let us know, we'll gladly provide correct information.","og_url":"https:\/\/zadarapartments.com\/sl\/contact\/","og_site_name":"Holiday Apartments Zadar Croatia, Luxury, Budget, City or Beach","article_modified_time":"2025-10-25T00:21:44+00:00","twitter_card":"summary_large_image","twitter_misc":{"Est. reading time":"1 minuta"},"schema":{"@context":"https:\/\/schema.org","@graph":[{"@type":"WebPage","@id":"https:\/\/zadarapartments.com\/contact\/","url":"https:\/\/zadarapartments.com\/contact\/","name":"Contact us page - Villas Croatia","isPartOf":{"@id":"https:\/\/zadarapartments.com\/#website"},"datePublished":"2015-04-21T13:28:29+00:00","dateModified":"2025-10-25T00:21:44+00:00","description":"If you need any information related to Villas in Croatia to rent please let us know, we'll gladly provide correct information.","breadcrumb":{"@id":"https:\/\/zadarapartments.com\/contact\/#breadcrumb"},"inLanguage":"sl-SI","potentialAction":[{"@type":"ReadAction","target":["https:\/\/zadarapartments.com\/contact\/"]}]},{"@type":"BreadcrumbList","@id":"https:\/\/zadarapartments.com\/contact\/#breadcrumb","itemListElement":[{"@type":"ListItem","position":1,"name":"Home","item":"https:\/\/zadarapartments.com\/"},{"@type":"ListItem","position":2,"name":"Contact"}]},{"@type":"WebSite","@id":"https:\/\/zadarapartments.com\/#website","url":"https:\/\/zadarapartments.com\/","name":"Po\u010ditni\u0161ki apartmaji Zadar, Hrva\u0161ka, luksuzni, cenovno ugodni, v mestu ali na pla\u017ei","description":"Najem po\u010ditni\u0161kega apartmaja v Zadru, Hrva\u0161ka, luksuzni, poceni, mestni, pla\u017eni po\u010ditni\u0161ki najemi od lastnika","publisher":{"@id":"https:\/\/zadarapartments.com\/#organization"},"potentialAction":[{"@type":"SearchAction","target":{"@type":"EntryPoint","urlTemplate":"https:\/\/zadarapartments.com\/?s={search_term_string}"},"query-input":{"@type":"PropertyValueSpecification","valueRequired":true,"valueName":"search_term_string"}}],"inLanguage":"sl-SI"},{"@type":"Organization","@id":"https:\/\/zadarapartments.com\/#organization","name":"ZadarApartments.com","url":"https:\/\/zadarapartments.com\/","logo":{"@type":"ImageObject","inLanguage":"sl-SI","@id":"https:\/\/zadarapartments.com\/#\/schema\/logo\/image\/","url":"https:\/\/zadarapartments.com\/wp-content\/uploads\/2018\/09\/logo-new.png","contentUrl":"https:\/\/zadarapartments.com\/wp-content\/uploads\/2018\/09\/logo-new.png","width":300,"height":38,"caption":"ZadarApartments.com"},"image":{"@id":"https:\/\/zadarapartments.com\/#\/schema\/logo\/image\/"}}]}},"_links":{"self":[{"href":"https:\/\/zadarapartments.com\/sl\/wp-json\/wp\/v2\/pages\/254","targetHints":{"allow":["GET"]}}],"collection":[{"href":"https:\/\/zadarapartments.com\/sl\/wp-json\/wp\/v2\/pages"}],"about":[{"href":"https:\/\/zadarapartments.com\/sl\/wp-json\/wp\/v2\/types\/page"}],"author":[{"embeddable":true,"href":"https:\/\/zadarapartments.com\/sl\/wp-json\/wp\/v2\/users\/1"}],"replies":[{"embeddable":true,"href":"https:\/\/zadarapartments.com\/sl\/wp-json\/wp\/v2\/comments?post=254"}],"version-history":[{"count":3,"href":"https:\/\/zadarapartments.com\/sl\/wp-json\/wp\/v2\/pages\/254\/revisions"}],"predecessor-version":[{"id":21519,"href":"https:\/\/zadarapartments.com\/sl\/wp-json\/wp\/v2\/pages\/254\/revisions\/21519"}],"wp:attachment":[{"href":"https:\/\/zadarapartments.com\/sl\/wp-json\/wp\/v2\/media?parent=254"}],"curies":[{"name":"wp","href":"https:\/\/api.w.org\/{rel}","templated":true}]}}