{"id":20916,"date":"2025-08-16T23:29:14","date_gmt":"2025-08-16T21:29:14","guid":{"rendered":"https:\/\/zadarapartments.com\/?page_id=20916"},"modified":"2025-10-14T00:06:50","modified_gmt":"2025-10-13T22:06:50","slug":"dvosobni-apartmaji-zadar-hrvaska","status":"publish","type":"page","link":"https:\/\/zadarapartments.com\/sl\/dvosobni-apartmaji-zadar-hrvaska\/","title":{"rendered":"2 Spalnici Zadar Apartmaji za najem"},"content":{"rendered":"<p style=\"line-height: 22px; margin-bottom: 10px; padding: 0 5px;\"> \n<strong> 2 spalnici <a href=\"https:\/\/zadarapartments.com\/sl\/\"><span style=\"color: #505050;\">Zadar Apartmaji<\/span><\/a> <\/strong>, Hrva\u0161ka luksuzna namestitev, sodoben dizajn, prostorni zasebni apartmaji z dvema spalnicama, v sredi\u0161\u010du mesta ali ob pla\u017ei, cenovno ugodni po\u010ditni\u0161ki najemi za popoln dru\u017einski dopust, rezervirajte poceni namestitev v Zadru Hrva\u0161ka s pogledom na morje, ob morju, staro mestno jedro, brezpla\u010den WiFi in parkiri\u0161\u010de, klimatska naprava, hi\u0161ni ljubljen\u010dki dovoljeni in ve\u010d udobja, najem najbolj\u0161ih po\u010ditni\u0161kih dvosobnih apartmajev Zadar Hrva\u0161ka s samopostre\u017ebo ali u\u017eivajte <a href=\"https:\/\/villascroatia.com\/villas-zadar-croatia\" target=\"_blank\"><span style=\"color: #505050;\" > luksuzna namestitev v Zadru <\/span><\/a> - <strong>Najem pri lastniku - Najbolj\u0161e cene najema<\/strong>.\n<\/p>\n\n\n<p><\/p>","protected":false},"excerpt":{"rendered":"2 bedrooms Zadar Apartments , Croatia luxury accommodation, modern design, spacious private double bedroom apartments, in city center or by &#8230;","protected":false},"author":1,"featured_media":0,"parent":0,"menu_order":0,"comment_status":"closed","ping_status":"closed","template":"property_list.php","meta":{"footnotes":""},"class_list":["post-20916","page","type-page","status-publish","hentry"],"yoast_head":"<!-- This site is optimized with the Yoast SEO plugin v27.4 - https:\/\/yoast.com\/product\/yoast-seo-wordpress\/ -->\n<title>2 Bedrooms Zadar Apartments for rent - ZadarApartments.com<\/title>\n<meta name=\"description\" content=\"Holiday apartments in Zadar, Croatia with 2 bedrooms, luxury apartments in city, by beach, private getaway, family low cost - rent by owner.\" \/>\n<meta name=\"robots\" content=\"index, follow, max-snippet:-1, max-image-preview:large, max-video-preview:-1\" \/>\n<link rel=\"canonical\" href=\"https:\/\/zadarapartments.com\/sl\/dvosobni-apartmaji-zadar-hrvaska\/\" \/>\n<meta property=\"og:locale\" content=\"sl_SI\" \/>\n<meta property=\"og:type\" content=\"article\" \/>\n<meta property=\"og:title\" content=\"2 Bedrooms Zadar Apartments for rent - ZadarApartments.com\" \/>\n<meta property=\"og:description\" content=\"Holiday apartments in Zadar, Croatia with 2 bedrooms, luxury apartments in city, by beach, private getaway, family low cost - rent by owner.\" \/>\n<meta property=\"og:url\" content=\"https:\/\/zadarapartments.com\/sl\/dvosobni-apartmaji-zadar-hrvaska\/\" \/>\n<meta property=\"og:site_name\" content=\"Holiday Apartments Zadar Croatia, Luxury, Budget, City or Beach\" \/>\n<meta property=\"article:modified_time\" content=\"2025-10-13T22:06:50+00:00\" \/>\n<meta name=\"twitter:card\" content=\"summary_large_image\" \/>\n<meta name=\"twitter:label1\" content=\"Est. reading time\" \/>\n\t<meta name=\"twitter:data1\" content=\"1 minuta\" \/>\n<script type=\"application\/ld+json\" class=\"yoast-schema-graph\">{\"@context\":\"https:\\\/\\\/schema.org\",\"@graph\":[{\"@type\":\"WebPage\",\"@id\":\"https:\\\/\\\/zadarapartments.com\\\/2-bedroom-apartments-zadar-croatia\\\/\",\"url\":\"https:\\\/\\\/zadarapartments.com\\\/2-bedroom-apartments-zadar-croatia\\\/\",\"name\":\"2 Bedrooms Zadar Apartments for rent - ZadarApartments.com\",\"isPartOf\":{\"@id\":\"https:\\\/\\\/zadarapartments.com\\\/#website\"},\"datePublished\":\"2025-08-16T21:29:14+00:00\",\"dateModified\":\"2025-10-13T22:06:50+00:00\",\"description\":\"Holiday apartments in Zadar, Croatia with 2 bedrooms, luxury apartments in city, by beach, private getaway, family low cost - rent by owner.\",\"breadcrumb\":{\"@id\":\"https:\\\/\\\/zadarapartments.com\\\/2-bedroom-apartments-zadar-croatia\\\/#breadcrumb\"},\"inLanguage\":\"sl-SI\",\"potentialAction\":[{\"@type\":\"ReadAction\",\"target\":[\"https:\\\/\\\/zadarapartments.com\\\/2-bedroom-apartments-zadar-croatia\\\/\"]}]},{\"@type\":\"BreadcrumbList\",\"@id\":\"https:\\\/\\\/zadarapartments.com\\\/2-bedroom-apartments-zadar-croatia\\\/#breadcrumb\",\"itemListElement\":[{\"@type\":\"ListItem\",\"position\":1,\"name\":\"Home\",\"item\":\"https:\\\/\\\/zadarapartments.com\\\/\"},{\"@type\":\"ListItem\",\"position\":2,\"name\":\"2 Bedrooms Zadar Apartments for rent\"}]},{\"@type\":\"WebSite\",\"@id\":\"https:\\\/\\\/zadarapartments.com\\\/#website\",\"url\":\"https:\\\/\\\/zadarapartments.com\\\/\",\"name\":\"Holiday Apartments Zadar, Croatia, Luxury, Budget, City or Beach\",\"description\":\"Rent Holiday Apartment in Zadar, Croatia, Luxury, Cheap, City, Beach Vacation Rentals by Owner\",\"publisher\":{\"@id\":\"https:\\\/\\\/zadarapartments.com\\\/#organization\"},\"potentialAction\":[{\"@type\":\"SearchAction\",\"target\":{\"@type\":\"EntryPoint\",\"urlTemplate\":\"https:\\\/\\\/zadarapartments.com\\\/?s={search_term_string}\"},\"query-input\":{\"@type\":\"PropertyValueSpecification\",\"valueRequired\":true,\"valueName\":\"search_term_string\"}}],\"inLanguage\":\"sl-SI\"},{\"@type\":\"Organization\",\"@id\":\"https:\\\/\\\/zadarapartments.com\\\/#organization\",\"name\":\"ZadarApartments.com\",\"url\":\"https:\\\/\\\/zadarapartments.com\\\/\",\"logo\":{\"@type\":\"ImageObject\",\"inLanguage\":\"sl-SI\",\"@id\":\"https:\\\/\\\/zadarapartments.com\\\/#\\\/schema\\\/logo\\\/image\\\/\",\"url\":\"https:\\\/\\\/zadarapartments.com\\\/wp-content\\\/uploads\\\/2018\\\/09\\\/logo-new.png\",\"contentUrl\":\"https:\\\/\\\/zadarapartments.com\\\/wp-content\\\/uploads\\\/2018\\\/09\\\/logo-new.png\",\"width\":300,\"height\":38,\"caption\":\"ZadarApartments.com\"},\"image\":{\"@id\":\"https:\\\/\\\/zadarapartments.com\\\/#\\\/schema\\\/logo\\\/image\\\/\"}}]}<\/script>\n<!-- \/ Yoast SEO plugin. -->","yoast_head_json":{"title":"2 Spalnici Zadar Apartmaji za najem - ZadarApartments.com","description":"Po\u010ditni\u0161ki apartmaji v Zadru, Hrva\u0161ka z 2 spalnicami, luksuzni apartmaji v mestu, ob pla\u017ei, zasebni pobeg, dru\u017einski nizki stro\u0161ki - najem od lastnika.","robots":{"index":"index","follow":"follow","max-snippet":"max-snippet:-1","max-image-preview":"max-image-preview:large","max-video-preview":"max-video-preview:-1"},"canonical":"https:\/\/zadarapartments.com\/sl\/dvosobni-apartmaji-zadar-hrvaska\/","og_locale":"sl_SI","og_type":"article","og_title":"2 Bedrooms Zadar Apartments for rent - ZadarApartments.com","og_description":"Holiday apartments in Zadar, Croatia with 2 bedrooms, luxury apartments in city, by beach, private getaway, family low cost - rent by owner.","og_url":"https:\/\/zadarapartments.com\/sl\/dvosobni-apartmaji-zadar-hrvaska\/","og_site_name":"Holiday Apartments Zadar Croatia, Luxury, Budget, City or Beach","article_modified_time":"2025-10-13T22:06:50+00:00","twitter_card":"summary_large_image","twitter_misc":{"Est. reading time":"1 minuta"},"schema":{"@context":"https:\/\/schema.org","@graph":[{"@type":"WebPage","@id":"https:\/\/zadarapartments.com\/2-bedroom-apartments-zadar-croatia\/","url":"https:\/\/zadarapartments.com\/2-bedroom-apartments-zadar-croatia\/","name":"2 Spalnici Zadar Apartmaji za najem - ZadarApartments.com","isPartOf":{"@id":"https:\/\/zadarapartments.com\/#website"},"datePublished":"2025-08-16T21:29:14+00:00","dateModified":"2025-10-13T22:06:50+00:00","description":"Po\u010ditni\u0161ki apartmaji v Zadru, Hrva\u0161ka z 2 spalnicami, luksuzni apartmaji v mestu, ob pla\u017ei, zasebni pobeg, dru\u017einski nizki stro\u0161ki - najem od lastnika.","breadcrumb":{"@id":"https:\/\/zadarapartments.com\/2-bedroom-apartments-zadar-croatia\/#breadcrumb"},"inLanguage":"sl-SI","potentialAction":[{"@type":"ReadAction","target":["https:\/\/zadarapartments.com\/2-bedroom-apartments-zadar-croatia\/"]}]},{"@type":"BreadcrumbList","@id":"https:\/\/zadarapartments.com\/2-bedroom-apartments-zadar-croatia\/#breadcrumb","itemListElement":[{"@type":"ListItem","position":1,"name":"Home","item":"https:\/\/zadarapartments.com\/"},{"@type":"ListItem","position":2,"name":"2 Bedrooms Zadar Apartments for rent"}]},{"@type":"WebSite","@id":"https:\/\/zadarapartments.com\/#website","url":"https:\/\/zadarapartments.com\/","name":"Po\u010ditni\u0161ki apartmaji Zadar, Hrva\u0161ka, luksuzni, cenovno ugodni, v mestu ali na pla\u017ei","description":"Najem po\u010ditni\u0161kega apartmaja v Zadru, Hrva\u0161ka, luksuzni, poceni, mestni, pla\u017eni po\u010ditni\u0161ki najemi od lastnika","publisher":{"@id":"https:\/\/zadarapartments.com\/#organization"},"potentialAction":[{"@type":"SearchAction","target":{"@type":"EntryPoint","urlTemplate":"https:\/\/zadarapartments.com\/?s={search_term_string}"},"query-input":{"@type":"PropertyValueSpecification","valueRequired":true,"valueName":"search_term_string"}}],"inLanguage":"sl-SI"},{"@type":"Organization","@id":"https:\/\/zadarapartments.com\/#organization","name":"ZadarApartments.com","url":"https:\/\/zadarapartments.com\/","logo":{"@type":"ImageObject","inLanguage":"sl-SI","@id":"https:\/\/zadarapartments.com\/#\/schema\/logo\/image\/","url":"https:\/\/zadarapartments.com\/wp-content\/uploads\/2018\/09\/logo-new.png","contentUrl":"https:\/\/zadarapartments.com\/wp-content\/uploads\/2018\/09\/logo-new.png","width":300,"height":38,"caption":"ZadarApartments.com"},"image":{"@id":"https:\/\/zadarapartments.com\/#\/schema\/logo\/image\/"}}]}},"_links":{"self":[{"href":"https:\/\/zadarapartments.com\/sl\/wp-json\/wp\/v2\/pages\/20916","targetHints":{"allow":["GET"]}}],"collection":[{"href":"https:\/\/zadarapartments.com\/sl\/wp-json\/wp\/v2\/pages"}],"about":[{"href":"https:\/\/zadarapartments.com\/sl\/wp-json\/wp\/v2\/types\/page"}],"author":[{"embeddable":true,"href":"https:\/\/zadarapartments.com\/sl\/wp-json\/wp\/v2\/users\/1"}],"replies":[{"embeddable":true,"href":"https:\/\/zadarapartments.com\/sl\/wp-json\/wp\/v2\/comments?post=20916"}],"version-history":[{"count":8,"href":"https:\/\/zadarapartments.com\/sl\/wp-json\/wp\/v2\/pages\/20916\/revisions"}],"predecessor-version":[{"id":21359,"href":"https:\/\/zadarapartments.com\/sl\/wp-json\/wp\/v2\/pages\/20916\/revisions\/21359"}],"wp:attachment":[{"href":"https:\/\/zadarapartments.com\/sl\/wp-json\/wp\/v2\/media?parent=20916"}],"curies":[{"name":"wp","href":"https:\/\/api.w.org\/{rel}","templated":true}]}}