{"id":19555,"date":"2020-04-28T00:23:57","date_gmt":"2020-04-27T22:23:57","guid":{"rendered":"https:\/\/zadarapartments.com\/?page_id=19555"},"modified":"2025-08-25T01:55:33","modified_gmt":"2025-08-24T23:55:33","slug":"zadar-apartmaji-zemljevid-hrvaska-najem","status":"publish","type":"page","link":"https:\/\/zadarapartments.com\/sl\/zadar-apartmaji-zemljevid-hrvaska-najem\/","title":{"rendered":"Zadar Apartmaji Zemljevid lokacij, Hrva\u0161ka"},"content":{"rendered":"<h1 style=\"color: #1060f0;\"><em>Zadar Apartmaji Zemljevid lokacij, Hrva\u0161ka <\/em><\/h1>\n<p style=\"line-height: 22px;\">\n<strong><a href=\"https:\/\/zadarapartments.com\/sl\/\"><span style=\"color: #505050;\">Zadar Apartmaji<\/span><\/a> zemljevid<\/strong>, lokacije po\u010ditni\u0161kih apartmajev v sredi\u0161\u010du mesta ali zasebni po\u010ditni\u0161ki najemi ob morju in ob pla\u017ei, po\u010ditni\u0161ki dom na pe\u0161 razdalji od restavracij, barov in trgovin ali zasebni apartma na mirni lokaciji za popoln pobeg in sprostitev z dru\u017eino in prijatelji.\n<\/p>\n<p style=\"line-height: 22px;\">\nTa in naslednje spletne strani vam predstavljajo natan\u010dne lokacije na zemljevidu vseh apartmajev v Zadru, Hrva\u0161ka, da bi na\u0161li najbolj\u0161i apartma v Zadru za sebe, svojo dru\u017eino in prijatelje. \n<\/p>\n<p style=\"line-height: 22px; margin-bottom: 30px;\">\nU\u017eivajte v obisku Zadra v apartmajih Zadar. Gostje bodo imeli nekaj brezpla\u010dnih ugodnosti, kot so WiFi in parkiri\u0161\u010de, terasa za son\u010denje, vrt, bazen, fitnes, masa\u017ena kad, savna, \u017ear, klimatska naprava, pametni ploski televizor, prijazno za hi\u0161ne ljubljen\u010dke in \u0161e ve\u010d zanimivosti, ali pa u\u017eivajte <a href=\"https:\/\/villascroatia.com\/villas-zadar-croatia\" target=\"_blank\"><span style=\"color: #505050;\" > luksuzna namestitev v Zadru <\/span><\/a> - <strong> Najem pri lastniku - Najbolj\u0161e cene najema!<\/strong>\n<\/p>\n\n\n\n<p><\/p>","protected":false},"excerpt":{"rendered":"Zadar Apartments Map locations, Croatia Zadar Apartments map, locations of holiday apartments in the city center or private vacation rentals &#8230;","protected":false},"author":1,"featured_media":0,"parent":0,"menu_order":0,"comment_status":"closed","ping_status":"closed","template":"property_list_half.php","meta":{"footnotes":""},"class_list":["post-19555","page","type-page","status-publish","hentry"],"yoast_head":"<!-- This site is optimized with the Yoast SEO plugin v27.4 - https:\/\/yoast.com\/product\/yoast-seo-wordpress\/ -->\n<title>Zadar Apartments Map locations, Croatia - ZadarApartments.com<\/title>\n<meta name=\"description\" content=\"Apartments Zadar on the map, Croatia, locations of holiday apartments in the city center or holiday homes by the sea or the beach for rent.\" \/>\n<meta name=\"robots\" content=\"index, follow, max-snippet:-1, max-image-preview:large, max-video-preview:-1\" \/>\n<link rel=\"canonical\" href=\"https:\/\/zadarapartments.com\/sl\/zadar-apartmaji-zemljevid-hrvaska-najem\/\" \/>\n<meta property=\"og:locale\" content=\"sl_SI\" \/>\n<meta property=\"og:type\" content=\"article\" \/>\n<meta property=\"og:title\" content=\"Zadar Apartments Map locations, Croatia - ZadarApartments.com\" \/>\n<meta property=\"og:description\" content=\"Apartments Zadar on the map, Croatia, locations of holiday apartments in the city center or holiday homes by the sea or the beach for rent.\" \/>\n<meta property=\"og:url\" content=\"https:\/\/zadarapartments.com\/sl\/zadar-apartmaji-zemljevid-hrvaska-najem\/\" \/>\n<meta property=\"og:site_name\" content=\"Holiday Apartments Zadar Croatia, Luxury, Budget, City or Beach\" \/>\n<meta property=\"article:modified_time\" content=\"2025-08-24T23:55:33+00:00\" \/>\n<meta name=\"twitter:card\" content=\"summary_large_image\" \/>\n<meta name=\"twitter:label1\" content=\"Est. reading time\" \/>\n\t<meta name=\"twitter:data1\" content=\"1 minuta\" \/>\n<script type=\"application\/ld+json\" class=\"yoast-schema-graph\">{\"@context\":\"https:\\\/\\\/schema.org\",\"@graph\":[{\"@type\":\"WebPage\",\"@id\":\"https:\\\/\\\/zadarapartments.com\\\/zadar-apartments-map-croatia-rent\\\/\",\"url\":\"https:\\\/\\\/zadarapartments.com\\\/zadar-apartments-map-croatia-rent\\\/\",\"name\":\"Zadar Apartments Map locations, Croatia - ZadarApartments.com\",\"isPartOf\":{\"@id\":\"https:\\\/\\\/zadarapartments.com\\\/#website\"},\"datePublished\":\"2020-04-27T22:23:57+00:00\",\"dateModified\":\"2025-08-24T23:55:33+00:00\",\"description\":\"Apartments Zadar on the map, Croatia, locations of holiday apartments in the city center or holiday homes by the sea or the beach for rent.\",\"breadcrumb\":{\"@id\":\"https:\\\/\\\/zadarapartments.com\\\/zadar-apartments-map-croatia-rent\\\/#breadcrumb\"},\"inLanguage\":\"sl-SI\",\"potentialAction\":[{\"@type\":\"ReadAction\",\"target\":[\"https:\\\/\\\/zadarapartments.com\\\/zadar-apartments-map-croatia-rent\\\/\"]}]},{\"@type\":\"BreadcrumbList\",\"@id\":\"https:\\\/\\\/zadarapartments.com\\\/zadar-apartments-map-croatia-rent\\\/#breadcrumb\",\"itemListElement\":[{\"@type\":\"ListItem\",\"position\":1,\"name\":\"Home\",\"item\":\"https:\\\/\\\/zadarapartments.com\\\/\"},{\"@type\":\"ListItem\",\"position\":2,\"name\":\"Zadar Apartments Map locations, Croatia\"}]},{\"@type\":\"WebSite\",\"@id\":\"https:\\\/\\\/zadarapartments.com\\\/#website\",\"url\":\"https:\\\/\\\/zadarapartments.com\\\/\",\"name\":\"Holiday Apartments Zadar, Croatia, Luxury, Budget, City or Beach\",\"description\":\"Rent Holiday Apartment in Zadar, Croatia, Luxury, Cheap, City, Beach Vacation Rentals by Owner\",\"publisher\":{\"@id\":\"https:\\\/\\\/zadarapartments.com\\\/#organization\"},\"potentialAction\":[{\"@type\":\"SearchAction\",\"target\":{\"@type\":\"EntryPoint\",\"urlTemplate\":\"https:\\\/\\\/zadarapartments.com\\\/?s={search_term_string}\"},\"query-input\":{\"@type\":\"PropertyValueSpecification\",\"valueRequired\":true,\"valueName\":\"search_term_string\"}}],\"inLanguage\":\"sl-SI\"},{\"@type\":\"Organization\",\"@id\":\"https:\\\/\\\/zadarapartments.com\\\/#organization\",\"name\":\"ZadarApartments.com\",\"url\":\"https:\\\/\\\/zadarapartments.com\\\/\",\"logo\":{\"@type\":\"ImageObject\",\"inLanguage\":\"sl-SI\",\"@id\":\"https:\\\/\\\/zadarapartments.com\\\/#\\\/schema\\\/logo\\\/image\\\/\",\"url\":\"https:\\\/\\\/zadarapartments.com\\\/wp-content\\\/uploads\\\/2018\\\/09\\\/logo-new.png\",\"contentUrl\":\"https:\\\/\\\/zadarapartments.com\\\/wp-content\\\/uploads\\\/2018\\\/09\\\/logo-new.png\",\"width\":300,\"height\":38,\"caption\":\"ZadarApartments.com\"},\"image\":{\"@id\":\"https:\\\/\\\/zadarapartments.com\\\/#\\\/schema\\\/logo\\\/image\\\/\"}}]}<\/script>\n<!-- \/ Yoast SEO plugin. -->","yoast_head_json":{"title":"Zadar Apartmaji Zemljevid lokacij, Hrva\u0161ka - ZadarApartments.com","description":"Apartmaji Zadar na zemljevidu, Hrva\u0161ka, lokacije po\u010ditni\u0161kih apartmajev v centru mesta ali po\u010ditni\u0161kih hi\u0161 ob morju ali pla\u017ei za najem.","robots":{"index":"index","follow":"follow","max-snippet":"max-snippet:-1","max-image-preview":"max-image-preview:large","max-video-preview":"max-video-preview:-1"},"canonical":"https:\/\/zadarapartments.com\/sl\/zadar-apartmaji-zemljevid-hrvaska-najem\/","og_locale":"sl_SI","og_type":"article","og_title":"Zadar Apartments Map locations, Croatia - ZadarApartments.com","og_description":"Apartments Zadar on the map, Croatia, locations of holiday apartments in the city center or holiday homes by the sea or the beach for rent.","og_url":"https:\/\/zadarapartments.com\/sl\/zadar-apartmaji-zemljevid-hrvaska-najem\/","og_site_name":"Holiday Apartments Zadar Croatia, Luxury, Budget, City or Beach","article_modified_time":"2025-08-24T23:55:33+00:00","twitter_card":"summary_large_image","twitter_misc":{"Est. reading time":"1 minuta"},"schema":{"@context":"https:\/\/schema.org","@graph":[{"@type":"WebPage","@id":"https:\/\/zadarapartments.com\/zadar-apartments-map-croatia-rent\/","url":"https:\/\/zadarapartments.com\/zadar-apartments-map-croatia-rent\/","name":"Zadar Apartmaji Zemljevid lokacij, Hrva\u0161ka - ZadarApartments.com","isPartOf":{"@id":"https:\/\/zadarapartments.com\/#website"},"datePublished":"2020-04-27T22:23:57+00:00","dateModified":"2025-08-24T23:55:33+00:00","description":"Apartmaji Zadar na zemljevidu, Hrva\u0161ka, lokacije po\u010ditni\u0161kih apartmajev v centru mesta ali po\u010ditni\u0161kih hi\u0161 ob morju ali pla\u017ei za najem.","breadcrumb":{"@id":"https:\/\/zadarapartments.com\/zadar-apartments-map-croatia-rent\/#breadcrumb"},"inLanguage":"sl-SI","potentialAction":[{"@type":"ReadAction","target":["https:\/\/zadarapartments.com\/zadar-apartments-map-croatia-rent\/"]}]},{"@type":"BreadcrumbList","@id":"https:\/\/zadarapartments.com\/zadar-apartments-map-croatia-rent\/#breadcrumb","itemListElement":[{"@type":"ListItem","position":1,"name":"Home","item":"https:\/\/zadarapartments.com\/"},{"@type":"ListItem","position":2,"name":"Zadar Apartments Map locations, Croatia"}]},{"@type":"WebSite","@id":"https:\/\/zadarapartments.com\/#website","url":"https:\/\/zadarapartments.com\/","name":"Po\u010ditni\u0161ki apartmaji Zadar, Hrva\u0161ka, luksuzni, cenovno ugodni, v mestu ali na pla\u017ei","description":"Najem po\u010ditni\u0161kega apartmaja v Zadru, Hrva\u0161ka, luksuzni, poceni, mestni, pla\u017eni po\u010ditni\u0161ki najemi od lastnika","publisher":{"@id":"https:\/\/zadarapartments.com\/#organization"},"potentialAction":[{"@type":"SearchAction","target":{"@type":"EntryPoint","urlTemplate":"https:\/\/zadarapartments.com\/?s={search_term_string}"},"query-input":{"@type":"PropertyValueSpecification","valueRequired":true,"valueName":"search_term_string"}}],"inLanguage":"sl-SI"},{"@type":"Organization","@id":"https:\/\/zadarapartments.com\/#organization","name":"ZadarApartments.com","url":"https:\/\/zadarapartments.com\/","logo":{"@type":"ImageObject","inLanguage":"sl-SI","@id":"https:\/\/zadarapartments.com\/#\/schema\/logo\/image\/","url":"https:\/\/zadarapartments.com\/wp-content\/uploads\/2018\/09\/logo-new.png","contentUrl":"https:\/\/zadarapartments.com\/wp-content\/uploads\/2018\/09\/logo-new.png","width":300,"height":38,"caption":"ZadarApartments.com"},"image":{"@id":"https:\/\/zadarapartments.com\/#\/schema\/logo\/image\/"}}]}},"_links":{"self":[{"href":"https:\/\/zadarapartments.com\/sl\/wp-json\/wp\/v2\/pages\/19555","targetHints":{"allow":["GET"]}}],"collection":[{"href":"https:\/\/zadarapartments.com\/sl\/wp-json\/wp\/v2\/pages"}],"about":[{"href":"https:\/\/zadarapartments.com\/sl\/wp-json\/wp\/v2\/types\/page"}],"author":[{"embeddable":true,"href":"https:\/\/zadarapartments.com\/sl\/wp-json\/wp\/v2\/users\/1"}],"replies":[{"embeddable":true,"href":"https:\/\/zadarapartments.com\/sl\/wp-json\/wp\/v2\/comments?post=19555"}],"version-history":[{"count":4,"href":"https:\/\/zadarapartments.com\/sl\/wp-json\/wp\/v2\/pages\/19555\/revisions"}],"predecessor-version":[{"id":21117,"href":"https:\/\/zadarapartments.com\/sl\/wp-json\/wp\/v2\/pages\/19555\/revisions\/21117"}],"wp:attachment":[{"href":"https:\/\/zadarapartments.com\/sl\/wp-json\/wp\/v2\/media?parent=19555"}],"curies":[{"name":"wp","href":"https:\/\/api.w.org\/{rel}","templated":true}]}}