{"id":19534,"date":"2020-04-27T01:02:32","date_gmt":"2020-04-26T23:02:32","guid":{"rendered":"https:\/\/zadarapartments.com\/?page_id=19534"},"modified":"2025-10-13T00:04:28","modified_gmt":"2025-10-12T22:04:28","slug":"apartmaji-na-plazi-zadar-hrvaska","status":"publish","type":"page","link":"https:\/\/zadarapartments.com\/sl\/apartmaji-na-plazi-zadar-hrvaska\/","title":{"rendered":"Pla\u017ea Zadar Apartmaji Hrva\u0161ka"},"content":{"rendered":"<h1 style=\"color: #1060f0;\"><em>Pla\u017ea Zadar Apartmaji Hrva\u0161ka <\/em><\/h1>\n<p style=\"line-height: 22px;\">\n<strong> Po\u010ditni\u0161ka pla\u017ea <a href=\"https:\/\/zadarapartments.com\/sl\/\"><span style=\"color: #505050;\">Zadar Apartmaji<\/span><\/a>, Hrva\u0161ka<\/strong>, ob morju in ob pla\u017ei v pe\u0161 razdalji, enostaven dostop do pla\u017ee za kopanje, son\u010denje ali preprosto u\u017eivanje v Jadranskem morju. Po\u010ditni\u0161ki najem ob morju s \u010dudovitim razgledom na morje je kot nala\u0161\u010d za spro\u0161\u010den poletni po\u010ditni\u0161ki tempo. \n<\/p>\n<p style=\"line-height: 22px;\">\nApartmaji na pla\u017ei Zadar, Hrva\u0161ka, so namenjeni temu, da sebi, svoji dru\u017eini in prijateljem privo\u0161\u010dite popolno in nepozabno do\u017eivetje ob morju. Apartmaji ob pla\u017ei nudijo udobno in spro\u0161\u010dujo\u010de bivanje, doma\u010do izku\u0161njo za \u010dudovite po\u010ditnice na pla\u017ei. \n<\/p>\n<p style=\"line-height: 22px; margin-bottom: 30px;\">\nU\u017eivajte v obisku Zadra v apartmajih Zadar Beach. Gostje bodo imeli nekaj brezpla\u010dnih ugodnosti, kot so WiFi in parkiri\u0161\u010de, terasa za son\u010denje, vrt, fitnes, masa\u017ena kad, savna, \u017ear, klimatska naprava, pametni ploski televizor, prijazno za hi\u0161ne ljubljen\u010dke in \u0161e ve\u010d zanimivosti, u\u017eivajte <a href=\"https:\/\/villascroatia.com\/villas-zadar-croatia\" target=\"_blank\"><span style=\"color: #505050;\" > luksuzna namestitev v Zadru <\/span><\/a> - <strong>Najem pri lastniku - Najbolj\u0161e cene najema!<\/strong>\n<\/p>\n\n\n<p><\/p>","protected":false},"excerpt":{"rendered":"Zadar Beach Apartments Croatia Holiday Beach Zadar Apartments, Croatia, by the sea and by the beach at walking distance, easy &#8230;","protected":false},"author":1,"featured_media":0,"parent":0,"menu_order":0,"comment_status":"closed","ping_status":"closed","template":"property_list_half.php","meta":{"footnotes":""},"class_list":["post-19534","page","type-page","status-publish","hentry"],"yoast_head":"<!-- This site is optimized with the Yoast SEO plugin v27.4 - https:\/\/yoast.com\/product\/yoast-seo-wordpress\/ -->\n<title>Zadar Beach Apartments Croatia for rent - ZadarApartments.com<\/title>\n<meta name=\"description\" content=\"Holiday Beach Zadar Apartments, Croatia, by the sea, by the beach, swimming, water sports, seafront vacation rental with beautiful sea view.\" \/>\n<meta name=\"robots\" content=\"index, follow, max-snippet:-1, max-image-preview:large, max-video-preview:-1\" \/>\n<link rel=\"canonical\" href=\"https:\/\/zadarapartments.com\/sl\/apartmaji-na-plazi-zadar-hrvaska\/\" \/>\n<meta property=\"og:locale\" content=\"sl_SI\" \/>\n<meta property=\"og:type\" content=\"article\" \/>\n<meta property=\"og:title\" content=\"Zadar Beach Apartments Croatia for rent - ZadarApartments.com\" \/>\n<meta property=\"og:description\" content=\"Holiday Beach Zadar Apartments, Croatia, by the sea, by the beach, swimming, water sports, seafront vacation rental with beautiful sea view.\" \/>\n<meta property=\"og:url\" content=\"https:\/\/zadarapartments.com\/sl\/apartmaji-na-plazi-zadar-hrvaska\/\" \/>\n<meta property=\"og:site_name\" content=\"Holiday Apartments Zadar Croatia, Luxury, Budget, City or Beach\" \/>\n<meta property=\"article:modified_time\" content=\"2025-10-12T22:04:28+00:00\" \/>\n<meta name=\"twitter:card\" content=\"summary_large_image\" \/>\n<meta name=\"twitter:label1\" content=\"Est. reading time\" \/>\n\t<meta name=\"twitter:data1\" content=\"1 minuta\" \/>\n<script type=\"application\/ld+json\" class=\"yoast-schema-graph\">{\"@context\":\"https:\\\/\\\/schema.org\",\"@graph\":[{\"@type\":\"WebPage\",\"@id\":\"https:\\\/\\\/zadarapartments.com\\\/beach-apartments-zadar-croatia\\\/\",\"url\":\"https:\\\/\\\/zadarapartments.com\\\/beach-apartments-zadar-croatia\\\/\",\"name\":\"Zadar Beach Apartments Croatia for rent - ZadarApartments.com\",\"isPartOf\":{\"@id\":\"https:\\\/\\\/zadarapartments.com\\\/#website\"},\"datePublished\":\"2020-04-26T23:02:32+00:00\",\"dateModified\":\"2025-10-12T22:04:28+00:00\",\"description\":\"Holiday Beach Zadar Apartments, Croatia, by the sea, by the beach, swimming, water sports, seafront vacation rental with beautiful sea view.\",\"breadcrumb\":{\"@id\":\"https:\\\/\\\/zadarapartments.com\\\/beach-apartments-zadar-croatia\\\/#breadcrumb\"},\"inLanguage\":\"sl-SI\",\"potentialAction\":[{\"@type\":\"ReadAction\",\"target\":[\"https:\\\/\\\/zadarapartments.com\\\/beach-apartments-zadar-croatia\\\/\"]}]},{\"@type\":\"BreadcrumbList\",\"@id\":\"https:\\\/\\\/zadarapartments.com\\\/beach-apartments-zadar-croatia\\\/#breadcrumb\",\"itemListElement\":[{\"@type\":\"ListItem\",\"position\":1,\"name\":\"Home\",\"item\":\"https:\\\/\\\/zadarapartments.com\\\/\"},{\"@type\":\"ListItem\",\"position\":2,\"name\":\"Zadar Beach Apartments Croatia\"}]},{\"@type\":\"WebSite\",\"@id\":\"https:\\\/\\\/zadarapartments.com\\\/#website\",\"url\":\"https:\\\/\\\/zadarapartments.com\\\/\",\"name\":\"Holiday Apartments Zadar, Croatia, Luxury, Budget, City or Beach\",\"description\":\"Rent Holiday Apartment in Zadar, Croatia, Luxury, Cheap, City, Beach Vacation Rentals by Owner\",\"publisher\":{\"@id\":\"https:\\\/\\\/zadarapartments.com\\\/#organization\"},\"potentialAction\":[{\"@type\":\"SearchAction\",\"target\":{\"@type\":\"EntryPoint\",\"urlTemplate\":\"https:\\\/\\\/zadarapartments.com\\\/?s={search_term_string}\"},\"query-input\":{\"@type\":\"PropertyValueSpecification\",\"valueRequired\":true,\"valueName\":\"search_term_string\"}}],\"inLanguage\":\"sl-SI\"},{\"@type\":\"Organization\",\"@id\":\"https:\\\/\\\/zadarapartments.com\\\/#organization\",\"name\":\"ZadarApartments.com\",\"url\":\"https:\\\/\\\/zadarapartments.com\\\/\",\"logo\":{\"@type\":\"ImageObject\",\"inLanguage\":\"sl-SI\",\"@id\":\"https:\\\/\\\/zadarapartments.com\\\/#\\\/schema\\\/logo\\\/image\\\/\",\"url\":\"https:\\\/\\\/zadarapartments.com\\\/wp-content\\\/uploads\\\/2018\\\/09\\\/logo-new.png\",\"contentUrl\":\"https:\\\/\\\/zadarapartments.com\\\/wp-content\\\/uploads\\\/2018\\\/09\\\/logo-new.png\",\"width\":300,\"height\":38,\"caption\":\"ZadarApartments.com\"},\"image\":{\"@id\":\"https:\\\/\\\/zadarapartments.com\\\/#\\\/schema\\\/logo\\\/image\\\/\"}}]}<\/script>\n<!-- \/ Yoast SEO plugin. -->","yoast_head_json":{"title":"Zadar Pla\u017ea Apartmaji Hrva\u0161ka za najem - ZadarApartments.com","description":"Holiday Beach Zadar Apartmaji, Hrva\u0161ka, ob morju, ob pla\u017ei, kopanje, vodni \u0161porti, najem apartmajev ob morju s \u010dudovitim pogledom na morje.","robots":{"index":"index","follow":"follow","max-snippet":"max-snippet:-1","max-image-preview":"max-image-preview:large","max-video-preview":"max-video-preview:-1"},"canonical":"https:\/\/zadarapartments.com\/sl\/apartmaji-na-plazi-zadar-hrvaska\/","og_locale":"sl_SI","og_type":"article","og_title":"Zadar Beach Apartments Croatia for rent - ZadarApartments.com","og_description":"Holiday Beach Zadar Apartments, Croatia, by the sea, by the beach, swimming, water sports, seafront vacation rental with beautiful sea view.","og_url":"https:\/\/zadarapartments.com\/sl\/apartmaji-na-plazi-zadar-hrvaska\/","og_site_name":"Holiday Apartments Zadar Croatia, Luxury, Budget, City or Beach","article_modified_time":"2025-10-12T22:04:28+00:00","twitter_card":"summary_large_image","twitter_misc":{"Est. reading time":"1 minuta"},"schema":{"@context":"https:\/\/schema.org","@graph":[{"@type":"WebPage","@id":"https:\/\/zadarapartments.com\/beach-apartments-zadar-croatia\/","url":"https:\/\/zadarapartments.com\/beach-apartments-zadar-croatia\/","name":"Zadar Pla\u017ea Apartmaji Hrva\u0161ka za najem - ZadarApartments.com","isPartOf":{"@id":"https:\/\/zadarapartments.com\/#website"},"datePublished":"2020-04-26T23:02:32+00:00","dateModified":"2025-10-12T22:04:28+00:00","description":"Holiday Beach Zadar Apartmaji, Hrva\u0161ka, ob morju, ob pla\u017ei, kopanje, vodni \u0161porti, najem apartmajev ob morju s \u010dudovitim pogledom na morje.","breadcrumb":{"@id":"https:\/\/zadarapartments.com\/beach-apartments-zadar-croatia\/#breadcrumb"},"inLanguage":"sl-SI","potentialAction":[{"@type":"ReadAction","target":["https:\/\/zadarapartments.com\/beach-apartments-zadar-croatia\/"]}]},{"@type":"BreadcrumbList","@id":"https:\/\/zadarapartments.com\/beach-apartments-zadar-croatia\/#breadcrumb","itemListElement":[{"@type":"ListItem","position":1,"name":"Home","item":"https:\/\/zadarapartments.com\/"},{"@type":"ListItem","position":2,"name":"Zadar Beach Apartments Croatia"}]},{"@type":"WebSite","@id":"https:\/\/zadarapartments.com\/#website","url":"https:\/\/zadarapartments.com\/","name":"Po\u010ditni\u0161ki apartmaji Zadar, Hrva\u0161ka, luksuzni, cenovno ugodni, v mestu ali na pla\u017ei","description":"Najem po\u010ditni\u0161kega apartmaja v Zadru, Hrva\u0161ka, luksuzni, poceni, mestni, pla\u017eni po\u010ditni\u0161ki najemi od lastnika","publisher":{"@id":"https:\/\/zadarapartments.com\/#organization"},"potentialAction":[{"@type":"SearchAction","target":{"@type":"EntryPoint","urlTemplate":"https:\/\/zadarapartments.com\/?s={search_term_string}"},"query-input":{"@type":"PropertyValueSpecification","valueRequired":true,"valueName":"search_term_string"}}],"inLanguage":"sl-SI"},{"@type":"Organization","@id":"https:\/\/zadarapartments.com\/#organization","name":"ZadarApartments.com","url":"https:\/\/zadarapartments.com\/","logo":{"@type":"ImageObject","inLanguage":"sl-SI","@id":"https:\/\/zadarapartments.com\/#\/schema\/logo\/image\/","url":"https:\/\/zadarapartments.com\/wp-content\/uploads\/2018\/09\/logo-new.png","contentUrl":"https:\/\/zadarapartments.com\/wp-content\/uploads\/2018\/09\/logo-new.png","width":300,"height":38,"caption":"ZadarApartments.com"},"image":{"@id":"https:\/\/zadarapartments.com\/#\/schema\/logo\/image\/"}}]}},"_links":{"self":[{"href":"https:\/\/zadarapartments.com\/sl\/wp-json\/wp\/v2\/pages\/19534","targetHints":{"allow":["GET"]}}],"collection":[{"href":"https:\/\/zadarapartments.com\/sl\/wp-json\/wp\/v2\/pages"}],"about":[{"href":"https:\/\/zadarapartments.com\/sl\/wp-json\/wp\/v2\/types\/page"}],"author":[{"embeddable":true,"href":"https:\/\/zadarapartments.com\/sl\/wp-json\/wp\/v2\/users\/1"}],"replies":[{"embeddable":true,"href":"https:\/\/zadarapartments.com\/sl\/wp-json\/wp\/v2\/comments?post=19534"}],"version-history":[{"count":5,"href":"https:\/\/zadarapartments.com\/sl\/wp-json\/wp\/v2\/pages\/19534\/revisions"}],"predecessor-version":[{"id":21107,"href":"https:\/\/zadarapartments.com\/sl\/wp-json\/wp\/v2\/pages\/19534\/revisions\/21107"}],"wp:attachment":[{"href":"https:\/\/zadarapartments.com\/sl\/wp-json\/wp\/v2\/media?parent=19534"}],"curies":[{"name":"wp","href":"https:\/\/api.w.org\/{rel}","templated":true}]}}