{"id":19529,"date":"2020-04-27T00:58:11","date_gmt":"2020-04-26T22:58:11","guid":{"rendered":"https:\/\/zadarapartments.com\/?page_id=19529"},"modified":"2025-10-13T00:02:59","modified_gmt":"2025-10-12T22:02:59","slug":"mestni-apartmaji-zadar-hrvaska","status":"publish","type":"page","link":"https:\/\/zadarapartments.com\/sl\/mestni-apartmaji-zadar-hrvaska\/","title":{"rendered":"Zadar Center Apartments Croatia"},"content":{"rendered":"<h1 style=\"color: #1060f0;\"><em> City Apartmaji Zadar Hrva\u0161ka <\/em><\/h1>\n<p style=\"line-height: 22px;\">\n<strong>Holiday City Center <a href=\"https:\/\/zadarapartments.com\/sl\/\"><span style=\"color: #505050;\">Zadar Apartmaji<\/span><\/a>, Hrva\u0161ka<\/strong>, so v sredi\u0161\u010du mesta in starega mestnega jedra ter turistom omogo\u010dajo dostop do glavnih znamenitosti, kulturnih znamenitosti in zabavi\u0161\u010d v sredi\u0161\u010du mesta. Po\u010ditni\u0161ki najemi v sredi\u0161\u010du mesta vklju\u010dujejo luksuzne in nizkocenovne nastanitve na pe\u0161 razdalji do restavracij, barov, trgovin, znamenitosti in dejavnosti.\n<\/p>\n<p style=\"line-height: 22px;\">\nApartmaji City Zadar Center na Hrva\u0161kem so namenjeni temu, da sebi, svoji dru\u017eini in prijateljem privo\u0161\u010dite popolno in nepozabno do\u017eivetje. Udobno in priro\u010dno izhodi\u0161\u010de za raziskovanje mesta, ne da bi zapravljali \u010das v prometu.\n<\/p>\n<p style=\"line-height: 22px; margin-bottom: 30px;\">\nU\u017eivajte v obisku v Zadar City Apartments. Gostje bodo imeli nekaj brezpla\u010dnih ugodnosti, kot so WiFi in parkiri\u0161\u010de, terasa za son\u010denje, vrt, fitnes, masa\u017ena kad, savna, \u017ear, klimatska naprava, pametni ploski televizor, prijazno za hi\u0161ne ljubljen\u010dke in ve\u010d zanimivosti, lokalne znamenitosti v bli\u017eini, u\u017eivajte <a href=\"https:\/\/villascroatia.com\/villas-zadar-croatia\" target=\"_blank\"><span style=\"color: #505050;\" > luksuzna namestitev v Zadru <\/span><\/a> - <strong>Najem pri lastniku - Najbolj\u0161e cene najema!<\/strong>\n<\/p>\n\n\n<p><\/p>","protected":false},"excerpt":{"rendered":"City Apartments Zadar Croatia Holiday City Center Zadar Apartments, Croatia, are in the heart of the city and old town, &#8230;","protected":false},"author":1,"featured_media":0,"parent":0,"menu_order":0,"comment_status":"closed","ping_status":"closed","template":"property_list_half.php","meta":{"footnotes":""},"class_list":["post-19529","page","type-page","status-publish","hentry"],"yoast_head":"<!-- This site is optimized with the Yoast SEO plugin v27.4 - https:\/\/yoast.com\/product\/yoast-seo-wordpress\/ -->\n<title>Zadar Center Apartments Croatia for rent - ZadarApartments.com<\/title>\n<meta name=\"description\" content=\"Holiday City Center Apartments in Zadar, Croatia, old town, convenient to access major attractions, cultural sites, and entertainment.\" \/>\n<meta name=\"robots\" content=\"index, follow, max-snippet:-1, max-image-preview:large, max-video-preview:-1\" \/>\n<link rel=\"canonical\" href=\"https:\/\/zadarapartments.com\/sl\/mestni-apartmaji-zadar-hrvaska\/\" \/>\n<meta property=\"og:locale\" content=\"sl_SI\" \/>\n<meta property=\"og:type\" content=\"article\" \/>\n<meta property=\"og:title\" content=\"Zadar Center Apartments Croatia for rent - ZadarApartments.com\" \/>\n<meta property=\"og:description\" content=\"Holiday City Center Apartments in Zadar, Croatia, old town, convenient to access major attractions, cultural sites, and entertainment.\" \/>\n<meta property=\"og:url\" content=\"https:\/\/zadarapartments.com\/sl\/mestni-apartmaji-zadar-hrvaska\/\" \/>\n<meta property=\"og:site_name\" content=\"Holiday Apartments Zadar Croatia, Luxury, Budget, City or Beach\" \/>\n<meta property=\"article:modified_time\" content=\"2025-10-12T22:02:59+00:00\" \/>\n<meta name=\"twitter:card\" content=\"summary_large_image\" \/>\n<meta name=\"twitter:label1\" content=\"Est. reading time\" \/>\n\t<meta name=\"twitter:data1\" content=\"1 minuta\" \/>\n<script type=\"application\/ld+json\" class=\"yoast-schema-graph\">{\"@context\":\"https:\\\/\\\/schema.org\",\"@graph\":[{\"@type\":\"WebPage\",\"@id\":\"https:\\\/\\\/zadarapartments.com\\\/city-apartments-zadar-croatia\\\/\",\"url\":\"https:\\\/\\\/zadarapartments.com\\\/city-apartments-zadar-croatia\\\/\",\"name\":\"Zadar Center Apartments Croatia for rent - ZadarApartments.com\",\"isPartOf\":{\"@id\":\"https:\\\/\\\/zadarapartments.com\\\/#website\"},\"datePublished\":\"2020-04-26T22:58:11+00:00\",\"dateModified\":\"2025-10-12T22:02:59+00:00\",\"description\":\"Holiday City Center Apartments in Zadar, Croatia, old town, convenient to access major attractions, cultural sites, and entertainment.\",\"breadcrumb\":{\"@id\":\"https:\\\/\\\/zadarapartments.com\\\/city-apartments-zadar-croatia\\\/#breadcrumb\"},\"inLanguage\":\"sl-SI\",\"potentialAction\":[{\"@type\":\"ReadAction\",\"target\":[\"https:\\\/\\\/zadarapartments.com\\\/city-apartments-zadar-croatia\\\/\"]}]},{\"@type\":\"BreadcrumbList\",\"@id\":\"https:\\\/\\\/zadarapartments.com\\\/city-apartments-zadar-croatia\\\/#breadcrumb\",\"itemListElement\":[{\"@type\":\"ListItem\",\"position\":1,\"name\":\"Home\",\"item\":\"https:\\\/\\\/zadarapartments.com\\\/\"},{\"@type\":\"ListItem\",\"position\":2,\"name\":\"Zadar Center Apartments Croatia\"}]},{\"@type\":\"WebSite\",\"@id\":\"https:\\\/\\\/zadarapartments.com\\\/#website\",\"url\":\"https:\\\/\\\/zadarapartments.com\\\/\",\"name\":\"Holiday Apartments Zadar, Croatia, Luxury, Budget, City or Beach\",\"description\":\"Rent Holiday Apartment in Zadar, Croatia, Luxury, Cheap, City, Beach Vacation Rentals by Owner\",\"publisher\":{\"@id\":\"https:\\\/\\\/zadarapartments.com\\\/#organization\"},\"potentialAction\":[{\"@type\":\"SearchAction\",\"target\":{\"@type\":\"EntryPoint\",\"urlTemplate\":\"https:\\\/\\\/zadarapartments.com\\\/?s={search_term_string}\"},\"query-input\":{\"@type\":\"PropertyValueSpecification\",\"valueRequired\":true,\"valueName\":\"search_term_string\"}}],\"inLanguage\":\"sl-SI\"},{\"@type\":\"Organization\",\"@id\":\"https:\\\/\\\/zadarapartments.com\\\/#organization\",\"name\":\"ZadarApartments.com\",\"url\":\"https:\\\/\\\/zadarapartments.com\\\/\",\"logo\":{\"@type\":\"ImageObject\",\"inLanguage\":\"sl-SI\",\"@id\":\"https:\\\/\\\/zadarapartments.com\\\/#\\\/schema\\\/logo\\\/image\\\/\",\"url\":\"https:\\\/\\\/zadarapartments.com\\\/wp-content\\\/uploads\\\/2018\\\/09\\\/logo-new.png\",\"contentUrl\":\"https:\\\/\\\/zadarapartments.com\\\/wp-content\\\/uploads\\\/2018\\\/09\\\/logo-new.png\",\"width\":300,\"height\":38,\"caption\":\"ZadarApartments.com\"},\"image\":{\"@id\":\"https:\\\/\\\/zadarapartments.com\\\/#\\\/schema\\\/logo\\\/image\\\/\"}}]}<\/script>\n<!-- \/ Yoast SEO plugin. -->","yoast_head_json":{"title":"Zadar Center Apartmaji Hrva\u0161ka za najem - ZadarApartments.com","description":"Apartmaji Holiday City Center v starem mestnem jedru Zadra na Hrva\u0161kem, ki so priro\u010dni za dostop do glavnih znamenitosti, kulturnih znamenitosti in zabave.","robots":{"index":"index","follow":"follow","max-snippet":"max-snippet:-1","max-image-preview":"max-image-preview:large","max-video-preview":"max-video-preview:-1"},"canonical":"https:\/\/zadarapartments.com\/sl\/mestni-apartmaji-zadar-hrvaska\/","og_locale":"sl_SI","og_type":"article","og_title":"Zadar Center Apartments Croatia for rent - ZadarApartments.com","og_description":"Holiday City Center Apartments in Zadar, Croatia, old town, convenient to access major attractions, cultural sites, and entertainment.","og_url":"https:\/\/zadarapartments.com\/sl\/mestni-apartmaji-zadar-hrvaska\/","og_site_name":"Holiday Apartments Zadar Croatia, Luxury, Budget, City or Beach","article_modified_time":"2025-10-12T22:02:59+00:00","twitter_card":"summary_large_image","twitter_misc":{"Est. reading time":"1 minuta"},"schema":{"@context":"https:\/\/schema.org","@graph":[{"@type":"WebPage","@id":"https:\/\/zadarapartments.com\/city-apartments-zadar-croatia\/","url":"https:\/\/zadarapartments.com\/city-apartments-zadar-croatia\/","name":"Zadar Center Apartmaji Hrva\u0161ka za najem - ZadarApartments.com","isPartOf":{"@id":"https:\/\/zadarapartments.com\/#website"},"datePublished":"2020-04-26T22:58:11+00:00","dateModified":"2025-10-12T22:02:59+00:00","description":"Apartmaji Holiday City Center v starem mestnem jedru Zadra na Hrva\u0161kem, ki so priro\u010dni za dostop do glavnih znamenitosti, kulturnih znamenitosti in zabave.","breadcrumb":{"@id":"https:\/\/zadarapartments.com\/city-apartments-zadar-croatia\/#breadcrumb"},"inLanguage":"sl-SI","potentialAction":[{"@type":"ReadAction","target":["https:\/\/zadarapartments.com\/city-apartments-zadar-croatia\/"]}]},{"@type":"BreadcrumbList","@id":"https:\/\/zadarapartments.com\/city-apartments-zadar-croatia\/#breadcrumb","itemListElement":[{"@type":"ListItem","position":1,"name":"Home","item":"https:\/\/zadarapartments.com\/"},{"@type":"ListItem","position":2,"name":"Zadar Center Apartments Croatia"}]},{"@type":"WebSite","@id":"https:\/\/zadarapartments.com\/#website","url":"https:\/\/zadarapartments.com\/","name":"Po\u010ditni\u0161ki apartmaji Zadar, Hrva\u0161ka, luksuzni, cenovno ugodni, v mestu ali na pla\u017ei","description":"Najem po\u010ditni\u0161kega apartmaja v Zadru, Hrva\u0161ka, luksuzni, poceni, mestni, pla\u017eni po\u010ditni\u0161ki najemi od lastnika","publisher":{"@id":"https:\/\/zadarapartments.com\/#organization"},"potentialAction":[{"@type":"SearchAction","target":{"@type":"EntryPoint","urlTemplate":"https:\/\/zadarapartments.com\/?s={search_term_string}"},"query-input":{"@type":"PropertyValueSpecification","valueRequired":true,"valueName":"search_term_string"}}],"inLanguage":"sl-SI"},{"@type":"Organization","@id":"https:\/\/zadarapartments.com\/#organization","name":"ZadarApartments.com","url":"https:\/\/zadarapartments.com\/","logo":{"@type":"ImageObject","inLanguage":"sl-SI","@id":"https:\/\/zadarapartments.com\/#\/schema\/logo\/image\/","url":"https:\/\/zadarapartments.com\/wp-content\/uploads\/2018\/09\/logo-new.png","contentUrl":"https:\/\/zadarapartments.com\/wp-content\/uploads\/2018\/09\/logo-new.png","width":300,"height":38,"caption":"ZadarApartments.com"},"image":{"@id":"https:\/\/zadarapartments.com\/#\/schema\/logo\/image\/"}}]}},"_links":{"self":[{"href":"https:\/\/zadarapartments.com\/sl\/wp-json\/wp\/v2\/pages\/19529","targetHints":{"allow":["GET"]}}],"collection":[{"href":"https:\/\/zadarapartments.com\/sl\/wp-json\/wp\/v2\/pages"}],"about":[{"href":"https:\/\/zadarapartments.com\/sl\/wp-json\/wp\/v2\/types\/page"}],"author":[{"embeddable":true,"href":"https:\/\/zadarapartments.com\/sl\/wp-json\/wp\/v2\/users\/1"}],"replies":[{"embeddable":true,"href":"https:\/\/zadarapartments.com\/sl\/wp-json\/wp\/v2\/comments?post=19529"}],"version-history":[{"count":4,"href":"https:\/\/zadarapartments.com\/sl\/wp-json\/wp\/v2\/pages\/19529\/revisions"}],"predecessor-version":[{"id":21109,"href":"https:\/\/zadarapartments.com\/sl\/wp-json\/wp\/v2\/pages\/19529\/revisions\/21109"}],"wp:attachment":[{"href":"https:\/\/zadarapartments.com\/sl\/wp-json\/wp\/v2\/media?parent=19529"}],"curies":[{"name":"wp","href":"https:\/\/api.w.org\/{rel}","templated":true}]}}