{"id":19513,"date":"2020-04-27T00:23:46","date_gmt":"2020-04-26T22:23:46","guid":{"rendered":"https:\/\/zadarapartments.com\/?page_id=19513"},"modified":"2025-10-12T23:57:42","modified_gmt":"2025-10-12T21:57:42","slug":"pocitniski-apartmaji-zadar-hrvaska","status":"publish","type":"page","link":"https:\/\/zadarapartments.com\/sl\/pocitniski-apartmaji-zadar-hrvaska\/","title":{"rendered":"Po\u010ditni\u0161ki apartmaji Zadar Hrva\u0161ka"},"content":{"rendered":"<h1 style=\"color: #1060f0;\"><em> Po\u010ditni\u0161ki apartmaji Zadar Hrva\u0161ka <\/em><\/h1>\n<p style=\"line-height: 22px;\">\n<strong>Po\u010ditnice <a href=\"https:\/\/zadarapartments.com\/sl\/\"><span style=\"color: #505050;\">Zadar Apartmaji<\/span><\/a>, Hrva\u0161ka<\/strong>, od luksuznih po\u010ditni\u0161kih hi\u0161 do nizkocenovnih studiev, ki se nahajajo v sredi\u0161\u010du mesta ali na morju in pla\u017ei, zasebni po\u010ditni\u0161ki najemi z bazenom in pogledom na morje, samooskrba, prijazni do hi\u0161nih ljubljen\u010dkov in \u0161e ve\u010d. Najem apartmaja v Zadru z 1 spalnico, 2 spalnicama, 3 spalnicami ali studio apartmajem.  \n<\/p>\n<p style=\"line-height: 22px;\">\nPo\u010ditni\u0161ki apartmaji v Zadru na Hrva\u0161kem so namenjeni temu, da sebi, svoji dru\u017eini in prijateljem privo\u0161\u010dite popolno in nepozabno izku\u0161njo. Va\u0161 po\u010ditni\u0161ki dom za raziskovanje zadrskih znamenitosti, dejavnosti in zabave.\n<\/p>\n<p style=\"line-height: 22px; margin-bottom: 30px;\">\nU\u017eivajte v obisku Zadra v Zadar Holiday Apartments. Gostje bodo imeli nekaj brezpla\u010dnih ugodnosti, kot so WiFi in parkiri\u0161\u010de, terasa za son\u010denje, vrt, bazen, fitnes, masa\u017ena kad, savna, \u017ear, klimatska naprava, pametni ploski televizor, prijazno za hi\u0161ne ljubljen\u010dke in \u0161e ve\u010d zanimivosti, ali pa u\u017eivajte <a href=\"https:\/\/villascroatia.com\/villas-zadar-croatia\" target=\"_blank\"><span style=\"color: #505050;\" > luksuzna namestitev v Zadru <\/span><\/a> - <strong>Najem pri lastniku - Najbolj\u0161e cene najema!<\/strong>\n<\/p>\n\n\n\n<p><\/p>","protected":false},"excerpt":{"rendered":"Holiday Apartments Zadar Croatia Holiday Zadar Apartments, Croatia, from luxury holiday homes to low cost studios, located in the city &#8230;","protected":false},"author":1,"featured_media":0,"parent":0,"menu_order":0,"comment_status":"closed","ping_status":"closed","template":"property_list_half.php","meta":{"footnotes":""},"class_list":["post-19513","page","type-page","status-publish","hentry"],"yoast_head":"<!-- This site is optimized with the Yoast SEO plugin v27.4 - https:\/\/yoast.com\/product\/yoast-seo-wordpress\/ -->\n<title>Holiday Apartments Zadar Croatia for rent - ZadarApartments.com<\/title>\n<meta name=\"description\" content=\"Holiday Apartments Zadar, Croatia, luxury to low cost, center or beach getaway, private vacation rentals with pool, sea view, 1-3 bedrooms.\" \/>\n<meta name=\"robots\" content=\"index, follow, max-snippet:-1, max-image-preview:large, max-video-preview:-1\" \/>\n<link rel=\"canonical\" href=\"https:\/\/zadarapartments.com\/sl\/pocitniski-apartmaji-zadar-hrvaska\/\" \/>\n<meta property=\"og:locale\" content=\"sl_SI\" \/>\n<meta property=\"og:type\" content=\"article\" \/>\n<meta property=\"og:title\" content=\"Holiday Apartments Zadar Croatia for rent - ZadarApartments.com\" \/>\n<meta property=\"og:description\" content=\"Holiday Apartments Zadar, Croatia, luxury to low cost, center or beach getaway, private vacation rentals with pool, sea view, 1-3 bedrooms.\" \/>\n<meta property=\"og:url\" content=\"https:\/\/zadarapartments.com\/sl\/pocitniski-apartmaji-zadar-hrvaska\/\" \/>\n<meta property=\"og:site_name\" content=\"Holiday Apartments Zadar Croatia, Luxury, Budget, City or Beach\" \/>\n<meta property=\"article:modified_time\" content=\"2025-10-12T21:57:42+00:00\" \/>\n<meta name=\"twitter:card\" content=\"summary_large_image\" \/>\n<meta name=\"twitter:label1\" content=\"Est. reading time\" \/>\n\t<meta name=\"twitter:data1\" content=\"1 minuta\" \/>\n<script type=\"application\/ld+json\" class=\"yoast-schema-graph\">{\"@context\":\"https:\\\/\\\/schema.org\",\"@graph\":[{\"@type\":\"WebPage\",\"@id\":\"https:\\\/\\\/zadarapartments.com\\\/holiday-apartments-zadar-croatia\\\/\",\"url\":\"https:\\\/\\\/zadarapartments.com\\\/holiday-apartments-zadar-croatia\\\/\",\"name\":\"Holiday Apartments Zadar Croatia for rent - ZadarApartments.com\",\"isPartOf\":{\"@id\":\"https:\\\/\\\/zadarapartments.com\\\/#website\"},\"datePublished\":\"2020-04-26T22:23:46+00:00\",\"dateModified\":\"2025-10-12T21:57:42+00:00\",\"description\":\"Holiday Apartments Zadar, Croatia, luxury to low cost, center or beach getaway, private vacation rentals with pool, sea view, 1-3 bedrooms.\",\"breadcrumb\":{\"@id\":\"https:\\\/\\\/zadarapartments.com\\\/holiday-apartments-zadar-croatia\\\/#breadcrumb\"},\"inLanguage\":\"sl-SI\",\"potentialAction\":[{\"@type\":\"ReadAction\",\"target\":[\"https:\\\/\\\/zadarapartments.com\\\/holiday-apartments-zadar-croatia\\\/\"]}]},{\"@type\":\"BreadcrumbList\",\"@id\":\"https:\\\/\\\/zadarapartments.com\\\/holiday-apartments-zadar-croatia\\\/#breadcrumb\",\"itemListElement\":[{\"@type\":\"ListItem\",\"position\":1,\"name\":\"Home\",\"item\":\"https:\\\/\\\/zadarapartments.com\\\/\"},{\"@type\":\"ListItem\",\"position\":2,\"name\":\"Holiday Apartments Zadar Croatia\"}]},{\"@type\":\"WebSite\",\"@id\":\"https:\\\/\\\/zadarapartments.com\\\/#website\",\"url\":\"https:\\\/\\\/zadarapartments.com\\\/\",\"name\":\"Holiday Apartments Zadar, Croatia, Luxury, Budget, City or Beach\",\"description\":\"Rent Holiday Apartment in Zadar, Croatia, Luxury, Cheap, City, Beach Vacation Rentals by Owner\",\"publisher\":{\"@id\":\"https:\\\/\\\/zadarapartments.com\\\/#organization\"},\"potentialAction\":[{\"@type\":\"SearchAction\",\"target\":{\"@type\":\"EntryPoint\",\"urlTemplate\":\"https:\\\/\\\/zadarapartments.com\\\/?s={search_term_string}\"},\"query-input\":{\"@type\":\"PropertyValueSpecification\",\"valueRequired\":true,\"valueName\":\"search_term_string\"}}],\"inLanguage\":\"sl-SI\"},{\"@type\":\"Organization\",\"@id\":\"https:\\\/\\\/zadarapartments.com\\\/#organization\",\"name\":\"ZadarApartments.com\",\"url\":\"https:\\\/\\\/zadarapartments.com\\\/\",\"logo\":{\"@type\":\"ImageObject\",\"inLanguage\":\"sl-SI\",\"@id\":\"https:\\\/\\\/zadarapartments.com\\\/#\\\/schema\\\/logo\\\/image\\\/\",\"url\":\"https:\\\/\\\/zadarapartments.com\\\/wp-content\\\/uploads\\\/2018\\\/09\\\/logo-new.png\",\"contentUrl\":\"https:\\\/\\\/zadarapartments.com\\\/wp-content\\\/uploads\\\/2018\\\/09\\\/logo-new.png\",\"width\":300,\"height\":38,\"caption\":\"ZadarApartments.com\"},\"image\":{\"@id\":\"https:\\\/\\\/zadarapartments.com\\\/#\\\/schema\\\/logo\\\/image\\\/\"}}]}<\/script>\n<!-- \/ Yoast SEO plugin. -->","yoast_head_json":{"title":"Apartmaji Zadar Hrva\u0161ka za najem - ZadarApartments.com","description":"Po\u010ditni\u0161ki apartmaji Zadar, Hrva\u0161ka, od luksuznih do nizkocenovnih, center ali pla\u017ea, zasebni po\u010ditni\u0161ki najemi z bazenom, pogled na morje, 1-3 spalnice.","robots":{"index":"index","follow":"follow","max-snippet":"max-snippet:-1","max-image-preview":"max-image-preview:large","max-video-preview":"max-video-preview:-1"},"canonical":"https:\/\/zadarapartments.com\/sl\/pocitniski-apartmaji-zadar-hrvaska\/","og_locale":"sl_SI","og_type":"article","og_title":"Holiday Apartments Zadar Croatia for rent - ZadarApartments.com","og_description":"Holiday Apartments Zadar, Croatia, luxury to low cost, center or beach getaway, private vacation rentals with pool, sea view, 1-3 bedrooms.","og_url":"https:\/\/zadarapartments.com\/sl\/pocitniski-apartmaji-zadar-hrvaska\/","og_site_name":"Holiday Apartments Zadar Croatia, Luxury, Budget, City or Beach","article_modified_time":"2025-10-12T21:57:42+00:00","twitter_card":"summary_large_image","twitter_misc":{"Est. reading time":"1 minuta"},"schema":{"@context":"https:\/\/schema.org","@graph":[{"@type":"WebPage","@id":"https:\/\/zadarapartments.com\/holiday-apartments-zadar-croatia\/","url":"https:\/\/zadarapartments.com\/holiday-apartments-zadar-croatia\/","name":"Apartmaji Zadar Hrva\u0161ka za najem - ZadarApartments.com","isPartOf":{"@id":"https:\/\/zadarapartments.com\/#website"},"datePublished":"2020-04-26T22:23:46+00:00","dateModified":"2025-10-12T21:57:42+00:00","description":"Po\u010ditni\u0161ki apartmaji Zadar, Hrva\u0161ka, od luksuznih do nizkocenovnih, center ali pla\u017ea, zasebni po\u010ditni\u0161ki najemi z bazenom, pogled na morje, 1-3 spalnice.","breadcrumb":{"@id":"https:\/\/zadarapartments.com\/holiday-apartments-zadar-croatia\/#breadcrumb"},"inLanguage":"sl-SI","potentialAction":[{"@type":"ReadAction","target":["https:\/\/zadarapartments.com\/holiday-apartments-zadar-croatia\/"]}]},{"@type":"BreadcrumbList","@id":"https:\/\/zadarapartments.com\/holiday-apartments-zadar-croatia\/#breadcrumb","itemListElement":[{"@type":"ListItem","position":1,"name":"Home","item":"https:\/\/zadarapartments.com\/"},{"@type":"ListItem","position":2,"name":"Holiday Apartments Zadar Croatia"}]},{"@type":"WebSite","@id":"https:\/\/zadarapartments.com\/#website","url":"https:\/\/zadarapartments.com\/","name":"Po\u010ditni\u0161ki apartmaji Zadar, Hrva\u0161ka, luksuzni, cenovno ugodni, v mestu ali na pla\u017ei","description":"Najem po\u010ditni\u0161kega apartmaja v Zadru, Hrva\u0161ka, luksuzni, poceni, mestni, pla\u017eni po\u010ditni\u0161ki najemi od lastnika","publisher":{"@id":"https:\/\/zadarapartments.com\/#organization"},"potentialAction":[{"@type":"SearchAction","target":{"@type":"EntryPoint","urlTemplate":"https:\/\/zadarapartments.com\/?s={search_term_string}"},"query-input":{"@type":"PropertyValueSpecification","valueRequired":true,"valueName":"search_term_string"}}],"inLanguage":"sl-SI"},{"@type":"Organization","@id":"https:\/\/zadarapartments.com\/#organization","name":"ZadarApartments.com","url":"https:\/\/zadarapartments.com\/","logo":{"@type":"ImageObject","inLanguage":"sl-SI","@id":"https:\/\/zadarapartments.com\/#\/schema\/logo\/image\/","url":"https:\/\/zadarapartments.com\/wp-content\/uploads\/2018\/09\/logo-new.png","contentUrl":"https:\/\/zadarapartments.com\/wp-content\/uploads\/2018\/09\/logo-new.png","width":300,"height":38,"caption":"ZadarApartments.com"},"image":{"@id":"https:\/\/zadarapartments.com\/#\/schema\/logo\/image\/"}}]}},"_links":{"self":[{"href":"https:\/\/zadarapartments.com\/sl\/wp-json\/wp\/v2\/pages\/19513","targetHints":{"allow":["GET"]}}],"collection":[{"href":"https:\/\/zadarapartments.com\/sl\/wp-json\/wp\/v2\/pages"}],"about":[{"href":"https:\/\/zadarapartments.com\/sl\/wp-json\/wp\/v2\/types\/page"}],"author":[{"embeddable":true,"href":"https:\/\/zadarapartments.com\/sl\/wp-json\/wp\/v2\/users\/1"}],"replies":[{"embeddable":true,"href":"https:\/\/zadarapartments.com\/sl\/wp-json\/wp\/v2\/comments?post=19513"}],"version-history":[{"count":6,"href":"https:\/\/zadarapartments.com\/sl\/wp-json\/wp\/v2\/pages\/19513\/revisions"}],"predecessor-version":[{"id":21115,"href":"https:\/\/zadarapartments.com\/sl\/wp-json\/wp\/v2\/pages\/19513\/revisions\/21115"}],"wp:attachment":[{"href":"https:\/\/zadarapartments.com\/sl\/wp-json\/wp\/v2\/media?parent=19513"}],"curies":[{"name":"wp","href":"https:\/\/api.w.org\/{rel}","templated":true}]}}