{"id":20920,"date":"2025-08-16T23:58:18","date_gmt":"2025-08-16T21:58:18","guid":{"rendered":"https:\/\/zadarapartments.com\/?page_id=20920"},"modified":"2025-10-14T00:04:26","modified_gmt":"2025-10-13T22:04:26","slug":"apartamentos-um-quarto-zadar-croacia","status":"publish","type":"page","link":"https:\/\/zadarapartments.com\/pt\/apartamentos-um-quarto-zadar-croacia\/","title":{"rendered":"1 quarto Apartamentos em Zadar para alugar"},"content":{"rendered":"<p style=\"line-height: 22px; margin-bottom: 10px; padding: 0 5px;\"> \n<strong>1 quarto <a href=\"https:\/\/zadarapartments.com\/pt\/\"><span style=\"color: #505050;\">Apartamentos em Zadar<\/span><\/a> <\/strong>, Alojamento de luxo em Zadar Cro\u00e1cia, design moderno e espa\u00e7oso, apartamentos privados com um quarto junto \u00e0 praia ou no centro da cidade, alugueres de f\u00e9rias a pre\u00e7os acess\u00edveis para f\u00e9rias em fam\u00edlia perfeitas, reservar alojamento de baixo custo em Zadar Cro\u00e1cia com vista para o mar, perto do mar, cidade velha, Wi-Fi gratuito, ar condicionado, estacionamento, animais de estima\u00e7\u00e3o e mais comodidades, alugar os melhores apartamentos de f\u00e9rias com um quarto em Zadar Cro\u00e1cia self catering ou desfrutar <a href=\"https:\/\/villascroatia.com\/villas-zadar-croatia\" target=\"_blank\"><span style=\"color: #505050;\" > alojamento de luxo em Zadar <\/span><\/a> - <strong>Aluguer por conta pr\u00f3pria - Melhores pre\u00e7os de aluguer<\/strong>.\n<\/p>\n\n\n<p><\/p>","protected":false},"excerpt":{"rendered":"1 bedroom Zadar Apartments , Croatia luxury accommodation, spacious modern design, private single bedroom apartments by the beach or in &#8230;","protected":false},"author":1,"featured_media":0,"parent":0,"menu_order":0,"comment_status":"closed","ping_status":"closed","template":"property_list.php","meta":{"footnotes":""},"class_list":["post-20920","page","type-page","status-publish","hentry"],"yoast_head":"<!-- This site is optimized with the Yoast SEO plugin v27.4 - https:\/\/yoast.com\/product\/yoast-seo-wordpress\/ -->\n<title>1 Bedroom Zadar Apartments Croatia rent - ZadarApartments.com<\/title>\n<meta name=\"description\" content=\"Holiday 1 bedroom Zadar apartments, Croatia for rent, luxury apartments in city, by beach, private getaway, family low cost - rent by owner.\" \/>\n<meta name=\"robots\" content=\"index, follow, max-snippet:-1, max-image-preview:large, max-video-preview:-1\" \/>\n<link rel=\"canonical\" href=\"https:\/\/zadarapartments.com\/pt\/apartamentos-um-quarto-zadar-croacia\/\" \/>\n<meta property=\"og:locale\" content=\"pt_PT\" \/>\n<meta property=\"og:type\" content=\"article\" \/>\n<meta property=\"og:title\" content=\"1 Bedroom Zadar Apartments Croatia rent - ZadarApartments.com\" \/>\n<meta property=\"og:description\" content=\"Holiday 1 bedroom Zadar apartments, Croatia for rent, luxury apartments in city, by beach, private getaway, family low cost - rent by owner.\" \/>\n<meta property=\"og:url\" content=\"https:\/\/zadarapartments.com\/pt\/apartamentos-um-quarto-zadar-croacia\/\" \/>\n<meta property=\"og:site_name\" content=\"Holiday Apartments Zadar Croatia, Luxury, Budget, City or Beach\" \/>\n<meta property=\"article:modified_time\" content=\"2025-10-13T22:04:26+00:00\" \/>\n<meta name=\"twitter:card\" content=\"summary_large_image\" \/>\n<meta name=\"twitter:label1\" content=\"Tempo estimado de leitura\" \/>\n\t<meta name=\"twitter:data1\" content=\"1 minuto\" \/>\n<script type=\"application\/ld+json\" class=\"yoast-schema-graph\">{\"@context\":\"https:\\\/\\\/schema.org\",\"@graph\":[{\"@type\":\"WebPage\",\"@id\":\"https:\\\/\\\/zadarapartments.com\\\/1-bedroom-apartments-zadar-croatia\\\/\",\"url\":\"https:\\\/\\\/zadarapartments.com\\\/1-bedroom-apartments-zadar-croatia\\\/\",\"name\":\"1 Bedroom Zadar Apartments Croatia rent - ZadarApartments.com\",\"isPartOf\":{\"@id\":\"https:\\\/\\\/zadarapartments.com\\\/#website\"},\"datePublished\":\"2025-08-16T21:58:18+00:00\",\"dateModified\":\"2025-10-13T22:04:26+00:00\",\"description\":\"Holiday 1 bedroom Zadar apartments, Croatia for rent, luxury apartments in city, by beach, private getaway, family low cost - rent by owner.\",\"breadcrumb\":{\"@id\":\"https:\\\/\\\/zadarapartments.com\\\/1-bedroom-apartments-zadar-croatia\\\/#breadcrumb\"},\"inLanguage\":\"pt-PT\",\"potentialAction\":[{\"@type\":\"ReadAction\",\"target\":[\"https:\\\/\\\/zadarapartments.com\\\/1-bedroom-apartments-zadar-croatia\\\/\"]}]},{\"@type\":\"BreadcrumbList\",\"@id\":\"https:\\\/\\\/zadarapartments.com\\\/1-bedroom-apartments-zadar-croatia\\\/#breadcrumb\",\"itemListElement\":[{\"@type\":\"ListItem\",\"position\":1,\"name\":\"Home\",\"item\":\"https:\\\/\\\/zadarapartments.com\\\/\"},{\"@type\":\"ListItem\",\"position\":2,\"name\":\"1 Bedroom Zadar Apartments for rent\"}]},{\"@type\":\"WebSite\",\"@id\":\"https:\\\/\\\/zadarapartments.com\\\/#website\",\"url\":\"https:\\\/\\\/zadarapartments.com\\\/\",\"name\":\"Holiday Apartments Zadar, Croatia, Luxury, Budget, City or Beach\",\"description\":\"Rent Holiday Apartment in Zadar, Croatia, Luxury, Cheap, City, Beach Vacation Rentals by Owner\",\"publisher\":{\"@id\":\"https:\\\/\\\/zadarapartments.com\\\/#organization\"},\"potentialAction\":[{\"@type\":\"SearchAction\",\"target\":{\"@type\":\"EntryPoint\",\"urlTemplate\":\"https:\\\/\\\/zadarapartments.com\\\/?s={search_term_string}\"},\"query-input\":{\"@type\":\"PropertyValueSpecification\",\"valueRequired\":true,\"valueName\":\"search_term_string\"}}],\"inLanguage\":\"pt-PT\"},{\"@type\":\"Organization\",\"@id\":\"https:\\\/\\\/zadarapartments.com\\\/#organization\",\"name\":\"ZadarApartments.com\",\"url\":\"https:\\\/\\\/zadarapartments.com\\\/\",\"logo\":{\"@type\":\"ImageObject\",\"inLanguage\":\"pt-PT\",\"@id\":\"https:\\\/\\\/zadarapartments.com\\\/#\\\/schema\\\/logo\\\/image\\\/\",\"url\":\"https:\\\/\\\/zadarapartments.com\\\/wp-content\\\/uploads\\\/2018\\\/09\\\/logo-new.png\",\"contentUrl\":\"https:\\\/\\\/zadarapartments.com\\\/wp-content\\\/uploads\\\/2018\\\/09\\\/logo-new.png\",\"width\":300,\"height\":38,\"caption\":\"ZadarApartments.com\"},\"image\":{\"@id\":\"https:\\\/\\\/zadarapartments.com\\\/#\\\/schema\\\/logo\\\/image\\\/\"}}]}<\/script>\n<!-- \/ Yoast SEO plugin. -->","yoast_head_json":{"title":"Apartamentos T1 em Zadar Cro\u00e1cia aluguer - ZadarApartments.com","description":"Apartamentos T1 para f\u00e9rias em Zadar, Cro\u00e1cia para alugar, apartamentos de luxo na cidade, na praia, escapadela privada, fam\u00edlia low cost - aluguer pelo propriet\u00e1rio.","robots":{"index":"index","follow":"follow","max-snippet":"max-snippet:-1","max-image-preview":"max-image-preview:large","max-video-preview":"max-video-preview:-1"},"canonical":"https:\/\/zadarapartments.com\/pt\/apartamentos-um-quarto-zadar-croacia\/","og_locale":"pt_PT","og_type":"article","og_title":"1 Bedroom Zadar Apartments Croatia rent - ZadarApartments.com","og_description":"Holiday 1 bedroom Zadar apartments, Croatia for rent, luxury apartments in city, by beach, private getaway, family low cost - rent by owner.","og_url":"https:\/\/zadarapartments.com\/pt\/apartamentos-um-quarto-zadar-croacia\/","og_site_name":"Holiday Apartments Zadar Croatia, Luxury, Budget, City or Beach","article_modified_time":"2025-10-13T22:04:26+00:00","twitter_card":"summary_large_image","twitter_misc":{"Tempo estimado de leitura":"1 minuto"},"schema":{"@context":"https:\/\/schema.org","@graph":[{"@type":"WebPage","@id":"https:\/\/zadarapartments.com\/1-bedroom-apartments-zadar-croatia\/","url":"https:\/\/zadarapartments.com\/1-bedroom-apartments-zadar-croatia\/","name":"Apartamentos T1 em Zadar Cro\u00e1cia aluguer - ZadarApartments.com","isPartOf":{"@id":"https:\/\/zadarapartments.com\/#website"},"datePublished":"2025-08-16T21:58:18+00:00","dateModified":"2025-10-13T22:04:26+00:00","description":"Apartamentos T1 para f\u00e9rias em Zadar, Cro\u00e1cia para alugar, apartamentos de luxo na cidade, na praia, escapadela privada, fam\u00edlia low cost - aluguer pelo propriet\u00e1rio.","breadcrumb":{"@id":"https:\/\/zadarapartments.com\/1-bedroom-apartments-zadar-croatia\/#breadcrumb"},"inLanguage":"pt-PT","potentialAction":[{"@type":"ReadAction","target":["https:\/\/zadarapartments.com\/1-bedroom-apartments-zadar-croatia\/"]}]},{"@type":"BreadcrumbList","@id":"https:\/\/zadarapartments.com\/1-bedroom-apartments-zadar-croatia\/#breadcrumb","itemListElement":[{"@type":"ListItem","position":1,"name":"Home","item":"https:\/\/zadarapartments.com\/"},{"@type":"ListItem","position":2,"name":"1 Bedroom Zadar Apartments for rent"}]},{"@type":"WebSite","@id":"https:\/\/zadarapartments.com\/#website","url":"https:\/\/zadarapartments.com\/","name":"Apartamentos de f\u00e9rias Zadar, Cro\u00e1cia, luxo, econ\u00f3mico, cidade ou praia","description":"Aluguer de apartamentos de f\u00e9rias em Zadar, Cro\u00e1cia, Luxo, Barato, Cidade, Praia Aluguer de f\u00e9rias por conta pr\u00f3pria","publisher":{"@id":"https:\/\/zadarapartments.com\/#organization"},"potentialAction":[{"@type":"SearchAction","target":{"@type":"EntryPoint","urlTemplate":"https:\/\/zadarapartments.com\/?s={search_term_string}"},"query-input":{"@type":"PropertyValueSpecification","valueRequired":true,"valueName":"search_term_string"}}],"inLanguage":"pt-PT"},{"@type":"Organization","@id":"https:\/\/zadarapartments.com\/#organization","name":"ZadarApartments.com","url":"https:\/\/zadarapartments.com\/","logo":{"@type":"ImageObject","inLanguage":"pt-PT","@id":"https:\/\/zadarapartments.com\/#\/schema\/logo\/image\/","url":"https:\/\/zadarapartments.com\/wp-content\/uploads\/2018\/09\/logo-new.png","contentUrl":"https:\/\/zadarapartments.com\/wp-content\/uploads\/2018\/09\/logo-new.png","width":300,"height":38,"caption":"ZadarApartments.com"},"image":{"@id":"https:\/\/zadarapartments.com\/#\/schema\/logo\/image\/"}}]}},"_links":{"self":[{"href":"https:\/\/zadarapartments.com\/pt\/wp-json\/wp\/v2\/pages\/20920","targetHints":{"allow":["GET"]}}],"collection":[{"href":"https:\/\/zadarapartments.com\/pt\/wp-json\/wp\/v2\/pages"}],"about":[{"href":"https:\/\/zadarapartments.com\/pt\/wp-json\/wp\/v2\/types\/page"}],"author":[{"embeddable":true,"href":"https:\/\/zadarapartments.com\/pt\/wp-json\/wp\/v2\/users\/1"}],"replies":[{"embeddable":true,"href":"https:\/\/zadarapartments.com\/pt\/wp-json\/wp\/v2\/comments?post=20920"}],"version-history":[{"count":6,"href":"https:\/\/zadarapartments.com\/pt\/wp-json\/wp\/v2\/pages\/20920\/revisions"}],"predecessor-version":[{"id":21358,"href":"https:\/\/zadarapartments.com\/pt\/wp-json\/wp\/v2\/pages\/20920\/revisions\/21358"}],"wp:attachment":[{"href":"https:\/\/zadarapartments.com\/pt\/wp-json\/wp\/v2\/media?parent=20920"}],"curies":[{"name":"wp","href":"https:\/\/api.w.org\/{rel}","templated":true}]}}