{"id":19529,"date":"2020-04-27T00:58:11","date_gmt":"2020-04-26T22:58:11","guid":{"rendered":"https:\/\/zadarapartments.com\/?page_id=19529"},"modified":"2025-10-13T00:02:59","modified_gmt":"2025-10-12T22:02:59","slug":"apartamentos-cidade-zadar-croacia","status":"publish","type":"page","link":"https:\/\/zadarapartments.com\/pt\/apartamentos-cidade-zadar-croacia\/","title":{"rendered":"Zadar Center Apartments Croatia"},"content":{"rendered":"<h1 style=\"color: #1060f0;\"><em> Apartamentos da cidade Zadar Cro\u00e1cia <\/em><\/h1>\n<p style=\"line-height: 22px;\">\n<strong>Centro da cidade de Holiday <a href=\"https:\/\/zadarapartments.com\/pt\/\"><span style=\"color: #505050;\">Apartamentos em Zadar<\/span><\/a>, Cro\u00e1cia<\/strong>, As casas de f\u00e9rias no centro da cidade est\u00e3o situadas no cora\u00e7\u00e3o da cidade e da zona antiga, o que \u00e9 conveniente para os turistas acederem \u00e0s principais atrac\u00e7\u00f5es, locais culturais e locais de entretenimento no centro da cidade. Os alugueres para f\u00e9rias no centro da cidade incluem alojamento de luxo e de baixo custo a uma curta dist\u00e2ncia a p\u00e9 de restaurantes, bares, lojas, atrac\u00e7\u00f5es e actividades.\n<\/p>\n<p style=\"line-height: 22px;\">\nOs apartamentos do City Zadar Center Apartments, na Cro\u00e1cia, t\u00eam como objetivo proporcionar a si, \u00e0 sua fam\u00edlia e aos seus amigos uma experi\u00eancia perfeita e inesquec\u00edvel. Base c\u00f3moda e confort\u00e1vel para explorar a cidade, sem perder tempo no tr\u00e2nsito.\n<\/p>\n<p style=\"line-height: 22px; margin-bottom: 30px;\">\nDesfrute da sua visita em Zadar City Apartments. Os h\u00f3spedes ter\u00e3o algumas das vantagens gratuitas, tais como Wi-Fi e estacionamento, terra\u00e7o para banhos de sol, jardim, fitness, banheira de hidromassagem, sauna, churrasco, ar condicionado, televis\u00e3o de ecr\u00e3 plano inteligente, animais de estima\u00e7\u00e3o e mais destaques, atrac\u00e7\u00f5es locais nas proximidades, desfrutar <a href=\"https:\/\/villascroatia.com\/villas-zadar-croatia\" target=\"_blank\"><span style=\"color: #505050;\" > alojamento de luxo em Zadar <\/span><\/a> - <strong>Alugar ao propriet\u00e1rio - Melhores pre\u00e7os de aluguer!<\/strong>\n<\/p>\n\n\n<p><\/p>","protected":false},"excerpt":{"rendered":"City Apartments Zadar Croatia Holiday City Center Zadar Apartments, Croatia, are in the heart of the city and old town, &#8230;","protected":false},"author":1,"featured_media":0,"parent":0,"menu_order":0,"comment_status":"closed","ping_status":"closed","template":"property_list_half.php","meta":{"footnotes":""},"class_list":["post-19529","page","type-page","status-publish","hentry"],"yoast_head":"<!-- This site is optimized with the Yoast SEO plugin v27.4 - https:\/\/yoast.com\/product\/yoast-seo-wordpress\/ -->\n<title>Zadar Center Apartments Croatia for rent - ZadarApartments.com<\/title>\n<meta name=\"description\" content=\"Holiday City Center Apartments in Zadar, Croatia, old town, convenient to access major attractions, cultural sites, and entertainment.\" \/>\n<meta name=\"robots\" content=\"index, follow, max-snippet:-1, max-image-preview:large, max-video-preview:-1\" \/>\n<link rel=\"canonical\" href=\"https:\/\/zadarapartments.com\/pt\/apartamentos-cidade-zadar-croacia\/\" \/>\n<meta property=\"og:locale\" content=\"pt_PT\" \/>\n<meta property=\"og:type\" content=\"article\" \/>\n<meta property=\"og:title\" content=\"Zadar Center Apartments Croatia for rent - ZadarApartments.com\" \/>\n<meta property=\"og:description\" content=\"Holiday City Center Apartments in Zadar, Croatia, old town, convenient to access major attractions, cultural sites, and entertainment.\" \/>\n<meta property=\"og:url\" content=\"https:\/\/zadarapartments.com\/pt\/apartamentos-cidade-zadar-croacia\/\" \/>\n<meta property=\"og:site_name\" content=\"Holiday Apartments Zadar Croatia, Luxury, Budget, City or Beach\" \/>\n<meta property=\"article:modified_time\" content=\"2025-10-12T22:02:59+00:00\" \/>\n<meta name=\"twitter:card\" content=\"summary_large_image\" \/>\n<meta name=\"twitter:label1\" content=\"Tempo estimado de leitura\" \/>\n\t<meta name=\"twitter:data1\" content=\"1 minuto\" \/>\n<script type=\"application\/ld+json\" class=\"yoast-schema-graph\">{\"@context\":\"https:\\\/\\\/schema.org\",\"@graph\":[{\"@type\":\"WebPage\",\"@id\":\"https:\\\/\\\/zadarapartments.com\\\/city-apartments-zadar-croatia\\\/\",\"url\":\"https:\\\/\\\/zadarapartments.com\\\/city-apartments-zadar-croatia\\\/\",\"name\":\"Zadar Center Apartments Croatia for rent - ZadarApartments.com\",\"isPartOf\":{\"@id\":\"https:\\\/\\\/zadarapartments.com\\\/#website\"},\"datePublished\":\"2020-04-26T22:58:11+00:00\",\"dateModified\":\"2025-10-12T22:02:59+00:00\",\"description\":\"Holiday City Center Apartments in Zadar, Croatia, old town, convenient to access major attractions, cultural sites, and entertainment.\",\"breadcrumb\":{\"@id\":\"https:\\\/\\\/zadarapartments.com\\\/city-apartments-zadar-croatia\\\/#breadcrumb\"},\"inLanguage\":\"pt-PT\",\"potentialAction\":[{\"@type\":\"ReadAction\",\"target\":[\"https:\\\/\\\/zadarapartments.com\\\/city-apartments-zadar-croatia\\\/\"]}]},{\"@type\":\"BreadcrumbList\",\"@id\":\"https:\\\/\\\/zadarapartments.com\\\/city-apartments-zadar-croatia\\\/#breadcrumb\",\"itemListElement\":[{\"@type\":\"ListItem\",\"position\":1,\"name\":\"Home\",\"item\":\"https:\\\/\\\/zadarapartments.com\\\/\"},{\"@type\":\"ListItem\",\"position\":2,\"name\":\"Zadar Center Apartments Croatia\"}]},{\"@type\":\"WebSite\",\"@id\":\"https:\\\/\\\/zadarapartments.com\\\/#website\",\"url\":\"https:\\\/\\\/zadarapartments.com\\\/\",\"name\":\"Holiday Apartments Zadar, Croatia, Luxury, Budget, City or Beach\",\"description\":\"Rent Holiday Apartment in Zadar, Croatia, Luxury, Cheap, City, Beach Vacation Rentals by Owner\",\"publisher\":{\"@id\":\"https:\\\/\\\/zadarapartments.com\\\/#organization\"},\"potentialAction\":[{\"@type\":\"SearchAction\",\"target\":{\"@type\":\"EntryPoint\",\"urlTemplate\":\"https:\\\/\\\/zadarapartments.com\\\/?s={search_term_string}\"},\"query-input\":{\"@type\":\"PropertyValueSpecification\",\"valueRequired\":true,\"valueName\":\"search_term_string\"}}],\"inLanguage\":\"pt-PT\"},{\"@type\":\"Organization\",\"@id\":\"https:\\\/\\\/zadarapartments.com\\\/#organization\",\"name\":\"ZadarApartments.com\",\"url\":\"https:\\\/\\\/zadarapartments.com\\\/\",\"logo\":{\"@type\":\"ImageObject\",\"inLanguage\":\"pt-PT\",\"@id\":\"https:\\\/\\\/zadarapartments.com\\\/#\\\/schema\\\/logo\\\/image\\\/\",\"url\":\"https:\\\/\\\/zadarapartments.com\\\/wp-content\\\/uploads\\\/2018\\\/09\\\/logo-new.png\",\"contentUrl\":\"https:\\\/\\\/zadarapartments.com\\\/wp-content\\\/uploads\\\/2018\\\/09\\\/logo-new.png\",\"width\":300,\"height\":38,\"caption\":\"ZadarApartments.com\"},\"image\":{\"@id\":\"https:\\\/\\\/zadarapartments.com\\\/#\\\/schema\\\/logo\\\/image\\\/\"}}]}<\/script>\n<!-- \/ Yoast SEO plugin. -->","yoast_head_json":{"title":"Zadar Center Apartamentos Cro\u00e1cia para alugar - ZadarApartments.com","description":"Holiday City Center Apartments em Zadar, Cro\u00e1cia, cidade velha, conveniente para aceder \u00e0s principais atrac\u00e7\u00f5es, locais culturais e de entretenimento.","robots":{"index":"index","follow":"follow","max-snippet":"max-snippet:-1","max-image-preview":"max-image-preview:large","max-video-preview":"max-video-preview:-1"},"canonical":"https:\/\/zadarapartments.com\/pt\/apartamentos-cidade-zadar-croacia\/","og_locale":"pt_PT","og_type":"article","og_title":"Zadar Center Apartments Croatia for rent - ZadarApartments.com","og_description":"Holiday City Center Apartments in Zadar, Croatia, old town, convenient to access major attractions, cultural sites, and entertainment.","og_url":"https:\/\/zadarapartments.com\/pt\/apartamentos-cidade-zadar-croacia\/","og_site_name":"Holiday Apartments Zadar Croatia, Luxury, Budget, City or Beach","article_modified_time":"2025-10-12T22:02:59+00:00","twitter_card":"summary_large_image","twitter_misc":{"Tempo estimado de leitura":"1 minuto"},"schema":{"@context":"https:\/\/schema.org","@graph":[{"@type":"WebPage","@id":"https:\/\/zadarapartments.com\/city-apartments-zadar-croatia\/","url":"https:\/\/zadarapartments.com\/city-apartments-zadar-croatia\/","name":"Zadar Center Apartamentos Cro\u00e1cia para alugar - ZadarApartments.com","isPartOf":{"@id":"https:\/\/zadarapartments.com\/#website"},"datePublished":"2020-04-26T22:58:11+00:00","dateModified":"2025-10-12T22:02:59+00:00","description":"Holiday City Center Apartments em Zadar, Cro\u00e1cia, cidade velha, conveniente para aceder \u00e0s principais atrac\u00e7\u00f5es, locais culturais e de entretenimento.","breadcrumb":{"@id":"https:\/\/zadarapartments.com\/city-apartments-zadar-croatia\/#breadcrumb"},"inLanguage":"pt-PT","potentialAction":[{"@type":"ReadAction","target":["https:\/\/zadarapartments.com\/city-apartments-zadar-croatia\/"]}]},{"@type":"BreadcrumbList","@id":"https:\/\/zadarapartments.com\/city-apartments-zadar-croatia\/#breadcrumb","itemListElement":[{"@type":"ListItem","position":1,"name":"Home","item":"https:\/\/zadarapartments.com\/"},{"@type":"ListItem","position":2,"name":"Zadar Center Apartments Croatia"}]},{"@type":"WebSite","@id":"https:\/\/zadarapartments.com\/#website","url":"https:\/\/zadarapartments.com\/","name":"Apartamentos de f\u00e9rias Zadar, Cro\u00e1cia, luxo, econ\u00f3mico, cidade ou praia","description":"Aluguer de apartamentos de f\u00e9rias em Zadar, Cro\u00e1cia, Luxo, Barato, Cidade, Praia Aluguer de f\u00e9rias por conta pr\u00f3pria","publisher":{"@id":"https:\/\/zadarapartments.com\/#organization"},"potentialAction":[{"@type":"SearchAction","target":{"@type":"EntryPoint","urlTemplate":"https:\/\/zadarapartments.com\/?s={search_term_string}"},"query-input":{"@type":"PropertyValueSpecification","valueRequired":true,"valueName":"search_term_string"}}],"inLanguage":"pt-PT"},{"@type":"Organization","@id":"https:\/\/zadarapartments.com\/#organization","name":"ZadarApartments.com","url":"https:\/\/zadarapartments.com\/","logo":{"@type":"ImageObject","inLanguage":"pt-PT","@id":"https:\/\/zadarapartments.com\/#\/schema\/logo\/image\/","url":"https:\/\/zadarapartments.com\/wp-content\/uploads\/2018\/09\/logo-new.png","contentUrl":"https:\/\/zadarapartments.com\/wp-content\/uploads\/2018\/09\/logo-new.png","width":300,"height":38,"caption":"ZadarApartments.com"},"image":{"@id":"https:\/\/zadarapartments.com\/#\/schema\/logo\/image\/"}}]}},"_links":{"self":[{"href":"https:\/\/zadarapartments.com\/pt\/wp-json\/wp\/v2\/pages\/19529","targetHints":{"allow":["GET"]}}],"collection":[{"href":"https:\/\/zadarapartments.com\/pt\/wp-json\/wp\/v2\/pages"}],"about":[{"href":"https:\/\/zadarapartments.com\/pt\/wp-json\/wp\/v2\/types\/page"}],"author":[{"embeddable":true,"href":"https:\/\/zadarapartments.com\/pt\/wp-json\/wp\/v2\/users\/1"}],"replies":[{"embeddable":true,"href":"https:\/\/zadarapartments.com\/pt\/wp-json\/wp\/v2\/comments?post=19529"}],"version-history":[{"count":4,"href":"https:\/\/zadarapartments.com\/pt\/wp-json\/wp\/v2\/pages\/19529\/revisions"}],"predecessor-version":[{"id":21109,"href":"https:\/\/zadarapartments.com\/pt\/wp-json\/wp\/v2\/pages\/19529\/revisions\/21109"}],"wp:attachment":[{"href":"https:\/\/zadarapartments.com\/pt\/wp-json\/wp\/v2\/media?parent=19529"}],"curies":[{"name":"wp","href":"https:\/\/api.w.org\/{rel}","templated":true}]}}