{"id":1886,"date":"2016-03-13T14:05:29","date_gmt":"2016-03-13T14:05:29","guid":{"rendered":"https:\/\/zadarapartments.com\/?page_id=1886"},"modified":"2025-10-25T02:37:37","modified_gmt":"2025-10-25T00:37:37","slug":"zadar-alugueres-ferias-croacia","status":"publish","type":"page","link":"https:\/\/zadarapartments.com\/pt\/zadar-alugueres-ferias-croacia\/","title":{"rendered":"Zadar Aluguer de f\u00e9rias"},"content":{"rendered":"<div class=\"wpb-content-wrapper\"><div class=\"vc_row wpb_row vc_row-fluid wpestate_row vc_row\"><div class=\"wpb_column vc_column_container vc_col-sm-12 vc_column\"><div class=\"vc_column-inner\"><div class=\"wpb_wrapper\"><h1 style=\"text-align: center\" class=\"vc_custom_heading vc_do_custom_heading vc_custom_heading\" >Zadar Aluguer de f\u00e9rias<\/h1><\/div><\/div><\/div><\/div><div class=\"vc_row wpb_row vc_row-fluid wpestate_row vc_row\"><div class=\"wpb_column vc_column_container vc_col-sm-12 vc_column\"><div class=\"vc_column-inner\"><div class=\"wpb_wrapper\"><div class=\"spacer\" style=\"height:15px;\"><\/div><\/div><\/div><\/div><\/div>\r\n<h2 class=\"vc_custom_heading zdvacationrent vc_custom_heading\"> Zadar Apartamentos de f\u00e9rias<\/h2>\r\n<div class=\"vc_row wpb_row vc_row-fluid wpestate_row vc_row\">\r\n<div class=\"wpb_column vc_column_container vc_col-sm-4 vc_column\"><div class=\"vc_column-inner\"><div class=\"wpb_wrapper\">\r\n<div class=\"places_wrapper\" data-link=\"https:\/\/zadarapartments.com\/pt\/zadar\/manda-apartments\/\"><div class=\"listing-hover-gradient\"><\/div><div class=\"listing-hover\"><\/div><div class=\"places1 featuredplace\" style=\"background-image:url(https:\/\/zadarapartments.com\/wp-content\/uploads\/2025\/04\/luxury-manda-apartments-owner.jpg)\"><\/div><div class=\"category_name\"><a class=\"featured_listing_title\" href=\"https:\/\/zadarapartments.com\/pt\/zadar\/manda-apartments\/\">Apartamentos Manda<\/a><div class=\"category_tagline\"><\/div><\/div><\/div>\n\t<div class=\"wpb_text_column wpb_content_element vc_column_text\" >\n\t\t<div class=\"wpb_wrapper\">\n\t\t\t\n<div>\n<ul class=\"list-unstyled popis\">\n<li><i class=\"fa fa-check checkon\"><\/i> &nbsp; Apartamento de luxo <img decoding=\"async\" src=\"\/wp-content\/uploads\/2016\/09\/guests.png\" style=\"height: 22px; width: 22px; margin: 0 8px 6px 10px;\" title=\"Convidados\"> 2+2 <\/li>\n<li><i class=\"fa fa-check checkon\"><\/i> &nbsp; Apartamento de luxo <img decoding=\"async\" src=\"\/wp-content\/uploads\/2016\/09\/guests.png\" style=\"height: 22px; width: 22px; margin: 0 8px 6px 10px;\" title=\"Convidados\"> 4 <\/li>\n<li><i class=\"fa fa-check checkon\"><\/i> &nbsp; Apartamento de luxo <img decoding=\"async\" src=\"\/wp-content\/uploads\/2016\/09\/guests.png\" style=\"height: 22px; width: 22px; margin: 0 8px 6px 10px;\" title=\"Convidados\"> 4+2 <\/li>\n<\/ul>\n<\/div>\n\n\t\t<\/div>\n\t<\/div>\n<\/div><\/div><\/div>\r\n\r\n<div class=\"wpb_column vc_column_container vc_col-sm-4 vc_column\"><div class=\"vc_column-inner\"><div class=\"wpb_wrapper\">\r\n<div class=\"places_wrapper\" data-link=\"https:\/\/zadarapartments.com\/pt\/zadar\/markov-apartments\/\"><div class=\"listing-hover-gradient\"><\/div><div class=\"listing-hover\"><\/div><div class=\"places1 featuredplace\" style=\"background-image:url(https:\/\/zadarapartments.com\/wp-content\/uploads\/2025\/06\/cozy-apartment-near-beach-zadar-owner.jpg)\"><\/div><div class=\"category_name\"><a class=\"featured_listing_title\" href=\"https:\/\/zadarapartments.com\/pt\/zadar\/markov-apartments\/\">Apartamentos Markov<\/a><div class=\"category_tagline\"><\/div><\/div><\/div>\n\t<div class=\"wpb_text_column wpb_content_element vc_column_text\" >\n\t\t<div class=\"wpb_wrapper\">\n\t\t\t\n<div>\n<ul class=\"list-unstyled popis\">\n<li><i class=\"fa fa-check checkon\"><\/i> &nbsp; Apartamento de praia <img decoding=\"async\" src=\"\/wp-content\/uploads\/2016\/09\/guests.png\" style=\"height: 22px; width: 22px; margin: 0 8px 6px 10px;\" title=\"Convidados\"> 2+1 <\/li>\n<li><i class=\"fa fa-check checkon\"><\/i> &nbsp; Apartamento de praia <img decoding=\"async\" src=\"\/wp-content\/uploads\/2016\/09\/guests.png\" style=\"height: 22px; width: 22px; margin: 0 8px 6px 10px;\" title=\"Convidados\"> 4+2 <\/li>\n<li><i class=\"fa fa-check checkon\"><\/i> &nbsp; Apartamento de praia <img decoding=\"async\" src=\"\/wp-content\/uploads\/2016\/09\/guests.png\" style=\"height: 22px; width: 22px; margin: 0 8px 6px 10px;\" title=\"Convidados\"> 4+2 <\/li>\n<\/ul>\n<\/div>\n\n\t\t<\/div>\n\t<\/div>\n<\/div><\/div><\/div>\r\n\r\n<div class=\"wpb_column vc_column_container vc_col-sm-4 vc_column\"><div class=\"vc_column-inner\"><div class=\"wpb_wrapper\">\r\n\r\n<\/div><\/div><\/div>\r\n\r\n<\/div>\r\n\r\n\r\n\r\n<div class=\"vc_row wpb_row vc_row-fluid wpestate_row vc_row\"><div class=\"wpb_column vc_column_container vc_col-sm-12 vc_column\"><div class=\"vc_column-inner\"><div class=\"wpb_wrapper\"><div class=\"spacer\" style=\"height:25px;\"><\/div><\/div><\/div><\/div><\/div><div class=\"vc_row wpb_row vc_row-fluid wpestate_row vc_row\"><div class=\"wpb_column vc_column_container vc_col-sm-12 vc_column\"><div class=\"vc_column-inner\"><div class=\"wpb_wrapper\"><div class=\"spacer\" style=\"height:40px;\"><\/div><\/div><\/div><\/div><\/div><div class=\"vc_row wpb_row vc_row-fluid wpestate_row vc_row\"><div class=\"wpb_column vc_column_container vc_col-sm-12 vc_column\"><div class=\"vc_column-inner\"><div class=\"wpb_wrapper\"><div class=\"vc_separator wpb_content_element vc_separator_align_center vc_sep_width_60 vc_sep_pos_align_center vc_separator_no_text vc_sep_color_turquoise wpb_content_element  wpb_content_element vc_separator vc_text_separator\" ><span class=\"vc_sep_holder vc_sep_holder_l\"><span class=\"vc_sep_line\"><\/span><\/span><span class=\"vc_sep_holder vc_sep_holder_r\"><span class=\"vc_sep_line\"><\/span><\/span>\n<\/div><\/div><\/div><\/div><\/div><div class=\"vc_row wpb_row vc_row-fluid wpestate_row vc_row\"><div class=\"wpb_column vc_column_container vc_col-sm-12 vc_column\"><div class=\"vc_column-inner\"><div class=\"wpb_wrapper\"><div class=\"spacer\" style=\"height:40px;\"><\/div><\/div><\/div><\/div><\/div><div class=\"vc_row wpb_row vc_row-fluid wpestate_row vc_row\"><div class=\"wpb_column vc_column_container vc_col-sm-12 vc_column\"><div class=\"vc_column-inner\"><div class=\"wpb_wrapper\">\n\t<div class=\"wpb_text_column wpb_content_element vc_column_text\" >\n\t\t<div class=\"wpb_wrapper\">\n\t\t\t<p class=\"owner_page_p\">\n\u00c0 procura de um lugar para ficar para <a href=\"https:\/\/zadarapartments.com\/pt\/\"><span style=\"color: #505050;\">Apartamentos Zadar, Cro\u00e1cia<\/span><\/a>! Reserve casas de f\u00e9rias \u00fanicas hospedadas por habitantes locais em ZadarApartments.com e experimente a cidade como se vivesse l\u00e1. Casas de f\u00e9rias para todos os estilos - encontre a casa de f\u00e9rias certa para si em Zadar! <\/p>\n<p class=\"owner_page_p\">\nAs casas de f\u00e9rias de Zadar s\u00e3o \u00f3ptimas para casais, fam\u00edlias ou grandes grupos. As casas de f\u00e9rias s\u00e3o alojamentos privados, dispon\u00edveis para alugueres de longa ou curta dura\u00e7\u00e3o. As casas de f\u00e9rias listadas est\u00e3o mobiladas e equipadas com cozinha para autosservi\u00e7o, embora o pequeno-almo\u00e7o possa ser oferecido como um complemento. <\/p>\n<p class=\"owner_page_p\">\nCasas de f\u00e9rias com piscinas, fa\u00e7a um mergulho nas piscinas refrescantes dos alugueres de f\u00e9rias em Zadar. Obtenha as comodidades que deseja, banheiras de hidromassagem, piscinas, churrascos - descubra dezenas de excelentes extras que se adaptam \u00e0s suas necessidades. Encontre casas de f\u00e9rias com os seus confortos favoritos para uma escapadela perfeita e de sonho.<\/p>\n<p class=\"owner_page_p\">\nExplore ZadarApartments.com para obter os melhores alugueres de f\u00e9rias em Zadar, poupe dinheiro em casas de f\u00e9rias em Zadar e nas proximidades, op\u00e7\u00f5es de or\u00e7amento dispon\u00edveis. Pet-Friendly Vacation Rentals, site de apartamentos de f\u00e9rias para alugar em Zadar Cro\u00e1cia, familiar, centro da cidade velha, melhores apartamentos de luxo em Zadar - Aluguer pelo propriet\u00e1rio. <\/p>\n\n\t\t<\/div>\n\t<\/div>\n<\/div><\/div><\/div><\/div><\/div>","protected":false},"excerpt":{"rendered":"Zadar Apartamentos de f\u00e9rias","protected":false},"author":1,"featured_media":0,"parent":0,"menu_order":0,"comment_status":"closed","ping_status":"closed","template":"","meta":{"footnotes":""},"class_list":["post-1886","page","type-page","status-publish","hentry"],"yoast_head":"<!-- This site is optimized with the Yoast SEO plugin v27.4 - https:\/\/yoast.com\/product\/yoast-seo-wordpress\/ -->\n<title>Zadar Vacation Rentals Croatia Holidays - ZadarApartments.com<\/title>\n<meta name=\"description\" content=\"Vacation rentals in Zadar, Croatia, best luxury apartments in city center or by the beach with sea view, affordable, private - Rent by owner.\" \/>\n<meta name=\"robots\" content=\"index, follow, max-snippet:-1, max-image-preview:large, max-video-preview:-1\" \/>\n<link rel=\"canonical\" href=\"https:\/\/zadarapartments.com\/pt\/zadar-alugueres-ferias-croacia\/\" \/>\n<meta property=\"og:locale\" content=\"pt_PT\" \/>\n<meta property=\"og:type\" content=\"article\" \/>\n<meta property=\"og:title\" content=\"Zadar Vacation Rentals Croatia Holidays - ZadarApartments.com\" \/>\n<meta property=\"og:description\" content=\"Vacation rentals in Zadar, Croatia, best luxury apartments in city center or by the beach with sea view, affordable, private - Rent by owner.\" \/>\n<meta property=\"og:url\" content=\"https:\/\/zadarapartments.com\/pt\/zadar-alugueres-ferias-croacia\/\" \/>\n<meta property=\"og:site_name\" content=\"Holiday Apartments Zadar Croatia, Luxury, Budget, City or Beach\" \/>\n<meta property=\"article:modified_time\" content=\"2025-10-25T00:37:37+00:00\" \/>\n<meta name=\"twitter:card\" content=\"summary_large_image\" \/>\n<meta name=\"twitter:label1\" content=\"Tempo estimado de leitura\" \/>\n\t<meta name=\"twitter:data1\" content=\"3 minutos\" \/>\n<script type=\"application\/ld+json\" class=\"yoast-schema-graph\">{\"@context\":\"https:\\\/\\\/schema.org\",\"@graph\":[{\"@type\":\"WebPage\",\"@id\":\"https:\\\/\\\/zadarapartments.com\\\/zadar-vacation-rentals-croatia\\\/\",\"url\":\"https:\\\/\\\/zadarapartments.com\\\/zadar-vacation-rentals-croatia\\\/\",\"name\":\"Zadar Vacation Rentals Croatia Holidays - ZadarApartments.com\",\"isPartOf\":{\"@id\":\"https:\\\/\\\/zadarapartments.com\\\/#website\"},\"datePublished\":\"2016-03-13T14:05:29+00:00\",\"dateModified\":\"2025-10-25T00:37:37+00:00\",\"description\":\"Vacation rentals in Zadar, Croatia, best luxury apartments in city center or by the beach with sea view, affordable, private - Rent by owner.\",\"breadcrumb\":{\"@id\":\"https:\\\/\\\/zadarapartments.com\\\/zadar-vacation-rentals-croatia\\\/#breadcrumb\"},\"inLanguage\":\"pt-PT\",\"potentialAction\":[{\"@type\":\"ReadAction\",\"target\":[\"https:\\\/\\\/zadarapartments.com\\\/zadar-vacation-rentals-croatia\\\/\"]}]},{\"@type\":\"BreadcrumbList\",\"@id\":\"https:\\\/\\\/zadarapartments.com\\\/zadar-vacation-rentals-croatia\\\/#breadcrumb\",\"itemListElement\":[{\"@type\":\"ListItem\",\"position\":1,\"name\":\"Home\",\"item\":\"https:\\\/\\\/zadarapartments.com\\\/\"},{\"@type\":\"ListItem\",\"position\":2,\"name\":\"Zadar Vacation Rentals\"}]},{\"@type\":\"WebSite\",\"@id\":\"https:\\\/\\\/zadarapartments.com\\\/#website\",\"url\":\"https:\\\/\\\/zadarapartments.com\\\/\",\"name\":\"Holiday Apartments Zadar, Croatia, Luxury, Budget, City or Beach\",\"description\":\"Rent Holiday Apartment in Zadar, Croatia, Luxury, Cheap, City, Beach Vacation Rentals by Owner\",\"publisher\":{\"@id\":\"https:\\\/\\\/zadarapartments.com\\\/#organization\"},\"potentialAction\":[{\"@type\":\"SearchAction\",\"target\":{\"@type\":\"EntryPoint\",\"urlTemplate\":\"https:\\\/\\\/zadarapartments.com\\\/?s={search_term_string}\"},\"query-input\":{\"@type\":\"PropertyValueSpecification\",\"valueRequired\":true,\"valueName\":\"search_term_string\"}}],\"inLanguage\":\"pt-PT\"},{\"@type\":\"Organization\",\"@id\":\"https:\\\/\\\/zadarapartments.com\\\/#organization\",\"name\":\"ZadarApartments.com\",\"url\":\"https:\\\/\\\/zadarapartments.com\\\/\",\"logo\":{\"@type\":\"ImageObject\",\"inLanguage\":\"pt-PT\",\"@id\":\"https:\\\/\\\/zadarapartments.com\\\/#\\\/schema\\\/logo\\\/image\\\/\",\"url\":\"https:\\\/\\\/zadarapartments.com\\\/wp-content\\\/uploads\\\/2018\\\/09\\\/logo-new.png\",\"contentUrl\":\"https:\\\/\\\/zadarapartments.com\\\/wp-content\\\/uploads\\\/2018\\\/09\\\/logo-new.png\",\"width\":300,\"height\":38,\"caption\":\"ZadarApartments.com\"},\"image\":{\"@id\":\"https:\\\/\\\/zadarapartments.com\\\/#\\\/schema\\\/logo\\\/image\\\/\"}}]}<\/script>\n<!-- \/ Yoast SEO plugin. -->","yoast_head_json":{"title":"Zadar Aluguer de f\u00e9rias Cro\u00e1cia F\u00e9rias - ZadarApartments.com","description":"Aluguer de f\u00e9rias em Zadar, Cro\u00e1cia, os melhores apartamentos de luxo no centro da cidade ou na praia com vista para o mar, a pre\u00e7os acess\u00edveis, privados - Aluguer pelo propriet\u00e1rio.","robots":{"index":"index","follow":"follow","max-snippet":"max-snippet:-1","max-image-preview":"max-image-preview:large","max-video-preview":"max-video-preview:-1"},"canonical":"https:\/\/zadarapartments.com\/pt\/zadar-alugueres-ferias-croacia\/","og_locale":"pt_PT","og_type":"article","og_title":"Zadar Vacation Rentals Croatia Holidays - ZadarApartments.com","og_description":"Vacation rentals in Zadar, Croatia, best luxury apartments in city center or by the beach with sea view, affordable, private - Rent by owner.","og_url":"https:\/\/zadarapartments.com\/pt\/zadar-alugueres-ferias-croacia\/","og_site_name":"Holiday Apartments Zadar Croatia, Luxury, Budget, City or Beach","article_modified_time":"2025-10-25T00:37:37+00:00","twitter_card":"summary_large_image","twitter_misc":{"Tempo estimado de leitura":"3 minutos"},"schema":{"@context":"https:\/\/schema.org","@graph":[{"@type":"WebPage","@id":"https:\/\/zadarapartments.com\/zadar-vacation-rentals-croatia\/","url":"https:\/\/zadarapartments.com\/zadar-vacation-rentals-croatia\/","name":"Zadar Aluguer de f\u00e9rias Cro\u00e1cia F\u00e9rias - ZadarApartments.com","isPartOf":{"@id":"https:\/\/zadarapartments.com\/#website"},"datePublished":"2016-03-13T14:05:29+00:00","dateModified":"2025-10-25T00:37:37+00:00","description":"Aluguer de f\u00e9rias em Zadar, Cro\u00e1cia, os melhores apartamentos de luxo no centro da cidade ou na praia com vista para o mar, a pre\u00e7os acess\u00edveis, privados - Aluguer pelo propriet\u00e1rio.","breadcrumb":{"@id":"https:\/\/zadarapartments.com\/zadar-vacation-rentals-croatia\/#breadcrumb"},"inLanguage":"pt-PT","potentialAction":[{"@type":"ReadAction","target":["https:\/\/zadarapartments.com\/zadar-vacation-rentals-croatia\/"]}]},{"@type":"BreadcrumbList","@id":"https:\/\/zadarapartments.com\/zadar-vacation-rentals-croatia\/#breadcrumb","itemListElement":[{"@type":"ListItem","position":1,"name":"Home","item":"https:\/\/zadarapartments.com\/"},{"@type":"ListItem","position":2,"name":"Zadar Vacation Rentals"}]},{"@type":"WebSite","@id":"https:\/\/zadarapartments.com\/#website","url":"https:\/\/zadarapartments.com\/","name":"Apartamentos de f\u00e9rias Zadar, Cro\u00e1cia, luxo, econ\u00f3mico, cidade ou praia","description":"Aluguer de apartamentos de f\u00e9rias em Zadar, Cro\u00e1cia, Luxo, Barato, Cidade, Praia Aluguer de f\u00e9rias por conta pr\u00f3pria","publisher":{"@id":"https:\/\/zadarapartments.com\/#organization"},"potentialAction":[{"@type":"SearchAction","target":{"@type":"EntryPoint","urlTemplate":"https:\/\/zadarapartments.com\/?s={search_term_string}"},"query-input":{"@type":"PropertyValueSpecification","valueRequired":true,"valueName":"search_term_string"}}],"inLanguage":"pt-PT"},{"@type":"Organization","@id":"https:\/\/zadarapartments.com\/#organization","name":"ZadarApartments.com","url":"https:\/\/zadarapartments.com\/","logo":{"@type":"ImageObject","inLanguage":"pt-PT","@id":"https:\/\/zadarapartments.com\/#\/schema\/logo\/image\/","url":"https:\/\/zadarapartments.com\/wp-content\/uploads\/2018\/09\/logo-new.png","contentUrl":"https:\/\/zadarapartments.com\/wp-content\/uploads\/2018\/09\/logo-new.png","width":300,"height":38,"caption":"ZadarApartments.com"},"image":{"@id":"https:\/\/zadarapartments.com\/#\/schema\/logo\/image\/"}}]}},"_links":{"self":[{"href":"https:\/\/zadarapartments.com\/pt\/wp-json\/wp\/v2\/pages\/1886","targetHints":{"allow":["GET"]}}],"collection":[{"href":"https:\/\/zadarapartments.com\/pt\/wp-json\/wp\/v2\/pages"}],"about":[{"href":"https:\/\/zadarapartments.com\/pt\/wp-json\/wp\/v2\/types\/page"}],"author":[{"embeddable":true,"href":"https:\/\/zadarapartments.com\/pt\/wp-json\/wp\/v2\/users\/1"}],"replies":[{"embeddable":true,"href":"https:\/\/zadarapartments.com\/pt\/wp-json\/wp\/v2\/comments?post=1886"}],"version-history":[{"count":44,"href":"https:\/\/zadarapartments.com\/pt\/wp-json\/wp\/v2\/pages\/1886\/revisions"}],"predecessor-version":[{"id":21310,"href":"https:\/\/zadarapartments.com\/pt\/wp-json\/wp\/v2\/pages\/1886\/revisions\/21310"}],"wp:attachment":[{"href":"https:\/\/zadarapartments.com\/pt\/wp-json\/wp\/v2\/media?parent=1886"}],"curies":[{"name":"wp","href":"https:\/\/api.w.org\/{rel}","templated":true}]}}