{"id":20920,"date":"2025-08-16T23:58:18","date_gmt":"2025-08-16T21:58:18","guid":{"rendered":"https:\/\/zadarapartments.com\/?page_id=20920"},"modified":"2025-10-14T00:04:26","modified_gmt":"2025-10-13T22:04:26","slug":"apartamenty-jedna-sypialnia-zadar-chorwacja","status":"publish","type":"page","link":"https:\/\/zadarapartments.com\/pl\/apartamenty-jedna-sypialnia-zadar-chorwacja\/","title":{"rendered":"Apartamenty Zadar z 1 sypialni\u0105 do wynaj\u0119cia"},"content":{"rendered":"<p style=\"line-height: 22px; margin-bottom: 10px; padding: 0 5px;\"> \n<strong>1 sypialnia <a href=\"https:\/\/zadarapartments.com\/pl\/\"><span style=\"color: #505050;\">Apartamenty Zadar<\/span><\/a> <\/strong>, Luksusowe zakwaterowanie w Chorwacji, przestronny nowoczesny design, prywatne apartamenty z jedn\u0105 sypialni\u0105 przy pla\u017cy lub w centrum miasta, niedrogie wynajem wakacyjny na idealne rodzinne wakacje, zarezerwuj tanie zakwaterowanie w Zadar Chorwacja z widokiem na morze, blisko morza, starego miasta, bezp\u0142atne WiFi, klimatyzacja, parking, przyjazny zwierz\u0119tom i wi\u0119cej udogodnie\u0144, wynajem najlepszych wakacyjnych apartament\u00f3w z jedn\u0105 sypialni\u0105 Zadar Chorwacja z w\u0142asnym wy\u017cywieniem lub ciesz si\u0119 <a href=\"https:\/\/villascroatia.com\/villas-zadar-croatia\" target=\"_blank\"><span style=\"color: #505050;\" > Luksusowe zakwaterowanie w Zadarze <\/span><\/a> - <strong>Wynajem przez w\u0142a\u015bciciela - najlepsze stawki wynajmu<\/strong>.\n<\/p>\n\n\n<p><\/p>","protected":false},"excerpt":{"rendered":"1 bedroom Zadar Apartments , Croatia luxury accommodation, spacious modern design, private single bedroom apartments by the beach or in &#8230;","protected":false},"author":1,"featured_media":0,"parent":0,"menu_order":0,"comment_status":"closed","ping_status":"closed","template":"property_list.php","meta":{"footnotes":""},"class_list":["post-20920","page","type-page","status-publish","hentry"],"yoast_head":"<!-- This site is optimized with the Yoast SEO plugin v27.4 - https:\/\/yoast.com\/product\/yoast-seo-wordpress\/ -->\n<title>1 Bedroom Zadar Apartments Croatia rent - ZadarApartments.com<\/title>\n<meta name=\"description\" content=\"Holiday 1 bedroom Zadar apartments, Croatia for rent, luxury apartments in city, by beach, private getaway, family low cost - rent by owner.\" \/>\n<meta name=\"robots\" content=\"index, follow, max-snippet:-1, max-image-preview:large, max-video-preview:-1\" \/>\n<link rel=\"canonical\" href=\"https:\/\/zadarapartments.com\/pl\/apartamenty-jedna-sypialnia-zadar-chorwacja\/\" \/>\n<meta property=\"og:locale\" content=\"pl_PL\" \/>\n<meta property=\"og:type\" content=\"article\" \/>\n<meta property=\"og:title\" content=\"1 Bedroom Zadar Apartments Croatia rent - ZadarApartments.com\" \/>\n<meta property=\"og:description\" content=\"Holiday 1 bedroom Zadar apartments, Croatia for rent, luxury apartments in city, by beach, private getaway, family low cost - rent by owner.\" \/>\n<meta property=\"og:url\" content=\"https:\/\/zadarapartments.com\/pl\/apartamenty-jedna-sypialnia-zadar-chorwacja\/\" \/>\n<meta property=\"og:site_name\" content=\"Holiday Apartments Zadar Croatia, Luxury, Budget, City or Beach\" \/>\n<meta property=\"article:modified_time\" content=\"2025-10-13T22:04:26+00:00\" \/>\n<meta name=\"twitter:card\" content=\"summary_large_image\" \/>\n<meta name=\"twitter:label1\" content=\"Szacowany czas czytania\" \/>\n\t<meta name=\"twitter:data1\" content=\"1 minuta\" \/>\n<script type=\"application\/ld+json\" class=\"yoast-schema-graph\">{\"@context\":\"https:\\\/\\\/schema.org\",\"@graph\":[{\"@type\":\"WebPage\",\"@id\":\"https:\\\/\\\/zadarapartments.com\\\/1-bedroom-apartments-zadar-croatia\\\/\",\"url\":\"https:\\\/\\\/zadarapartments.com\\\/1-bedroom-apartments-zadar-croatia\\\/\",\"name\":\"1 Bedroom Zadar Apartments Croatia rent - ZadarApartments.com\",\"isPartOf\":{\"@id\":\"https:\\\/\\\/zadarapartments.com\\\/#website\"},\"datePublished\":\"2025-08-16T21:58:18+00:00\",\"dateModified\":\"2025-10-13T22:04:26+00:00\",\"description\":\"Holiday 1 bedroom Zadar apartments, Croatia for rent, luxury apartments in city, by beach, private getaway, family low cost - rent by owner.\",\"breadcrumb\":{\"@id\":\"https:\\\/\\\/zadarapartments.com\\\/1-bedroom-apartments-zadar-croatia\\\/#breadcrumb\"},\"inLanguage\":\"pl-PL\",\"potentialAction\":[{\"@type\":\"ReadAction\",\"target\":[\"https:\\\/\\\/zadarapartments.com\\\/1-bedroom-apartments-zadar-croatia\\\/\"]}]},{\"@type\":\"BreadcrumbList\",\"@id\":\"https:\\\/\\\/zadarapartments.com\\\/1-bedroom-apartments-zadar-croatia\\\/#breadcrumb\",\"itemListElement\":[{\"@type\":\"ListItem\",\"position\":1,\"name\":\"Home\",\"item\":\"https:\\\/\\\/zadarapartments.com\\\/\"},{\"@type\":\"ListItem\",\"position\":2,\"name\":\"1 Bedroom Zadar Apartments for rent\"}]},{\"@type\":\"WebSite\",\"@id\":\"https:\\\/\\\/zadarapartments.com\\\/#website\",\"url\":\"https:\\\/\\\/zadarapartments.com\\\/\",\"name\":\"Holiday Apartments Zadar, Croatia, Luxury, Budget, City or Beach\",\"description\":\"Rent Holiday Apartment in Zadar, Croatia, Luxury, Cheap, City, Beach Vacation Rentals by Owner\",\"publisher\":{\"@id\":\"https:\\\/\\\/zadarapartments.com\\\/#organization\"},\"potentialAction\":[{\"@type\":\"SearchAction\",\"target\":{\"@type\":\"EntryPoint\",\"urlTemplate\":\"https:\\\/\\\/zadarapartments.com\\\/?s={search_term_string}\"},\"query-input\":{\"@type\":\"PropertyValueSpecification\",\"valueRequired\":true,\"valueName\":\"search_term_string\"}}],\"inLanguage\":\"pl-PL\"},{\"@type\":\"Organization\",\"@id\":\"https:\\\/\\\/zadarapartments.com\\\/#organization\",\"name\":\"ZadarApartments.com\",\"url\":\"https:\\\/\\\/zadarapartments.com\\\/\",\"logo\":{\"@type\":\"ImageObject\",\"inLanguage\":\"pl-PL\",\"@id\":\"https:\\\/\\\/zadarapartments.com\\\/#\\\/schema\\\/logo\\\/image\\\/\",\"url\":\"https:\\\/\\\/zadarapartments.com\\\/wp-content\\\/uploads\\\/2018\\\/09\\\/logo-new.png\",\"contentUrl\":\"https:\\\/\\\/zadarapartments.com\\\/wp-content\\\/uploads\\\/2018\\\/09\\\/logo-new.png\",\"width\":300,\"height\":38,\"caption\":\"ZadarApartments.com\"},\"image\":{\"@id\":\"https:\\\/\\\/zadarapartments.com\\\/#\\\/schema\\\/logo\\\/image\\\/\"}}]}<\/script>\n<!-- \/ Yoast SEO plugin. -->","yoast_head_json":{"title":"1 Sypialnia Zadar Apartamenty Chorwacja wynajem - ZadarApartments.com","description":"Wakacyjne apartamenty Zadar z 1 sypialni\u0105, Chorwacja do wynaj\u0119cia, luksusowe apartamenty w mie\u015bcie, przy pla\u017cy, prywatny wypad, rodzina tanio - wynajem przez w\u0142a\u015bciciela.","robots":{"index":"index","follow":"follow","max-snippet":"max-snippet:-1","max-image-preview":"max-image-preview:large","max-video-preview":"max-video-preview:-1"},"canonical":"https:\/\/zadarapartments.com\/pl\/apartamenty-jedna-sypialnia-zadar-chorwacja\/","og_locale":"pl_PL","og_type":"article","og_title":"1 Bedroom Zadar Apartments Croatia rent - ZadarApartments.com","og_description":"Holiday 1 bedroom Zadar apartments, Croatia for rent, luxury apartments in city, by beach, private getaway, family low cost - rent by owner.","og_url":"https:\/\/zadarapartments.com\/pl\/apartamenty-jedna-sypialnia-zadar-chorwacja\/","og_site_name":"Holiday Apartments Zadar Croatia, Luxury, Budget, City or Beach","article_modified_time":"2025-10-13T22:04:26+00:00","twitter_card":"summary_large_image","twitter_misc":{"Szacowany czas czytania":"1 minuta"},"schema":{"@context":"https:\/\/schema.org","@graph":[{"@type":"WebPage","@id":"https:\/\/zadarapartments.com\/1-bedroom-apartments-zadar-croatia\/","url":"https:\/\/zadarapartments.com\/1-bedroom-apartments-zadar-croatia\/","name":"1 Sypialnia Zadar Apartamenty Chorwacja wynajem - ZadarApartments.com","isPartOf":{"@id":"https:\/\/zadarapartments.com\/#website"},"datePublished":"2025-08-16T21:58:18+00:00","dateModified":"2025-10-13T22:04:26+00:00","description":"Wakacyjne apartamenty Zadar z 1 sypialni\u0105, Chorwacja do wynaj\u0119cia, luksusowe apartamenty w mie\u015bcie, przy pla\u017cy, prywatny wypad, rodzina tanio - wynajem przez w\u0142a\u015bciciela.","breadcrumb":{"@id":"https:\/\/zadarapartments.com\/1-bedroom-apartments-zadar-croatia\/#breadcrumb"},"inLanguage":"pl-PL","potentialAction":[{"@type":"ReadAction","target":["https:\/\/zadarapartments.com\/1-bedroom-apartments-zadar-croatia\/"]}]},{"@type":"BreadcrumbList","@id":"https:\/\/zadarapartments.com\/1-bedroom-apartments-zadar-croatia\/#breadcrumb","itemListElement":[{"@type":"ListItem","position":1,"name":"Home","item":"https:\/\/zadarapartments.com\/"},{"@type":"ListItem","position":2,"name":"1 Bedroom Zadar Apartments for rent"}]},{"@type":"WebSite","@id":"https:\/\/zadarapartments.com\/#website","url":"https:\/\/zadarapartments.com\/","name":"Apartamenty Zadar, Chorwacja, luksusowe, niedrogie, w mie\u015bcie lub na pla\u017cy","description":"Wynajem apartament\u00f3w wakacyjnych w Zadar, Chorwacja, Luksusowe, Tanie, Miasto, Pla\u017ca Wynajem wakacyjny przez w\u0142a\u015bciciela","publisher":{"@id":"https:\/\/zadarapartments.com\/#organization"},"potentialAction":[{"@type":"SearchAction","target":{"@type":"EntryPoint","urlTemplate":"https:\/\/zadarapartments.com\/?s={search_term_string}"},"query-input":{"@type":"PropertyValueSpecification","valueRequired":true,"valueName":"search_term_string"}}],"inLanguage":"pl-PL"},{"@type":"Organization","@id":"https:\/\/zadarapartments.com\/#organization","name":"ZadarApartments.com","url":"https:\/\/zadarapartments.com\/","logo":{"@type":"ImageObject","inLanguage":"pl-PL","@id":"https:\/\/zadarapartments.com\/#\/schema\/logo\/image\/","url":"https:\/\/zadarapartments.com\/wp-content\/uploads\/2018\/09\/logo-new.png","contentUrl":"https:\/\/zadarapartments.com\/wp-content\/uploads\/2018\/09\/logo-new.png","width":300,"height":38,"caption":"ZadarApartments.com"},"image":{"@id":"https:\/\/zadarapartments.com\/#\/schema\/logo\/image\/"}}]}},"_links":{"self":[{"href":"https:\/\/zadarapartments.com\/pl\/wp-json\/wp\/v2\/pages\/20920","targetHints":{"allow":["GET"]}}],"collection":[{"href":"https:\/\/zadarapartments.com\/pl\/wp-json\/wp\/v2\/pages"}],"about":[{"href":"https:\/\/zadarapartments.com\/pl\/wp-json\/wp\/v2\/types\/page"}],"author":[{"embeddable":true,"href":"https:\/\/zadarapartments.com\/pl\/wp-json\/wp\/v2\/users\/1"}],"replies":[{"embeddable":true,"href":"https:\/\/zadarapartments.com\/pl\/wp-json\/wp\/v2\/comments?post=20920"}],"version-history":[{"count":6,"href":"https:\/\/zadarapartments.com\/pl\/wp-json\/wp\/v2\/pages\/20920\/revisions"}],"predecessor-version":[{"id":21358,"href":"https:\/\/zadarapartments.com\/pl\/wp-json\/wp\/v2\/pages\/20920\/revisions\/21358"}],"wp:attachment":[{"href":"https:\/\/zadarapartments.com\/pl\/wp-json\/wp\/v2\/media?parent=20920"}],"curies":[{"name":"wp","href":"https:\/\/api.w.org\/{rel}","templated":true}]}}