{"id":19539,"date":"2020-04-27T01:10:34","date_gmt":"2020-04-26T23:10:34","guid":{"rendered":"https:\/\/zadarapartments.com\/?page_id=19539"},"modified":"2025-10-14T00:09:25","modified_gmt":"2025-10-13T22:09:25","slug":"apartamenty-zadar-chorwacja-wynajem-wakacyjny","status":"publish","type":"page","link":"https:\/\/zadarapartments.com\/pl\/apartamenty-zadar-chorwacja-wynajem-wakacyjny\/","title":{"rendered":"Apartamenty Zadar Chorwacja"},"content":{"rendered":"<p style=\"line-height: 22px; margin-bottom: 10px; padding: 0 5px;\">\n<strong><a href=\"https:\/\/zadarapartments.com\/pl\/\"><span style=\"color: #505050;\"> Apartamenty Zadar <\/span><\/a> Chorwacja<\/strong>, Luksusowe apartamenty z basenem i widokiem na morze, przestronny nowoczesny design, zarezerwuj prywatne domy wakacyjne nad morzem i pla\u017c\u0105, niedrogie tanie wynajem wakacyjny w centrum miasta przy atrakcjach i zaj\u0119ciach idealnych na niezapomniane wakacje w Zadarze z rodzin\u0105 i przyjaci\u00f3\u0142mi, bezp\u0142atne WiFi i parking, zwierz\u0119ta domowe dozwolone, najlepsze apartamenty wakacyjne do wynaj\u0119cia w Zadarze Chorwacja, studia, jedna-dwie-trzy lub cztery sypialnie kwatery prywatne. lub <a href=\"https:\/\/villascroatia.com\/villas-zadar-croatia\" target=\"_blank\"><span style=\"color: #505050;\" > Luksusowe zakwaterowanie w Zadarze <\/span><\/a> - <strong>Wynajem przez w\u0142a\u015bciciela - najlepsze stawki wynajmu<\/strong>.\n<\/p>\n\n\n<p><\/p>","protected":false},"excerpt":{"rendered":"Apartments Zadar Croatia, luxury apartments with pool and sea view, spacious modern design, book private holiday homes by the sea &#8230;","protected":false},"author":1,"featured_media":0,"parent":0,"menu_order":0,"comment_status":"closed","ping_status":"closed","template":"property_list.php","meta":{"footnotes":""},"class_list":["post-19539","page","type-page","status-publish","hentry"],"yoast_head":"<!-- This site is optimized with the Yoast SEO plugin v27.4 - https:\/\/yoast.com\/product\/yoast-seo-wordpress\/ -->\n<title>Apartments Zadar Croatia Holiday Rentals - ZadarApartments.com<\/title>\n<meta name=\"description\" content=\"Apartments in Zadar Croatia, luxury apartments with pool, private beach holiday homes for great holiday in Zadar, Rent by owner \u2013 Best rates.\" \/>\n<meta name=\"robots\" content=\"index, follow, max-snippet:-1, max-image-preview:large, max-video-preview:-1\" \/>\n<link rel=\"canonical\" href=\"https:\/\/zadarapartments.com\/pl\/apartamenty-zadar-chorwacja-wynajem-wakacyjny\/\" \/>\n<meta property=\"og:locale\" content=\"pl_PL\" \/>\n<meta property=\"og:type\" content=\"article\" \/>\n<meta property=\"og:title\" content=\"Apartments Zadar Croatia Holiday Rentals - ZadarApartments.com\" \/>\n<meta property=\"og:description\" content=\"Apartments in Zadar Croatia, luxury apartments with pool, private beach holiday homes for great holiday in Zadar, Rent by owner \u2013 Best rates.\" \/>\n<meta property=\"og:url\" content=\"https:\/\/zadarapartments.com\/pl\/apartamenty-zadar-chorwacja-wynajem-wakacyjny\/\" \/>\n<meta property=\"og:site_name\" content=\"Holiday Apartments Zadar Croatia, Luxury, Budget, City or Beach\" \/>\n<meta property=\"article:modified_time\" content=\"2025-10-13T22:09:25+00:00\" \/>\n<meta name=\"twitter:card\" content=\"summary_large_image\" \/>\n<meta name=\"twitter:label1\" content=\"Szacowany czas czytania\" \/>\n\t<meta name=\"twitter:data1\" content=\"1 minuta\" \/>\n<script type=\"application\/ld+json\" class=\"yoast-schema-graph\">{\"@context\":\"https:\\\/\\\/schema.org\",\"@graph\":[{\"@type\":\"WebPage\",\"@id\":\"https:\\\/\\\/zadarapartments.com\\\/apartments-zadar-croatia-holiday-rentals\\\/\",\"url\":\"https:\\\/\\\/zadarapartments.com\\\/apartments-zadar-croatia-holiday-rentals\\\/\",\"name\":\"Apartments Zadar Croatia Holiday Rentals - ZadarApartments.com\",\"isPartOf\":{\"@id\":\"https:\\\/\\\/zadarapartments.com\\\/#website\"},\"datePublished\":\"2020-04-26T23:10:34+00:00\",\"dateModified\":\"2025-10-13T22:09:25+00:00\",\"description\":\"Apartments in Zadar Croatia, luxury apartments with pool, private beach holiday homes for great holiday in Zadar, Rent by owner \u2013 Best rates.\",\"breadcrumb\":{\"@id\":\"https:\\\/\\\/zadarapartments.com\\\/apartments-zadar-croatia-holiday-rentals\\\/#breadcrumb\"},\"inLanguage\":\"pl-PL\",\"potentialAction\":[{\"@type\":\"ReadAction\",\"target\":[\"https:\\\/\\\/zadarapartments.com\\\/apartments-zadar-croatia-holiday-rentals\\\/\"]}]},{\"@type\":\"BreadcrumbList\",\"@id\":\"https:\\\/\\\/zadarapartments.com\\\/apartments-zadar-croatia-holiday-rentals\\\/#breadcrumb\",\"itemListElement\":[{\"@type\":\"ListItem\",\"position\":1,\"name\":\"Home\",\"item\":\"https:\\\/\\\/zadarapartments.com\\\/\"},{\"@type\":\"ListItem\",\"position\":2,\"name\":\"Apartments Zadar Croatia\"}]},{\"@type\":\"WebSite\",\"@id\":\"https:\\\/\\\/zadarapartments.com\\\/#website\",\"url\":\"https:\\\/\\\/zadarapartments.com\\\/\",\"name\":\"Holiday Apartments Zadar, Croatia, Luxury, Budget, City or Beach\",\"description\":\"Rent Holiday Apartment in Zadar, Croatia, Luxury, Cheap, City, Beach Vacation Rentals by Owner\",\"publisher\":{\"@id\":\"https:\\\/\\\/zadarapartments.com\\\/#organization\"},\"potentialAction\":[{\"@type\":\"SearchAction\",\"target\":{\"@type\":\"EntryPoint\",\"urlTemplate\":\"https:\\\/\\\/zadarapartments.com\\\/?s={search_term_string}\"},\"query-input\":{\"@type\":\"PropertyValueSpecification\",\"valueRequired\":true,\"valueName\":\"search_term_string\"}}],\"inLanguage\":\"pl-PL\"},{\"@type\":\"Organization\",\"@id\":\"https:\\\/\\\/zadarapartments.com\\\/#organization\",\"name\":\"ZadarApartments.com\",\"url\":\"https:\\\/\\\/zadarapartments.com\\\/\",\"logo\":{\"@type\":\"ImageObject\",\"inLanguage\":\"pl-PL\",\"@id\":\"https:\\\/\\\/zadarapartments.com\\\/#\\\/schema\\\/logo\\\/image\\\/\",\"url\":\"https:\\\/\\\/zadarapartments.com\\\/wp-content\\\/uploads\\\/2018\\\/09\\\/logo-new.png\",\"contentUrl\":\"https:\\\/\\\/zadarapartments.com\\\/wp-content\\\/uploads\\\/2018\\\/09\\\/logo-new.png\",\"width\":300,\"height\":38,\"caption\":\"ZadarApartments.com\"},\"image\":{\"@id\":\"https:\\\/\\\/zadarapartments.com\\\/#\\\/schema\\\/logo\\\/image\\\/\"}}]}<\/script>\n<!-- \/ Yoast SEO plugin. -->","yoast_head_json":{"title":"Apartamenty Zadar Chorwacja Wynajem wakacyjny - ZadarApartments.com","description":"Apartamenty w Zadarze Chorwacja, luksusowe apartamenty z basenem, prywatne domy wakacyjne na pla\u017cy na wspania\u0142e wakacje w Zadarze, Wynajem przez w\u0142a\u015bciciela - Najlepsze ceny.","robots":{"index":"index","follow":"follow","max-snippet":"max-snippet:-1","max-image-preview":"max-image-preview:large","max-video-preview":"max-video-preview:-1"},"canonical":"https:\/\/zadarapartments.com\/pl\/apartamenty-zadar-chorwacja-wynajem-wakacyjny\/","og_locale":"pl_PL","og_type":"article","og_title":"Apartments Zadar Croatia Holiday Rentals - ZadarApartments.com","og_description":"Apartments in Zadar Croatia, luxury apartments with pool, private beach holiday homes for great holiday in Zadar, Rent by owner \u2013 Best rates.","og_url":"https:\/\/zadarapartments.com\/pl\/apartamenty-zadar-chorwacja-wynajem-wakacyjny\/","og_site_name":"Holiday Apartments Zadar Croatia, Luxury, Budget, City or Beach","article_modified_time":"2025-10-13T22:09:25+00:00","twitter_card":"summary_large_image","twitter_misc":{"Szacowany czas czytania":"1 minuta"},"schema":{"@context":"https:\/\/schema.org","@graph":[{"@type":"WebPage","@id":"https:\/\/zadarapartments.com\/apartments-zadar-croatia-holiday-rentals\/","url":"https:\/\/zadarapartments.com\/apartments-zadar-croatia-holiday-rentals\/","name":"Apartamenty Zadar Chorwacja Wynajem wakacyjny - ZadarApartments.com","isPartOf":{"@id":"https:\/\/zadarapartments.com\/#website"},"datePublished":"2020-04-26T23:10:34+00:00","dateModified":"2025-10-13T22:09:25+00:00","description":"Apartamenty w Zadarze Chorwacja, luksusowe apartamenty z basenem, prywatne domy wakacyjne na pla\u017cy na wspania\u0142e wakacje w Zadarze, Wynajem przez w\u0142a\u015bciciela - Najlepsze ceny.","breadcrumb":{"@id":"https:\/\/zadarapartments.com\/apartments-zadar-croatia-holiday-rentals\/#breadcrumb"},"inLanguage":"pl-PL","potentialAction":[{"@type":"ReadAction","target":["https:\/\/zadarapartments.com\/apartments-zadar-croatia-holiday-rentals\/"]}]},{"@type":"BreadcrumbList","@id":"https:\/\/zadarapartments.com\/apartments-zadar-croatia-holiday-rentals\/#breadcrumb","itemListElement":[{"@type":"ListItem","position":1,"name":"Home","item":"https:\/\/zadarapartments.com\/"},{"@type":"ListItem","position":2,"name":"Apartments Zadar Croatia"}]},{"@type":"WebSite","@id":"https:\/\/zadarapartments.com\/#website","url":"https:\/\/zadarapartments.com\/","name":"Apartamenty Zadar, Chorwacja, luksusowe, niedrogie, w mie\u015bcie lub na pla\u017cy","description":"Wynajem apartament\u00f3w wakacyjnych w Zadar, Chorwacja, Luksusowe, Tanie, Miasto, Pla\u017ca Wynajem wakacyjny przez w\u0142a\u015bciciela","publisher":{"@id":"https:\/\/zadarapartments.com\/#organization"},"potentialAction":[{"@type":"SearchAction","target":{"@type":"EntryPoint","urlTemplate":"https:\/\/zadarapartments.com\/?s={search_term_string}"},"query-input":{"@type":"PropertyValueSpecification","valueRequired":true,"valueName":"search_term_string"}}],"inLanguage":"pl-PL"},{"@type":"Organization","@id":"https:\/\/zadarapartments.com\/#organization","name":"ZadarApartments.com","url":"https:\/\/zadarapartments.com\/","logo":{"@type":"ImageObject","inLanguage":"pl-PL","@id":"https:\/\/zadarapartments.com\/#\/schema\/logo\/image\/","url":"https:\/\/zadarapartments.com\/wp-content\/uploads\/2018\/09\/logo-new.png","contentUrl":"https:\/\/zadarapartments.com\/wp-content\/uploads\/2018\/09\/logo-new.png","width":300,"height":38,"caption":"ZadarApartments.com"},"image":{"@id":"https:\/\/zadarapartments.com\/#\/schema\/logo\/image\/"}}]}},"_links":{"self":[{"href":"https:\/\/zadarapartments.com\/pl\/wp-json\/wp\/v2\/pages\/19539","targetHints":{"allow":["GET"]}}],"collection":[{"href":"https:\/\/zadarapartments.com\/pl\/wp-json\/wp\/v2\/pages"}],"about":[{"href":"https:\/\/zadarapartments.com\/pl\/wp-json\/wp\/v2\/types\/page"}],"author":[{"embeddable":true,"href":"https:\/\/zadarapartments.com\/pl\/wp-json\/wp\/v2\/users\/1"}],"replies":[{"embeddable":true,"href":"https:\/\/zadarapartments.com\/pl\/wp-json\/wp\/v2\/comments?post=19539"}],"version-history":[{"count":10,"href":"https:\/\/zadarapartments.com\/pl\/wp-json\/wp\/v2\/pages\/19539\/revisions"}],"predecessor-version":[{"id":21360,"href":"https:\/\/zadarapartments.com\/pl\/wp-json\/wp\/v2\/pages\/19539\/revisions\/21360"}],"wp:attachment":[{"href":"https:\/\/zadarapartments.com\/pl\/wp-json\/wp\/v2\/media?parent=19539"}],"curies":[{"name":"wp","href":"https:\/\/api.w.org\/{rel}","templated":true}]}}