{"id":19534,"date":"2020-04-27T01:02:32","date_gmt":"2020-04-26T23:02:32","guid":{"rendered":"https:\/\/zadarapartments.com\/?page_id=19534"},"modified":"2025-10-13T00:04:28","modified_gmt":"2025-10-12T22:04:28","slug":"plazy-apartamenty-zadar-chorwacja","status":"publish","type":"page","link":"https:\/\/zadarapartments.com\/pl\/plazy-apartamenty-zadar-chorwacja\/","title":{"rendered":"Zadar Beach Apartments Chorwacja"},"content":{"rendered":"<h1 style=\"color: #1060f0;\"><em>Zadar Beach Apartments Chorwacja <\/em><\/h1>\n<p style=\"line-height: 22px;\">\n<strong> Pla\u017ca wakacyjna <a href=\"https:\/\/zadarapartments.com\/pl\/\"><span style=\"color: #505050;\">Apartamenty Zadar<\/span><\/a>, Chorwacja<\/strong>, Nad morzem i przy pla\u017cy w odleg\u0142o\u015bci spaceru, \u0142atwy dost\u0119p do pla\u017cy do p\u0142ywania, opalania si\u0119 lub po prostu cieszenia si\u0119 Adriatykiem. Wynajem wakacji nad morzem z pi\u0119knym widokiem na morze jest idealny na relaksuj\u0105ce letnie wakacje. \n<\/p>\n<p style=\"line-height: 22px;\">\nApartamenty przy pla\u017cy w Zadarze w Chorwacji to spos\u00f3b na zapewnienie sobie, swojej rodzinie i przyjacio\u0142om doskona\u0142ych i niezapomnianych wra\u017ce\u0144 nad morzem. Zakwaterowanie przy pla\u017cy oferuje komfortowy i relaksuj\u0105cy pobyt, jak w domu na wspania\u0142e wakacje przy pla\u017cy. \n<\/p>\n<p style=\"line-height: 22px; margin-bottom: 30px;\">\nApartamenty Zadar Beach to przyjemny pobyt w Zadarze. Go\u015bcie b\u0119d\u0105 mogli korzysta\u0107 z bezp\u0142atnych udogodnie\u0144, takich jak WiFi i parking, taras s\u0142oneczny, ogr\u00f3d, fitness, wanna z hydromasa\u017cem, sauna, grill, klimatyzacja, telewizor z p\u0142askim ekranem, przyjazny zwierz\u0119tom i wiele innych atrakcji. <a href=\"https:\/\/villascroatia.com\/villas-zadar-croatia\" target=\"_blank\"><span style=\"color: #505050;\" > Luksusowe zakwaterowanie w Zadarze <\/span><\/a> - <strong>Wynajem przez w\u0142a\u015bciciela - najlepsze stawki wynajmu!<\/strong>\n<\/p>\n\n\n<p><\/p>","protected":false},"excerpt":{"rendered":"Zadar Beach Apartments Croatia Holiday Beach Zadar Apartments, Croatia, by the sea and by the beach at walking distance, easy &#8230;","protected":false},"author":1,"featured_media":0,"parent":0,"menu_order":0,"comment_status":"closed","ping_status":"closed","template":"property_list_half.php","meta":{"footnotes":""},"class_list":["post-19534","page","type-page","status-publish","hentry"],"yoast_head":"<!-- This site is optimized with the Yoast SEO plugin v27.4 - https:\/\/yoast.com\/product\/yoast-seo-wordpress\/ -->\n<title>Zadar Beach Apartments Croatia for rent - ZadarApartments.com<\/title>\n<meta name=\"description\" content=\"Holiday Beach Zadar Apartments, Croatia, by the sea, by the beach, swimming, water sports, seafront vacation rental with beautiful sea view.\" \/>\n<meta name=\"robots\" content=\"index, follow, max-snippet:-1, max-image-preview:large, max-video-preview:-1\" \/>\n<link rel=\"canonical\" href=\"https:\/\/zadarapartments.com\/pl\/plazy-apartamenty-zadar-chorwacja\/\" \/>\n<meta property=\"og:locale\" content=\"pl_PL\" \/>\n<meta property=\"og:type\" content=\"article\" \/>\n<meta property=\"og:title\" content=\"Zadar Beach Apartments Croatia for rent - ZadarApartments.com\" \/>\n<meta property=\"og:description\" content=\"Holiday Beach Zadar Apartments, Croatia, by the sea, by the beach, swimming, water sports, seafront vacation rental with beautiful sea view.\" \/>\n<meta property=\"og:url\" content=\"https:\/\/zadarapartments.com\/pl\/plazy-apartamenty-zadar-chorwacja\/\" \/>\n<meta property=\"og:site_name\" content=\"Holiday Apartments Zadar Croatia, Luxury, Budget, City or Beach\" \/>\n<meta property=\"article:modified_time\" content=\"2025-10-12T22:04:28+00:00\" \/>\n<meta name=\"twitter:card\" content=\"summary_large_image\" \/>\n<meta name=\"twitter:label1\" content=\"Szacowany czas czytania\" \/>\n\t<meta name=\"twitter:data1\" content=\"1 minuta\" \/>\n<script type=\"application\/ld+json\" class=\"yoast-schema-graph\">{\"@context\":\"https:\\\/\\\/schema.org\",\"@graph\":[{\"@type\":\"WebPage\",\"@id\":\"https:\\\/\\\/zadarapartments.com\\\/beach-apartments-zadar-croatia\\\/\",\"url\":\"https:\\\/\\\/zadarapartments.com\\\/beach-apartments-zadar-croatia\\\/\",\"name\":\"Zadar Beach Apartments Croatia for rent - ZadarApartments.com\",\"isPartOf\":{\"@id\":\"https:\\\/\\\/zadarapartments.com\\\/#website\"},\"datePublished\":\"2020-04-26T23:02:32+00:00\",\"dateModified\":\"2025-10-12T22:04:28+00:00\",\"description\":\"Holiday Beach Zadar Apartments, Croatia, by the sea, by the beach, swimming, water sports, seafront vacation rental with beautiful sea view.\",\"breadcrumb\":{\"@id\":\"https:\\\/\\\/zadarapartments.com\\\/beach-apartments-zadar-croatia\\\/#breadcrumb\"},\"inLanguage\":\"pl-PL\",\"potentialAction\":[{\"@type\":\"ReadAction\",\"target\":[\"https:\\\/\\\/zadarapartments.com\\\/beach-apartments-zadar-croatia\\\/\"]}]},{\"@type\":\"BreadcrumbList\",\"@id\":\"https:\\\/\\\/zadarapartments.com\\\/beach-apartments-zadar-croatia\\\/#breadcrumb\",\"itemListElement\":[{\"@type\":\"ListItem\",\"position\":1,\"name\":\"Home\",\"item\":\"https:\\\/\\\/zadarapartments.com\\\/\"},{\"@type\":\"ListItem\",\"position\":2,\"name\":\"Zadar Beach Apartments Croatia\"}]},{\"@type\":\"WebSite\",\"@id\":\"https:\\\/\\\/zadarapartments.com\\\/#website\",\"url\":\"https:\\\/\\\/zadarapartments.com\\\/\",\"name\":\"Holiday Apartments Zadar, Croatia, Luxury, Budget, City or Beach\",\"description\":\"Rent Holiday Apartment in Zadar, Croatia, Luxury, Cheap, City, Beach Vacation Rentals by Owner\",\"publisher\":{\"@id\":\"https:\\\/\\\/zadarapartments.com\\\/#organization\"},\"potentialAction\":[{\"@type\":\"SearchAction\",\"target\":{\"@type\":\"EntryPoint\",\"urlTemplate\":\"https:\\\/\\\/zadarapartments.com\\\/?s={search_term_string}\"},\"query-input\":{\"@type\":\"PropertyValueSpecification\",\"valueRequired\":true,\"valueName\":\"search_term_string\"}}],\"inLanguage\":\"pl-PL\"},{\"@type\":\"Organization\",\"@id\":\"https:\\\/\\\/zadarapartments.com\\\/#organization\",\"name\":\"ZadarApartments.com\",\"url\":\"https:\\\/\\\/zadarapartments.com\\\/\",\"logo\":{\"@type\":\"ImageObject\",\"inLanguage\":\"pl-PL\",\"@id\":\"https:\\\/\\\/zadarapartments.com\\\/#\\\/schema\\\/logo\\\/image\\\/\",\"url\":\"https:\\\/\\\/zadarapartments.com\\\/wp-content\\\/uploads\\\/2018\\\/09\\\/logo-new.png\",\"contentUrl\":\"https:\\\/\\\/zadarapartments.com\\\/wp-content\\\/uploads\\\/2018\\\/09\\\/logo-new.png\",\"width\":300,\"height\":38,\"caption\":\"ZadarApartments.com\"},\"image\":{\"@id\":\"https:\\\/\\\/zadarapartments.com\\\/#\\\/schema\\\/logo\\\/image\\\/\"}}]}<\/script>\n<!-- \/ Yoast SEO plugin. -->","yoast_head_json":{"title":"Zadar Beach Apartments Chorwacja do wynaj\u0119cia - ZadarApartments.com","description":"Apartamenty Holiday Beach Zadar, Chorwacja, nad morzem, przy pla\u017cy, p\u0142ywanie, sporty wodne, wynajem wakacyjny nad morzem z pi\u0119knym widokiem na morze.","robots":{"index":"index","follow":"follow","max-snippet":"max-snippet:-1","max-image-preview":"max-image-preview:large","max-video-preview":"max-video-preview:-1"},"canonical":"https:\/\/zadarapartments.com\/pl\/plazy-apartamenty-zadar-chorwacja\/","og_locale":"pl_PL","og_type":"article","og_title":"Zadar Beach Apartments Croatia for rent - ZadarApartments.com","og_description":"Holiday Beach Zadar Apartments, Croatia, by the sea, by the beach, swimming, water sports, seafront vacation rental with beautiful sea view.","og_url":"https:\/\/zadarapartments.com\/pl\/plazy-apartamenty-zadar-chorwacja\/","og_site_name":"Holiday Apartments Zadar Croatia, Luxury, Budget, City or Beach","article_modified_time":"2025-10-12T22:04:28+00:00","twitter_card":"summary_large_image","twitter_misc":{"Szacowany czas czytania":"1 minuta"},"schema":{"@context":"https:\/\/schema.org","@graph":[{"@type":"WebPage","@id":"https:\/\/zadarapartments.com\/beach-apartments-zadar-croatia\/","url":"https:\/\/zadarapartments.com\/beach-apartments-zadar-croatia\/","name":"Zadar Beach Apartments Chorwacja do wynaj\u0119cia - ZadarApartments.com","isPartOf":{"@id":"https:\/\/zadarapartments.com\/#website"},"datePublished":"2020-04-26T23:02:32+00:00","dateModified":"2025-10-12T22:04:28+00:00","description":"Apartamenty Holiday Beach Zadar, Chorwacja, nad morzem, przy pla\u017cy, p\u0142ywanie, sporty wodne, wynajem wakacyjny nad morzem z pi\u0119knym widokiem na morze.","breadcrumb":{"@id":"https:\/\/zadarapartments.com\/beach-apartments-zadar-croatia\/#breadcrumb"},"inLanguage":"pl-PL","potentialAction":[{"@type":"ReadAction","target":["https:\/\/zadarapartments.com\/beach-apartments-zadar-croatia\/"]}]},{"@type":"BreadcrumbList","@id":"https:\/\/zadarapartments.com\/beach-apartments-zadar-croatia\/#breadcrumb","itemListElement":[{"@type":"ListItem","position":1,"name":"Home","item":"https:\/\/zadarapartments.com\/"},{"@type":"ListItem","position":2,"name":"Zadar Beach Apartments Croatia"}]},{"@type":"WebSite","@id":"https:\/\/zadarapartments.com\/#website","url":"https:\/\/zadarapartments.com\/","name":"Apartamenty Zadar, Chorwacja, luksusowe, niedrogie, w mie\u015bcie lub na pla\u017cy","description":"Wynajem apartament\u00f3w wakacyjnych w Zadar, Chorwacja, Luksusowe, Tanie, Miasto, Pla\u017ca Wynajem wakacyjny przez w\u0142a\u015bciciela","publisher":{"@id":"https:\/\/zadarapartments.com\/#organization"},"potentialAction":[{"@type":"SearchAction","target":{"@type":"EntryPoint","urlTemplate":"https:\/\/zadarapartments.com\/?s={search_term_string}"},"query-input":{"@type":"PropertyValueSpecification","valueRequired":true,"valueName":"search_term_string"}}],"inLanguage":"pl-PL"},{"@type":"Organization","@id":"https:\/\/zadarapartments.com\/#organization","name":"ZadarApartments.com","url":"https:\/\/zadarapartments.com\/","logo":{"@type":"ImageObject","inLanguage":"pl-PL","@id":"https:\/\/zadarapartments.com\/#\/schema\/logo\/image\/","url":"https:\/\/zadarapartments.com\/wp-content\/uploads\/2018\/09\/logo-new.png","contentUrl":"https:\/\/zadarapartments.com\/wp-content\/uploads\/2018\/09\/logo-new.png","width":300,"height":38,"caption":"ZadarApartments.com"},"image":{"@id":"https:\/\/zadarapartments.com\/#\/schema\/logo\/image\/"}}]}},"_links":{"self":[{"href":"https:\/\/zadarapartments.com\/pl\/wp-json\/wp\/v2\/pages\/19534","targetHints":{"allow":["GET"]}}],"collection":[{"href":"https:\/\/zadarapartments.com\/pl\/wp-json\/wp\/v2\/pages"}],"about":[{"href":"https:\/\/zadarapartments.com\/pl\/wp-json\/wp\/v2\/types\/page"}],"author":[{"embeddable":true,"href":"https:\/\/zadarapartments.com\/pl\/wp-json\/wp\/v2\/users\/1"}],"replies":[{"embeddable":true,"href":"https:\/\/zadarapartments.com\/pl\/wp-json\/wp\/v2\/comments?post=19534"}],"version-history":[{"count":5,"href":"https:\/\/zadarapartments.com\/pl\/wp-json\/wp\/v2\/pages\/19534\/revisions"}],"predecessor-version":[{"id":21107,"href":"https:\/\/zadarapartments.com\/pl\/wp-json\/wp\/v2\/pages\/19534\/revisions\/21107"}],"wp:attachment":[{"href":"https:\/\/zadarapartments.com\/pl\/wp-json\/wp\/v2\/media?parent=19534"}],"curies":[{"name":"wp","href":"https:\/\/api.w.org\/{rel}","templated":true}]}}