{"id":19523,"date":"2020-04-27T00:46:31","date_gmt":"2020-04-26T22:46:31","guid":{"rendered":"https:\/\/zadarapartments.com\/?page_id=19523"},"modified":"2025-10-13T00:06:11","modified_gmt":"2025-10-12T22:06:11","slug":"prywatne-apartamenty-zadar-chorwacja","status":"publish","type":"page","link":"https:\/\/zadarapartments.com\/pl\/prywatne-apartamenty-zadar-chorwacja\/","title":{"rendered":"Apartamenty rodzinne Zadar Chorwacja Prywatny wypad"},"content":{"rendered":"<h1 style=\"color: #1060f0;\"><em> Apartamenty rodzinne Zadar Chorwacja Prywatny wypad <\/em><\/h1>\n<p style=\"line-height: 22px;\">\n<strong>Prywatne wakacje rodzinne <a href=\"https:\/\/zadarapartments.com\/pl\/\"><span style=\"color: #505050;\">Apartamenty Zadar<\/span><\/a>, Chorwacja<\/strong>, oferuje wi\u0119ksz\u0105 prywatno\u015b\u0107, komfort i bardziej osobiste wra\u017cenia, ca\u0142y apartament oferuje wi\u0119cej przestrzeni osobistej i poczucie prywatno\u015bci, dla par, rodzin lub grup, bardziej intymne i ekskluzywne wakacje, spokojne, zaciszne wakacje.\n<\/p>\n<p style=\"line-height: 22px;\">\nPrywatne, przyjazne rodzinie apartamenty w Zadarze w Chorwacji to doskona\u0142e i niezapomniane prze\u017cycie dla Ciebie, Twojej rodziny i przyjaci\u00f3\u0142. Relaksuj\u0105ce i przyjemne wakacje dla go\u015bci szukaj\u0105cych odpoczynku. \n<\/p>\n<p style=\"line-height: 22px; margin-bottom: 30px;\">\nCiesz si\u0119 wizyt\u0105 w butikowych romantycznych wypadach do Zadaru z prywatnymi apartamentami w Zadarze. Go\u015bcie b\u0119d\u0105 mogli korzysta\u0107 z bezp\u0142atnych udogodnie\u0144, takich jak WiFi i parking, taras s\u0142oneczny, ogr\u00f3d, si\u0142ownia, wanna z hydromasa\u017cem, sauna, grill, klimatyzacja, telewizor z p\u0142askim ekranem, przyjazny zwierz\u0119tom i wiele innych. <strong>Wynajem przez w\u0142a\u015bciciela - najlepsze stawki wynajmu!<\/strong>\n<\/p>\n\n\n\n<p><\/p>","protected":false},"excerpt":{"rendered":"Family Apartments Zadar Croatia Private Getaway Private Holiday Family Zadar Apartments, Croatia, offers greater privacy, comfort, and a more personal &#8230;","protected":false},"author":1,"featured_media":0,"parent":0,"menu_order":0,"comment_status":"closed","ping_status":"closed","template":"property_list_half.php","meta":{"footnotes":""},"class_list":["post-19523","page","type-page","status-publish","hentry"],"yoast_head":"<!-- This site is optimized with the Yoast SEO plugin v27.4 - https:\/\/yoast.com\/product\/yoast-seo-wordpress\/ -->\n<title>Family Apartments Zadar Croatia Private - ZadarApartments.com<\/title>\n<meta name=\"description\" content=\"Rent Private Holiday Family Apartments in Zadar, Croatia, romantic getaway secluded vacation rentals, boutique entire apartment for privacy.\" \/>\n<meta name=\"robots\" content=\"index, follow, max-snippet:-1, max-image-preview:large, max-video-preview:-1\" \/>\n<link rel=\"canonical\" href=\"https:\/\/zadarapartments.com\/pl\/prywatne-apartamenty-zadar-chorwacja\/\" \/>\n<meta property=\"og:locale\" content=\"pl_PL\" \/>\n<meta property=\"og:type\" content=\"article\" \/>\n<meta property=\"og:title\" content=\"Family Apartments Zadar Croatia Private - ZadarApartments.com\" \/>\n<meta property=\"og:description\" content=\"Rent Private Holiday Family Apartments in Zadar, Croatia, romantic getaway secluded vacation rentals, boutique entire apartment for privacy.\" \/>\n<meta property=\"og:url\" content=\"https:\/\/zadarapartments.com\/pl\/prywatne-apartamenty-zadar-chorwacja\/\" \/>\n<meta property=\"og:site_name\" content=\"Holiday Apartments Zadar Croatia, Luxury, Budget, City or Beach\" \/>\n<meta property=\"article:modified_time\" content=\"2025-10-12T22:06:11+00:00\" \/>\n<meta name=\"twitter:card\" content=\"summary_large_image\" \/>\n<meta name=\"twitter:label1\" content=\"Szacowany czas czytania\" \/>\n\t<meta name=\"twitter:data1\" content=\"1 minuta\" \/>\n<script type=\"application\/ld+json\" class=\"yoast-schema-graph\">{\"@context\":\"https:\\\/\\\/schema.org\",\"@graph\":[{\"@type\":\"WebPage\",\"@id\":\"https:\\\/\\\/zadarapartments.com\\\/getaway-apartments-zadar-croatia\\\/\",\"url\":\"https:\\\/\\\/zadarapartments.com\\\/getaway-apartments-zadar-croatia\\\/\",\"name\":\"Family Apartments Zadar Croatia Private - ZadarApartments.com\",\"isPartOf\":{\"@id\":\"https:\\\/\\\/zadarapartments.com\\\/#website\"},\"datePublished\":\"2020-04-26T22:46:31+00:00\",\"dateModified\":\"2025-10-12T22:06:11+00:00\",\"description\":\"Rent Private Holiday Family Apartments in Zadar, Croatia, romantic getaway secluded vacation rentals, boutique entire apartment for privacy.\",\"breadcrumb\":{\"@id\":\"https:\\\/\\\/zadarapartments.com\\\/getaway-apartments-zadar-croatia\\\/#breadcrumb\"},\"inLanguage\":\"pl-PL\",\"potentialAction\":[{\"@type\":\"ReadAction\",\"target\":[\"https:\\\/\\\/zadarapartments.com\\\/getaway-apartments-zadar-croatia\\\/\"]}]},{\"@type\":\"BreadcrumbList\",\"@id\":\"https:\\\/\\\/zadarapartments.com\\\/getaway-apartments-zadar-croatia\\\/#breadcrumb\",\"itemListElement\":[{\"@type\":\"ListItem\",\"position\":1,\"name\":\"Home\",\"item\":\"https:\\\/\\\/zadarapartments.com\\\/\"},{\"@type\":\"ListItem\",\"position\":2,\"name\":\"Family Apartments Zadar Croatia Private Getaway\"}]},{\"@type\":\"WebSite\",\"@id\":\"https:\\\/\\\/zadarapartments.com\\\/#website\",\"url\":\"https:\\\/\\\/zadarapartments.com\\\/\",\"name\":\"Holiday Apartments Zadar, Croatia, Luxury, Budget, City or Beach\",\"description\":\"Rent Holiday Apartment in Zadar, Croatia, Luxury, Cheap, City, Beach Vacation Rentals by Owner\",\"publisher\":{\"@id\":\"https:\\\/\\\/zadarapartments.com\\\/#organization\"},\"potentialAction\":[{\"@type\":\"SearchAction\",\"target\":{\"@type\":\"EntryPoint\",\"urlTemplate\":\"https:\\\/\\\/zadarapartments.com\\\/?s={search_term_string}\"},\"query-input\":{\"@type\":\"PropertyValueSpecification\",\"valueRequired\":true,\"valueName\":\"search_term_string\"}}],\"inLanguage\":\"pl-PL\"},{\"@type\":\"Organization\",\"@id\":\"https:\\\/\\\/zadarapartments.com\\\/#organization\",\"name\":\"ZadarApartments.com\",\"url\":\"https:\\\/\\\/zadarapartments.com\\\/\",\"logo\":{\"@type\":\"ImageObject\",\"inLanguage\":\"pl-PL\",\"@id\":\"https:\\\/\\\/zadarapartments.com\\\/#\\\/schema\\\/logo\\\/image\\\/\",\"url\":\"https:\\\/\\\/zadarapartments.com\\\/wp-content\\\/uploads\\\/2018\\\/09\\\/logo-new.png\",\"contentUrl\":\"https:\\\/\\\/zadarapartments.com\\\/wp-content\\\/uploads\\\/2018\\\/09\\\/logo-new.png\",\"width\":300,\"height\":38,\"caption\":\"ZadarApartments.com\"},\"image\":{\"@id\":\"https:\\\/\\\/zadarapartments.com\\\/#\\\/schema\\\/logo\\\/image\\\/\"}}]}<\/script>\n<!-- \/ Yoast SEO plugin. -->","yoast_head_json":{"title":"Apartamenty rodzinne Zadar Chorwacja Prywatne - ZadarApartments.com","description":"Wynajem prywatnych apartament\u00f3w rodzinnych w Zadarze, Chorwacja, romantyczny wypad na odosobnione wakacje, butikowy ca\u0142y apartament dla prywatno\u015bci.","robots":{"index":"index","follow":"follow","max-snippet":"max-snippet:-1","max-image-preview":"max-image-preview:large","max-video-preview":"max-video-preview:-1"},"canonical":"https:\/\/zadarapartments.com\/pl\/prywatne-apartamenty-zadar-chorwacja\/","og_locale":"pl_PL","og_type":"article","og_title":"Family Apartments Zadar Croatia Private - ZadarApartments.com","og_description":"Rent Private Holiday Family Apartments in Zadar, Croatia, romantic getaway secluded vacation rentals, boutique entire apartment for privacy.","og_url":"https:\/\/zadarapartments.com\/pl\/prywatne-apartamenty-zadar-chorwacja\/","og_site_name":"Holiday Apartments Zadar Croatia, Luxury, Budget, City or Beach","article_modified_time":"2025-10-12T22:06:11+00:00","twitter_card":"summary_large_image","twitter_misc":{"Szacowany czas czytania":"1 minuta"},"schema":{"@context":"https:\/\/schema.org","@graph":[{"@type":"WebPage","@id":"https:\/\/zadarapartments.com\/getaway-apartments-zadar-croatia\/","url":"https:\/\/zadarapartments.com\/getaway-apartments-zadar-croatia\/","name":"Apartamenty rodzinne Zadar Chorwacja Prywatne - ZadarApartments.com","isPartOf":{"@id":"https:\/\/zadarapartments.com\/#website"},"datePublished":"2020-04-26T22:46:31+00:00","dateModified":"2025-10-12T22:06:11+00:00","description":"Wynajem prywatnych apartament\u00f3w rodzinnych w Zadarze, Chorwacja, romantyczny wypad na odosobnione wakacje, butikowy ca\u0142y apartament dla prywatno\u015bci.","breadcrumb":{"@id":"https:\/\/zadarapartments.com\/getaway-apartments-zadar-croatia\/#breadcrumb"},"inLanguage":"pl-PL","potentialAction":[{"@type":"ReadAction","target":["https:\/\/zadarapartments.com\/getaway-apartments-zadar-croatia\/"]}]},{"@type":"BreadcrumbList","@id":"https:\/\/zadarapartments.com\/getaway-apartments-zadar-croatia\/#breadcrumb","itemListElement":[{"@type":"ListItem","position":1,"name":"Home","item":"https:\/\/zadarapartments.com\/"},{"@type":"ListItem","position":2,"name":"Family Apartments Zadar Croatia Private Getaway"}]},{"@type":"WebSite","@id":"https:\/\/zadarapartments.com\/#website","url":"https:\/\/zadarapartments.com\/","name":"Apartamenty Zadar, Chorwacja, luksusowe, niedrogie, w mie\u015bcie lub na pla\u017cy","description":"Wynajem apartament\u00f3w wakacyjnych w Zadar, Chorwacja, Luksusowe, Tanie, Miasto, Pla\u017ca Wynajem wakacyjny przez w\u0142a\u015bciciela","publisher":{"@id":"https:\/\/zadarapartments.com\/#organization"},"potentialAction":[{"@type":"SearchAction","target":{"@type":"EntryPoint","urlTemplate":"https:\/\/zadarapartments.com\/?s={search_term_string}"},"query-input":{"@type":"PropertyValueSpecification","valueRequired":true,"valueName":"search_term_string"}}],"inLanguage":"pl-PL"},{"@type":"Organization","@id":"https:\/\/zadarapartments.com\/#organization","name":"ZadarApartments.com","url":"https:\/\/zadarapartments.com\/","logo":{"@type":"ImageObject","inLanguage":"pl-PL","@id":"https:\/\/zadarapartments.com\/#\/schema\/logo\/image\/","url":"https:\/\/zadarapartments.com\/wp-content\/uploads\/2018\/09\/logo-new.png","contentUrl":"https:\/\/zadarapartments.com\/wp-content\/uploads\/2018\/09\/logo-new.png","width":300,"height":38,"caption":"ZadarApartments.com"},"image":{"@id":"https:\/\/zadarapartments.com\/#\/schema\/logo\/image\/"}}]}},"_links":{"self":[{"href":"https:\/\/zadarapartments.com\/pl\/wp-json\/wp\/v2\/pages\/19523","targetHints":{"allow":["GET"]}}],"collection":[{"href":"https:\/\/zadarapartments.com\/pl\/wp-json\/wp\/v2\/pages"}],"about":[{"href":"https:\/\/zadarapartments.com\/pl\/wp-json\/wp\/v2\/types\/page"}],"author":[{"embeddable":true,"href":"https:\/\/zadarapartments.com\/pl\/wp-json\/wp\/v2\/users\/1"}],"replies":[{"embeddable":true,"href":"https:\/\/zadarapartments.com\/pl\/wp-json\/wp\/v2\/comments?post=19523"}],"version-history":[{"count":4,"href":"https:\/\/zadarapartments.com\/pl\/wp-json\/wp\/v2\/pages\/19523\/revisions"}],"predecessor-version":[{"id":21111,"href":"https:\/\/zadarapartments.com\/pl\/wp-json\/wp\/v2\/pages\/19523\/revisions\/21111"}],"wp:attachment":[{"href":"https:\/\/zadarapartments.com\/pl\/wp-json\/wp\/v2\/media?parent=19523"}],"curies":[{"name":"wp","href":"https:\/\/api.w.org\/{rel}","templated":true}]}}