{"id":19518,"date":"2020-04-27T00:41:22","date_gmt":"2020-04-26T22:41:22","guid":{"rendered":"https:\/\/zadarapartments.com\/?page_id=19518"},"modified":"2025-08-24T20:00:55","modified_gmt":"2025-08-24T18:00:55","slug":"luksusowe-apartamenty-zadar-chorwacja","status":"publish","type":"page","link":"https:\/\/zadarapartments.com\/pl\/luksusowe-apartamenty-zadar-chorwacja\/","title":{"rendered":"Luksusowe apartamenty Zadar Chorwacja"},"content":{"rendered":"<h1 style=\"color: #1060f0;\"><em> Luksusowe apartamenty Zadar Chorwacja <\/em><\/h1>\n<p style=\"line-height: 22px;\">\n<strong>Wakacyjny luksus <a href=\"https:\/\/zadarapartments.com\/pl\/\"><span style=\"color: #505050;\"> Apartamenty Zadar <\/span><\/a>, Chorwacja<\/strong>, Najlepszy nowoczesny design z basenem, najwy\u017cszy poziom komfortu, obs\u0142ugi i udogodnie\u0144 wykraczaj\u0105cych poza podstawowe wymagania, zapewniaj\u0105cy wyrafinowane wra\u017cenia dzi\u0119ki przestronnym uk\u0142adom i najwy\u017cszej jako\u015bci wyko\u0144czeniom, wysokiej klasy urz\u0105dzeniom, funkcjom inteligentnego domu i doskona\u0142ym lokalizacjom: centrum miasta, przy pla\u017cy, z widokiem na morze. \n<\/p>\n<p style=\"line-height: 22px;\">\nLuksusowe apartamenty w Zadarze w Chorwacji to spos\u00f3b na zapewnienie sobie, swojej rodzinie i przyjacio\u0142om doskona\u0142ego i niezapomnianego ekskluzywnego do\u015bwiadczenia, wykraczaj\u0105cego poza to, co podstawowe, w \u015bwiat najwy\u017cszej jako\u015bci us\u0142ug, komfortu i ekskluzywno\u015bci.\n<\/p>\n<p style=\"line-height: 22px; margin-bottom: 30px;\">\nCiesz si\u0119 wizyt\u0105 w Zadar Luxury Apartments. Go\u015bcie b\u0119d\u0105 mogli korzysta\u0107 z bezp\u0142atnych udogodnie\u0144, takich jak WiFi i parking, nowoczesna przestronna przestrze\u0144, taras s\u0142oneczny, ogr\u00f3d, basen, si\u0142ownia, wanna z hydromasa\u017cem, sauna, grill, klimatyzacja, inteligentny p\u0142aski telewizor, przyjazny dla zwierz\u0105t i wiele innych atrakcji, <a href=\"https:\/\/villascroatia.com\/villas-zadar-croatia\" target=\"_blank\"><span style=\"color: #505050;\" > Luksusowe zakwaterowanie w Zadarze <\/span><\/a>- <strong> Wynajem przez w\u0142a\u015bciciela - najlepsze stawki wynajmu!<\/strong>\n<\/p>\n\n\n<p><\/p>","protected":false},"excerpt":{"rendered":"Luxury Apartments Zadar Croatia Holiday Luxury Zadar Apartments , Croatia, best modern design with pool, top level of comfort, service, &#8230;","protected":false},"author":1,"featured_media":0,"parent":0,"menu_order":0,"comment_status":"closed","ping_status":"closed","template":"property_list_half.php","meta":{"footnotes":""},"class_list":["post-19518","page","type-page","status-publish","hentry"],"yoast_head":"<!-- This site is optimized with the Yoast SEO plugin v27.4 - https:\/\/yoast.com\/product\/yoast-seo-wordpress\/ -->\n<title>Luxury Apartments Zadar Croatia for rent - ZadarApartments.com<\/title>\n<meta name=\"description\" content=\"Holiday Zadar Luxury Apartments , Croatia, best modern design with pool, top comfort, service, city center, by the sea - Rent by owner.\" \/>\n<meta name=\"robots\" content=\"index, follow, max-snippet:-1, max-image-preview:large, max-video-preview:-1\" \/>\n<link rel=\"canonical\" href=\"https:\/\/zadarapartments.com\/pl\/luksusowe-apartamenty-zadar-chorwacja\/\" \/>\n<meta property=\"og:locale\" content=\"pl_PL\" \/>\n<meta property=\"og:type\" content=\"article\" \/>\n<meta property=\"og:title\" content=\"Luxury Apartments Zadar Croatia for rent - ZadarApartments.com\" \/>\n<meta property=\"og:description\" content=\"Holiday Zadar Luxury Apartments , Croatia, best modern design with pool, top comfort, service, city center, by the sea - Rent by owner.\" \/>\n<meta property=\"og:url\" content=\"https:\/\/zadarapartments.com\/pl\/luksusowe-apartamenty-zadar-chorwacja\/\" \/>\n<meta property=\"og:site_name\" content=\"Holiday Apartments Zadar Croatia, Luxury, Budget, City or Beach\" \/>\n<meta property=\"article:modified_time\" content=\"2025-08-24T18:00:55+00:00\" \/>\n<meta name=\"twitter:card\" content=\"summary_large_image\" \/>\n<meta name=\"twitter:label1\" content=\"Szacowany czas czytania\" \/>\n\t<meta name=\"twitter:data1\" content=\"1 minuta\" \/>\n<script type=\"application\/ld+json\" class=\"yoast-schema-graph\">{\"@context\":\"https:\\\/\\\/schema.org\",\"@graph\":[{\"@type\":\"WebPage\",\"@id\":\"https:\\\/\\\/zadarapartments.com\\\/luxury-apartments-zadar-croatia\\\/\",\"url\":\"https:\\\/\\\/zadarapartments.com\\\/luxury-apartments-zadar-croatia\\\/\",\"name\":\"Luxury Apartments Zadar Croatia for rent - ZadarApartments.com\",\"isPartOf\":{\"@id\":\"https:\\\/\\\/zadarapartments.com\\\/#website\"},\"datePublished\":\"2020-04-26T22:41:22+00:00\",\"dateModified\":\"2025-08-24T18:00:55+00:00\",\"description\":\"Holiday Zadar Luxury Apartments , Croatia, best modern design with pool, top comfort, service, city center, by the sea - Rent by owner.\",\"breadcrumb\":{\"@id\":\"https:\\\/\\\/zadarapartments.com\\\/luxury-apartments-zadar-croatia\\\/#breadcrumb\"},\"inLanguage\":\"pl-PL\",\"potentialAction\":[{\"@type\":\"ReadAction\",\"target\":[\"https:\\\/\\\/zadarapartments.com\\\/luxury-apartments-zadar-croatia\\\/\"]}]},{\"@type\":\"BreadcrumbList\",\"@id\":\"https:\\\/\\\/zadarapartments.com\\\/luxury-apartments-zadar-croatia\\\/#breadcrumb\",\"itemListElement\":[{\"@type\":\"ListItem\",\"position\":1,\"name\":\"Home\",\"item\":\"https:\\\/\\\/zadarapartments.com\\\/\"},{\"@type\":\"ListItem\",\"position\":2,\"name\":\"Luxury Apartments Zadar Croatia\"}]},{\"@type\":\"WebSite\",\"@id\":\"https:\\\/\\\/zadarapartments.com\\\/#website\",\"url\":\"https:\\\/\\\/zadarapartments.com\\\/\",\"name\":\"Holiday Apartments Zadar, Croatia, Luxury, Budget, City or Beach\",\"description\":\"Rent Holiday Apartment in Zadar, Croatia, Luxury, Cheap, City, Beach Vacation Rentals by Owner\",\"publisher\":{\"@id\":\"https:\\\/\\\/zadarapartments.com\\\/#organization\"},\"potentialAction\":[{\"@type\":\"SearchAction\",\"target\":{\"@type\":\"EntryPoint\",\"urlTemplate\":\"https:\\\/\\\/zadarapartments.com\\\/?s={search_term_string}\"},\"query-input\":{\"@type\":\"PropertyValueSpecification\",\"valueRequired\":true,\"valueName\":\"search_term_string\"}}],\"inLanguage\":\"pl-PL\"},{\"@type\":\"Organization\",\"@id\":\"https:\\\/\\\/zadarapartments.com\\\/#organization\",\"name\":\"ZadarApartments.com\",\"url\":\"https:\\\/\\\/zadarapartments.com\\\/\",\"logo\":{\"@type\":\"ImageObject\",\"inLanguage\":\"pl-PL\",\"@id\":\"https:\\\/\\\/zadarapartments.com\\\/#\\\/schema\\\/logo\\\/image\\\/\",\"url\":\"https:\\\/\\\/zadarapartments.com\\\/wp-content\\\/uploads\\\/2018\\\/09\\\/logo-new.png\",\"contentUrl\":\"https:\\\/\\\/zadarapartments.com\\\/wp-content\\\/uploads\\\/2018\\\/09\\\/logo-new.png\",\"width\":300,\"height\":38,\"caption\":\"ZadarApartments.com\"},\"image\":{\"@id\":\"https:\\\/\\\/zadarapartments.com\\\/#\\\/schema\\\/logo\\\/image\\\/\"}}]}<\/script>\n<!-- \/ Yoast SEO plugin. -->","yoast_head_json":{"title":"Luksusowe apartamenty Zadar Chorwacja do wynaj\u0119cia - ZadarApartments.com","description":"Holiday Zadar Luxury Apartments , Chorwacja, najlepszy nowoczesny design z basenem, najwy\u017cszy komfort, obs\u0142uga, centrum miasta, nad morzem - Wynajem przez w\u0142a\u015bciciela.","robots":{"index":"index","follow":"follow","max-snippet":"max-snippet:-1","max-image-preview":"max-image-preview:large","max-video-preview":"max-video-preview:-1"},"canonical":"https:\/\/zadarapartments.com\/pl\/luksusowe-apartamenty-zadar-chorwacja\/","og_locale":"pl_PL","og_type":"article","og_title":"Luxury Apartments Zadar Croatia for rent - ZadarApartments.com","og_description":"Holiday Zadar Luxury Apartments , Croatia, best modern design with pool, top comfort, service, city center, by the sea - Rent by owner.","og_url":"https:\/\/zadarapartments.com\/pl\/luksusowe-apartamenty-zadar-chorwacja\/","og_site_name":"Holiday Apartments Zadar Croatia, Luxury, Budget, City or Beach","article_modified_time":"2025-08-24T18:00:55+00:00","twitter_card":"summary_large_image","twitter_misc":{"Szacowany czas czytania":"1 minuta"},"schema":{"@context":"https:\/\/schema.org","@graph":[{"@type":"WebPage","@id":"https:\/\/zadarapartments.com\/luxury-apartments-zadar-croatia\/","url":"https:\/\/zadarapartments.com\/luxury-apartments-zadar-croatia\/","name":"Luksusowe apartamenty Zadar Chorwacja do wynaj\u0119cia - ZadarApartments.com","isPartOf":{"@id":"https:\/\/zadarapartments.com\/#website"},"datePublished":"2020-04-26T22:41:22+00:00","dateModified":"2025-08-24T18:00:55+00:00","description":"Holiday Zadar Luxury Apartments , Chorwacja, najlepszy nowoczesny design z basenem, najwy\u017cszy komfort, obs\u0142uga, centrum miasta, nad morzem - Wynajem przez w\u0142a\u015bciciela.","breadcrumb":{"@id":"https:\/\/zadarapartments.com\/luxury-apartments-zadar-croatia\/#breadcrumb"},"inLanguage":"pl-PL","potentialAction":[{"@type":"ReadAction","target":["https:\/\/zadarapartments.com\/luxury-apartments-zadar-croatia\/"]}]},{"@type":"BreadcrumbList","@id":"https:\/\/zadarapartments.com\/luxury-apartments-zadar-croatia\/#breadcrumb","itemListElement":[{"@type":"ListItem","position":1,"name":"Home","item":"https:\/\/zadarapartments.com\/"},{"@type":"ListItem","position":2,"name":"Luxury Apartments Zadar Croatia"}]},{"@type":"WebSite","@id":"https:\/\/zadarapartments.com\/#website","url":"https:\/\/zadarapartments.com\/","name":"Apartamenty Zadar, Chorwacja, luksusowe, niedrogie, w mie\u015bcie lub na pla\u017cy","description":"Wynajem apartament\u00f3w wakacyjnych w Zadar, Chorwacja, Luksusowe, Tanie, Miasto, Pla\u017ca Wynajem wakacyjny przez w\u0142a\u015bciciela","publisher":{"@id":"https:\/\/zadarapartments.com\/#organization"},"potentialAction":[{"@type":"SearchAction","target":{"@type":"EntryPoint","urlTemplate":"https:\/\/zadarapartments.com\/?s={search_term_string}"},"query-input":{"@type":"PropertyValueSpecification","valueRequired":true,"valueName":"search_term_string"}}],"inLanguage":"pl-PL"},{"@type":"Organization","@id":"https:\/\/zadarapartments.com\/#organization","name":"ZadarApartments.com","url":"https:\/\/zadarapartments.com\/","logo":{"@type":"ImageObject","inLanguage":"pl-PL","@id":"https:\/\/zadarapartments.com\/#\/schema\/logo\/image\/","url":"https:\/\/zadarapartments.com\/wp-content\/uploads\/2018\/09\/logo-new.png","contentUrl":"https:\/\/zadarapartments.com\/wp-content\/uploads\/2018\/09\/logo-new.png","width":300,"height":38,"caption":"ZadarApartments.com"},"image":{"@id":"https:\/\/zadarapartments.com\/#\/schema\/logo\/image\/"}}]}},"_links":{"self":[{"href":"https:\/\/zadarapartments.com\/pl\/wp-json\/wp\/v2\/pages\/19518","targetHints":{"allow":["GET"]}}],"collection":[{"href":"https:\/\/zadarapartments.com\/pl\/wp-json\/wp\/v2\/pages"}],"about":[{"href":"https:\/\/zadarapartments.com\/pl\/wp-json\/wp\/v2\/types\/page"}],"author":[{"embeddable":true,"href":"https:\/\/zadarapartments.com\/pl\/wp-json\/wp\/v2\/users\/1"}],"replies":[{"embeddable":true,"href":"https:\/\/zadarapartments.com\/pl\/wp-json\/wp\/v2\/comments?post=19518"}],"version-history":[{"count":9,"href":"https:\/\/zadarapartments.com\/pl\/wp-json\/wp\/v2\/pages\/19518\/revisions"}],"predecessor-version":[{"id":21103,"href":"https:\/\/zadarapartments.com\/pl\/wp-json\/wp\/v2\/pages\/19518\/revisions\/21103"}],"wp:attachment":[{"href":"https:\/\/zadarapartments.com\/pl\/wp-json\/wp\/v2\/media?parent=19518"}],"curies":[{"name":"wp","href":"https:\/\/api.w.org\/{rel}","templated":true}]}}