{"id":19555,"date":"2020-04-28T00:23:57","date_gmt":"2020-04-27T22:23:57","guid":{"rendered":"https:\/\/zadarapartments.com\/?page_id=19555"},"modified":"2025-08-25T01:55:33","modified_gmt":"2025-08-24T23:55:33","slug":"zadar-leiligheter-kart-kroatia-leie","status":"publish","type":"page","link":"https:\/\/zadarapartments.com\/nb\/zadar-leiligheter-kart-kroatia-leie\/","title":{"rendered":"Zadar Apartments Kart steder, Kroatia"},"content":{"rendered":"<h1 style=\"color: #1060f0;\"><em>Zadar Apartments Kart steder, Kroatia <\/em><\/h1>\n<p style=\"line-height: 22px;\">\n<strong><a href=\"https:\/\/zadarapartments.com\/nb\/\"><span style=\"color: #505050;\">Zadar Leiligheter<\/span><\/a> kart<\/strong>, Du kan velge mellom ferieleiligheter i sentrum eller private ferieboliger ved sj\u00f8en og p\u00e5 stranden, feriehus i gangavstand til restauranter, barer og butikker eller en privat leilighet med fredelig beliggenhet for den perfekte ferie og avslapning med familie og venner.\n<\/p>\n<p style=\"line-height: 22px;\">\nDenne og de f\u00f8lgende nettsidene presenterer for deg n\u00f8yaktig plassering p\u00e5 kartet av alle Leiligheter i Zadar, Kroatia, for \u00e5 finne den beste leiligheten i Zadar for deg selv, din familie og venner. \n<\/p>\n<p style=\"line-height: 22px; margin-bottom: 30px;\">\nNyt ditt bes\u00f8k i Zadar i Zadar Apartments. Som gjest f\u00e5r du gratis fordeler som WiFi og parkering, solterrasse, hage, basseng, treningsstudio, boblebad, badstue, grill, klimaanlegg, smart flatskjerm-TV, kj\u00e6ledyrvennlig og flere h\u00f8ydepunkter, eller du kan glede deg over <a href=\"https:\/\/villascroatia.com\/villas-zadar-croatia\" target=\"_blank\"><span style=\"color: #505050;\" > luksusinnkvartering i Zadar <\/span><\/a> - <strong> Lei av eier - Beste leiepriser!<\/strong>\n<\/p>\n\n\n\n<p><\/p>","protected":false},"excerpt":{"rendered":"Zadar Apartments Map locations, Croatia Zadar Apartments map, locations of holiday apartments in the city center or private vacation rentals &#8230;","protected":false},"author":1,"featured_media":0,"parent":0,"menu_order":0,"comment_status":"closed","ping_status":"closed","template":"property_list_half.php","meta":{"footnotes":""},"class_list":["post-19555","page","type-page","status-publish","hentry"],"yoast_head":"<!-- This site is optimized with the Yoast SEO plugin v27.4 - https:\/\/yoast.com\/product\/yoast-seo-wordpress\/ -->\n<title>Zadar Apartments Map locations, Croatia - ZadarApartments.com<\/title>\n<meta name=\"description\" content=\"Apartments Zadar on the map, Croatia, locations of holiday apartments in the city center or holiday homes by the sea or the beach for rent.\" \/>\n<meta name=\"robots\" content=\"index, follow, max-snippet:-1, max-image-preview:large, max-video-preview:-1\" \/>\n<link rel=\"canonical\" href=\"https:\/\/zadarapartments.com\/nb\/zadar-leiligheter-kart-kroatia-leie\/\" \/>\n<meta property=\"og:locale\" content=\"nb_NO\" \/>\n<meta property=\"og:type\" content=\"article\" \/>\n<meta property=\"og:title\" content=\"Zadar Apartments Map locations, Croatia - ZadarApartments.com\" \/>\n<meta property=\"og:description\" content=\"Apartments Zadar on the map, Croatia, locations of holiday apartments in the city center or holiday homes by the sea or the beach for rent.\" \/>\n<meta property=\"og:url\" content=\"https:\/\/zadarapartments.com\/nb\/zadar-leiligheter-kart-kroatia-leie\/\" \/>\n<meta property=\"og:site_name\" content=\"Holiday Apartments Zadar Croatia, Luxury, Budget, City or Beach\" \/>\n<meta property=\"article:modified_time\" content=\"2025-08-24T23:55:33+00:00\" \/>\n<meta name=\"twitter:card\" content=\"summary_large_image\" \/>\n<meta name=\"twitter:label1\" content=\"Ansl. lesetid\" \/>\n\t<meta name=\"twitter:data1\" content=\"1 minutt\" \/>\n<script type=\"application\/ld+json\" class=\"yoast-schema-graph\">{\"@context\":\"https:\\\/\\\/schema.org\",\"@graph\":[{\"@type\":\"WebPage\",\"@id\":\"https:\\\/\\\/zadarapartments.com\\\/zadar-apartments-map-croatia-rent\\\/\",\"url\":\"https:\\\/\\\/zadarapartments.com\\\/zadar-apartments-map-croatia-rent\\\/\",\"name\":\"Zadar Apartments Map locations, Croatia - ZadarApartments.com\",\"isPartOf\":{\"@id\":\"https:\\\/\\\/zadarapartments.com\\\/#website\"},\"datePublished\":\"2020-04-27T22:23:57+00:00\",\"dateModified\":\"2025-08-24T23:55:33+00:00\",\"description\":\"Apartments Zadar on the map, Croatia, locations of holiday apartments in the city center or holiday homes by the sea or the beach for rent.\",\"breadcrumb\":{\"@id\":\"https:\\\/\\\/zadarapartments.com\\\/zadar-apartments-map-croatia-rent\\\/#breadcrumb\"},\"inLanguage\":\"nb-NO\",\"potentialAction\":[{\"@type\":\"ReadAction\",\"target\":[\"https:\\\/\\\/zadarapartments.com\\\/zadar-apartments-map-croatia-rent\\\/\"]}]},{\"@type\":\"BreadcrumbList\",\"@id\":\"https:\\\/\\\/zadarapartments.com\\\/zadar-apartments-map-croatia-rent\\\/#breadcrumb\",\"itemListElement\":[{\"@type\":\"ListItem\",\"position\":1,\"name\":\"Home\",\"item\":\"https:\\\/\\\/zadarapartments.com\\\/\"},{\"@type\":\"ListItem\",\"position\":2,\"name\":\"Zadar Apartments Map locations, Croatia\"}]},{\"@type\":\"WebSite\",\"@id\":\"https:\\\/\\\/zadarapartments.com\\\/#website\",\"url\":\"https:\\\/\\\/zadarapartments.com\\\/\",\"name\":\"Holiday Apartments Zadar, Croatia, Luxury, Budget, City or Beach\",\"description\":\"Rent Holiday Apartment in Zadar, Croatia, Luxury, Cheap, City, Beach Vacation Rentals by Owner\",\"publisher\":{\"@id\":\"https:\\\/\\\/zadarapartments.com\\\/#organization\"},\"potentialAction\":[{\"@type\":\"SearchAction\",\"target\":{\"@type\":\"EntryPoint\",\"urlTemplate\":\"https:\\\/\\\/zadarapartments.com\\\/?s={search_term_string}\"},\"query-input\":{\"@type\":\"PropertyValueSpecification\",\"valueRequired\":true,\"valueName\":\"search_term_string\"}}],\"inLanguage\":\"nb-NO\"},{\"@type\":\"Organization\",\"@id\":\"https:\\\/\\\/zadarapartments.com\\\/#organization\",\"name\":\"ZadarApartments.com\",\"url\":\"https:\\\/\\\/zadarapartments.com\\\/\",\"logo\":{\"@type\":\"ImageObject\",\"inLanguage\":\"nb-NO\",\"@id\":\"https:\\\/\\\/zadarapartments.com\\\/#\\\/schema\\\/logo\\\/image\\\/\",\"url\":\"https:\\\/\\\/zadarapartments.com\\\/wp-content\\\/uploads\\\/2018\\\/09\\\/logo-new.png\",\"contentUrl\":\"https:\\\/\\\/zadarapartments.com\\\/wp-content\\\/uploads\\\/2018\\\/09\\\/logo-new.png\",\"width\":300,\"height\":38,\"caption\":\"ZadarApartments.com\"},\"image\":{\"@id\":\"https:\\\/\\\/zadarapartments.com\\\/#\\\/schema\\\/logo\\\/image\\\/\"}}]}<\/script>\n<!-- \/ Yoast SEO plugin. -->","yoast_head_json":{"title":"Zadar Apartments Kart over beliggenheter, Kroatia - ZadarApartments.com","description":"Leiligheter Zadar p\u00e5 kartet, Kroatia, steder av ferieleiligheter i sentrum eller feriehus ved sj\u00f8en eller stranden til leie.","robots":{"index":"index","follow":"follow","max-snippet":"max-snippet:-1","max-image-preview":"max-image-preview:large","max-video-preview":"max-video-preview:-1"},"canonical":"https:\/\/zadarapartments.com\/nb\/zadar-leiligheter-kart-kroatia-leie\/","og_locale":"nb_NO","og_type":"article","og_title":"Zadar Apartments Map locations, Croatia - ZadarApartments.com","og_description":"Apartments Zadar on the map, Croatia, locations of holiday apartments in the city center or holiday homes by the sea or the beach for rent.","og_url":"https:\/\/zadarapartments.com\/nb\/zadar-leiligheter-kart-kroatia-leie\/","og_site_name":"Holiday Apartments Zadar Croatia, Luxury, Budget, City or Beach","article_modified_time":"2025-08-24T23:55:33+00:00","twitter_card":"summary_large_image","twitter_misc":{"Ansl. lesetid":"1 minutt"},"schema":{"@context":"https:\/\/schema.org","@graph":[{"@type":"WebPage","@id":"https:\/\/zadarapartments.com\/zadar-apartments-map-croatia-rent\/","url":"https:\/\/zadarapartments.com\/zadar-apartments-map-croatia-rent\/","name":"Zadar Apartments Kart over beliggenheter, Kroatia - ZadarApartments.com","isPartOf":{"@id":"https:\/\/zadarapartments.com\/#website"},"datePublished":"2020-04-27T22:23:57+00:00","dateModified":"2025-08-24T23:55:33+00:00","description":"Leiligheter Zadar p\u00e5 kartet, Kroatia, steder av ferieleiligheter i sentrum eller feriehus ved sj\u00f8en eller stranden til leie.","breadcrumb":{"@id":"https:\/\/zadarapartments.com\/zadar-apartments-map-croatia-rent\/#breadcrumb"},"inLanguage":"nb-NO","potentialAction":[{"@type":"ReadAction","target":["https:\/\/zadarapartments.com\/zadar-apartments-map-croatia-rent\/"]}]},{"@type":"BreadcrumbList","@id":"https:\/\/zadarapartments.com\/zadar-apartments-map-croatia-rent\/#breadcrumb","itemListElement":[{"@type":"ListItem","position":1,"name":"Home","item":"https:\/\/zadarapartments.com\/"},{"@type":"ListItem","position":2,"name":"Zadar Apartments Map locations, Croatia"}]},{"@type":"WebSite","@id":"https:\/\/zadarapartments.com\/#website","url":"https:\/\/zadarapartments.com\/","name":"Ferieleiligheter Zadar, Kroatia, Luksus, Budsjett, By eller Strand","description":"Lei ferieleilighet i Zadar, Kroatia, Luksus, Billig, By, Strand Ferieutleie av eier","publisher":{"@id":"https:\/\/zadarapartments.com\/#organization"},"potentialAction":[{"@type":"SearchAction","target":{"@type":"EntryPoint","urlTemplate":"https:\/\/zadarapartments.com\/?s={search_term_string}"},"query-input":{"@type":"PropertyValueSpecification","valueRequired":true,"valueName":"search_term_string"}}],"inLanguage":"nb-NO"},{"@type":"Organization","@id":"https:\/\/zadarapartments.com\/#organization","name":"ZadarApartments.com","url":"https:\/\/zadarapartments.com\/","logo":{"@type":"ImageObject","inLanguage":"nb-NO","@id":"https:\/\/zadarapartments.com\/#\/schema\/logo\/image\/","url":"https:\/\/zadarapartments.com\/wp-content\/uploads\/2018\/09\/logo-new.png","contentUrl":"https:\/\/zadarapartments.com\/wp-content\/uploads\/2018\/09\/logo-new.png","width":300,"height":38,"caption":"ZadarApartments.com"},"image":{"@id":"https:\/\/zadarapartments.com\/#\/schema\/logo\/image\/"}}]}},"_links":{"self":[{"href":"https:\/\/zadarapartments.com\/nb\/wp-json\/wp\/v2\/pages\/19555","targetHints":{"allow":["GET"]}}],"collection":[{"href":"https:\/\/zadarapartments.com\/nb\/wp-json\/wp\/v2\/pages"}],"about":[{"href":"https:\/\/zadarapartments.com\/nb\/wp-json\/wp\/v2\/types\/page"}],"author":[{"embeddable":true,"href":"https:\/\/zadarapartments.com\/nb\/wp-json\/wp\/v2\/users\/1"}],"replies":[{"embeddable":true,"href":"https:\/\/zadarapartments.com\/nb\/wp-json\/wp\/v2\/comments?post=19555"}],"version-history":[{"count":4,"href":"https:\/\/zadarapartments.com\/nb\/wp-json\/wp\/v2\/pages\/19555\/revisions"}],"predecessor-version":[{"id":21117,"href":"https:\/\/zadarapartments.com\/nb\/wp-json\/wp\/v2\/pages\/19555\/revisions\/21117"}],"wp:attachment":[{"href":"https:\/\/zadarapartments.com\/nb\/wp-json\/wp\/v2\/media?parent=19555"}],"curies":[{"name":"wp","href":"https:\/\/api.w.org\/{rel}","templated":true}]}}