{"id":19529,"date":"2020-04-27T00:58:11","date_gmt":"2020-04-26T22:58:11","guid":{"rendered":"https:\/\/zadarapartments.com\/?page_id=19529"},"modified":"2025-10-13T00:02:59","modified_gmt":"2025-10-12T22:02:59","slug":"byleiligheter-zadar-kroatia","status":"publish","type":"page","link":"https:\/\/zadarapartments.com\/nb\/byleiligheter-zadar-kroatia\/","title":{"rendered":"Zadar Center Apartments Croatia"},"content":{"rendered":"<h1 style=\"color: #1060f0;\"><em> City Apartments Zadar Kroatia <\/em><\/h1>\n<p style=\"line-height: 22px;\">\n<strong>Holiday City Center <a href=\"https:\/\/zadarapartments.com\/nb\/\"><span style=\"color: #505050;\">Zadar Leiligheter<\/span><\/a>, Kroatia<\/strong>, De ligger i hjertet av byen og gamlebyen, og er lett tilgjengelig for turister som \u00f8nsker \u00e5 komme seg til de st\u00f8rste attraksjonene, kulturminnene og underholdningsstedene i sentrum. Ferieboligene i sentrum tilbyr luksuri\u00f8s og rimelig innkvartering i gangavstand til restauranter, barer, butikker, attraksjoner og aktiviteter.\n<\/p>\n<p style=\"line-height: 22px;\">\nCity Zadar Center Apartments, Kroatia, handler om \u00e5 gi deg selv, familien og vennene dine en perfekt og uforglemmelig opplevelse. Komfortabel og praktisk base for \u00e5 utforske byen, uten \u00e5 kaste bort tid i trafikken.\n<\/p>\n<p style=\"line-height: 22px; margin-bottom: 30px;\">\nNyt bes\u00f8ket ditt i Zadar City Apartments. Som gjest f\u00e5r du gratis fordeler som WiFi og parkering, solterrasse, hage, treningsstudio, boblebad, badstue, grill, klimaanlegg, smart flatskjerm-TV, kj\u00e6ledyrvennlig og flere h\u00f8ydepunkter, lokale attraksjoner i n\u00e6rheten, nyt <a href=\"https:\/\/villascroatia.com\/villas-zadar-croatia\" target=\"_blank\"><span style=\"color: #505050;\" > luksusinnkvartering i Zadar <\/span><\/a> - <strong>Lei av eier - Beste leiepriser!<\/strong>\n<\/p>\n\n\n<p><\/p>","protected":false},"excerpt":{"rendered":"City Apartments Zadar Croatia Holiday City Center Zadar Apartments, Croatia, are in the heart of the city and old town, &#8230;","protected":false},"author":1,"featured_media":0,"parent":0,"menu_order":0,"comment_status":"closed","ping_status":"closed","template":"property_list_half.php","meta":{"footnotes":""},"class_list":["post-19529","page","type-page","status-publish","hentry"],"yoast_head":"<!-- This site is optimized with the Yoast SEO plugin v27.4 - https:\/\/yoast.com\/product\/yoast-seo-wordpress\/ -->\n<title>Zadar Center Apartments Croatia for rent - ZadarApartments.com<\/title>\n<meta name=\"description\" content=\"Holiday City Center Apartments in Zadar, Croatia, old town, convenient to access major attractions, cultural sites, and entertainment.\" \/>\n<meta name=\"robots\" content=\"index, follow, max-snippet:-1, max-image-preview:large, max-video-preview:-1\" \/>\n<link rel=\"canonical\" href=\"https:\/\/zadarapartments.com\/nb\/byleiligheter-zadar-kroatia\/\" \/>\n<meta property=\"og:locale\" content=\"nb_NO\" \/>\n<meta property=\"og:type\" content=\"article\" \/>\n<meta property=\"og:title\" content=\"Zadar Center Apartments Croatia for rent - ZadarApartments.com\" \/>\n<meta property=\"og:description\" content=\"Holiday City Center Apartments in Zadar, Croatia, old town, convenient to access major attractions, cultural sites, and entertainment.\" \/>\n<meta property=\"og:url\" content=\"https:\/\/zadarapartments.com\/nb\/byleiligheter-zadar-kroatia\/\" \/>\n<meta property=\"og:site_name\" content=\"Holiday Apartments Zadar Croatia, Luxury, Budget, City or Beach\" \/>\n<meta property=\"article:modified_time\" content=\"2025-10-12T22:02:59+00:00\" \/>\n<meta name=\"twitter:card\" content=\"summary_large_image\" \/>\n<meta name=\"twitter:label1\" content=\"Ansl. lesetid\" \/>\n\t<meta name=\"twitter:data1\" content=\"1 minutt\" \/>\n<script type=\"application\/ld+json\" class=\"yoast-schema-graph\">{\"@context\":\"https:\\\/\\\/schema.org\",\"@graph\":[{\"@type\":\"WebPage\",\"@id\":\"https:\\\/\\\/zadarapartments.com\\\/city-apartments-zadar-croatia\\\/\",\"url\":\"https:\\\/\\\/zadarapartments.com\\\/city-apartments-zadar-croatia\\\/\",\"name\":\"Zadar Center Apartments Croatia for rent - ZadarApartments.com\",\"isPartOf\":{\"@id\":\"https:\\\/\\\/zadarapartments.com\\\/#website\"},\"datePublished\":\"2020-04-26T22:58:11+00:00\",\"dateModified\":\"2025-10-12T22:02:59+00:00\",\"description\":\"Holiday City Center Apartments in Zadar, Croatia, old town, convenient to access major attractions, cultural sites, and entertainment.\",\"breadcrumb\":{\"@id\":\"https:\\\/\\\/zadarapartments.com\\\/city-apartments-zadar-croatia\\\/#breadcrumb\"},\"inLanguage\":\"nb-NO\",\"potentialAction\":[{\"@type\":\"ReadAction\",\"target\":[\"https:\\\/\\\/zadarapartments.com\\\/city-apartments-zadar-croatia\\\/\"]}]},{\"@type\":\"BreadcrumbList\",\"@id\":\"https:\\\/\\\/zadarapartments.com\\\/city-apartments-zadar-croatia\\\/#breadcrumb\",\"itemListElement\":[{\"@type\":\"ListItem\",\"position\":1,\"name\":\"Home\",\"item\":\"https:\\\/\\\/zadarapartments.com\\\/\"},{\"@type\":\"ListItem\",\"position\":2,\"name\":\"Zadar Center Apartments Croatia\"}]},{\"@type\":\"WebSite\",\"@id\":\"https:\\\/\\\/zadarapartments.com\\\/#website\",\"url\":\"https:\\\/\\\/zadarapartments.com\\\/\",\"name\":\"Holiday Apartments Zadar, Croatia, Luxury, Budget, City or Beach\",\"description\":\"Rent Holiday Apartment in Zadar, Croatia, Luxury, Cheap, City, Beach Vacation Rentals by Owner\",\"publisher\":{\"@id\":\"https:\\\/\\\/zadarapartments.com\\\/#organization\"},\"potentialAction\":[{\"@type\":\"SearchAction\",\"target\":{\"@type\":\"EntryPoint\",\"urlTemplate\":\"https:\\\/\\\/zadarapartments.com\\\/?s={search_term_string}\"},\"query-input\":{\"@type\":\"PropertyValueSpecification\",\"valueRequired\":true,\"valueName\":\"search_term_string\"}}],\"inLanguage\":\"nb-NO\"},{\"@type\":\"Organization\",\"@id\":\"https:\\\/\\\/zadarapartments.com\\\/#organization\",\"name\":\"ZadarApartments.com\",\"url\":\"https:\\\/\\\/zadarapartments.com\\\/\",\"logo\":{\"@type\":\"ImageObject\",\"inLanguage\":\"nb-NO\",\"@id\":\"https:\\\/\\\/zadarapartments.com\\\/#\\\/schema\\\/logo\\\/image\\\/\",\"url\":\"https:\\\/\\\/zadarapartments.com\\\/wp-content\\\/uploads\\\/2018\\\/09\\\/logo-new.png\",\"contentUrl\":\"https:\\\/\\\/zadarapartments.com\\\/wp-content\\\/uploads\\\/2018\\\/09\\\/logo-new.png\",\"width\":300,\"height\":38,\"caption\":\"ZadarApartments.com\"},\"image\":{\"@id\":\"https:\\\/\\\/zadarapartments.com\\\/#\\\/schema\\\/logo\\\/image\\\/\"}}]}<\/script>\n<!-- \/ Yoast SEO plugin. -->","yoast_head_json":{"title":"Zadar Center Apartments Kroatia til leie - ZadarApartments.com","description":"Holiday City Center Apartments ligger i gamlebyen i Zadar, Kroatia, i n\u00e6rheten av de st\u00f8rste attraksjonene, kulturminnene og underholdningsstedene.","robots":{"index":"index","follow":"follow","max-snippet":"max-snippet:-1","max-image-preview":"max-image-preview:large","max-video-preview":"max-video-preview:-1"},"canonical":"https:\/\/zadarapartments.com\/nb\/byleiligheter-zadar-kroatia\/","og_locale":"nb_NO","og_type":"article","og_title":"Zadar Center Apartments Croatia for rent - ZadarApartments.com","og_description":"Holiday City Center Apartments in Zadar, Croatia, old town, convenient to access major attractions, cultural sites, and entertainment.","og_url":"https:\/\/zadarapartments.com\/nb\/byleiligheter-zadar-kroatia\/","og_site_name":"Holiday Apartments Zadar Croatia, Luxury, Budget, City or Beach","article_modified_time":"2025-10-12T22:02:59+00:00","twitter_card":"summary_large_image","twitter_misc":{"Ansl. lesetid":"1 minutt"},"schema":{"@context":"https:\/\/schema.org","@graph":[{"@type":"WebPage","@id":"https:\/\/zadarapartments.com\/city-apartments-zadar-croatia\/","url":"https:\/\/zadarapartments.com\/city-apartments-zadar-croatia\/","name":"Zadar Center Apartments Kroatia til leie - ZadarApartments.com","isPartOf":{"@id":"https:\/\/zadarapartments.com\/#website"},"datePublished":"2020-04-26T22:58:11+00:00","dateModified":"2025-10-12T22:02:59+00:00","description":"Holiday City Center Apartments ligger i gamlebyen i Zadar, Kroatia, i n\u00e6rheten av de st\u00f8rste attraksjonene, kulturminnene og underholdningsstedene.","breadcrumb":{"@id":"https:\/\/zadarapartments.com\/city-apartments-zadar-croatia\/#breadcrumb"},"inLanguage":"nb-NO","potentialAction":[{"@type":"ReadAction","target":["https:\/\/zadarapartments.com\/city-apartments-zadar-croatia\/"]}]},{"@type":"BreadcrumbList","@id":"https:\/\/zadarapartments.com\/city-apartments-zadar-croatia\/#breadcrumb","itemListElement":[{"@type":"ListItem","position":1,"name":"Home","item":"https:\/\/zadarapartments.com\/"},{"@type":"ListItem","position":2,"name":"Zadar Center Apartments Croatia"}]},{"@type":"WebSite","@id":"https:\/\/zadarapartments.com\/#website","url":"https:\/\/zadarapartments.com\/","name":"Ferieleiligheter Zadar, Kroatia, Luksus, Budsjett, By eller Strand","description":"Lei ferieleilighet i Zadar, Kroatia, Luksus, Billig, By, Strand Ferieutleie av eier","publisher":{"@id":"https:\/\/zadarapartments.com\/#organization"},"potentialAction":[{"@type":"SearchAction","target":{"@type":"EntryPoint","urlTemplate":"https:\/\/zadarapartments.com\/?s={search_term_string}"},"query-input":{"@type":"PropertyValueSpecification","valueRequired":true,"valueName":"search_term_string"}}],"inLanguage":"nb-NO"},{"@type":"Organization","@id":"https:\/\/zadarapartments.com\/#organization","name":"ZadarApartments.com","url":"https:\/\/zadarapartments.com\/","logo":{"@type":"ImageObject","inLanguage":"nb-NO","@id":"https:\/\/zadarapartments.com\/#\/schema\/logo\/image\/","url":"https:\/\/zadarapartments.com\/wp-content\/uploads\/2018\/09\/logo-new.png","contentUrl":"https:\/\/zadarapartments.com\/wp-content\/uploads\/2018\/09\/logo-new.png","width":300,"height":38,"caption":"ZadarApartments.com"},"image":{"@id":"https:\/\/zadarapartments.com\/#\/schema\/logo\/image\/"}}]}},"_links":{"self":[{"href":"https:\/\/zadarapartments.com\/nb\/wp-json\/wp\/v2\/pages\/19529","targetHints":{"allow":["GET"]}}],"collection":[{"href":"https:\/\/zadarapartments.com\/nb\/wp-json\/wp\/v2\/pages"}],"about":[{"href":"https:\/\/zadarapartments.com\/nb\/wp-json\/wp\/v2\/types\/page"}],"author":[{"embeddable":true,"href":"https:\/\/zadarapartments.com\/nb\/wp-json\/wp\/v2\/users\/1"}],"replies":[{"embeddable":true,"href":"https:\/\/zadarapartments.com\/nb\/wp-json\/wp\/v2\/comments?post=19529"}],"version-history":[{"count":4,"href":"https:\/\/zadarapartments.com\/nb\/wp-json\/wp\/v2\/pages\/19529\/revisions"}],"predecessor-version":[{"id":21109,"href":"https:\/\/zadarapartments.com\/nb\/wp-json\/wp\/v2\/pages\/19529\/revisions\/21109"}],"wp:attachment":[{"href":"https:\/\/zadarapartments.com\/nb\/wp-json\/wp\/v2\/media?parent=19529"}],"curies":[{"name":"wp","href":"https:\/\/api.w.org\/{rel}","templated":true}]}}