{"id":19468,"date":"2020-04-25T00:00:10","date_gmt":"2020-04-24T22:00:10","guid":{"rendered":"https:\/\/zadarapartments.com\/?page_id=19468"},"modified":"2025-10-13T00:00:48","modified_gmt":"2025-10-12T22:00:48","slug":"billige-leiligheter-zadar-kroatia","status":"publish","type":"page","link":"https:\/\/zadarapartments.com\/nb\/billige-leiligheter-zadar-kroatia\/","title":{"rendered":"Rimelige billige leiligheter i Zadar Kroatia"},"content":{"rendered":"<h1 style=\"color: #1060f0;\"><em> Rimelige billige leiligheter i Zadar Kroatia <\/em><\/h1>\n<p style=\"line-height: 22px;\">\n<strong>Rimelig billig <a href=\"https:\/\/zadarapartments.com\/nb\/\"><span style=\"color: #505050;\">Zadar Leiligheter<\/span><\/a>, Kroatia<\/strong>, Vi har et bredt utvalg av rimelige, rene, selvbetjente ferieboliger av h\u00f8y kvalitet for din neste sommerferie med familie og venner. Du kan finne en rimelig leilighet som passer dine behov fra v\u00e5rt tilbud som passer budsjettet ditt.\n<\/p>\n<p style=\"line-height: 22px;\">\nLavprisleiligheter i Zadar, Kroatia, handler om \u00e5 unne deg selv, din familie og venner en perfekt og minneverdig opplevelse til rimelige leilighetspriser i Zadar Kroatia, rimelige alternativer uten \u00e5 g\u00e5 p\u00e5 kompromiss med komfort og kvalitet.\n<\/p>\n<p style=\"line-height: 22px; margin-bottom: 30px;\">\nNyt ditt bes\u00f8k til Zadar i Zadar Low Cost Cheap Apartments. Gjestene vil ha noen av gratis fordeler som WiFi og parkering, solterrasse, hage, treningsstudio, grill, klimaanlegg, smart flatskjerm-TV, kj\u00e6ledyrvennlig og flere h\u00f8ydepunkter -... <strong>Lei av eier - Beste leiepriser!<\/strong>\n<\/p>\n\n\n\n<p><\/p>","protected":false},"excerpt":{"rendered":"Affordable Cheap Zadar Apartments Croatia Affordable Cheap Zadar Apartments, Croatia, low cost vacation rentals for all tastes and budgets, a &#8230;","protected":false},"author":1,"featured_media":0,"parent":0,"menu_order":0,"comment_status":"closed","ping_status":"closed","template":"property_list_half.php","meta":{"footnotes":""},"class_list":["post-19468","page","type-page","status-publish","hentry"],"yoast_head":"<!-- This site is optimized with the Yoast SEO plugin v27.4 - https:\/\/yoast.com\/product\/yoast-seo-wordpress\/ -->\n<title>Affordable Cheap Zadar Apartments Croatia- ZadarApartments.com<\/title>\n<meta name=\"description\" content=\"Rent Affordable Cheap Zadar Apartments Croatia, low cost vacation rentals for all tastes and budgets, booking budget Zadar apartments.\" \/>\n<meta name=\"robots\" content=\"index, follow, max-snippet:-1, max-image-preview:large, max-video-preview:-1\" \/>\n<link rel=\"canonical\" href=\"https:\/\/zadarapartments.com\/nb\/billige-leiligheter-zadar-kroatia\/\" \/>\n<meta property=\"og:locale\" content=\"nb_NO\" \/>\n<meta property=\"og:type\" content=\"article\" \/>\n<meta property=\"og:title\" content=\"Affordable Cheap Zadar Apartments Croatia- ZadarApartments.com\" \/>\n<meta property=\"og:description\" content=\"Rent Affordable Cheap Zadar Apartments Croatia, low cost vacation rentals for all tastes and budgets, booking budget Zadar apartments.\" \/>\n<meta property=\"og:url\" content=\"https:\/\/zadarapartments.com\/nb\/billige-leiligheter-zadar-kroatia\/\" \/>\n<meta property=\"og:site_name\" content=\"Holiday Apartments Zadar Croatia, Luxury, Budget, City or Beach\" \/>\n<meta property=\"article:modified_time\" content=\"2025-10-12T22:00:48+00:00\" \/>\n<meta name=\"twitter:card\" content=\"summary_large_image\" \/>\n<meta name=\"twitter:label1\" content=\"Ansl. lesetid\" \/>\n\t<meta name=\"twitter:data1\" content=\"1 minutt\" \/>\n<script type=\"application\/ld+json\" class=\"yoast-schema-graph\">{\"@context\":\"https:\\\/\\\/schema.org\",\"@graph\":[{\"@type\":\"WebPage\",\"@id\":\"https:\\\/\\\/zadarapartments.com\\\/cheap-apartments-zadar-croatia\\\/\",\"url\":\"https:\\\/\\\/zadarapartments.com\\\/cheap-apartments-zadar-croatia\\\/\",\"name\":\"Affordable Cheap Zadar Apartments Croatia- ZadarApartments.com\",\"isPartOf\":{\"@id\":\"https:\\\/\\\/zadarapartments.com\\\/#website\"},\"datePublished\":\"2020-04-24T22:00:10+00:00\",\"dateModified\":\"2025-10-12T22:00:48+00:00\",\"description\":\"Rent Affordable Cheap Zadar Apartments Croatia, low cost vacation rentals for all tastes and budgets, booking budget Zadar apartments.\",\"breadcrumb\":{\"@id\":\"https:\\\/\\\/zadarapartments.com\\\/cheap-apartments-zadar-croatia\\\/#breadcrumb\"},\"inLanguage\":\"nb-NO\",\"potentialAction\":[{\"@type\":\"ReadAction\",\"target\":[\"https:\\\/\\\/zadarapartments.com\\\/cheap-apartments-zadar-croatia\\\/\"]}]},{\"@type\":\"BreadcrumbList\",\"@id\":\"https:\\\/\\\/zadarapartments.com\\\/cheap-apartments-zadar-croatia\\\/#breadcrumb\",\"itemListElement\":[{\"@type\":\"ListItem\",\"position\":1,\"name\":\"Home\",\"item\":\"https:\\\/\\\/zadarapartments.com\\\/\"},{\"@type\":\"ListItem\",\"position\":2,\"name\":\"Affordable Cheap Zadar Apartments Croatia\"}]},{\"@type\":\"WebSite\",\"@id\":\"https:\\\/\\\/zadarapartments.com\\\/#website\",\"url\":\"https:\\\/\\\/zadarapartments.com\\\/\",\"name\":\"Holiday Apartments Zadar, Croatia, Luxury, Budget, City or Beach\",\"description\":\"Rent Holiday Apartment in Zadar, Croatia, Luxury, Cheap, City, Beach Vacation Rentals by Owner\",\"publisher\":{\"@id\":\"https:\\\/\\\/zadarapartments.com\\\/#organization\"},\"potentialAction\":[{\"@type\":\"SearchAction\",\"target\":{\"@type\":\"EntryPoint\",\"urlTemplate\":\"https:\\\/\\\/zadarapartments.com\\\/?s={search_term_string}\"},\"query-input\":{\"@type\":\"PropertyValueSpecification\",\"valueRequired\":true,\"valueName\":\"search_term_string\"}}],\"inLanguage\":\"nb-NO\"},{\"@type\":\"Organization\",\"@id\":\"https:\\\/\\\/zadarapartments.com\\\/#organization\",\"name\":\"ZadarApartments.com\",\"url\":\"https:\\\/\\\/zadarapartments.com\\\/\",\"logo\":{\"@type\":\"ImageObject\",\"inLanguage\":\"nb-NO\",\"@id\":\"https:\\\/\\\/zadarapartments.com\\\/#\\\/schema\\\/logo\\\/image\\\/\",\"url\":\"https:\\\/\\\/zadarapartments.com\\\/wp-content\\\/uploads\\\/2018\\\/09\\\/logo-new.png\",\"contentUrl\":\"https:\\\/\\\/zadarapartments.com\\\/wp-content\\\/uploads\\\/2018\\\/09\\\/logo-new.png\",\"width\":300,\"height\":38,\"caption\":\"ZadarApartments.com\"},\"image\":{\"@id\":\"https:\\\/\\\/zadarapartments.com\\\/#\\\/schema\\\/logo\\\/image\\\/\"}}]}<\/script>\n<!-- \/ Yoast SEO plugin. -->","yoast_head_json":{"title":"Rimelige billige Zadar Apartments Croatia- ZadarApartments.com","description":"Lei rimelige billige Zadar Apartments Kroatia, rimelige ferieboliger for enhver smak og budsjett, booking av billige Zadar leiligheter.","robots":{"index":"index","follow":"follow","max-snippet":"max-snippet:-1","max-image-preview":"max-image-preview:large","max-video-preview":"max-video-preview:-1"},"canonical":"https:\/\/zadarapartments.com\/nb\/billige-leiligheter-zadar-kroatia\/","og_locale":"nb_NO","og_type":"article","og_title":"Affordable Cheap Zadar Apartments Croatia- ZadarApartments.com","og_description":"Rent Affordable Cheap Zadar Apartments Croatia, low cost vacation rentals for all tastes and budgets, booking budget Zadar apartments.","og_url":"https:\/\/zadarapartments.com\/nb\/billige-leiligheter-zadar-kroatia\/","og_site_name":"Holiday Apartments Zadar Croatia, Luxury, Budget, City or Beach","article_modified_time":"2025-10-12T22:00:48+00:00","twitter_card":"summary_large_image","twitter_misc":{"Ansl. lesetid":"1 minutt"},"schema":{"@context":"https:\/\/schema.org","@graph":[{"@type":"WebPage","@id":"https:\/\/zadarapartments.com\/cheap-apartments-zadar-croatia\/","url":"https:\/\/zadarapartments.com\/cheap-apartments-zadar-croatia\/","name":"Rimelige billige Zadar Apartments Croatia- ZadarApartments.com","isPartOf":{"@id":"https:\/\/zadarapartments.com\/#website"},"datePublished":"2020-04-24T22:00:10+00:00","dateModified":"2025-10-12T22:00:48+00:00","description":"Lei rimelige billige Zadar Apartments Kroatia, rimelige ferieboliger for enhver smak og budsjett, booking av billige Zadar leiligheter.","breadcrumb":{"@id":"https:\/\/zadarapartments.com\/cheap-apartments-zadar-croatia\/#breadcrumb"},"inLanguage":"nb-NO","potentialAction":[{"@type":"ReadAction","target":["https:\/\/zadarapartments.com\/cheap-apartments-zadar-croatia\/"]}]},{"@type":"BreadcrumbList","@id":"https:\/\/zadarapartments.com\/cheap-apartments-zadar-croatia\/#breadcrumb","itemListElement":[{"@type":"ListItem","position":1,"name":"Home","item":"https:\/\/zadarapartments.com\/"},{"@type":"ListItem","position":2,"name":"Affordable Cheap Zadar Apartments Croatia"}]},{"@type":"WebSite","@id":"https:\/\/zadarapartments.com\/#website","url":"https:\/\/zadarapartments.com\/","name":"Ferieleiligheter Zadar, Kroatia, Luksus, Budsjett, By eller Strand","description":"Lei ferieleilighet i Zadar, Kroatia, Luksus, Billig, By, Strand Ferieutleie av eier","publisher":{"@id":"https:\/\/zadarapartments.com\/#organization"},"potentialAction":[{"@type":"SearchAction","target":{"@type":"EntryPoint","urlTemplate":"https:\/\/zadarapartments.com\/?s={search_term_string}"},"query-input":{"@type":"PropertyValueSpecification","valueRequired":true,"valueName":"search_term_string"}}],"inLanguage":"nb-NO"},{"@type":"Organization","@id":"https:\/\/zadarapartments.com\/#organization","name":"ZadarApartments.com","url":"https:\/\/zadarapartments.com\/","logo":{"@type":"ImageObject","inLanguage":"nb-NO","@id":"https:\/\/zadarapartments.com\/#\/schema\/logo\/image\/","url":"https:\/\/zadarapartments.com\/wp-content\/uploads\/2018\/09\/logo-new.png","contentUrl":"https:\/\/zadarapartments.com\/wp-content\/uploads\/2018\/09\/logo-new.png","width":300,"height":38,"caption":"ZadarApartments.com"},"image":{"@id":"https:\/\/zadarapartments.com\/#\/schema\/logo\/image\/"}}]}},"_links":{"self":[{"href":"https:\/\/zadarapartments.com\/nb\/wp-json\/wp\/v2\/pages\/19468","targetHints":{"allow":["GET"]}}],"collection":[{"href":"https:\/\/zadarapartments.com\/nb\/wp-json\/wp\/v2\/pages"}],"about":[{"href":"https:\/\/zadarapartments.com\/nb\/wp-json\/wp\/v2\/types\/page"}],"author":[{"embeddable":true,"href":"https:\/\/zadarapartments.com\/nb\/wp-json\/wp\/v2\/users\/1"}],"replies":[{"embeddable":true,"href":"https:\/\/zadarapartments.com\/nb\/wp-json\/wp\/v2\/comments?post=19468"}],"version-history":[{"count":4,"href":"https:\/\/zadarapartments.com\/nb\/wp-json\/wp\/v2\/pages\/19468\/revisions"}],"predecessor-version":[{"id":21113,"href":"https:\/\/zadarapartments.com\/nb\/wp-json\/wp\/v2\/pages\/19468\/revisions\/21113"}],"wp:attachment":[{"href":"https:\/\/zadarapartments.com\/nb\/wp-json\/wp\/v2\/media?parent=19468"}],"curies":[{"name":"wp","href":"https:\/\/api.w.org\/{rel}","templated":true}]}}