{"id":19539,"date":"2020-04-27T01:10:34","date_gmt":"2020-04-26T23:10:34","guid":{"rendered":"https:\/\/zadarapartments.com\/?page_id=19539"},"modified":"2025-10-14T00:09:25","modified_gmt":"2025-10-13T22:09:25","slug":"apartmanok-zadar-horvatorszagi-nyaralasok","status":"publish","type":"page","link":"https:\/\/zadarapartments.com\/hu\/apartmanok-zadar-horvatorszagi-nyaralasok\/","title":{"rendered":"Apartmanok Zadar Horv\u00e1torsz\u00e1g"},"content":{"rendered":"<p style=\"line-height: 22px; margin-bottom: 10px; padding: 0 5px;\">\n<strong><a href=\"https:\/\/zadarapartments.com\/hu\/\"><span style=\"color: #505050;\"> Apartmanok Zadar <\/span><\/a> Horv\u00e1torsz\u00e1g<\/strong>, luxus apartmanok medenc\u00e9vel \u00e9s kil\u00e1t\u00e1ssal a tengerre, t\u00e1gas modern design, foglaljon priv\u00e1t nyaral\u00f3k a tenger \u00e9s a tengerpart mellett, megfizethet\u0151, alacsony k\u00f6lts\u00e9g\u0171 olcs\u00f3 nyaral\u00f3h\u00e1zak a v\u00e1rosk\u00f6zpontban a l\u00e1tnival\u00f3k \u00e9s tev\u00e9kenys\u00e9gek mellett, t\u00f6k\u00e9letes a nagyszer\u0171 eml\u00e9kezetes nyaral\u00e1shoz Zadarban a csal\u00e1ddal \u00e9s a bar\u00e1tokkal, ingyenes WiFi \u00e9s parkol\u00e1s, h\u00e1zi\u00e1llat megengedett, a legjobb kiad\u00f3 apartmanok Zadar Horv\u00e1torsz\u00e1gban, st\u00fadi\u00f3k, egy-k\u00e9t-h\u00e1rom vagy n\u00e9gy h\u00e1l\u00f3szob\u00e1s priv\u00e1t sz\u00e1ll\u00e1s. vagy <a href=\"https:\/\/villascroatia.com\/villas-zadar-croatia\" target=\"_blank\"><span style=\"color: #505050;\" > luxus sz\u00e1ll\u00e1s Zadarban <\/span><\/a> - <strong>Kiad\u00f3 tulajdonost\u00f3l - A legjobb b\u00e9rleti d\u00edjak<\/strong>.\n<\/p>\n\n\n<p><\/p>","protected":false},"excerpt":{"rendered":"Apartments Zadar Croatia, luxury apartments with pool and sea view, spacious modern design, book private holiday homes by the sea &#8230;","protected":false},"author":1,"featured_media":0,"parent":0,"menu_order":0,"comment_status":"closed","ping_status":"closed","template":"property_list.php","meta":{"footnotes":""},"class_list":["post-19539","page","type-page","status-publish","hentry"],"yoast_head":"<!-- This site is optimized with the Yoast SEO plugin v27.4 - https:\/\/yoast.com\/product\/yoast-seo-wordpress\/ -->\n<title>Apartments Zadar Croatia Holiday Rentals - ZadarApartments.com<\/title>\n<meta name=\"description\" content=\"Apartments in Zadar Croatia, luxury apartments with pool, private beach holiday homes for great holiday in Zadar, Rent by owner \u2013 Best rates.\" \/>\n<meta name=\"robots\" content=\"index, follow, max-snippet:-1, max-image-preview:large, max-video-preview:-1\" \/>\n<link rel=\"canonical\" href=\"https:\/\/zadarapartments.com\/hu\/apartmanok-zadar-horvatorszagi-nyaralasok\/\" \/>\n<meta property=\"og:locale\" content=\"hu_HU\" \/>\n<meta property=\"og:type\" content=\"article\" \/>\n<meta property=\"og:title\" content=\"Apartments Zadar Croatia Holiday Rentals - ZadarApartments.com\" \/>\n<meta property=\"og:description\" content=\"Apartments in Zadar Croatia, luxury apartments with pool, private beach holiday homes for great holiday in Zadar, Rent by owner \u2013 Best rates.\" \/>\n<meta property=\"og:url\" content=\"https:\/\/zadarapartments.com\/hu\/apartmanok-zadar-horvatorszagi-nyaralasok\/\" \/>\n<meta property=\"og:site_name\" content=\"Holiday Apartments Zadar Croatia, Luxury, Budget, City or Beach\" \/>\n<meta property=\"article:modified_time\" content=\"2025-10-13T22:09:25+00:00\" \/>\n<meta name=\"twitter:card\" content=\"summary_large_image\" \/>\n<meta name=\"twitter:label1\" content=\"Becs\u00fclt olvas\u00e1si id\u0151\" \/>\n\t<meta name=\"twitter:data1\" content=\"1 perc\" \/>\n<script type=\"application\/ld+json\" class=\"yoast-schema-graph\">{\"@context\":\"https:\\\/\\\/schema.org\",\"@graph\":[{\"@type\":\"WebPage\",\"@id\":\"https:\\\/\\\/zadarapartments.com\\\/apartments-zadar-croatia-holiday-rentals\\\/\",\"url\":\"https:\\\/\\\/zadarapartments.com\\\/apartments-zadar-croatia-holiday-rentals\\\/\",\"name\":\"Apartments Zadar Croatia Holiday Rentals - ZadarApartments.com\",\"isPartOf\":{\"@id\":\"https:\\\/\\\/zadarapartments.com\\\/#website\"},\"datePublished\":\"2020-04-26T23:10:34+00:00\",\"dateModified\":\"2025-10-13T22:09:25+00:00\",\"description\":\"Apartments in Zadar Croatia, luxury apartments with pool, private beach holiday homes for great holiday in Zadar, Rent by owner \u2013 Best rates.\",\"breadcrumb\":{\"@id\":\"https:\\\/\\\/zadarapartments.com\\\/apartments-zadar-croatia-holiday-rentals\\\/#breadcrumb\"},\"inLanguage\":\"hu\",\"potentialAction\":[{\"@type\":\"ReadAction\",\"target\":[\"https:\\\/\\\/zadarapartments.com\\\/apartments-zadar-croatia-holiday-rentals\\\/\"]}]},{\"@type\":\"BreadcrumbList\",\"@id\":\"https:\\\/\\\/zadarapartments.com\\\/apartments-zadar-croatia-holiday-rentals\\\/#breadcrumb\",\"itemListElement\":[{\"@type\":\"ListItem\",\"position\":1,\"name\":\"Home\",\"item\":\"https:\\\/\\\/zadarapartments.com\\\/\"},{\"@type\":\"ListItem\",\"position\":2,\"name\":\"Apartments Zadar Croatia\"}]},{\"@type\":\"WebSite\",\"@id\":\"https:\\\/\\\/zadarapartments.com\\\/#website\",\"url\":\"https:\\\/\\\/zadarapartments.com\\\/\",\"name\":\"Holiday Apartments Zadar, Croatia, Luxury, Budget, City or Beach\",\"description\":\"Rent Holiday Apartment in Zadar, Croatia, Luxury, Cheap, City, Beach Vacation Rentals by Owner\",\"publisher\":{\"@id\":\"https:\\\/\\\/zadarapartments.com\\\/#organization\"},\"potentialAction\":[{\"@type\":\"SearchAction\",\"target\":{\"@type\":\"EntryPoint\",\"urlTemplate\":\"https:\\\/\\\/zadarapartments.com\\\/?s={search_term_string}\"},\"query-input\":{\"@type\":\"PropertyValueSpecification\",\"valueRequired\":true,\"valueName\":\"search_term_string\"}}],\"inLanguage\":\"hu\"},{\"@type\":\"Organization\",\"@id\":\"https:\\\/\\\/zadarapartments.com\\\/#organization\",\"name\":\"ZadarApartments.com\",\"url\":\"https:\\\/\\\/zadarapartments.com\\\/\",\"logo\":{\"@type\":\"ImageObject\",\"inLanguage\":\"hu\",\"@id\":\"https:\\\/\\\/zadarapartments.com\\\/#\\\/schema\\\/logo\\\/image\\\/\",\"url\":\"https:\\\/\\\/zadarapartments.com\\\/wp-content\\\/uploads\\\/2018\\\/09\\\/logo-new.png\",\"contentUrl\":\"https:\\\/\\\/zadarapartments.com\\\/wp-content\\\/uploads\\\/2018\\\/09\\\/logo-new.png\",\"width\":300,\"height\":38,\"caption\":\"ZadarApartments.com\"},\"image\":{\"@id\":\"https:\\\/\\\/zadarapartments.com\\\/#\\\/schema\\\/logo\\\/image\\\/\"}}]}<\/script>\n<!-- \/ Yoast SEO plugin. -->","yoast_head_json":{"title":"Apartmanok Zadar Horv\u00e1torsz\u00e1g Nyaral\u00f3h\u00e1zak - ZadarApartments.com","description":"Apartmanok Zadar Horv\u00e1torsz\u00e1gban, luxus apartmanok medenc\u00e9vel, priv\u00e1t tengerparti nyaral\u00f3k nagyszer\u0171 nyaral\u00e1shoz Zadarban, B\u00e9rl\u00e9s tulajdonost\u00f3l - A legjobb \u00e1rak.","robots":{"index":"index","follow":"follow","max-snippet":"max-snippet:-1","max-image-preview":"max-image-preview:large","max-video-preview":"max-video-preview:-1"},"canonical":"https:\/\/zadarapartments.com\/hu\/apartmanok-zadar-horvatorszagi-nyaralasok\/","og_locale":"hu_HU","og_type":"article","og_title":"Apartments Zadar Croatia Holiday Rentals - ZadarApartments.com","og_description":"Apartments in Zadar Croatia, luxury apartments with pool, private beach holiday homes for great holiday in Zadar, Rent by owner \u2013 Best rates.","og_url":"https:\/\/zadarapartments.com\/hu\/apartmanok-zadar-horvatorszagi-nyaralasok\/","og_site_name":"Holiday Apartments Zadar Croatia, Luxury, Budget, City or Beach","article_modified_time":"2025-10-13T22:09:25+00:00","twitter_card":"summary_large_image","twitter_misc":{"Becs\u00fclt olvas\u00e1si id\u0151":"1 perc"},"schema":{"@context":"https:\/\/schema.org","@graph":[{"@type":"WebPage","@id":"https:\/\/zadarapartments.com\/apartments-zadar-croatia-holiday-rentals\/","url":"https:\/\/zadarapartments.com\/apartments-zadar-croatia-holiday-rentals\/","name":"Apartmanok Zadar Horv\u00e1torsz\u00e1g Nyaral\u00f3h\u00e1zak - ZadarApartments.com","isPartOf":{"@id":"https:\/\/zadarapartments.com\/#website"},"datePublished":"2020-04-26T23:10:34+00:00","dateModified":"2025-10-13T22:09:25+00:00","description":"Apartmanok Zadar Horv\u00e1torsz\u00e1gban, luxus apartmanok medenc\u00e9vel, priv\u00e1t tengerparti nyaral\u00f3k nagyszer\u0171 nyaral\u00e1shoz Zadarban, B\u00e9rl\u00e9s tulajdonost\u00f3l - A legjobb \u00e1rak.","breadcrumb":{"@id":"https:\/\/zadarapartments.com\/apartments-zadar-croatia-holiday-rentals\/#breadcrumb"},"inLanguage":"hu","potentialAction":[{"@type":"ReadAction","target":["https:\/\/zadarapartments.com\/apartments-zadar-croatia-holiday-rentals\/"]}]},{"@type":"BreadcrumbList","@id":"https:\/\/zadarapartments.com\/apartments-zadar-croatia-holiday-rentals\/#breadcrumb","itemListElement":[{"@type":"ListItem","position":1,"name":"Home","item":"https:\/\/zadarapartments.com\/"},{"@type":"ListItem","position":2,"name":"Apartments Zadar Croatia"}]},{"@type":"WebSite","@id":"https:\/\/zadarapartments.com\/#website","url":"https:\/\/zadarapartments.com\/","name":"Nyaral\u00f3 apartmanok Zadar, Horv\u00e1torsz\u00e1g, luxus, kedvez\u0151 \u00e1r\u00fa, v\u00e1rosi vagy tengerparti","description":"Nyaral\u00f3 b\u00e9rl\u00e9s Zadarban, Horv\u00e1torsz\u00e1g, luxus, olcs\u00f3, v\u00e1ros, tengerparti nyaral\u00f3k tulajdonosokt\u00f3l","publisher":{"@id":"https:\/\/zadarapartments.com\/#organization"},"potentialAction":[{"@type":"SearchAction","target":{"@type":"EntryPoint","urlTemplate":"https:\/\/zadarapartments.com\/?s={search_term_string}"},"query-input":{"@type":"PropertyValueSpecification","valueRequired":true,"valueName":"search_term_string"}}],"inLanguage":"hu"},{"@type":"Organization","@id":"https:\/\/zadarapartments.com\/#organization","name":"ZadarApartments.com","url":"https:\/\/zadarapartments.com\/","logo":{"@type":"ImageObject","inLanguage":"hu","@id":"https:\/\/zadarapartments.com\/#\/schema\/logo\/image\/","url":"https:\/\/zadarapartments.com\/wp-content\/uploads\/2018\/09\/logo-new.png","contentUrl":"https:\/\/zadarapartments.com\/wp-content\/uploads\/2018\/09\/logo-new.png","width":300,"height":38,"caption":"ZadarApartments.com"},"image":{"@id":"https:\/\/zadarapartments.com\/#\/schema\/logo\/image\/"}}]}},"_links":{"self":[{"href":"https:\/\/zadarapartments.com\/hu\/wp-json\/wp\/v2\/pages\/19539","targetHints":{"allow":["GET"]}}],"collection":[{"href":"https:\/\/zadarapartments.com\/hu\/wp-json\/wp\/v2\/pages"}],"about":[{"href":"https:\/\/zadarapartments.com\/hu\/wp-json\/wp\/v2\/types\/page"}],"author":[{"embeddable":true,"href":"https:\/\/zadarapartments.com\/hu\/wp-json\/wp\/v2\/users\/1"}],"replies":[{"embeddable":true,"href":"https:\/\/zadarapartments.com\/hu\/wp-json\/wp\/v2\/comments?post=19539"}],"version-history":[{"count":10,"href":"https:\/\/zadarapartments.com\/hu\/wp-json\/wp\/v2\/pages\/19539\/revisions"}],"predecessor-version":[{"id":21360,"href":"https:\/\/zadarapartments.com\/hu\/wp-json\/wp\/v2\/pages\/19539\/revisions\/21360"}],"wp:attachment":[{"href":"https:\/\/zadarapartments.com\/hu\/wp-json\/wp\/v2\/media?parent=19539"}],"curies":[{"name":"wp","href":"https:\/\/api.w.org\/{rel}","templated":true}]}}