{"id":19518,"date":"2020-04-27T00:41:22","date_gmt":"2020-04-26T22:41:22","guid":{"rendered":"https:\/\/zadarapartments.com\/?page_id=19518"},"modified":"2025-08-24T20:00:55","modified_gmt":"2025-08-24T18:00:55","slug":"luxus-apartmanok-zadar-horvatorszag","status":"publish","type":"page","link":"https:\/\/zadarapartments.com\/hu\/luxus-apartmanok-zadar-horvatorszag\/","title":{"rendered":"Luxus apartmanok Zadar Horv\u00e1torsz\u00e1g"},"content":{"rendered":"<h1 style=\"color: #1060f0;\"><em> Luxus apartmanok Zadar Horv\u00e1torsz\u00e1g <\/em><\/h1>\n<p style=\"line-height: 22px;\">\n<strong>Nyaral\u00e1s luxus <a href=\"https:\/\/zadarapartments.com\/hu\/\"><span style=\"color: #505050;\"> Zadar Apartmanok <\/span><\/a>, Horv\u00e1torsz\u00e1g<\/strong>, a legjobb modern diz\u00e1jn medenc\u00e9vel, az alapvet\u0151 k\u00f6vetelm\u00e9nyeket meghalad\u00f3 k\u00e9nyelem, szolg\u00e1ltat\u00e1s \u00e9s felszerelts\u00e9g legmagasabb szintje, amely kifinomult \u00e9lm\u00e9nyt ny\u00fajt t\u00e1gas elrendez\u00e9ssel \u00e9s pr\u00e9mium kivitelez\u00e9ssel, cs\u00facskateg\u00f3ri\u00e1s k\u00e9sz\u00fcl\u00e9kekkel, intelligens otthoni funkci\u00f3kkal \u00e9s kiv\u00e1l\u00f3 elhelyezked\u00e9ssel: a v\u00e1rosk\u00f6zpontban, a tengerparton, tengerre n\u00e9z\u0151 kil\u00e1t\u00e1ssal. \n<\/p>\n<p style=\"line-height: 22px;\">\nA horv\u00e1torsz\u00e1gi Zadarban tal\u00e1lhat\u00f3 luxusapartmanok mind arr\u00f3l sz\u00f3lnak, hogy \u00d6n, csal\u00e1dja \u00e9s bar\u00e1tai t\u00f6k\u00e9letes \u00e9s felejthetetlen exkluz\u00edv \u00e9lm\u00e9nyben r\u00e9szes\u00fcljenek, \u00e9s az alapokon t\u00falmutatva a legjobb szolg\u00e1ltat\u00e1sok, k\u00e9nyelem \u00e9s exkluzivit\u00e1s vil\u00e1g\u00e1ba l\u00e9pjenek.\n<\/p>\n<p style=\"line-height: 22px; margin-bottom: 30px;\">\n\u00c9lvezze l\u00e1togat\u00e1s\u00e1t a Zadar Luxury Apartments-ban. A vend\u00e9gek n\u00e9h\u00e1ny ingyenes el\u0151nyt, mint p\u00e9ld\u00e1ul WiFi \u00e9s parkol\u00f3, modern t\u00e1gas t\u00e9r, napoz\u00f3terasz, kert, medence, fitness, pezsg\u0151f\u00fcrd\u0151, szauna, grill, l\u00e9gkondicion\u00e1l\u00f3, intelligens lapos TV, \u00e1llatbar\u00e1t \u00e9s t\u00f6bb kiemeli, <a href=\"https:\/\/villascroatia.com\/villas-zadar-croatia\" target=\"_blank\"><span style=\"color: #505050;\" > luxus sz\u00e1ll\u00e1s Zadarban <\/span><\/a>- <strong> Kiad\u00f3 tulajdonost\u00f3l - A legjobb b\u00e9rleti d\u00edjak!<\/strong>\n<\/p>\n\n\n<p><\/p>","protected":false},"excerpt":{"rendered":"Luxury Apartments Zadar Croatia Holiday Luxury Zadar Apartments , Croatia, best modern design with pool, top level of comfort, service, &#8230;","protected":false},"author":1,"featured_media":0,"parent":0,"menu_order":0,"comment_status":"closed","ping_status":"closed","template":"property_list_half.php","meta":{"footnotes":""},"class_list":["post-19518","page","type-page","status-publish","hentry"],"yoast_head":"<!-- This site is optimized with the Yoast SEO plugin v27.4 - https:\/\/yoast.com\/product\/yoast-seo-wordpress\/ -->\n<title>Luxury Apartments Zadar Croatia for rent - ZadarApartments.com<\/title>\n<meta name=\"description\" content=\"Holiday Zadar Luxury Apartments , Croatia, best modern design with pool, top comfort, service, city center, by the sea - Rent by owner.\" \/>\n<meta name=\"robots\" content=\"index, follow, max-snippet:-1, max-image-preview:large, max-video-preview:-1\" \/>\n<link rel=\"canonical\" href=\"https:\/\/zadarapartments.com\/hu\/luxus-apartmanok-zadar-horvatorszag\/\" \/>\n<meta property=\"og:locale\" content=\"hu_HU\" \/>\n<meta property=\"og:type\" content=\"article\" \/>\n<meta property=\"og:title\" content=\"Luxury Apartments Zadar Croatia for rent - ZadarApartments.com\" \/>\n<meta property=\"og:description\" content=\"Holiday Zadar Luxury Apartments , Croatia, best modern design with pool, top comfort, service, city center, by the sea - Rent by owner.\" \/>\n<meta property=\"og:url\" content=\"https:\/\/zadarapartments.com\/hu\/luxus-apartmanok-zadar-horvatorszag\/\" \/>\n<meta property=\"og:site_name\" content=\"Holiday Apartments Zadar Croatia, Luxury, Budget, City or Beach\" \/>\n<meta property=\"article:modified_time\" content=\"2025-08-24T18:00:55+00:00\" \/>\n<meta name=\"twitter:card\" content=\"summary_large_image\" \/>\n<meta name=\"twitter:label1\" content=\"Becs\u00fclt olvas\u00e1si id\u0151\" \/>\n\t<meta name=\"twitter:data1\" content=\"1 perc\" \/>\n<script type=\"application\/ld+json\" class=\"yoast-schema-graph\">{\"@context\":\"https:\\\/\\\/schema.org\",\"@graph\":[{\"@type\":\"WebPage\",\"@id\":\"https:\\\/\\\/zadarapartments.com\\\/luxury-apartments-zadar-croatia\\\/\",\"url\":\"https:\\\/\\\/zadarapartments.com\\\/luxury-apartments-zadar-croatia\\\/\",\"name\":\"Luxury Apartments Zadar Croatia for rent - ZadarApartments.com\",\"isPartOf\":{\"@id\":\"https:\\\/\\\/zadarapartments.com\\\/#website\"},\"datePublished\":\"2020-04-26T22:41:22+00:00\",\"dateModified\":\"2025-08-24T18:00:55+00:00\",\"description\":\"Holiday Zadar Luxury Apartments , Croatia, best modern design with pool, top comfort, service, city center, by the sea - Rent by owner.\",\"breadcrumb\":{\"@id\":\"https:\\\/\\\/zadarapartments.com\\\/luxury-apartments-zadar-croatia\\\/#breadcrumb\"},\"inLanguage\":\"hu\",\"potentialAction\":[{\"@type\":\"ReadAction\",\"target\":[\"https:\\\/\\\/zadarapartments.com\\\/luxury-apartments-zadar-croatia\\\/\"]}]},{\"@type\":\"BreadcrumbList\",\"@id\":\"https:\\\/\\\/zadarapartments.com\\\/luxury-apartments-zadar-croatia\\\/#breadcrumb\",\"itemListElement\":[{\"@type\":\"ListItem\",\"position\":1,\"name\":\"Home\",\"item\":\"https:\\\/\\\/zadarapartments.com\\\/\"},{\"@type\":\"ListItem\",\"position\":2,\"name\":\"Luxury Apartments Zadar Croatia\"}]},{\"@type\":\"WebSite\",\"@id\":\"https:\\\/\\\/zadarapartments.com\\\/#website\",\"url\":\"https:\\\/\\\/zadarapartments.com\\\/\",\"name\":\"Holiday Apartments Zadar, Croatia, Luxury, Budget, City or Beach\",\"description\":\"Rent Holiday Apartment in Zadar, Croatia, Luxury, Cheap, City, Beach Vacation Rentals by Owner\",\"publisher\":{\"@id\":\"https:\\\/\\\/zadarapartments.com\\\/#organization\"},\"potentialAction\":[{\"@type\":\"SearchAction\",\"target\":{\"@type\":\"EntryPoint\",\"urlTemplate\":\"https:\\\/\\\/zadarapartments.com\\\/?s={search_term_string}\"},\"query-input\":{\"@type\":\"PropertyValueSpecification\",\"valueRequired\":true,\"valueName\":\"search_term_string\"}}],\"inLanguage\":\"hu\"},{\"@type\":\"Organization\",\"@id\":\"https:\\\/\\\/zadarapartments.com\\\/#organization\",\"name\":\"ZadarApartments.com\",\"url\":\"https:\\\/\\\/zadarapartments.com\\\/\",\"logo\":{\"@type\":\"ImageObject\",\"inLanguage\":\"hu\",\"@id\":\"https:\\\/\\\/zadarapartments.com\\\/#\\\/schema\\\/logo\\\/image\\\/\",\"url\":\"https:\\\/\\\/zadarapartments.com\\\/wp-content\\\/uploads\\\/2018\\\/09\\\/logo-new.png\",\"contentUrl\":\"https:\\\/\\\/zadarapartments.com\\\/wp-content\\\/uploads\\\/2018\\\/09\\\/logo-new.png\",\"width\":300,\"height\":38,\"caption\":\"ZadarApartments.com\"},\"image\":{\"@id\":\"https:\\\/\\\/zadarapartments.com\\\/#\\\/schema\\\/logo\\\/image\\\/\"}}]}<\/script>\n<!-- \/ Yoast SEO plugin. -->","yoast_head_json":{"title":"Luxus apartmanok Zadar Horv\u00e1torsz\u00e1gban kiad\u00f3 - ZadarApartments.com","description":"Nyaral\u00e1s Zadar luxus apartmanok , Horv\u00e1torsz\u00e1g, legjobb modern design medenc\u00e9vel, top k\u00e9nyelemmel, szolg\u00e1ltat\u00e1ssal, v\u00e1rosk\u00f6zpontban, a tengerparton - B\u00e9rl\u00e9s tulajdonost\u00f3l.","robots":{"index":"index","follow":"follow","max-snippet":"max-snippet:-1","max-image-preview":"max-image-preview:large","max-video-preview":"max-video-preview:-1"},"canonical":"https:\/\/zadarapartments.com\/hu\/luxus-apartmanok-zadar-horvatorszag\/","og_locale":"hu_HU","og_type":"article","og_title":"Luxury Apartments Zadar Croatia for rent - ZadarApartments.com","og_description":"Holiday Zadar Luxury Apartments , Croatia, best modern design with pool, top comfort, service, city center, by the sea - Rent by owner.","og_url":"https:\/\/zadarapartments.com\/hu\/luxus-apartmanok-zadar-horvatorszag\/","og_site_name":"Holiday Apartments Zadar Croatia, Luxury, Budget, City or Beach","article_modified_time":"2025-08-24T18:00:55+00:00","twitter_card":"summary_large_image","twitter_misc":{"Becs\u00fclt olvas\u00e1si id\u0151":"1 perc"},"schema":{"@context":"https:\/\/schema.org","@graph":[{"@type":"WebPage","@id":"https:\/\/zadarapartments.com\/luxury-apartments-zadar-croatia\/","url":"https:\/\/zadarapartments.com\/luxury-apartments-zadar-croatia\/","name":"Luxus apartmanok Zadar Horv\u00e1torsz\u00e1gban kiad\u00f3 - ZadarApartments.com","isPartOf":{"@id":"https:\/\/zadarapartments.com\/#website"},"datePublished":"2020-04-26T22:41:22+00:00","dateModified":"2025-08-24T18:00:55+00:00","description":"Nyaral\u00e1s Zadar luxus apartmanok , Horv\u00e1torsz\u00e1g, legjobb modern design medenc\u00e9vel, top k\u00e9nyelemmel, szolg\u00e1ltat\u00e1ssal, v\u00e1rosk\u00f6zpontban, a tengerparton - B\u00e9rl\u00e9s tulajdonost\u00f3l.","breadcrumb":{"@id":"https:\/\/zadarapartments.com\/luxury-apartments-zadar-croatia\/#breadcrumb"},"inLanguage":"hu","potentialAction":[{"@type":"ReadAction","target":["https:\/\/zadarapartments.com\/luxury-apartments-zadar-croatia\/"]}]},{"@type":"BreadcrumbList","@id":"https:\/\/zadarapartments.com\/luxury-apartments-zadar-croatia\/#breadcrumb","itemListElement":[{"@type":"ListItem","position":1,"name":"Home","item":"https:\/\/zadarapartments.com\/"},{"@type":"ListItem","position":2,"name":"Luxury Apartments Zadar Croatia"}]},{"@type":"WebSite","@id":"https:\/\/zadarapartments.com\/#website","url":"https:\/\/zadarapartments.com\/","name":"Nyaral\u00f3 apartmanok Zadar, Horv\u00e1torsz\u00e1g, luxus, kedvez\u0151 \u00e1r\u00fa, v\u00e1rosi vagy tengerparti","description":"Nyaral\u00f3 b\u00e9rl\u00e9s Zadarban, Horv\u00e1torsz\u00e1g, luxus, olcs\u00f3, v\u00e1ros, tengerparti nyaral\u00f3k tulajdonosokt\u00f3l","publisher":{"@id":"https:\/\/zadarapartments.com\/#organization"},"potentialAction":[{"@type":"SearchAction","target":{"@type":"EntryPoint","urlTemplate":"https:\/\/zadarapartments.com\/?s={search_term_string}"},"query-input":{"@type":"PropertyValueSpecification","valueRequired":true,"valueName":"search_term_string"}}],"inLanguage":"hu"},{"@type":"Organization","@id":"https:\/\/zadarapartments.com\/#organization","name":"ZadarApartments.com","url":"https:\/\/zadarapartments.com\/","logo":{"@type":"ImageObject","inLanguage":"hu","@id":"https:\/\/zadarapartments.com\/#\/schema\/logo\/image\/","url":"https:\/\/zadarapartments.com\/wp-content\/uploads\/2018\/09\/logo-new.png","contentUrl":"https:\/\/zadarapartments.com\/wp-content\/uploads\/2018\/09\/logo-new.png","width":300,"height":38,"caption":"ZadarApartments.com"},"image":{"@id":"https:\/\/zadarapartments.com\/#\/schema\/logo\/image\/"}}]}},"_links":{"self":[{"href":"https:\/\/zadarapartments.com\/hu\/wp-json\/wp\/v2\/pages\/19518","targetHints":{"allow":["GET"]}}],"collection":[{"href":"https:\/\/zadarapartments.com\/hu\/wp-json\/wp\/v2\/pages"}],"about":[{"href":"https:\/\/zadarapartments.com\/hu\/wp-json\/wp\/v2\/types\/page"}],"author":[{"embeddable":true,"href":"https:\/\/zadarapartments.com\/hu\/wp-json\/wp\/v2\/users\/1"}],"replies":[{"embeddable":true,"href":"https:\/\/zadarapartments.com\/hu\/wp-json\/wp\/v2\/comments?post=19518"}],"version-history":[{"count":9,"href":"https:\/\/zadarapartments.com\/hu\/wp-json\/wp\/v2\/pages\/19518\/revisions"}],"predecessor-version":[{"id":21103,"href":"https:\/\/zadarapartments.com\/hu\/wp-json\/wp\/v2\/pages\/19518\/revisions\/21103"}],"wp:attachment":[{"href":"https:\/\/zadarapartments.com\/hu\/wp-json\/wp\/v2\/media?parent=19518"}],"curies":[{"name":"wp","href":"https:\/\/api.w.org\/{rel}","templated":true}]}}