{"id":19513,"date":"2020-04-27T00:23:46","date_gmt":"2020-04-26T22:23:46","guid":{"rendered":"https:\/\/zadarapartments.com\/?page_id=19513"},"modified":"2025-10-12T23:57:42","modified_gmt":"2025-10-12T21:57:42","slug":"uduloapartmanok-zadar-horvatorszag","status":"publish","type":"page","link":"https:\/\/zadarapartments.com\/hu\/uduloapartmanok-zadar-horvatorszag\/","title":{"rendered":"Apartmanok Zadar Horv\u00e1torsz\u00e1g"},"content":{"rendered":"<h1 style=\"color: #1060f0;\"><em> Apartmanok Zadar Horv\u00e1torsz\u00e1g <\/em><\/h1>\n<p style=\"line-height: 22px;\">\n<strong>Nyaral\u00e1s <a href=\"https:\/\/zadarapartments.com\/hu\/\"><span style=\"color: #505050;\">Zadar Apartmanok<\/span><\/a>, Horv\u00e1torsz\u00e1g<\/strong>, a luxus nyaral\u00f3kt\u00f3l az olcs\u00f3 st\u00fadi\u00f3kig, amelyek a v\u00e1rosk\u00f6zpontban vagy a tengerparton \u00e9s a tengerparton tal\u00e1lhat\u00f3k, priv\u00e1t nyaral\u00f3h\u00e1zak medenc\u00e9vel \u00e9s tengerre n\u00e9z\u0151, \u00f6nell\u00e1t\u00f3, h\u00e1zi\u00e1llatbar\u00e1t \u00e9s m\u00e9g sok m\u00e1s. Kiad\u00f3 Zadar apartman 1 h\u00e1l\u00f3szob\u00e1s, 2 h\u00e1l\u00f3szob\u00e1s, 3 h\u00e1l\u00f3szob\u00e1s vagy st\u00fadi\u00f3 apartman.  \n<\/p>\n<p style=\"line-height: 22px;\">\nA horv\u00e1torsz\u00e1gi Zadarban tal\u00e1lhat\u00f3 nyaral\u00f3 apartmanok mind arr\u00f3l sz\u00f3lnak, hogy t\u00f6k\u00e9letes \u00e9s felejthetetlen \u00e9lm\u00e9nyben r\u00e9szes\u00edtse mag\u00e1t, csal\u00e1dj\u00e1t \u00e9s bar\u00e1tait. Az \u00d6n nyaral\u00f3h\u00e1za Zadar l\u00e1tnival\u00f3inak, tev\u00e9kenys\u00e9geinek \u00e9s sz\u00f3rakoz\u00e1si lehet\u0151s\u00e9geinek felfedez\u00e9s\u00e9hez.\n<\/p>\n<p style=\"line-height: 22px; margin-bottom: 30px;\">\n\u00c9lvezze a Zadarban tett l\u00e1togat\u00e1s\u00e1t a Zadar Holiday Apartments-ban. A vend\u00e9gek n\u00e9h\u00e1ny ingyenes el\u0151nyt, mint p\u00e9ld\u00e1ul WiFi \u00e9s parkol\u00f3, napoz\u00f3terasz, kert, medence, fitness, pezsg\u0151f\u00fcrd\u0151, szauna, grill, l\u00e9gkondicion\u00e1l\u00f3, intelligens lapos TV, \u00e1llatbar\u00e1t \u00e9s t\u00f6bb kiemeli vagy \u00e9lvezze <a href=\"https:\/\/villascroatia.com\/villas-zadar-croatia\" target=\"_blank\"><span style=\"color: #505050;\" > luxus sz\u00e1ll\u00e1s Zadarban <\/span><\/a> - <strong>Kiad\u00f3 tulajdonost\u00f3l - A legjobb b\u00e9rleti d\u00edjak!<\/strong>\n<\/p>\n\n\n\n<p><\/p>","protected":false},"excerpt":{"rendered":"Holiday Apartments Zadar Croatia Holiday Zadar Apartments, Croatia, from luxury holiday homes to low cost studios, located in the city &#8230;","protected":false},"author":1,"featured_media":0,"parent":0,"menu_order":0,"comment_status":"closed","ping_status":"closed","template":"property_list_half.php","meta":{"footnotes":""},"class_list":["post-19513","page","type-page","status-publish","hentry"],"yoast_head":"<!-- This site is optimized with the Yoast SEO plugin v27.4 - https:\/\/yoast.com\/product\/yoast-seo-wordpress\/ -->\n<title>Holiday Apartments Zadar Croatia for rent - ZadarApartments.com<\/title>\n<meta name=\"description\" content=\"Holiday Apartments Zadar, Croatia, luxury to low cost, center or beach getaway, private vacation rentals with pool, sea view, 1-3 bedrooms.\" \/>\n<meta name=\"robots\" content=\"index, follow, max-snippet:-1, max-image-preview:large, max-video-preview:-1\" \/>\n<link rel=\"canonical\" href=\"https:\/\/zadarapartments.com\/hu\/uduloapartmanok-zadar-horvatorszag\/\" \/>\n<meta property=\"og:locale\" content=\"hu_HU\" \/>\n<meta property=\"og:type\" content=\"article\" \/>\n<meta property=\"og:title\" content=\"Holiday Apartments Zadar Croatia for rent - ZadarApartments.com\" \/>\n<meta property=\"og:description\" content=\"Holiday Apartments Zadar, Croatia, luxury to low cost, center or beach getaway, private vacation rentals with pool, sea view, 1-3 bedrooms.\" \/>\n<meta property=\"og:url\" content=\"https:\/\/zadarapartments.com\/hu\/uduloapartmanok-zadar-horvatorszag\/\" \/>\n<meta property=\"og:site_name\" content=\"Holiday Apartments Zadar Croatia, Luxury, Budget, City or Beach\" \/>\n<meta property=\"article:modified_time\" content=\"2025-10-12T21:57:42+00:00\" \/>\n<meta name=\"twitter:card\" content=\"summary_large_image\" \/>\n<meta name=\"twitter:label1\" content=\"Becs\u00fclt olvas\u00e1si id\u0151\" \/>\n\t<meta name=\"twitter:data1\" content=\"1 perc\" \/>\n<script type=\"application\/ld+json\" class=\"yoast-schema-graph\">{\"@context\":\"https:\\\/\\\/schema.org\",\"@graph\":[{\"@type\":\"WebPage\",\"@id\":\"https:\\\/\\\/zadarapartments.com\\\/holiday-apartments-zadar-croatia\\\/\",\"url\":\"https:\\\/\\\/zadarapartments.com\\\/holiday-apartments-zadar-croatia\\\/\",\"name\":\"Holiday Apartments Zadar Croatia for rent - ZadarApartments.com\",\"isPartOf\":{\"@id\":\"https:\\\/\\\/zadarapartments.com\\\/#website\"},\"datePublished\":\"2020-04-26T22:23:46+00:00\",\"dateModified\":\"2025-10-12T21:57:42+00:00\",\"description\":\"Holiday Apartments Zadar, Croatia, luxury to low cost, center or beach getaway, private vacation rentals with pool, sea view, 1-3 bedrooms.\",\"breadcrumb\":{\"@id\":\"https:\\\/\\\/zadarapartments.com\\\/holiday-apartments-zadar-croatia\\\/#breadcrumb\"},\"inLanguage\":\"hu\",\"potentialAction\":[{\"@type\":\"ReadAction\",\"target\":[\"https:\\\/\\\/zadarapartments.com\\\/holiday-apartments-zadar-croatia\\\/\"]}]},{\"@type\":\"BreadcrumbList\",\"@id\":\"https:\\\/\\\/zadarapartments.com\\\/holiday-apartments-zadar-croatia\\\/#breadcrumb\",\"itemListElement\":[{\"@type\":\"ListItem\",\"position\":1,\"name\":\"Home\",\"item\":\"https:\\\/\\\/zadarapartments.com\\\/\"},{\"@type\":\"ListItem\",\"position\":2,\"name\":\"Holiday Apartments Zadar Croatia\"}]},{\"@type\":\"WebSite\",\"@id\":\"https:\\\/\\\/zadarapartments.com\\\/#website\",\"url\":\"https:\\\/\\\/zadarapartments.com\\\/\",\"name\":\"Holiday Apartments Zadar, Croatia, Luxury, Budget, City or Beach\",\"description\":\"Rent Holiday Apartment in Zadar, Croatia, Luxury, Cheap, City, Beach Vacation Rentals by Owner\",\"publisher\":{\"@id\":\"https:\\\/\\\/zadarapartments.com\\\/#organization\"},\"potentialAction\":[{\"@type\":\"SearchAction\",\"target\":{\"@type\":\"EntryPoint\",\"urlTemplate\":\"https:\\\/\\\/zadarapartments.com\\\/?s={search_term_string}\"},\"query-input\":{\"@type\":\"PropertyValueSpecification\",\"valueRequired\":true,\"valueName\":\"search_term_string\"}}],\"inLanguage\":\"hu\"},{\"@type\":\"Organization\",\"@id\":\"https:\\\/\\\/zadarapartments.com\\\/#organization\",\"name\":\"ZadarApartments.com\",\"url\":\"https:\\\/\\\/zadarapartments.com\\\/\",\"logo\":{\"@type\":\"ImageObject\",\"inLanguage\":\"hu\",\"@id\":\"https:\\\/\\\/zadarapartments.com\\\/#\\\/schema\\\/logo\\\/image\\\/\",\"url\":\"https:\\\/\\\/zadarapartments.com\\\/wp-content\\\/uploads\\\/2018\\\/09\\\/logo-new.png\",\"contentUrl\":\"https:\\\/\\\/zadarapartments.com\\\/wp-content\\\/uploads\\\/2018\\\/09\\\/logo-new.png\",\"width\":300,\"height\":38,\"caption\":\"ZadarApartments.com\"},\"image\":{\"@id\":\"https:\\\/\\\/zadarapartments.com\\\/#\\\/schema\\\/logo\\\/image\\\/\"}}]}<\/script>\n<!-- \/ Yoast SEO plugin. -->","yoast_head_json":{"title":"Kiad\u00f3 apartmanok Zadar Horv\u00e1torsz\u00e1gban - ZadarApartments.com","description":"Apartmanok Zadar, Horv\u00e1torsz\u00e1g, luxus \u00e9s olcs\u00f3, k\u00f6zpont vagy tengerparti \u00fcd\u00fcl\u00e9s, priv\u00e1t nyaral\u00f3h\u00e1zak medenc\u00e9vel, tengerre n\u00e9z\u0151, 1-3 h\u00e1l\u00f3szoba.","robots":{"index":"index","follow":"follow","max-snippet":"max-snippet:-1","max-image-preview":"max-image-preview:large","max-video-preview":"max-video-preview:-1"},"canonical":"https:\/\/zadarapartments.com\/hu\/uduloapartmanok-zadar-horvatorszag\/","og_locale":"hu_HU","og_type":"article","og_title":"Holiday Apartments Zadar Croatia for rent - ZadarApartments.com","og_description":"Holiday Apartments Zadar, Croatia, luxury to low cost, center or beach getaway, private vacation rentals with pool, sea view, 1-3 bedrooms.","og_url":"https:\/\/zadarapartments.com\/hu\/uduloapartmanok-zadar-horvatorszag\/","og_site_name":"Holiday Apartments Zadar Croatia, Luxury, Budget, City or Beach","article_modified_time":"2025-10-12T21:57:42+00:00","twitter_card":"summary_large_image","twitter_misc":{"Becs\u00fclt olvas\u00e1si id\u0151":"1 perc"},"schema":{"@context":"https:\/\/schema.org","@graph":[{"@type":"WebPage","@id":"https:\/\/zadarapartments.com\/holiday-apartments-zadar-croatia\/","url":"https:\/\/zadarapartments.com\/holiday-apartments-zadar-croatia\/","name":"Kiad\u00f3 apartmanok Zadar Horv\u00e1torsz\u00e1gban - ZadarApartments.com","isPartOf":{"@id":"https:\/\/zadarapartments.com\/#website"},"datePublished":"2020-04-26T22:23:46+00:00","dateModified":"2025-10-12T21:57:42+00:00","description":"Apartmanok Zadar, Horv\u00e1torsz\u00e1g, luxus \u00e9s olcs\u00f3, k\u00f6zpont vagy tengerparti \u00fcd\u00fcl\u00e9s, priv\u00e1t nyaral\u00f3h\u00e1zak medenc\u00e9vel, tengerre n\u00e9z\u0151, 1-3 h\u00e1l\u00f3szoba.","breadcrumb":{"@id":"https:\/\/zadarapartments.com\/holiday-apartments-zadar-croatia\/#breadcrumb"},"inLanguage":"hu","potentialAction":[{"@type":"ReadAction","target":["https:\/\/zadarapartments.com\/holiday-apartments-zadar-croatia\/"]}]},{"@type":"BreadcrumbList","@id":"https:\/\/zadarapartments.com\/holiday-apartments-zadar-croatia\/#breadcrumb","itemListElement":[{"@type":"ListItem","position":1,"name":"Home","item":"https:\/\/zadarapartments.com\/"},{"@type":"ListItem","position":2,"name":"Holiday Apartments Zadar Croatia"}]},{"@type":"WebSite","@id":"https:\/\/zadarapartments.com\/#website","url":"https:\/\/zadarapartments.com\/","name":"Nyaral\u00f3 apartmanok Zadar, Horv\u00e1torsz\u00e1g, luxus, kedvez\u0151 \u00e1r\u00fa, v\u00e1rosi vagy tengerparti","description":"Nyaral\u00f3 b\u00e9rl\u00e9s Zadarban, Horv\u00e1torsz\u00e1g, luxus, olcs\u00f3, v\u00e1ros, tengerparti nyaral\u00f3k tulajdonosokt\u00f3l","publisher":{"@id":"https:\/\/zadarapartments.com\/#organization"},"potentialAction":[{"@type":"SearchAction","target":{"@type":"EntryPoint","urlTemplate":"https:\/\/zadarapartments.com\/?s={search_term_string}"},"query-input":{"@type":"PropertyValueSpecification","valueRequired":true,"valueName":"search_term_string"}}],"inLanguage":"hu"},{"@type":"Organization","@id":"https:\/\/zadarapartments.com\/#organization","name":"ZadarApartments.com","url":"https:\/\/zadarapartments.com\/","logo":{"@type":"ImageObject","inLanguage":"hu","@id":"https:\/\/zadarapartments.com\/#\/schema\/logo\/image\/","url":"https:\/\/zadarapartments.com\/wp-content\/uploads\/2018\/09\/logo-new.png","contentUrl":"https:\/\/zadarapartments.com\/wp-content\/uploads\/2018\/09\/logo-new.png","width":300,"height":38,"caption":"ZadarApartments.com"},"image":{"@id":"https:\/\/zadarapartments.com\/#\/schema\/logo\/image\/"}}]}},"_links":{"self":[{"href":"https:\/\/zadarapartments.com\/hu\/wp-json\/wp\/v2\/pages\/19513","targetHints":{"allow":["GET"]}}],"collection":[{"href":"https:\/\/zadarapartments.com\/hu\/wp-json\/wp\/v2\/pages"}],"about":[{"href":"https:\/\/zadarapartments.com\/hu\/wp-json\/wp\/v2\/types\/page"}],"author":[{"embeddable":true,"href":"https:\/\/zadarapartments.com\/hu\/wp-json\/wp\/v2\/users\/1"}],"replies":[{"embeddable":true,"href":"https:\/\/zadarapartments.com\/hu\/wp-json\/wp\/v2\/comments?post=19513"}],"version-history":[{"count":6,"href":"https:\/\/zadarapartments.com\/hu\/wp-json\/wp\/v2\/pages\/19513\/revisions"}],"predecessor-version":[{"id":21115,"href":"https:\/\/zadarapartments.com\/hu\/wp-json\/wp\/v2\/pages\/19513\/revisions\/21115"}],"wp:attachment":[{"href":"https:\/\/zadarapartments.com\/hu\/wp-json\/wp\/v2\/media?parent=19513"}],"curies":[{"name":"wp","href":"https:\/\/api.w.org\/{rel}","templated":true}]}}