{"id":19468,"date":"2020-04-25T00:00:10","date_gmt":"2020-04-24T22:00:10","guid":{"rendered":"https:\/\/zadarapartments.com\/?page_id=19468"},"modified":"2025-10-13T00:00:48","modified_gmt":"2025-10-12T22:00:48","slug":"olcso-apartmanok-zadar-horvatorszag","status":"publish","type":"page","link":"https:\/\/zadarapartments.com\/hu\/olcso-apartmanok-zadar-horvatorszag\/","title":{"rendered":"Megfizethet\u0151 olcs\u00f3 Zadar Apartmanok Horv\u00e1torsz\u00e1g"},"content":{"rendered":"<h1 style=\"color: #1060f0;\"><em> Megfizethet\u0151 olcs\u00f3 Zadar Apartmanok Horv\u00e1torsz\u00e1g <\/em><\/h1>\n<p style=\"line-height: 22px;\">\n<strong>Megfizethet\u0151 Olcs\u00f3 <a href=\"https:\/\/zadarapartments.com\/hu\/\"><span style=\"color: #505050;\">Zadar Apartmanok<\/span><\/a>, Horv\u00e1torsz\u00e1g<\/strong>, olcs\u00f3 nyaral\u00f3h\u00e1zak minden \u00edzl\u00e9snek \u00e9s k\u00f6lts\u00e9gvet\u00e9snek, megfizethet\u0151, tiszta, \u00f6nell\u00e1t\u00f3, min\u0151s\u00e9gi nyaral\u00f3k sz\u00e9les v\u00e1laszt\u00e9ka a k\u00f6vetkez\u0151 ny\u00e1ri csal\u00e1di \u00e9s bar\u00e1ti nyaral\u00e1shoz. K\u00edn\u00e1latunkb\u00f3l megtal\u00e1lhatja az \u00d6n ig\u00e9nyeinek megfelel\u0151 olcs\u00f3 apartmant, amely megfelel az \u00d6n k\u00f6lts\u00e9gvet\u00e9s\u00e9hez.\n<\/p>\n<p style=\"line-height: 22px;\">\nA horv\u00e1torsz\u00e1gi Zadarban tal\u00e1lhat\u00f3 olcs\u00f3 apartmanok mind arr\u00f3l sz\u00f3lnak, hogy \u00d6n, csal\u00e1dja \u00e9s bar\u00e1tai t\u00f6k\u00e9letes \u00e9s eml\u00e9kezetes \u00e9lm\u00e9nyben r\u00e9szes\u00fcljenek, \u00e9sszer\u0171 apartman \u00e1rakkal Zadarban, Horv\u00e1torsz\u00e1gban, megfizethet\u0151 \u00e1ron, a k\u00e9nyelem \u00e9s a min\u0151s\u00e9g kompromisszumai n\u00e9lk\u00fcl.\n<\/p>\n<p style=\"line-height: 22px; margin-bottom: 30px;\">\n\u00c9lvezze l\u00e1togat\u00e1s\u00e1t Zadarban a Zadar olcs\u00f3 olcs\u00f3 apartmanok. A vend\u00e9gek n\u00e9h\u00e1ny ingyenes el\u0151nyt, mint p\u00e9ld\u00e1ul WiFi \u00e9s parkol\u00f3, napoz\u00f3terasz, kert, fitness, grill, l\u00e9gkondicion\u00e1l\u00f3, intelligens lapos TV, \u00e1llatbar\u00e1t \u00e9s t\u00f6bb kiemeli - <strong>Kiad\u00f3 tulajdonost\u00f3l - A legjobb b\u00e9rleti d\u00edjak!<\/strong>\n<\/p>\n\n\n\n<p><\/p>","protected":false},"excerpt":{"rendered":"Affordable Cheap Zadar Apartments Croatia Affordable Cheap Zadar Apartments, Croatia, low cost vacation rentals for all tastes and budgets, a &#8230;","protected":false},"author":1,"featured_media":0,"parent":0,"menu_order":0,"comment_status":"closed","ping_status":"closed","template":"property_list_half.php","meta":{"footnotes":""},"class_list":["post-19468","page","type-page","status-publish","hentry"],"yoast_head":"<!-- This site is optimized with the Yoast SEO plugin v27.4 - https:\/\/yoast.com\/product\/yoast-seo-wordpress\/ -->\n<title>Affordable Cheap Zadar Apartments Croatia- ZadarApartments.com<\/title>\n<meta name=\"description\" content=\"Rent Affordable Cheap Zadar Apartments Croatia, low cost vacation rentals for all tastes and budgets, booking budget Zadar apartments.\" \/>\n<meta name=\"robots\" content=\"index, follow, max-snippet:-1, max-image-preview:large, max-video-preview:-1\" \/>\n<link rel=\"canonical\" href=\"https:\/\/zadarapartments.com\/hu\/olcso-apartmanok-zadar-horvatorszag\/\" \/>\n<meta property=\"og:locale\" content=\"hu_HU\" \/>\n<meta property=\"og:type\" content=\"article\" \/>\n<meta property=\"og:title\" content=\"Affordable Cheap Zadar Apartments Croatia- ZadarApartments.com\" \/>\n<meta property=\"og:description\" content=\"Rent Affordable Cheap Zadar Apartments Croatia, low cost vacation rentals for all tastes and budgets, booking budget Zadar apartments.\" \/>\n<meta property=\"og:url\" content=\"https:\/\/zadarapartments.com\/hu\/olcso-apartmanok-zadar-horvatorszag\/\" \/>\n<meta property=\"og:site_name\" content=\"Holiday Apartments Zadar Croatia, Luxury, Budget, City or Beach\" \/>\n<meta property=\"article:modified_time\" content=\"2025-10-12T22:00:48+00:00\" \/>\n<meta name=\"twitter:card\" content=\"summary_large_image\" \/>\n<meta name=\"twitter:label1\" content=\"Becs\u00fclt olvas\u00e1si id\u0151\" \/>\n\t<meta name=\"twitter:data1\" content=\"1 perc\" \/>\n<script type=\"application\/ld+json\" class=\"yoast-schema-graph\">{\"@context\":\"https:\\\/\\\/schema.org\",\"@graph\":[{\"@type\":\"WebPage\",\"@id\":\"https:\\\/\\\/zadarapartments.com\\\/cheap-apartments-zadar-croatia\\\/\",\"url\":\"https:\\\/\\\/zadarapartments.com\\\/cheap-apartments-zadar-croatia\\\/\",\"name\":\"Affordable Cheap Zadar Apartments Croatia- ZadarApartments.com\",\"isPartOf\":{\"@id\":\"https:\\\/\\\/zadarapartments.com\\\/#website\"},\"datePublished\":\"2020-04-24T22:00:10+00:00\",\"dateModified\":\"2025-10-12T22:00:48+00:00\",\"description\":\"Rent Affordable Cheap Zadar Apartments Croatia, low cost vacation rentals for all tastes and budgets, booking budget Zadar apartments.\",\"breadcrumb\":{\"@id\":\"https:\\\/\\\/zadarapartments.com\\\/cheap-apartments-zadar-croatia\\\/#breadcrumb\"},\"inLanguage\":\"hu\",\"potentialAction\":[{\"@type\":\"ReadAction\",\"target\":[\"https:\\\/\\\/zadarapartments.com\\\/cheap-apartments-zadar-croatia\\\/\"]}]},{\"@type\":\"BreadcrumbList\",\"@id\":\"https:\\\/\\\/zadarapartments.com\\\/cheap-apartments-zadar-croatia\\\/#breadcrumb\",\"itemListElement\":[{\"@type\":\"ListItem\",\"position\":1,\"name\":\"Home\",\"item\":\"https:\\\/\\\/zadarapartments.com\\\/\"},{\"@type\":\"ListItem\",\"position\":2,\"name\":\"Affordable Cheap Zadar Apartments Croatia\"}]},{\"@type\":\"WebSite\",\"@id\":\"https:\\\/\\\/zadarapartments.com\\\/#website\",\"url\":\"https:\\\/\\\/zadarapartments.com\\\/\",\"name\":\"Holiday Apartments Zadar, Croatia, Luxury, Budget, City or Beach\",\"description\":\"Rent Holiday Apartment in Zadar, Croatia, Luxury, Cheap, City, Beach Vacation Rentals by Owner\",\"publisher\":{\"@id\":\"https:\\\/\\\/zadarapartments.com\\\/#organization\"},\"potentialAction\":[{\"@type\":\"SearchAction\",\"target\":{\"@type\":\"EntryPoint\",\"urlTemplate\":\"https:\\\/\\\/zadarapartments.com\\\/?s={search_term_string}\"},\"query-input\":{\"@type\":\"PropertyValueSpecification\",\"valueRequired\":true,\"valueName\":\"search_term_string\"}}],\"inLanguage\":\"hu\"},{\"@type\":\"Organization\",\"@id\":\"https:\\\/\\\/zadarapartments.com\\\/#organization\",\"name\":\"ZadarApartments.com\",\"url\":\"https:\\\/\\\/zadarapartments.com\\\/\",\"logo\":{\"@type\":\"ImageObject\",\"inLanguage\":\"hu\",\"@id\":\"https:\\\/\\\/zadarapartments.com\\\/#\\\/schema\\\/logo\\\/image\\\/\",\"url\":\"https:\\\/\\\/zadarapartments.com\\\/wp-content\\\/uploads\\\/2018\\\/09\\\/logo-new.png\",\"contentUrl\":\"https:\\\/\\\/zadarapartments.com\\\/wp-content\\\/uploads\\\/2018\\\/09\\\/logo-new.png\",\"width\":300,\"height\":38,\"caption\":\"ZadarApartments.com\"},\"image\":{\"@id\":\"https:\\\/\\\/zadarapartments.com\\\/#\\\/schema\\\/logo\\\/image\\\/\"}}]}<\/script>\n<!-- \/ Yoast SEO plugin. -->","yoast_head_json":{"title":"Megfizethet\u0151 olcs\u00f3 Zadar Apartmanok Horv\u00e1torsz\u00e1g- ZadarApartments.com","description":"B\u00e9relhet\u0151 olcs\u00f3 Zadar Apartmanok Horv\u00e1torsz\u00e1g, olcs\u00f3 nyaral\u00e1s minden \u00edzl\u00e9snek \u00e9s k\u00f6lts\u00e9gvet\u00e9snek, olcs\u00f3 Zadar apartmanok foglal\u00e1sa.","robots":{"index":"index","follow":"follow","max-snippet":"max-snippet:-1","max-image-preview":"max-image-preview:large","max-video-preview":"max-video-preview:-1"},"canonical":"https:\/\/zadarapartments.com\/hu\/olcso-apartmanok-zadar-horvatorszag\/","og_locale":"hu_HU","og_type":"article","og_title":"Affordable Cheap Zadar Apartments Croatia- ZadarApartments.com","og_description":"Rent Affordable Cheap Zadar Apartments Croatia, low cost vacation rentals for all tastes and budgets, booking budget Zadar apartments.","og_url":"https:\/\/zadarapartments.com\/hu\/olcso-apartmanok-zadar-horvatorszag\/","og_site_name":"Holiday Apartments Zadar Croatia, Luxury, Budget, City or Beach","article_modified_time":"2025-10-12T22:00:48+00:00","twitter_card":"summary_large_image","twitter_misc":{"Becs\u00fclt olvas\u00e1si id\u0151":"1 perc"},"schema":{"@context":"https:\/\/schema.org","@graph":[{"@type":"WebPage","@id":"https:\/\/zadarapartments.com\/cheap-apartments-zadar-croatia\/","url":"https:\/\/zadarapartments.com\/cheap-apartments-zadar-croatia\/","name":"Megfizethet\u0151 olcs\u00f3 Zadar Apartmanok Horv\u00e1torsz\u00e1g- ZadarApartments.com","isPartOf":{"@id":"https:\/\/zadarapartments.com\/#website"},"datePublished":"2020-04-24T22:00:10+00:00","dateModified":"2025-10-12T22:00:48+00:00","description":"B\u00e9relhet\u0151 olcs\u00f3 Zadar Apartmanok Horv\u00e1torsz\u00e1g, olcs\u00f3 nyaral\u00e1s minden \u00edzl\u00e9snek \u00e9s k\u00f6lts\u00e9gvet\u00e9snek, olcs\u00f3 Zadar apartmanok foglal\u00e1sa.","breadcrumb":{"@id":"https:\/\/zadarapartments.com\/cheap-apartments-zadar-croatia\/#breadcrumb"},"inLanguage":"hu","potentialAction":[{"@type":"ReadAction","target":["https:\/\/zadarapartments.com\/cheap-apartments-zadar-croatia\/"]}]},{"@type":"BreadcrumbList","@id":"https:\/\/zadarapartments.com\/cheap-apartments-zadar-croatia\/#breadcrumb","itemListElement":[{"@type":"ListItem","position":1,"name":"Home","item":"https:\/\/zadarapartments.com\/"},{"@type":"ListItem","position":2,"name":"Affordable Cheap Zadar Apartments Croatia"}]},{"@type":"WebSite","@id":"https:\/\/zadarapartments.com\/#website","url":"https:\/\/zadarapartments.com\/","name":"Nyaral\u00f3 apartmanok Zadar, Horv\u00e1torsz\u00e1g, luxus, kedvez\u0151 \u00e1r\u00fa, v\u00e1rosi vagy tengerparti","description":"Nyaral\u00f3 b\u00e9rl\u00e9s Zadarban, Horv\u00e1torsz\u00e1g, luxus, olcs\u00f3, v\u00e1ros, tengerparti nyaral\u00f3k tulajdonosokt\u00f3l","publisher":{"@id":"https:\/\/zadarapartments.com\/#organization"},"potentialAction":[{"@type":"SearchAction","target":{"@type":"EntryPoint","urlTemplate":"https:\/\/zadarapartments.com\/?s={search_term_string}"},"query-input":{"@type":"PropertyValueSpecification","valueRequired":true,"valueName":"search_term_string"}}],"inLanguage":"hu"},{"@type":"Organization","@id":"https:\/\/zadarapartments.com\/#organization","name":"ZadarApartments.com","url":"https:\/\/zadarapartments.com\/","logo":{"@type":"ImageObject","inLanguage":"hu","@id":"https:\/\/zadarapartments.com\/#\/schema\/logo\/image\/","url":"https:\/\/zadarapartments.com\/wp-content\/uploads\/2018\/09\/logo-new.png","contentUrl":"https:\/\/zadarapartments.com\/wp-content\/uploads\/2018\/09\/logo-new.png","width":300,"height":38,"caption":"ZadarApartments.com"},"image":{"@id":"https:\/\/zadarapartments.com\/#\/schema\/logo\/image\/"}}]}},"_links":{"self":[{"href":"https:\/\/zadarapartments.com\/hu\/wp-json\/wp\/v2\/pages\/19468","targetHints":{"allow":["GET"]}}],"collection":[{"href":"https:\/\/zadarapartments.com\/hu\/wp-json\/wp\/v2\/pages"}],"about":[{"href":"https:\/\/zadarapartments.com\/hu\/wp-json\/wp\/v2\/types\/page"}],"author":[{"embeddable":true,"href":"https:\/\/zadarapartments.com\/hu\/wp-json\/wp\/v2\/users\/1"}],"replies":[{"embeddable":true,"href":"https:\/\/zadarapartments.com\/hu\/wp-json\/wp\/v2\/comments?post=19468"}],"version-history":[{"count":4,"href":"https:\/\/zadarapartments.com\/hu\/wp-json\/wp\/v2\/pages\/19468\/revisions"}],"predecessor-version":[{"id":21113,"href":"https:\/\/zadarapartments.com\/hu\/wp-json\/wp\/v2\/pages\/19468\/revisions\/21113"}],"wp:attachment":[{"href":"https:\/\/zadarapartments.com\/hu\/wp-json\/wp\/v2\/media?parent=19468"}],"curies":[{"name":"wp","href":"https:\/\/api.w.org\/{rel}","templated":true}]}}