{"id":1886,"date":"2016-03-13T14:05:29","date_gmt":"2016-03-13T14:05:29","guid":{"rendered":"https:\/\/zadarapartments.com\/?page_id=1886"},"modified":"2025-10-25T02:37:37","modified_gmt":"2025-10-25T00:37:37","slug":"zadar-nyaralohazak-horvatorszag","status":"publish","type":"page","link":"https:\/\/zadarapartments.com\/hu\/zadar-nyaralohazak-horvatorszag\/","title":{"rendered":"Zadar Nyaral\u00f3h\u00e1zak"},"content":{"rendered":"<div class=\"wpb-content-wrapper\"><div class=\"vc_row wpb_row vc_row-fluid wpestate_row vc_row\"><div class=\"wpb_column vc_column_container vc_col-sm-12 vc_column\"><div class=\"vc_column-inner\"><div class=\"wpb_wrapper\"><h1 style=\"text-align: center\" class=\"vc_custom_heading vc_do_custom_heading vc_custom_heading\" >Zadar Nyaral\u00f3h\u00e1zak<\/h1><\/div><\/div><\/div><\/div><div class=\"vc_row wpb_row vc_row-fluid wpestate_row vc_row\"><div class=\"wpb_column vc_column_container vc_col-sm-12 vc_column\"><div class=\"vc_column-inner\"><div class=\"wpb_wrapper\"><div class=\"spacer\" style=\"height:15px;\"><\/div><\/div><\/div><\/div><\/div>\r\n<h2 class=\"vc_custom_heading zdvacationrent vc_custom_heading\"> Zadar Apartmanok<\/h2>\r\n<div class=\"vc_row wpb_row vc_row-fluid wpestate_row vc_row\">\r\n<div class=\"wpb_column vc_column_container vc_col-sm-4 vc_column\"><div class=\"vc_column-inner\"><div class=\"wpb_wrapper\">\r\n<div class=\"places_wrapper\" data-link=\"https:\/\/zadarapartments.com\/hu\/zadar\/manda-apartments\/\"><div class=\"listing-hover-gradient\"><\/div><div class=\"listing-hover\"><\/div><div class=\"places1 featuredplace\" style=\"background-image:url(https:\/\/zadarapartments.com\/wp-content\/uploads\/2025\/04\/luxury-manda-apartments-owner.jpg)\"><\/div><div class=\"category_name\"><a class=\"featured_listing_title\" href=\"https:\/\/zadarapartments.com\/hu\/zadar\/manda-apartments\/\">Manda Apartmanok<\/a><div class=\"category_tagline\"><\/div><\/div><\/div>\n\t<div class=\"wpb_text_column wpb_content_element vc_column_text\" >\n\t\t<div class=\"wpb_wrapper\">\n\t\t\t\n<div>\n<ul class=\"list-unstyled popis\">\n<li><i class=\"fa fa-check checkon\"><\/i> &nbsp; Luxus apartman <img decoding=\"async\" src=\"\/wp-content\/uploads\/2016\/09\/guests.png\" style=\"height: 22px; width: 22px; margin: 0 8px 6px 10px;\" title=\"Vend\u00e9gek\"> 2+2 <\/li>\n<li><i class=\"fa fa-check checkon\"><\/i> &nbsp; Luxus apartman <img decoding=\"async\" src=\"\/wp-content\/uploads\/2016\/09\/guests.png\" style=\"height: 22px; width: 22px; margin: 0 8px 6px 10px;\" title=\"Vend\u00e9gek\"> 4 <\/li>\n<li><i class=\"fa fa-check checkon\"><\/i> &nbsp; Luxus apartman <img decoding=\"async\" src=\"\/wp-content\/uploads\/2016\/09\/guests.png\" style=\"height: 22px; width: 22px; margin: 0 8px 6px 10px;\" title=\"Vend\u00e9gek\"> 4+2 <\/li>\n<\/ul>\n<\/div>\n\n\t\t<\/div>\n\t<\/div>\n<\/div><\/div><\/div>\r\n\r\n<div class=\"wpb_column vc_column_container vc_col-sm-4 vc_column\"><div class=\"vc_column-inner\"><div class=\"wpb_wrapper\">\r\n<div class=\"places_wrapper\" data-link=\"https:\/\/zadarapartments.com\/hu\/zadar\/markov-apartments\/\"><div class=\"listing-hover-gradient\"><\/div><div class=\"listing-hover\"><\/div><div class=\"places1 featuredplace\" style=\"background-image:url(https:\/\/zadarapartments.com\/wp-content\/uploads\/2025\/06\/cozy-apartment-near-beach-zadar-owner.jpg)\"><\/div><div class=\"category_name\"><a class=\"featured_listing_title\" href=\"https:\/\/zadarapartments.com\/hu\/zadar\/markov-apartments\/\">Markov Apartmanok<\/a><div class=\"category_tagline\"><\/div><\/div><\/div>\n\t<div class=\"wpb_text_column wpb_content_element vc_column_text\" >\n\t\t<div class=\"wpb_wrapper\">\n\t\t\t\n<div>\n<ul class=\"list-unstyled popis\">\n<li><i class=\"fa fa-check checkon\"><\/i> &nbsp; Strand Apartman <img decoding=\"async\" src=\"\/wp-content\/uploads\/2016\/09\/guests.png\" style=\"height: 22px; width: 22px; margin: 0 8px 6px 10px;\" title=\"Vend\u00e9gek\"> 2+1 <\/li>\n<li><i class=\"fa fa-check checkon\"><\/i> &nbsp; Strand Apartman <img decoding=\"async\" src=\"\/wp-content\/uploads\/2016\/09\/guests.png\" style=\"height: 22px; width: 22px; margin: 0 8px 6px 10px;\" title=\"Vend\u00e9gek\"> 4+2 <\/li>\n<li><i class=\"fa fa-check checkon\"><\/i> &nbsp; Strand Apartman <img decoding=\"async\" src=\"\/wp-content\/uploads\/2016\/09\/guests.png\" style=\"height: 22px; width: 22px; margin: 0 8px 6px 10px;\" title=\"Vend\u00e9gek\"> 4+2 <\/li>\n<\/ul>\n<\/div>\n\n\t\t<\/div>\n\t<\/div>\n<\/div><\/div><\/div>\r\n\r\n<div class=\"wpb_column vc_column_container vc_col-sm-4 vc_column\"><div class=\"vc_column-inner\"><div class=\"wpb_wrapper\">\r\n\r\n<\/div><\/div><\/div>\r\n\r\n<\/div>\r\n\r\n\r\n\r\n<div class=\"vc_row wpb_row vc_row-fluid wpestate_row vc_row\"><div class=\"wpb_column vc_column_container vc_col-sm-12 vc_column\"><div class=\"vc_column-inner\"><div class=\"wpb_wrapper\"><div class=\"spacer\" style=\"height:25px;\"><\/div><\/div><\/div><\/div><\/div><div class=\"vc_row wpb_row vc_row-fluid wpestate_row vc_row\"><div class=\"wpb_column vc_column_container vc_col-sm-12 vc_column\"><div class=\"vc_column-inner\"><div class=\"wpb_wrapper\"><div class=\"spacer\" style=\"height:40px;\"><\/div><\/div><\/div><\/div><\/div><div class=\"vc_row wpb_row vc_row-fluid wpestate_row vc_row\"><div class=\"wpb_column vc_column_container vc_col-sm-12 vc_column\"><div class=\"vc_column-inner\"><div class=\"wpb_wrapper\"><div class=\"vc_separator wpb_content_element vc_separator_align_center vc_sep_width_60 vc_sep_pos_align_center vc_separator_no_text vc_sep_color_turquoise wpb_content_element  wpb_content_element vc_separator vc_text_separator\" ><span class=\"vc_sep_holder vc_sep_holder_l\"><span class=\"vc_sep_line\"><\/span><\/span><span class=\"vc_sep_holder vc_sep_holder_r\"><span class=\"vc_sep_line\"><\/span><\/span>\n<\/div><\/div><\/div><\/div><\/div><div class=\"vc_row wpb_row vc_row-fluid wpestate_row vc_row\"><div class=\"wpb_column vc_column_container vc_col-sm-12 vc_column\"><div class=\"vc_column-inner\"><div class=\"wpb_wrapper\"><div class=\"spacer\" style=\"height:40px;\"><\/div><\/div><\/div><\/div><\/div><div class=\"vc_row wpb_row vc_row-fluid wpestate_row vc_row\"><div class=\"wpb_column vc_column_container vc_col-sm-12 vc_column\"><div class=\"vc_column-inner\"><div class=\"wpb_wrapper\">\n\t<div class=\"wpb_text_column wpb_content_element vc_column_text\" >\n\t\t<div class=\"wpb_wrapper\">\n\t\t\t<p class=\"owner_page_p\">\nKeres egy helyet, ahol maradhat <a href=\"https:\/\/zadarapartments.com\/hu\/\"><span style=\"color: #505050;\">Apartmanok Zadar, Horv\u00e1torsz\u00e1g<\/span><\/a>! Foglaljon a ZadarApartments.com oldalon egyedi, helyiek \u00e1ltal \u00fczemeltetett nyaral\u00f3kat, \u00e9s tapasztalja meg a v\u00e1rost \u00fagy, mintha ott \u00e9lne. Nyaral\u00f3k minden st\u00edlushoz - tal\u00e1lja meg a megfelel\u0151 nyaral\u00f3t Zadarban! <\/p>\n<p class=\"owner_page_p\">\nZadar A nyaral\u00f3h\u00e1zak nagyszer\u0171ek p\u00e1rok, csal\u00e1dok vagy nagyobb t\u00e1rsas\u00e1gok sz\u00e1m\u00e1ra, a nyaral\u00f3k mag\u00e1ntulajdonban l\u00e9v\u0151 sz\u00e1ll\u00e1shelyek, amelyek hossz\u00fa vagy r\u00f6vid t\u00e1v\u00fa b\u00e9rl\u00e9sre \u00e1llnak rendelkez\u00e9sre. A felsorolt nyaral\u00f3k b\u00fatorozottak \u00e9s konyh\u00e1val felszereltek \u00f6nell\u00e1t\u00e1sra, b\u00e1r a reggeli fel\u00e1rk\u00e9nt felaj\u00e1nlhat\u00f3. <\/p>\n<p class=\"owner_page_p\">\nNyaral\u00f3k medenc\u00e9vel, hogy egy csobban\u00e1s Zadar nyaral\u00f3h\u00e1zak friss\u00edt\u0151 medenc\u00e9k. Szerezze be a k\u00edv\u00e1nt k\u00e9nyelmi szolg\u00e1ltat\u00e1sokat, pezsg\u0151f\u00fcrd\u0151ket, medenc\u00e9ket, grillez\u0151ket - fedezze fel az \u00d6n ig\u00e9nyeinek megfelel\u0151 nagyszer\u0171 extr\u00e1k tucatjait. Tal\u00e1ljon nyaral\u00f3kat kedvenc k\u00e9nyelmi szolg\u00e1ltat\u00e1saival a t\u00f6k\u00e9letes, \u00e1lomszer\u0171 kikapcsol\u00f3d\u00e1shoz.<\/p>\n<p class=\"owner_page_p\">\nFedezze fel ZadarApartments.com a legjobb nyaral\u00f3h\u00e1zakat Zadarban, takar\u00edtson meg p\u00e9nzt a nyaral\u00f3kon Zadarban \u00e9s a k\u00f6zelben, kedvez\u0151 \u00e1r\u00fa lehet\u0151s\u00e9gek \u00e1llnak rendelkez\u00e9sre. Kis\u00e1llatbar\u00e1t nyaral\u00e1sok, nyaral\u00f3 apartmanok kiad\u00f3 oldala Zadar Horv\u00e1torsz\u00e1gban, csal\u00e1dbar\u00e1t, r\u00e9gi v\u00e1ros belv\u00e1ros\u00e1ban, legjobb luxus Zadar apartmanok - Kiad\u00f3 tulajdonost\u00f3l. <\/p>\n\n\t\t<\/div>\n\t<\/div>\n<\/div><\/div><\/div><\/div><\/div>","protected":false},"excerpt":{"rendered":"Zadar Apartmanok","protected":false},"author":1,"featured_media":0,"parent":0,"menu_order":0,"comment_status":"closed","ping_status":"closed","template":"","meta":{"footnotes":""},"class_list":["post-1886","page","type-page","status-publish","hentry"],"yoast_head":"<!-- This site is optimized with the Yoast SEO plugin v27.4 - https:\/\/yoast.com\/product\/yoast-seo-wordpress\/ -->\n<title>Zadar Vacation Rentals Croatia Holidays - ZadarApartments.com<\/title>\n<meta name=\"description\" content=\"Vacation rentals in Zadar, Croatia, best luxury apartments in city center or by the beach with sea view, affordable, private - Rent by owner.\" \/>\n<meta name=\"robots\" content=\"index, follow, max-snippet:-1, max-image-preview:large, max-video-preview:-1\" \/>\n<link rel=\"canonical\" href=\"https:\/\/zadarapartments.com\/hu\/zadar-nyaralohazak-horvatorszag\/\" \/>\n<meta property=\"og:locale\" content=\"hu_HU\" \/>\n<meta property=\"og:type\" content=\"article\" \/>\n<meta property=\"og:title\" content=\"Zadar Vacation Rentals Croatia Holidays - ZadarApartments.com\" \/>\n<meta property=\"og:description\" content=\"Vacation rentals in Zadar, Croatia, best luxury apartments in city center or by the beach with sea view, affordable, private - Rent by owner.\" \/>\n<meta property=\"og:url\" content=\"https:\/\/zadarapartments.com\/hu\/zadar-nyaralohazak-horvatorszag\/\" \/>\n<meta property=\"og:site_name\" content=\"Holiday Apartments Zadar Croatia, Luxury, Budget, City or Beach\" \/>\n<meta property=\"article:modified_time\" content=\"2025-10-25T00:37:37+00:00\" \/>\n<meta name=\"twitter:card\" content=\"summary_large_image\" \/>\n<meta name=\"twitter:label1\" content=\"Becs\u00fclt olvas\u00e1si id\u0151\" \/>\n\t<meta name=\"twitter:data1\" content=\"3 perc\" \/>\n<script type=\"application\/ld+json\" class=\"yoast-schema-graph\">{\"@context\":\"https:\\\/\\\/schema.org\",\"@graph\":[{\"@type\":\"WebPage\",\"@id\":\"https:\\\/\\\/zadarapartments.com\\\/zadar-vacation-rentals-croatia\\\/\",\"url\":\"https:\\\/\\\/zadarapartments.com\\\/zadar-vacation-rentals-croatia\\\/\",\"name\":\"Zadar Vacation Rentals Croatia Holidays - ZadarApartments.com\",\"isPartOf\":{\"@id\":\"https:\\\/\\\/zadarapartments.com\\\/#website\"},\"datePublished\":\"2016-03-13T14:05:29+00:00\",\"dateModified\":\"2025-10-25T00:37:37+00:00\",\"description\":\"Vacation rentals in Zadar, Croatia, best luxury apartments in city center or by the beach with sea view, affordable, private - Rent by owner.\",\"breadcrumb\":{\"@id\":\"https:\\\/\\\/zadarapartments.com\\\/zadar-vacation-rentals-croatia\\\/#breadcrumb\"},\"inLanguage\":\"hu\",\"potentialAction\":[{\"@type\":\"ReadAction\",\"target\":[\"https:\\\/\\\/zadarapartments.com\\\/zadar-vacation-rentals-croatia\\\/\"]}]},{\"@type\":\"BreadcrumbList\",\"@id\":\"https:\\\/\\\/zadarapartments.com\\\/zadar-vacation-rentals-croatia\\\/#breadcrumb\",\"itemListElement\":[{\"@type\":\"ListItem\",\"position\":1,\"name\":\"Home\",\"item\":\"https:\\\/\\\/zadarapartments.com\\\/\"},{\"@type\":\"ListItem\",\"position\":2,\"name\":\"Zadar Vacation Rentals\"}]},{\"@type\":\"WebSite\",\"@id\":\"https:\\\/\\\/zadarapartments.com\\\/#website\",\"url\":\"https:\\\/\\\/zadarapartments.com\\\/\",\"name\":\"Holiday Apartments Zadar, Croatia, Luxury, Budget, City or Beach\",\"description\":\"Rent Holiday Apartment in Zadar, Croatia, Luxury, Cheap, City, Beach Vacation Rentals by Owner\",\"publisher\":{\"@id\":\"https:\\\/\\\/zadarapartments.com\\\/#organization\"},\"potentialAction\":[{\"@type\":\"SearchAction\",\"target\":{\"@type\":\"EntryPoint\",\"urlTemplate\":\"https:\\\/\\\/zadarapartments.com\\\/?s={search_term_string}\"},\"query-input\":{\"@type\":\"PropertyValueSpecification\",\"valueRequired\":true,\"valueName\":\"search_term_string\"}}],\"inLanguage\":\"hu\"},{\"@type\":\"Organization\",\"@id\":\"https:\\\/\\\/zadarapartments.com\\\/#organization\",\"name\":\"ZadarApartments.com\",\"url\":\"https:\\\/\\\/zadarapartments.com\\\/\",\"logo\":{\"@type\":\"ImageObject\",\"inLanguage\":\"hu\",\"@id\":\"https:\\\/\\\/zadarapartments.com\\\/#\\\/schema\\\/logo\\\/image\\\/\",\"url\":\"https:\\\/\\\/zadarapartments.com\\\/wp-content\\\/uploads\\\/2018\\\/09\\\/logo-new.png\",\"contentUrl\":\"https:\\\/\\\/zadarapartments.com\\\/wp-content\\\/uploads\\\/2018\\\/09\\\/logo-new.png\",\"width\":300,\"height\":38,\"caption\":\"ZadarApartments.com\"},\"image\":{\"@id\":\"https:\\\/\\\/zadarapartments.com\\\/#\\\/schema\\\/logo\\\/image\\\/\"}}]}<\/script>\n<!-- \/ Yoast SEO plugin. -->","yoast_head_json":{"title":"Zadar Nyaral\u00e1sok Horv\u00e1torsz\u00e1g Nyaral\u00e1s - ZadarApartments.com","description":"Nyaral\u00f3h\u00e1zak Zadar, Horv\u00e1torsz\u00e1g, a legjobb luxus apartmanok a v\u00e1ros k\u00f6zpontj\u00e1ban vagy a tengerparton, tengerre n\u00e9z\u0151, megfizethet\u0151, priv\u00e1t - B\u00e9rl\u00e9s tulajdonost\u00f3l.","robots":{"index":"index","follow":"follow","max-snippet":"max-snippet:-1","max-image-preview":"max-image-preview:large","max-video-preview":"max-video-preview:-1"},"canonical":"https:\/\/zadarapartments.com\/hu\/zadar-nyaralohazak-horvatorszag\/","og_locale":"hu_HU","og_type":"article","og_title":"Zadar Vacation Rentals Croatia Holidays - ZadarApartments.com","og_description":"Vacation rentals in Zadar, Croatia, best luxury apartments in city center or by the beach with sea view, affordable, private - Rent by owner.","og_url":"https:\/\/zadarapartments.com\/hu\/zadar-nyaralohazak-horvatorszag\/","og_site_name":"Holiday Apartments Zadar Croatia, Luxury, Budget, City or Beach","article_modified_time":"2025-10-25T00:37:37+00:00","twitter_card":"summary_large_image","twitter_misc":{"Becs\u00fclt olvas\u00e1si id\u0151":"3 perc"},"schema":{"@context":"https:\/\/schema.org","@graph":[{"@type":"WebPage","@id":"https:\/\/zadarapartments.com\/zadar-vacation-rentals-croatia\/","url":"https:\/\/zadarapartments.com\/zadar-vacation-rentals-croatia\/","name":"Zadar Nyaral\u00e1sok Horv\u00e1torsz\u00e1g Nyaral\u00e1s - ZadarApartments.com","isPartOf":{"@id":"https:\/\/zadarapartments.com\/#website"},"datePublished":"2016-03-13T14:05:29+00:00","dateModified":"2025-10-25T00:37:37+00:00","description":"Nyaral\u00f3h\u00e1zak Zadar, Horv\u00e1torsz\u00e1g, a legjobb luxus apartmanok a v\u00e1ros k\u00f6zpontj\u00e1ban vagy a tengerparton, tengerre n\u00e9z\u0151, megfizethet\u0151, priv\u00e1t - B\u00e9rl\u00e9s tulajdonost\u00f3l.","breadcrumb":{"@id":"https:\/\/zadarapartments.com\/zadar-vacation-rentals-croatia\/#breadcrumb"},"inLanguage":"hu","potentialAction":[{"@type":"ReadAction","target":["https:\/\/zadarapartments.com\/zadar-vacation-rentals-croatia\/"]}]},{"@type":"BreadcrumbList","@id":"https:\/\/zadarapartments.com\/zadar-vacation-rentals-croatia\/#breadcrumb","itemListElement":[{"@type":"ListItem","position":1,"name":"Home","item":"https:\/\/zadarapartments.com\/"},{"@type":"ListItem","position":2,"name":"Zadar Vacation Rentals"}]},{"@type":"WebSite","@id":"https:\/\/zadarapartments.com\/#website","url":"https:\/\/zadarapartments.com\/","name":"Nyaral\u00f3 apartmanok Zadar, Horv\u00e1torsz\u00e1g, luxus, kedvez\u0151 \u00e1r\u00fa, v\u00e1rosi vagy tengerparti","description":"Nyaral\u00f3 b\u00e9rl\u00e9s Zadarban, Horv\u00e1torsz\u00e1g, luxus, olcs\u00f3, v\u00e1ros, tengerparti nyaral\u00f3k tulajdonosokt\u00f3l","publisher":{"@id":"https:\/\/zadarapartments.com\/#organization"},"potentialAction":[{"@type":"SearchAction","target":{"@type":"EntryPoint","urlTemplate":"https:\/\/zadarapartments.com\/?s={search_term_string}"},"query-input":{"@type":"PropertyValueSpecification","valueRequired":true,"valueName":"search_term_string"}}],"inLanguage":"hu"},{"@type":"Organization","@id":"https:\/\/zadarapartments.com\/#organization","name":"ZadarApartments.com","url":"https:\/\/zadarapartments.com\/","logo":{"@type":"ImageObject","inLanguage":"hu","@id":"https:\/\/zadarapartments.com\/#\/schema\/logo\/image\/","url":"https:\/\/zadarapartments.com\/wp-content\/uploads\/2018\/09\/logo-new.png","contentUrl":"https:\/\/zadarapartments.com\/wp-content\/uploads\/2018\/09\/logo-new.png","width":300,"height":38,"caption":"ZadarApartments.com"},"image":{"@id":"https:\/\/zadarapartments.com\/#\/schema\/logo\/image\/"}}]}},"_links":{"self":[{"href":"https:\/\/zadarapartments.com\/hu\/wp-json\/wp\/v2\/pages\/1886","targetHints":{"allow":["GET"]}}],"collection":[{"href":"https:\/\/zadarapartments.com\/hu\/wp-json\/wp\/v2\/pages"}],"about":[{"href":"https:\/\/zadarapartments.com\/hu\/wp-json\/wp\/v2\/types\/page"}],"author":[{"embeddable":true,"href":"https:\/\/zadarapartments.com\/hu\/wp-json\/wp\/v2\/users\/1"}],"replies":[{"embeddable":true,"href":"https:\/\/zadarapartments.com\/hu\/wp-json\/wp\/v2\/comments?post=1886"}],"version-history":[{"count":44,"href":"https:\/\/zadarapartments.com\/hu\/wp-json\/wp\/v2\/pages\/1886\/revisions"}],"predecessor-version":[{"id":21310,"href":"https:\/\/zadarapartments.com\/hu\/wp-json\/wp\/v2\/pages\/1886\/revisions\/21310"}],"wp:attachment":[{"href":"https:\/\/zadarapartments.com\/hu\/wp-json\/wp\/v2\/media?parent=1886"}],"curies":[{"name":"wp","href":"https:\/\/api.w.org\/{rel}","templated":true}]}}