{"id":20916,"date":"2025-08-16T23:29:14","date_gmt":"2025-08-16T21:29:14","guid":{"rendered":"https:\/\/zadarapartments.com\/?page_id=20916"},"modified":"2025-10-14T00:06:50","modified_gmt":"2025-10-13T22:06:50","slug":"dvosobni-apartmani-zadar-hrvatska","status":"publish","type":"page","link":"https:\/\/zadarapartments.com\/hr\/dvosobni-apartmani-zadar-hrvatska\/","title":{"rendered":"Iznajmljivanje apartmana s 2 spava\u0107e sobe u Zadru"},"content":{"rendered":"<p style=\"line-height: 22px; margin-bottom: 10px; padding: 0 5px;\"> \n<strong> 2 spava\u0107e sobe <a href=\"https:\/\/zadarapartments.com\/hr\/\"><span style=\"color: #505050;\">Apartmani u Zadru<\/span><\/a> <\/strong>, luksuzni smje\u0161taj u Hrvatskoj, moderan dizajn, prostrani privatni apartmani s dvije spava\u0107e sobe, u centru grada ili uz pla\u017eu, pristupa\u010dni najam za savr\u0161en obiteljski odmor, rezervirajte povoljan smje\u0161taj u Zadru, Hrvatska s pogledom na more, uz more, stari grad u centru, besplatni WiFi i parking, klima ure\u0111aj, ku\u0107ni ljubimci dozvoljeni i vi\u0161e sadr\u017eaja, iznajmite najbolje apartmane s dvije spava\u0107e sobe u Zadru, Hrvatska s vlastitom kuhinjom ili u\u017eivajte <a href=\"https:\/\/villascroatia.com\/villas-zadar-croatia\" target=\"_blank\"><span style=\"color: #505050;\" > luksuzni smje\u0161taj u Zadru <\/span><\/a> \u2013 <strong>Najam od vlasnika \u2013 Najbolje cijene najma<\/strong>.\n<\/p>\n\n\n<p><\/p>","protected":false},"excerpt":{"rendered":"2 bedrooms Zadar Apartments , Croatia luxury accommodation, modern design, spacious private double bedroom apartments, in city center or by &#8230;","protected":false},"author":1,"featured_media":0,"parent":0,"menu_order":0,"comment_status":"closed","ping_status":"closed","template":"property_list.php","meta":{"footnotes":""},"class_list":["post-20916","page","type-page","status-publish","hentry"],"yoast_head":"<!-- This site is optimized with the Yoast SEO plugin v27.4 - https:\/\/yoast.com\/product\/yoast-seo-wordpress\/ -->\n<title>2 Bedrooms Zadar Apartments for rent - ZadarApartments.com<\/title>\n<meta name=\"description\" content=\"Holiday apartments in Zadar, Croatia with 2 bedrooms, luxury apartments in city, by beach, private getaway, family low cost - rent by owner.\" \/>\n<meta name=\"robots\" content=\"index, follow, max-snippet:-1, max-image-preview:large, max-video-preview:-1\" \/>\n<link rel=\"canonical\" href=\"https:\/\/zadarapartments.com\/hr\/dvosobni-apartmani-zadar-hrvatska\/\" \/>\n<meta property=\"og:locale\" content=\"hr_HR\" \/>\n<meta property=\"og:type\" content=\"article\" \/>\n<meta property=\"og:title\" content=\"2 Bedrooms Zadar Apartments for rent - ZadarApartments.com\" \/>\n<meta property=\"og:description\" content=\"Holiday apartments in Zadar, Croatia with 2 bedrooms, luxury apartments in city, by beach, private getaway, family low cost - rent by owner.\" \/>\n<meta property=\"og:url\" content=\"https:\/\/zadarapartments.com\/hr\/dvosobni-apartmani-zadar-hrvatska\/\" \/>\n<meta property=\"og:site_name\" content=\"Holiday Apartments Zadar Croatia, Luxury, Budget, City or Beach\" \/>\n<meta property=\"article:modified_time\" content=\"2025-10-13T22:06:50+00:00\" \/>\n<meta name=\"twitter:card\" content=\"summary_large_image\" \/>\n<meta name=\"twitter:label1\" content=\"Procijenjeno vrijeme \u010ditanja\" \/>\n\t<meta name=\"twitter:data1\" content=\"1 minuta\" \/>\n<script type=\"application\/ld+json\" class=\"yoast-schema-graph\">{\"@context\":\"https:\\\/\\\/schema.org\",\"@graph\":[{\"@type\":\"WebPage\",\"@id\":\"https:\\\/\\\/zadarapartments.com\\\/2-bedroom-apartments-zadar-croatia\\\/\",\"url\":\"https:\\\/\\\/zadarapartments.com\\\/2-bedroom-apartments-zadar-croatia\\\/\",\"name\":\"2 Bedrooms Zadar Apartments for rent - ZadarApartments.com\",\"isPartOf\":{\"@id\":\"https:\\\/\\\/zadarapartments.com\\\/#website\"},\"datePublished\":\"2025-08-16T21:29:14+00:00\",\"dateModified\":\"2025-10-13T22:06:50+00:00\",\"description\":\"Holiday apartments in Zadar, Croatia with 2 bedrooms, luxury apartments in city, by beach, private getaway, family low cost - rent by owner.\",\"breadcrumb\":{\"@id\":\"https:\\\/\\\/zadarapartments.com\\\/2-bedroom-apartments-zadar-croatia\\\/#breadcrumb\"},\"inLanguage\":\"hr\",\"potentialAction\":[{\"@type\":\"ReadAction\",\"target\":[\"https:\\\/\\\/zadarapartments.com\\\/2-bedroom-apartments-zadar-croatia\\\/\"]}]},{\"@type\":\"BreadcrumbList\",\"@id\":\"https:\\\/\\\/zadarapartments.com\\\/2-bedroom-apartments-zadar-croatia\\\/#breadcrumb\",\"itemListElement\":[{\"@type\":\"ListItem\",\"position\":1,\"name\":\"Home\",\"item\":\"https:\\\/\\\/zadarapartments.com\\\/\"},{\"@type\":\"ListItem\",\"position\":2,\"name\":\"2 Bedrooms Zadar Apartments for rent\"}]},{\"@type\":\"WebSite\",\"@id\":\"https:\\\/\\\/zadarapartments.com\\\/#website\",\"url\":\"https:\\\/\\\/zadarapartments.com\\\/\",\"name\":\"Holiday Apartments Zadar, Croatia, Luxury, Budget, City or Beach\",\"description\":\"Rent Holiday Apartment in Zadar, Croatia, Luxury, Cheap, City, Beach Vacation Rentals by Owner\",\"publisher\":{\"@id\":\"https:\\\/\\\/zadarapartments.com\\\/#organization\"},\"potentialAction\":[{\"@type\":\"SearchAction\",\"target\":{\"@type\":\"EntryPoint\",\"urlTemplate\":\"https:\\\/\\\/zadarapartments.com\\\/?s={search_term_string}\"},\"query-input\":{\"@type\":\"PropertyValueSpecification\",\"valueRequired\":true,\"valueName\":\"search_term_string\"}}],\"inLanguage\":\"hr\"},{\"@type\":\"Organization\",\"@id\":\"https:\\\/\\\/zadarapartments.com\\\/#organization\",\"name\":\"ZadarApartments.com\",\"url\":\"https:\\\/\\\/zadarapartments.com\\\/\",\"logo\":{\"@type\":\"ImageObject\",\"inLanguage\":\"hr\",\"@id\":\"https:\\\/\\\/zadarapartments.com\\\/#\\\/schema\\\/logo\\\/image\\\/\",\"url\":\"https:\\\/\\\/zadarapartments.com\\\/wp-content\\\/uploads\\\/2018\\\/09\\\/logo-new.png\",\"contentUrl\":\"https:\\\/\\\/zadarapartments.com\\\/wp-content\\\/uploads\\\/2018\\\/09\\\/logo-new.png\",\"width\":300,\"height\":38,\"caption\":\"ZadarApartments.com\"},\"image\":{\"@id\":\"https:\\\/\\\/zadarapartments.com\\\/#\\\/schema\\\/logo\\\/image\\\/\"}}]}<\/script>\n<!-- \/ Yoast SEO plugin. -->","yoast_head_json":{"title":"Dvosobni apartmani za najam u Zadru - ZadarApartments.com","description":"Apartmani za odmor u Zadru, Hrvatska s 2 spava\u0107e sobe, luksuzni apartmani u gradu, uz pla\u017eu, privatni odmor, obiteljski smje\u0161taj po povoljnoj cijeni - najam od vlasnika.","robots":{"index":"index","follow":"follow","max-snippet":"max-snippet:-1","max-image-preview":"max-image-preview:large","max-video-preview":"max-video-preview:-1"},"canonical":"https:\/\/zadarapartments.com\/hr\/dvosobni-apartmani-zadar-hrvatska\/","og_locale":"hr_HR","og_type":"article","og_title":"2 Bedrooms Zadar Apartments for rent - ZadarApartments.com","og_description":"Holiday apartments in Zadar, Croatia with 2 bedrooms, luxury apartments in city, by beach, private getaway, family low cost - rent by owner.","og_url":"https:\/\/zadarapartments.com\/hr\/dvosobni-apartmani-zadar-hrvatska\/","og_site_name":"Holiday Apartments Zadar Croatia, Luxury, Budget, City or Beach","article_modified_time":"2025-10-13T22:06:50+00:00","twitter_card":"summary_large_image","twitter_misc":{"Procijenjeno vrijeme \u010ditanja":"1 minuta"},"schema":{"@context":"https:\/\/schema.org","@graph":[{"@type":"WebPage","@id":"https:\/\/zadarapartments.com\/2-bedroom-apartments-zadar-croatia\/","url":"https:\/\/zadarapartments.com\/2-bedroom-apartments-zadar-croatia\/","name":"Dvosobni apartmani za najam u Zadru - ZadarApartments.com","isPartOf":{"@id":"https:\/\/zadarapartments.com\/#website"},"datePublished":"2025-08-16T21:29:14+00:00","dateModified":"2025-10-13T22:06:50+00:00","description":"Apartmani za odmor u Zadru, Hrvatska s 2 spava\u0107e sobe, luksuzni apartmani u gradu, uz pla\u017eu, privatni odmor, obiteljski smje\u0161taj po povoljnoj cijeni - najam od vlasnika.","breadcrumb":{"@id":"https:\/\/zadarapartments.com\/2-bedroom-apartments-zadar-croatia\/#breadcrumb"},"inLanguage":"hr","potentialAction":[{"@type":"ReadAction","target":["https:\/\/zadarapartments.com\/2-bedroom-apartments-zadar-croatia\/"]}]},{"@type":"BreadcrumbList","@id":"https:\/\/zadarapartments.com\/2-bedroom-apartments-zadar-croatia\/#breadcrumb","itemListElement":[{"@type":"ListItem","position":1,"name":"Home","item":"https:\/\/zadarapartments.com\/"},{"@type":"ListItem","position":2,"name":"2 Bedrooms Zadar Apartments for rent"}]},{"@type":"WebSite","@id":"https:\/\/zadarapartments.com\/#website","url":"https:\/\/zadarapartments.com\/","name":"Odmorni apartmani Zadar, Hrvatska, luksuzni, povoljni, u gradu ili na pla\u017ei","description":"Iznajmite apartman za odmor u Zadru, Hrvatska, luksuzno, jeftino, grad, pla\u017ea, iznajmljivanje od vlasnika","publisher":{"@id":"https:\/\/zadarapartments.com\/#organization"},"potentialAction":[{"@type":"SearchAction","target":{"@type":"EntryPoint","urlTemplate":"https:\/\/zadarapartments.com\/?s={search_term_string}"},"query-input":{"@type":"PropertyValueSpecification","valueRequired":true,"valueName":"search_term_string"}}],"inLanguage":"hr"},{"@type":"Organization","@id":"https:\/\/zadarapartments.com\/#organization","name":"ZadarskiApartmani.com","url":"https:\/\/zadarapartments.com\/","logo":{"@type":"ImageObject","inLanguage":"hr","@id":"https:\/\/zadarapartments.com\/#\/schema\/logo\/image\/","url":"https:\/\/zadarapartments.com\/wp-content\/uploads\/2018\/09\/logo-new.png","contentUrl":"https:\/\/zadarapartments.com\/wp-content\/uploads\/2018\/09\/logo-new.png","width":300,"height":38,"caption":"ZadarApartments.com"},"image":{"@id":"https:\/\/zadarapartments.com\/#\/schema\/logo\/image\/"}}]}},"_links":{"self":[{"href":"https:\/\/zadarapartments.com\/hr\/wp-json\/wp\/v2\/pages\/20916","targetHints":{"allow":["GET"]}}],"collection":[{"href":"https:\/\/zadarapartments.com\/hr\/wp-json\/wp\/v2\/pages"}],"about":[{"href":"https:\/\/zadarapartments.com\/hr\/wp-json\/wp\/v2\/types\/page"}],"author":[{"embeddable":true,"href":"https:\/\/zadarapartments.com\/hr\/wp-json\/wp\/v2\/users\/1"}],"replies":[{"embeddable":true,"href":"https:\/\/zadarapartments.com\/hr\/wp-json\/wp\/v2\/comments?post=20916"}],"version-history":[{"count":8,"href":"https:\/\/zadarapartments.com\/hr\/wp-json\/wp\/v2\/pages\/20916\/revisions"}],"predecessor-version":[{"id":21359,"href":"https:\/\/zadarapartments.com\/hr\/wp-json\/wp\/v2\/pages\/20916\/revisions\/21359"}],"wp:attachment":[{"href":"https:\/\/zadarapartments.com\/hr\/wp-json\/wp\/v2\/media?parent=20916"}],"curies":[{"name":"wp","href":"https:\/\/api.w.org\/{rel}","templated":true}]}}