{"id":19523,"date":"2020-04-27T00:46:31","date_gmt":"2020-04-26T22:46:31","guid":{"rendered":"https:\/\/zadarapartments.com\/?page_id=19523"},"modified":"2025-10-13T00:06:11","modified_gmt":"2025-10-12T22:06:11","slug":"apartmani-za-odmor-zadar-hrvatska","status":"publish","type":"page","link":"https:\/\/zadarapartments.com\/hr\/apartmani-za-odmor-zadar-hrvatska\/","title":{"rendered":"Obiteljski apartmani Zadar Hrvatska"},"content":{"rendered":"<h1 style=\"color: #1060f0;\"><em> Obiteljski apartmani Zadar Hrvatska <\/em><\/h1>\n<p style=\"line-height: 22px;\">\n<strong>Privatni obiteljski odmor <a href=\"https:\/\/zadarapartments.com\/hr\/\"><span style=\"color: #505050;\">Apartmani u Zadru<\/span><\/a>, Hrvatska<\/strong>, nudi ve\u0107u privatnost, udobnost i osobnije iskustvo, cijeli apartman nudi vi\u0161e osobnog prostora i osje\u0107aj privatnosti, za obitelji, parove ili grupe, intimnije i ekskluzivnije iskustvo odmora, mirni osamljen smje\u0161taj za odmor.\n<\/p>\n<p style=\"line-height: 22px;\">\nPrivatni apartmani za obitelji u Zadru, Hrvatska, namijenjeni su prepu\u0161tanju vama, va\u0161oj obitelji i prijateljima savr\u0161enog i nezaboravnog iskustva. Opu\u0161taju\u0107i i ugodan odmor za goste koji tra\u017ee predah. \n<\/p>\n<p style=\"line-height: 22px; margin-bottom: 30px;\">\nU\u017eivajte u svom posjetu romanti\u010dnim butik odmorima u Zadru s privatnim apartmanima u Zadru. Gosti \u0107e imati neke od besplatnih pogodnosti poput WiFi-ja i parkinga, sun\u010dane terase, vrta, fitnessa, hidromasa\u017ene kade, saune, ro\u0161tilja, klima ure\u0111aja, pametnog televizora s ravnim ekranom, dozvoljeni su ku\u0107ni ljubimci i jo\u0161 mnogo toga \u2013 <strong>Najam od vlasnika \u2013 Najbolje cijene najma!<\/strong>\n<\/p>\n\n\n\n<p><\/p>","protected":false},"excerpt":{"rendered":"Family Apartments Zadar Croatia Private Getaway Private Holiday Family Zadar Apartments, Croatia, offers greater privacy, comfort, and a more personal &#8230;","protected":false},"author":1,"featured_media":0,"parent":0,"menu_order":0,"comment_status":"closed","ping_status":"closed","template":"property_list_half.php","meta":{"footnotes":""},"class_list":["post-19523","page","type-page","status-publish","hentry"],"yoast_head":"<!-- This site is optimized with the Yoast SEO plugin v27.4 - https:\/\/yoast.com\/product\/yoast-seo-wordpress\/ -->\n<title>Family Apartments Zadar Croatia Private - ZadarApartments.com<\/title>\n<meta name=\"description\" content=\"Rent Private Holiday Family Apartments in Zadar, Croatia, romantic getaway secluded vacation rentals, boutique entire apartment for privacy.\" \/>\n<meta name=\"robots\" content=\"index, follow, max-snippet:-1, max-image-preview:large, max-video-preview:-1\" \/>\n<link rel=\"canonical\" href=\"https:\/\/zadarapartments.com\/hr\/apartmani-za-odmor-zadar-hrvatska\/\" \/>\n<meta property=\"og:locale\" content=\"hr_HR\" \/>\n<meta property=\"og:type\" content=\"article\" \/>\n<meta property=\"og:title\" content=\"Family Apartments Zadar Croatia Private - ZadarApartments.com\" \/>\n<meta property=\"og:description\" content=\"Rent Private Holiday Family Apartments in Zadar, Croatia, romantic getaway secluded vacation rentals, boutique entire apartment for privacy.\" \/>\n<meta property=\"og:url\" content=\"https:\/\/zadarapartments.com\/hr\/apartmani-za-odmor-zadar-hrvatska\/\" \/>\n<meta property=\"og:site_name\" content=\"Holiday Apartments Zadar Croatia, Luxury, Budget, City or Beach\" \/>\n<meta property=\"article:modified_time\" content=\"2025-10-12T22:06:11+00:00\" \/>\n<meta name=\"twitter:card\" content=\"summary_large_image\" \/>\n<meta name=\"twitter:label1\" content=\"Procijenjeno vrijeme \u010ditanja\" \/>\n\t<meta name=\"twitter:data1\" content=\"1 minuta\" \/>\n<script type=\"application\/ld+json\" class=\"yoast-schema-graph\">{\"@context\":\"https:\\\/\\\/schema.org\",\"@graph\":[{\"@type\":\"WebPage\",\"@id\":\"https:\\\/\\\/zadarapartments.com\\\/getaway-apartments-zadar-croatia\\\/\",\"url\":\"https:\\\/\\\/zadarapartments.com\\\/getaway-apartments-zadar-croatia\\\/\",\"name\":\"Family Apartments Zadar Croatia Private - ZadarApartments.com\",\"isPartOf\":{\"@id\":\"https:\\\/\\\/zadarapartments.com\\\/#website\"},\"datePublished\":\"2020-04-26T22:46:31+00:00\",\"dateModified\":\"2025-10-12T22:06:11+00:00\",\"description\":\"Rent Private Holiday Family Apartments in Zadar, Croatia, romantic getaway secluded vacation rentals, boutique entire apartment for privacy.\",\"breadcrumb\":{\"@id\":\"https:\\\/\\\/zadarapartments.com\\\/getaway-apartments-zadar-croatia\\\/#breadcrumb\"},\"inLanguage\":\"hr\",\"potentialAction\":[{\"@type\":\"ReadAction\",\"target\":[\"https:\\\/\\\/zadarapartments.com\\\/getaway-apartments-zadar-croatia\\\/\"]}]},{\"@type\":\"BreadcrumbList\",\"@id\":\"https:\\\/\\\/zadarapartments.com\\\/getaway-apartments-zadar-croatia\\\/#breadcrumb\",\"itemListElement\":[{\"@type\":\"ListItem\",\"position\":1,\"name\":\"Home\",\"item\":\"https:\\\/\\\/zadarapartments.com\\\/\"},{\"@type\":\"ListItem\",\"position\":2,\"name\":\"Family Apartments Zadar Croatia Private Getaway\"}]},{\"@type\":\"WebSite\",\"@id\":\"https:\\\/\\\/zadarapartments.com\\\/#website\",\"url\":\"https:\\\/\\\/zadarapartments.com\\\/\",\"name\":\"Holiday Apartments Zadar, Croatia, Luxury, Budget, City or Beach\",\"description\":\"Rent Holiday Apartment in Zadar, Croatia, Luxury, Cheap, City, Beach Vacation Rentals by Owner\",\"publisher\":{\"@id\":\"https:\\\/\\\/zadarapartments.com\\\/#organization\"},\"potentialAction\":[{\"@type\":\"SearchAction\",\"target\":{\"@type\":\"EntryPoint\",\"urlTemplate\":\"https:\\\/\\\/zadarapartments.com\\\/?s={search_term_string}\"},\"query-input\":{\"@type\":\"PropertyValueSpecification\",\"valueRequired\":true,\"valueName\":\"search_term_string\"}}],\"inLanguage\":\"hr\"},{\"@type\":\"Organization\",\"@id\":\"https:\\\/\\\/zadarapartments.com\\\/#organization\",\"name\":\"ZadarApartments.com\",\"url\":\"https:\\\/\\\/zadarapartments.com\\\/\",\"logo\":{\"@type\":\"ImageObject\",\"inLanguage\":\"hr\",\"@id\":\"https:\\\/\\\/zadarapartments.com\\\/#\\\/schema\\\/logo\\\/image\\\/\",\"url\":\"https:\\\/\\\/zadarapartments.com\\\/wp-content\\\/uploads\\\/2018\\\/09\\\/logo-new.png\",\"contentUrl\":\"https:\\\/\\\/zadarapartments.com\\\/wp-content\\\/uploads\\\/2018\\\/09\\\/logo-new.png\",\"width\":300,\"height\":38,\"caption\":\"ZadarApartments.com\"},\"image\":{\"@id\":\"https:\\\/\\\/zadarapartments.com\\\/#\\\/schema\\\/logo\\\/image\\\/\"}}]}<\/script>\n<!-- \/ Yoast SEO plugin. -->","yoast_head_json":{"title":"Obiteljski apartmani Zadar Hrvatska Privatni - ZadarApartments.com","description":"Najam privatnih apartmana za obiteljski odmor u Zadru, Hrvatska, romanti\u010dni bijeg na osamu, butik cijeli apartman za privatnost.","robots":{"index":"index","follow":"follow","max-snippet":"max-snippet:-1","max-image-preview":"max-image-preview:large","max-video-preview":"max-video-preview:-1"},"canonical":"https:\/\/zadarapartments.com\/hr\/apartmani-za-odmor-zadar-hrvatska\/","og_locale":"hr_HR","og_type":"article","og_title":"Family Apartments Zadar Croatia Private - ZadarApartments.com","og_description":"Rent Private Holiday Family Apartments in Zadar, Croatia, romantic getaway secluded vacation rentals, boutique entire apartment for privacy.","og_url":"https:\/\/zadarapartments.com\/hr\/apartmani-za-odmor-zadar-hrvatska\/","og_site_name":"Holiday Apartments Zadar Croatia, Luxury, Budget, City or Beach","article_modified_time":"2025-10-12T22:06:11+00:00","twitter_card":"summary_large_image","twitter_misc":{"Procijenjeno vrijeme \u010ditanja":"1 minuta"},"schema":{"@context":"https:\/\/schema.org","@graph":[{"@type":"WebPage","@id":"https:\/\/zadarapartments.com\/getaway-apartments-zadar-croatia\/","url":"https:\/\/zadarapartments.com\/getaway-apartments-zadar-croatia\/","name":"Obiteljski apartmani Zadar Hrvatska Privatni - ZadarApartments.com","isPartOf":{"@id":"https:\/\/zadarapartments.com\/#website"},"datePublished":"2020-04-26T22:46:31+00:00","dateModified":"2025-10-12T22:06:11+00:00","description":"Najam privatnih apartmana za obiteljski odmor u Zadru, Hrvatska, romanti\u010dni bijeg na osamu, butik cijeli apartman za privatnost.","breadcrumb":{"@id":"https:\/\/zadarapartments.com\/getaway-apartments-zadar-croatia\/#breadcrumb"},"inLanguage":"hr","potentialAction":[{"@type":"ReadAction","target":["https:\/\/zadarapartments.com\/getaway-apartments-zadar-croatia\/"]}]},{"@type":"BreadcrumbList","@id":"https:\/\/zadarapartments.com\/getaway-apartments-zadar-croatia\/#breadcrumb","itemListElement":[{"@type":"ListItem","position":1,"name":"Home","item":"https:\/\/zadarapartments.com\/"},{"@type":"ListItem","position":2,"name":"Family Apartments Zadar Croatia Private Getaway"}]},{"@type":"WebSite","@id":"https:\/\/zadarapartments.com\/#website","url":"https:\/\/zadarapartments.com\/","name":"Odmorni apartmani Zadar, Hrvatska, luksuzni, povoljni, u gradu ili na pla\u017ei","description":"Iznajmite apartman za odmor u Zadru, Hrvatska, luksuzno, jeftino, grad, pla\u017ea, iznajmljivanje od vlasnika","publisher":{"@id":"https:\/\/zadarapartments.com\/#organization"},"potentialAction":[{"@type":"SearchAction","target":{"@type":"EntryPoint","urlTemplate":"https:\/\/zadarapartments.com\/?s={search_term_string}"},"query-input":{"@type":"PropertyValueSpecification","valueRequired":true,"valueName":"search_term_string"}}],"inLanguage":"hr"},{"@type":"Organization","@id":"https:\/\/zadarapartments.com\/#organization","name":"ZadarskiApartmani.com","url":"https:\/\/zadarapartments.com\/","logo":{"@type":"ImageObject","inLanguage":"hr","@id":"https:\/\/zadarapartments.com\/#\/schema\/logo\/image\/","url":"https:\/\/zadarapartments.com\/wp-content\/uploads\/2018\/09\/logo-new.png","contentUrl":"https:\/\/zadarapartments.com\/wp-content\/uploads\/2018\/09\/logo-new.png","width":300,"height":38,"caption":"ZadarApartments.com"},"image":{"@id":"https:\/\/zadarapartments.com\/#\/schema\/logo\/image\/"}}]}},"_links":{"self":[{"href":"https:\/\/zadarapartments.com\/hr\/wp-json\/wp\/v2\/pages\/19523","targetHints":{"allow":["GET"]}}],"collection":[{"href":"https:\/\/zadarapartments.com\/hr\/wp-json\/wp\/v2\/pages"}],"about":[{"href":"https:\/\/zadarapartments.com\/hr\/wp-json\/wp\/v2\/types\/page"}],"author":[{"embeddable":true,"href":"https:\/\/zadarapartments.com\/hr\/wp-json\/wp\/v2\/users\/1"}],"replies":[{"embeddable":true,"href":"https:\/\/zadarapartments.com\/hr\/wp-json\/wp\/v2\/comments?post=19523"}],"version-history":[{"count":4,"href":"https:\/\/zadarapartments.com\/hr\/wp-json\/wp\/v2\/pages\/19523\/revisions"}],"predecessor-version":[{"id":21111,"href":"https:\/\/zadarapartments.com\/hr\/wp-json\/wp\/v2\/pages\/19523\/revisions\/21111"}],"wp:attachment":[{"href":"https:\/\/zadarapartments.com\/hr\/wp-json\/wp\/v2\/media?parent=19523"}],"curies":[{"name":"wp","href":"https:\/\/api.w.org\/{rel}","templated":true}]}}