{"id":1886,"date":"2016-03-13T14:05:29","date_gmt":"2016-03-13T14:05:29","guid":{"rendered":"https:\/\/zadarapartments.com\/?page_id=1886"},"modified":"2025-10-25T02:37:37","modified_gmt":"2025-10-25T00:37:37","slug":"zadar-iznajmljivanje-apartmana-hrvatska","status":"publish","type":"page","link":"https:\/\/zadarapartments.com\/hr\/zadar-iznajmljivanje-apartmana-hrvatska\/","title":{"rendered":"Iznajmljivanje apartmana za odmor u Zadru"},"content":{"rendered":"<div class=\"wpb-content-wrapper\"><div class=\"vc_row wpb_row vc_row-fluid wpestate_row vc_row\"><div class=\"wpb_column vc_column_container vc_col-sm-12 vc_column\"><div class=\"vc_column-inner\"><div class=\"wpb_wrapper\"><h1 style=\"text-align: center\" class=\"vc_custom_heading vc_do_custom_heading vc_custom_heading\" >Iznajmljivanje apartmana za odmor u Zadru<\/h1><\/div><\/div><\/div><\/div><div class=\"vc_row wpb_row vc_row-fluid wpestate_row vc_row\"><div class=\"wpb_column vc_column_container vc_col-sm-12 vc_column\"><div class=\"vc_column-inner\"><div class=\"wpb_wrapper\"><div class=\"spacer\" style=\"height:15px;\"><\/div><\/div><\/div><\/div><\/div>\r\n<h2 class=\"vc_custom_heading zdvacationrent vc_custom_heading\"> Objekti sa apartmanima za odmor u Zadru<\/h2>\r\n<div class=\"vc_row wpb_row vc_row-fluid wpestate_row vc_row\">\r\n<div class=\"wpb_column vc_column_container vc_col-sm-4 vc_column\"><div class=\"vc_column-inner\"><div class=\"wpb_wrapper\">\r\n<div class=\"places_wrapper\" data-link=\"https:\/\/zadarapartments.com\/hr\/zadar\/manda-apartments\/\"><div class=\"listing-hover-gradient\"><\/div><div class=\"listing-hover\"><\/div><div class=\"places1 featuredplace\" style=\"background-image:url(https:\/\/zadarapartments.com\/wp-content\/uploads\/2025\/04\/luxury-manda-apartments-owner.jpg)\"><\/div><div class=\"category_name\"><a class=\"featured_listing_title\" href=\"https:\/\/zadarapartments.com\/hr\/zadar\/manda-apartments\/\">Apartmani Manda<\/a><div class=\"category_tagline\"><\/div><\/div><\/div>\n\t<div class=\"wpb_text_column wpb_content_element vc_column_text\" >\n\t\t<div class=\"wpb_wrapper\">\n\t\t\t\n<div>\n<ul class=\"list-unstyled popis\">\n<li><i class=\"fa fa-check checkon\"><\/i> &nbsp; Luksuzni Apartman <img decoding=\"async\" src=\"\/wp-content\/uploads\/2016\/09\/guests.png\" style=\"height: 22px; width: 22px; margin: 0 8px 6px 10px;\" title=\"Gosti\"> 2+2 <\/li>\n<li><i class=\"fa fa-check checkon\"><\/i> &nbsp; Luksuzni Apartman <img decoding=\"async\" src=\"\/wp-content\/uploads\/2016\/09\/guests.png\" style=\"height: 22px; width: 22px; margin: 0 8px 6px 10px;\" title=\"Gosti\"> 4 <\/li>\n<li><i class=\"fa fa-check checkon\"><\/i> &nbsp; Luksuzni Apartman <img decoding=\"async\" src=\"\/wp-content\/uploads\/2016\/09\/guests.png\" style=\"height: 22px; width: 22px; margin: 0 8px 6px 10px;\" title=\"Gosti\"> 4+2 <\/li>\n<\/ul>\n<\/div>\n\n\t\t<\/div>\n\t<\/div>\n<\/div><\/div><\/div>\r\n\r\n<div class=\"wpb_column vc_column_container vc_col-sm-4 vc_column\"><div class=\"vc_column-inner\"><div class=\"wpb_wrapper\">\r\n<div class=\"places_wrapper\" data-link=\"https:\/\/zadarapartments.com\/hr\/zadar\/markov-apartments\/\"><div class=\"listing-hover-gradient\"><\/div><div class=\"listing-hover\"><\/div><div class=\"places1 featuredplace\" style=\"background-image:url(https:\/\/zadarapartments.com\/wp-content\/uploads\/2025\/06\/cozy-apartment-near-beach-zadar-owner.jpg)\"><\/div><div class=\"category_name\"><a class=\"featured_listing_title\" href=\"https:\/\/zadarapartments.com\/hr\/zadar\/markov-apartments\/\">Apartmani Markov<\/a><div class=\"category_tagline\"><\/div><\/div><\/div>\n\t<div class=\"wpb_text_column wpb_content_element vc_column_text\" >\n\t\t<div class=\"wpb_wrapper\">\n\t\t\t\n<div>\n<ul class=\"list-unstyled popis\">\n<li><i class=\"fa fa-check checkon\"><\/i> &nbsp; Apartman uz pla\u017eu <img decoding=\"async\" src=\"\/wp-content\/uploads\/2016\/09\/guests.png\" style=\"height: 22px; width: 22px; margin: 0 8px 6px 10px;\" title=\"Gosti\"> 2+1 <\/li>\n<li><i class=\"fa fa-check checkon\"><\/i> &nbsp; Apartman uz pla\u017eu <img decoding=\"async\" src=\"\/wp-content\/uploads\/2016\/09\/guests.png\" style=\"height: 22px; width: 22px; margin: 0 8px 6px 10px;\" title=\"Gosti\"> 4+2 <\/li>\n<li><i class=\"fa fa-check checkon\"><\/i> &nbsp; Apartman uz pla\u017eu <img decoding=\"async\" src=\"\/wp-content\/uploads\/2016\/09\/guests.png\" style=\"height: 22px; width: 22px; margin: 0 8px 6px 10px;\" title=\"Gosti\"> 4+2 <\/li>\n<\/ul>\n<\/div>\n\n\t\t<\/div>\n\t<\/div>\n<\/div><\/div><\/div>\r\n\r\n<div class=\"wpb_column vc_column_container vc_col-sm-4 vc_column\"><div class=\"vc_column-inner\"><div class=\"wpb_wrapper\">\r\n\r\n<\/div><\/div><\/div>\r\n\r\n<\/div>\r\n\r\n\r\n\r\n<div class=\"vc_row wpb_row vc_row-fluid wpestate_row vc_row\"><div class=\"wpb_column vc_column_container vc_col-sm-12 vc_column\"><div class=\"vc_column-inner\"><div class=\"wpb_wrapper\"><div class=\"spacer\" style=\"height:25px;\"><\/div><\/div><\/div><\/div><\/div><div class=\"vc_row wpb_row vc_row-fluid wpestate_row vc_row\"><div class=\"wpb_column vc_column_container vc_col-sm-12 vc_column\"><div class=\"vc_column-inner\"><div class=\"wpb_wrapper\"><div class=\"spacer\" style=\"height:40px;\"><\/div><\/div><\/div><\/div><\/div><div class=\"vc_row wpb_row vc_row-fluid wpestate_row vc_row\"><div class=\"wpb_column vc_column_container vc_col-sm-12 vc_column\"><div class=\"vc_column-inner\"><div class=\"wpb_wrapper\"><div class=\"vc_separator wpb_content_element vc_separator_align_center vc_sep_width_60 vc_sep_pos_align_center vc_separator_no_text vc_sep_color_turquoise wpb_content_element  wpb_content_element vc_separator vc_text_separator\" ><span class=\"vc_sep_holder vc_sep_holder_l\"><span class=\"vc_sep_line\"><\/span><\/span><span class=\"vc_sep_holder vc_sep_holder_r\"><span class=\"vc_sep_line\"><\/span><\/span>\n<\/div><\/div><\/div><\/div><\/div><div class=\"vc_row wpb_row vc_row-fluid wpestate_row vc_row\"><div class=\"wpb_column vc_column_container vc_col-sm-12 vc_column\"><div class=\"vc_column-inner\"><div class=\"wpb_wrapper\"><div class=\"spacer\" style=\"height:40px;\"><\/div><\/div><\/div><\/div><\/div><div class=\"vc_row wpb_row vc_row-fluid wpestate_row vc_row\"><div class=\"wpb_column vc_column_container vc_col-sm-12 vc_column\"><div class=\"vc_column-inner\"><div class=\"wpb_wrapper\">\n\t<div class=\"wpb_text_column wpb_content_element vc_column_text\" >\n\t\t<div class=\"wpb_wrapper\">\n\t\t\t<p class=\"owner_page_p\">\nTra\u017eite najbolje i najpovoljnije <a href=\"https:\/\/zadarapartments.com\/hr\/\"><span style=\"color: #505050;\">Apartmane u Zadru, Hrvatska<\/span><\/a>! Rezervirajte apartman u jedinstvenim ku\u0107ama za odmor koje vode lokalni doma\u0107ini na ZadarApartments.com i do\u017eivite grad kao da u njemu \u017eivite. Apartmani za odmor za svaki stil \u2013 prona\u0111ite pravi apartman za odmor za sebe u Zadru! <\/p>\n<p class=\"owner_page_p\">\nKu\u0107e za odmor s apartmanima u Zadru izvrsne su za parove, obitelji ili velike grupe. Apartmani u ku\u0107ama za odmor su privatni smje\u0161taj, dostupan za dugoro\u010dni ili kratkoro\u010dni najam. Navedeni apartmani za odmor su namje\u0161teni i opremljeni kuhinjom za samostalno kuhanje, iako se doru\u010dak mo\u017ee ponuditi kao dodatak. <\/p>\n<p class=\"owner_page_p\">\nKu\u0107e za odmor s bazenima, osvje\u017eite se u Zadru s osvje\u017eavaju\u0107im bazenima. Izaberite sadr\u017eaje koje \u017eelite, hidromasa\u017ene kade, bazene, ro\u0161tilje - otkrijte desetke sjajnih dodataka koji odgovaraju va\u0161im potrebama. Prona\u0111ite ku\u0107e za odmor s apartmanima i va\u0161im omiljenim udobnostima za savr\u0161en odmor.<\/p>\n<p class=\"owner_page_p\">\nIstra\u017eite ZadarApartments.com za najbolji smje\u0161taj za odmor u Zadru, u\u0161tedite novac na ku\u0107ama za odmor u Zadru i okolici, dostupne su povoljne opcije. Najam ku\u0107a za odmor u kojima su dozvoljeni ku\u0107ni ljubimci, stranica s apartmanima za odmor za najam u Zadru, Hrvatska, pogodno za obitelji, stari grad - centar, najbolji luksuzni apartmani u Zadru - Najam od vlasnika. <\/p>\n\n\t\t<\/div>\n\t<\/div>\n<\/div><\/div><\/div><\/div><\/div>","protected":false},"excerpt":{"rendered":"Objekti sa apartmanima za odmor u Zadru","protected":false},"author":1,"featured_media":0,"parent":0,"menu_order":0,"comment_status":"closed","ping_status":"closed","template":"","meta":{"footnotes":""},"class_list":["post-1886","page","type-page","status-publish","hentry"],"yoast_head":"<!-- This site is optimized with the Yoast SEO plugin v27.4 - https:\/\/yoast.com\/product\/yoast-seo-wordpress\/ -->\n<title>Zadar Vacation Rentals Croatia Holidays - ZadarApartments.com<\/title>\n<meta name=\"description\" content=\"Vacation rentals in Zadar, Croatia, best luxury apartments in city center or by the beach with sea view, affordable, private - Rent by owner.\" \/>\n<meta name=\"robots\" content=\"index, follow, max-snippet:-1, max-image-preview:large, max-video-preview:-1\" \/>\n<link rel=\"canonical\" href=\"https:\/\/zadarapartments.com\/hr\/zadar-iznajmljivanje-apartmana-hrvatska\/\" \/>\n<meta property=\"og:locale\" content=\"hr_HR\" \/>\n<meta property=\"og:type\" content=\"article\" \/>\n<meta property=\"og:title\" content=\"Zadar Vacation Rentals Croatia Holidays - ZadarApartments.com\" \/>\n<meta property=\"og:description\" content=\"Vacation rentals in Zadar, Croatia, best luxury apartments in city center or by the beach with sea view, affordable, private - Rent by owner.\" \/>\n<meta property=\"og:url\" content=\"https:\/\/zadarapartments.com\/hr\/zadar-iznajmljivanje-apartmana-hrvatska\/\" \/>\n<meta property=\"og:site_name\" content=\"Holiday Apartments Zadar Croatia, Luxury, Budget, City or Beach\" \/>\n<meta property=\"article:modified_time\" content=\"2025-10-25T00:37:37+00:00\" \/>\n<meta name=\"twitter:card\" content=\"summary_large_image\" \/>\n<meta name=\"twitter:label1\" content=\"Procijenjeno vrijeme \u010ditanja\" \/>\n\t<meta name=\"twitter:data1\" content=\"3 minute\" \/>\n<script type=\"application\/ld+json\" class=\"yoast-schema-graph\">{\"@context\":\"https:\\\/\\\/schema.org\",\"@graph\":[{\"@type\":\"WebPage\",\"@id\":\"https:\\\/\\\/zadarapartments.com\\\/zadar-vacation-rentals-croatia\\\/\",\"url\":\"https:\\\/\\\/zadarapartments.com\\\/zadar-vacation-rentals-croatia\\\/\",\"name\":\"Zadar Vacation Rentals Croatia Holidays - ZadarApartments.com\",\"isPartOf\":{\"@id\":\"https:\\\/\\\/zadarapartments.com\\\/#website\"},\"datePublished\":\"2016-03-13T14:05:29+00:00\",\"dateModified\":\"2025-10-25T00:37:37+00:00\",\"description\":\"Vacation rentals in Zadar, Croatia, best luxury apartments in city center or by the beach with sea view, affordable, private - Rent by owner.\",\"breadcrumb\":{\"@id\":\"https:\\\/\\\/zadarapartments.com\\\/zadar-vacation-rentals-croatia\\\/#breadcrumb\"},\"inLanguage\":\"hr\",\"potentialAction\":[{\"@type\":\"ReadAction\",\"target\":[\"https:\\\/\\\/zadarapartments.com\\\/zadar-vacation-rentals-croatia\\\/\"]}]},{\"@type\":\"BreadcrumbList\",\"@id\":\"https:\\\/\\\/zadarapartments.com\\\/zadar-vacation-rentals-croatia\\\/#breadcrumb\",\"itemListElement\":[{\"@type\":\"ListItem\",\"position\":1,\"name\":\"Home\",\"item\":\"https:\\\/\\\/zadarapartments.com\\\/\"},{\"@type\":\"ListItem\",\"position\":2,\"name\":\"Zadar Vacation Rentals\"}]},{\"@type\":\"WebSite\",\"@id\":\"https:\\\/\\\/zadarapartments.com\\\/#website\",\"url\":\"https:\\\/\\\/zadarapartments.com\\\/\",\"name\":\"Holiday Apartments Zadar, Croatia, Luxury, Budget, City or Beach\",\"description\":\"Rent Holiday Apartment in Zadar, Croatia, Luxury, Cheap, City, Beach Vacation Rentals by Owner\",\"publisher\":{\"@id\":\"https:\\\/\\\/zadarapartments.com\\\/#organization\"},\"potentialAction\":[{\"@type\":\"SearchAction\",\"target\":{\"@type\":\"EntryPoint\",\"urlTemplate\":\"https:\\\/\\\/zadarapartments.com\\\/?s={search_term_string}\"},\"query-input\":{\"@type\":\"PropertyValueSpecification\",\"valueRequired\":true,\"valueName\":\"search_term_string\"}}],\"inLanguage\":\"hr\"},{\"@type\":\"Organization\",\"@id\":\"https:\\\/\\\/zadarapartments.com\\\/#organization\",\"name\":\"ZadarApartments.com\",\"url\":\"https:\\\/\\\/zadarapartments.com\\\/\",\"logo\":{\"@type\":\"ImageObject\",\"inLanguage\":\"hr\",\"@id\":\"https:\\\/\\\/zadarapartments.com\\\/#\\\/schema\\\/logo\\\/image\\\/\",\"url\":\"https:\\\/\\\/zadarapartments.com\\\/wp-content\\\/uploads\\\/2018\\\/09\\\/logo-new.png\",\"contentUrl\":\"https:\\\/\\\/zadarapartments.com\\\/wp-content\\\/uploads\\\/2018\\\/09\\\/logo-new.png\",\"width\":300,\"height\":38,\"caption\":\"ZadarApartments.com\"},\"image\":{\"@id\":\"https:\\\/\\\/zadarapartments.com\\\/#\\\/schema\\\/logo\\\/image\\\/\"}}]}<\/script>\n<!-- \/ Yoast SEO plugin. -->","yoast_head_json":{"title":"Privatni smje\u0161taj u Zadru, odmor u Hrvatskoj - ZadarApartments.com","description":"Privatne ku\u0107e za odmor u Zadru, Hrvatska, najbolji luksuzni stanovi u centru grada ili uz pla\u017eu s pogledom na more, povoljno, privatno \u2013 iznajmljuje vlasnik.","robots":{"index":"index","follow":"follow","max-snippet":"max-snippet:-1","max-image-preview":"max-image-preview:large","max-video-preview":"max-video-preview:-1"},"canonical":"https:\/\/zadarapartments.com\/hr\/zadar-iznajmljivanje-apartmana-hrvatska\/","og_locale":"hr_HR","og_type":"article","og_title":"Zadar Vacation Rentals Croatia Holidays - ZadarApartments.com","og_description":"Vacation rentals in Zadar, Croatia, best luxury apartments in city center or by the beach with sea view, affordable, private - Rent by owner.","og_url":"https:\/\/zadarapartments.com\/hr\/zadar-iznajmljivanje-apartmana-hrvatska\/","og_site_name":"Holiday Apartments Zadar Croatia, Luxury, Budget, City or Beach","article_modified_time":"2025-10-25T00:37:37+00:00","twitter_card":"summary_large_image","twitter_misc":{"Procijenjeno vrijeme \u010ditanja":"3 minute"},"schema":{"@context":"https:\/\/schema.org","@graph":[{"@type":"WebPage","@id":"https:\/\/zadarapartments.com\/zadar-vacation-rentals-croatia\/","url":"https:\/\/zadarapartments.com\/zadar-vacation-rentals-croatia\/","name":"Privatni smje\u0161taj u Zadru, odmor u Hrvatskoj - ZadarApartments.com","isPartOf":{"@id":"https:\/\/zadarapartments.com\/#website"},"datePublished":"2016-03-13T14:05:29+00:00","dateModified":"2025-10-25T00:37:37+00:00","description":"Privatne ku\u0107e za odmor u Zadru, Hrvatska, najbolji luksuzni stanovi u centru grada ili uz pla\u017eu s pogledom na more, povoljno, privatno \u2013 iznajmljuje vlasnik.","breadcrumb":{"@id":"https:\/\/zadarapartments.com\/zadar-vacation-rentals-croatia\/#breadcrumb"},"inLanguage":"hr","potentialAction":[{"@type":"ReadAction","target":["https:\/\/zadarapartments.com\/zadar-vacation-rentals-croatia\/"]}]},{"@type":"BreadcrumbList","@id":"https:\/\/zadarapartments.com\/zadar-vacation-rentals-croatia\/#breadcrumb","itemListElement":[{"@type":"ListItem","position":1,"name":"Home","item":"https:\/\/zadarapartments.com\/"},{"@type":"ListItem","position":2,"name":"Zadar Vacation Rentals"}]},{"@type":"WebSite","@id":"https:\/\/zadarapartments.com\/#website","url":"https:\/\/zadarapartments.com\/","name":"Odmorni apartmani Zadar, Hrvatska, luksuzni, povoljni, u gradu ili na pla\u017ei","description":"Iznajmite apartman za odmor u Zadru, Hrvatska, luksuzno, jeftino, grad, pla\u017ea, iznajmljivanje od vlasnika","publisher":{"@id":"https:\/\/zadarapartments.com\/#organization"},"potentialAction":[{"@type":"SearchAction","target":{"@type":"EntryPoint","urlTemplate":"https:\/\/zadarapartments.com\/?s={search_term_string}"},"query-input":{"@type":"PropertyValueSpecification","valueRequired":true,"valueName":"search_term_string"}}],"inLanguage":"hr"},{"@type":"Organization","@id":"https:\/\/zadarapartments.com\/#organization","name":"ZadarskiApartmani.com","url":"https:\/\/zadarapartments.com\/","logo":{"@type":"ImageObject","inLanguage":"hr","@id":"https:\/\/zadarapartments.com\/#\/schema\/logo\/image\/","url":"https:\/\/zadarapartments.com\/wp-content\/uploads\/2018\/09\/logo-new.png","contentUrl":"https:\/\/zadarapartments.com\/wp-content\/uploads\/2018\/09\/logo-new.png","width":300,"height":38,"caption":"ZadarApartments.com"},"image":{"@id":"https:\/\/zadarapartments.com\/#\/schema\/logo\/image\/"}}]}},"_links":{"self":[{"href":"https:\/\/zadarapartments.com\/hr\/wp-json\/wp\/v2\/pages\/1886","targetHints":{"allow":["GET"]}}],"collection":[{"href":"https:\/\/zadarapartments.com\/hr\/wp-json\/wp\/v2\/pages"}],"about":[{"href":"https:\/\/zadarapartments.com\/hr\/wp-json\/wp\/v2\/types\/page"}],"author":[{"embeddable":true,"href":"https:\/\/zadarapartments.com\/hr\/wp-json\/wp\/v2\/users\/1"}],"replies":[{"embeddable":true,"href":"https:\/\/zadarapartments.com\/hr\/wp-json\/wp\/v2\/comments?post=1886"}],"version-history":[{"count":44,"href":"https:\/\/zadarapartments.com\/hr\/wp-json\/wp\/v2\/pages\/1886\/revisions"}],"predecessor-version":[{"id":21310,"href":"https:\/\/zadarapartments.com\/hr\/wp-json\/wp\/v2\/pages\/1886\/revisions\/21310"}],"wp:attachment":[{"href":"https:\/\/zadarapartments.com\/hr\/wp-json\/wp\/v2\/media?parent=1886"}],"curies":[{"name":"wp","href":"https:\/\/api.w.org\/{rel}","templated":true}]}}