{"id":19468,"date":"2020-04-25T00:00:10","date_gmt":"2020-04-24T22:00:10","guid":{"rendered":"https:\/\/zadarapartments.com\/?page_id=19468"},"modified":"2025-10-13T00:00:48","modified_gmt":"2025-10-12T22:00:48","slug":"appartements-bon-marche-zadar-croatie","status":"publish","type":"page","link":"https:\/\/zadarapartments.com\/fr\/appartements-bon-marche-zadar-croatie\/","title":{"rendered":"Abordable Cheap Zadar Apartments Croatia"},"content":{"rendered":"<h1 style=\"color: #1060f0;\"><em> Abordable Cheap Zadar Apartments Croatia <\/em><\/h1>\n<p style=\"line-height: 22px;\">\n<strong>Abordable Bon march\u00e9 <a href=\"https:\/\/zadarapartments.com\/fr\/\"><span style=\"color: #505050;\">Zadar Apartments<\/span><\/a>, Croatie<\/strong>, Nous proposons des locations de vacances \u00e0 bas prix pour tous les go\u00fbts et tous les budgets, une grande vari\u00e9t\u00e9 de logements de vacances abordables, propres, ind\u00e9pendants et de grande qualit\u00e9 pour vos prochaines vacances d'\u00e9t\u00e9 en famille ou entre amis. Vous pouvez trouver un appartement \u00e0 petit prix qui r\u00e9pond \u00e0 vos besoins parmi notre offre qui s'adapte \u00e0 votre budget.\n<\/p>\n<p style=\"line-height: 22px;\">\nLes appartements \u00e0 bas prix \u00e0 Zadar, en Croatie, sont destin\u00e9s \u00e0 vous faire vivre, ainsi qu'\u00e0 votre famille et \u00e0 vos amis, une exp\u00e9rience parfaite et m\u00e9morable \u00e0 des prix raisonnables pour des appartements \u00e0 Zadar, en Croatie, des options abordables sans compromis sur le confort et la qualit\u00e9.\n<\/p>\n<p style=\"line-height: 22px; margin-bottom: 30px;\">\nProfitez de votre visite \u00e0 Zadar dans la r\u00e9sidence Zadar Low Cost Cheap Apartments. Les clients b\u00e9n\u00e9ficieront d'avantages gratuits tels que WiFi et parking, terrasse ensoleill\u00e9e, jardin, fitness, barbecue, climatisation, t\u00e9l\u00e9vision \u00e0 \u00e9cran plat, animaux domestiques et autres points forts. <strong>Location par le propri\u00e9taire - Meilleurs tarifs de location !<\/strong>\n<\/p>\n\n\n\n<p><\/p>","protected":false},"excerpt":{"rendered":"Affordable Cheap Zadar Apartments Croatia Affordable Cheap Zadar Apartments, Croatia, low cost vacation rentals for all tastes and budgets, a &#8230;","protected":false},"author":1,"featured_media":0,"parent":0,"menu_order":0,"comment_status":"closed","ping_status":"closed","template":"property_list_half.php","meta":{"footnotes":""},"class_list":["post-19468","page","type-page","status-publish","hentry"],"yoast_head":"<!-- This site is optimized with the Yoast SEO plugin v27.4 - https:\/\/yoast.com\/product\/yoast-seo-wordpress\/ -->\n<title>Affordable Cheap Zadar Apartments Croatia- ZadarApartments.com<\/title>\n<meta name=\"description\" content=\"Rent Affordable Cheap Zadar Apartments Croatia, low cost vacation rentals for all tastes and budgets, booking budget Zadar apartments.\" \/>\n<meta name=\"robots\" content=\"index, follow, max-snippet:-1, max-image-preview:large, max-video-preview:-1\" \/>\n<link rel=\"canonical\" href=\"https:\/\/zadarapartments.com\/fr\/appartements-bon-marche-zadar-croatie\/\" \/>\n<meta property=\"og:locale\" content=\"fr_FR\" \/>\n<meta property=\"og:type\" content=\"article\" \/>\n<meta property=\"og:title\" content=\"Affordable Cheap Zadar Apartments Croatia- ZadarApartments.com\" \/>\n<meta property=\"og:description\" content=\"Rent Affordable Cheap Zadar Apartments Croatia, low cost vacation rentals for all tastes and budgets, booking budget Zadar apartments.\" \/>\n<meta property=\"og:url\" content=\"https:\/\/zadarapartments.com\/fr\/appartements-bon-marche-zadar-croatie\/\" \/>\n<meta property=\"og:site_name\" content=\"Holiday Apartments Zadar Croatia, Luxury, Budget, City or Beach\" \/>\n<meta property=\"article:modified_time\" content=\"2025-10-12T22:00:48+00:00\" \/>\n<meta name=\"twitter:card\" content=\"summary_large_image\" \/>\n<meta name=\"twitter:label1\" content=\"Dur\u00e9e de lecture estim\u00e9e\" \/>\n\t<meta name=\"twitter:data1\" content=\"1 minute\" \/>\n<script type=\"application\/ld+json\" class=\"yoast-schema-graph\">{\"@context\":\"https:\\\/\\\/schema.org\",\"@graph\":[{\"@type\":\"WebPage\",\"@id\":\"https:\\\/\\\/zadarapartments.com\\\/cheap-apartments-zadar-croatia\\\/\",\"url\":\"https:\\\/\\\/zadarapartments.com\\\/cheap-apartments-zadar-croatia\\\/\",\"name\":\"Affordable Cheap Zadar Apartments Croatia- ZadarApartments.com\",\"isPartOf\":{\"@id\":\"https:\\\/\\\/zadarapartments.com\\\/#website\"},\"datePublished\":\"2020-04-24T22:00:10+00:00\",\"dateModified\":\"2025-10-12T22:00:48+00:00\",\"description\":\"Rent Affordable Cheap Zadar Apartments Croatia, low cost vacation rentals for all tastes and budgets, booking budget Zadar apartments.\",\"breadcrumb\":{\"@id\":\"https:\\\/\\\/zadarapartments.com\\\/cheap-apartments-zadar-croatia\\\/#breadcrumb\"},\"inLanguage\":\"fr-FR\",\"potentialAction\":[{\"@type\":\"ReadAction\",\"target\":[\"https:\\\/\\\/zadarapartments.com\\\/cheap-apartments-zadar-croatia\\\/\"]}]},{\"@type\":\"BreadcrumbList\",\"@id\":\"https:\\\/\\\/zadarapartments.com\\\/cheap-apartments-zadar-croatia\\\/#breadcrumb\",\"itemListElement\":[{\"@type\":\"ListItem\",\"position\":1,\"name\":\"Home\",\"item\":\"https:\\\/\\\/zadarapartments.com\\\/\"},{\"@type\":\"ListItem\",\"position\":2,\"name\":\"Affordable Cheap Zadar Apartments Croatia\"}]},{\"@type\":\"WebSite\",\"@id\":\"https:\\\/\\\/zadarapartments.com\\\/#website\",\"url\":\"https:\\\/\\\/zadarapartments.com\\\/\",\"name\":\"Holiday Apartments Zadar, Croatia, Luxury, Budget, City or Beach\",\"description\":\"Rent Holiday Apartment in Zadar, Croatia, Luxury, Cheap, City, Beach Vacation Rentals by Owner\",\"publisher\":{\"@id\":\"https:\\\/\\\/zadarapartments.com\\\/#organization\"},\"potentialAction\":[{\"@type\":\"SearchAction\",\"target\":{\"@type\":\"EntryPoint\",\"urlTemplate\":\"https:\\\/\\\/zadarapartments.com\\\/?s={search_term_string}\"},\"query-input\":{\"@type\":\"PropertyValueSpecification\",\"valueRequired\":true,\"valueName\":\"search_term_string\"}}],\"inLanguage\":\"fr-FR\"},{\"@type\":\"Organization\",\"@id\":\"https:\\\/\\\/zadarapartments.com\\\/#organization\",\"name\":\"ZadarApartments.com\",\"url\":\"https:\\\/\\\/zadarapartments.com\\\/\",\"logo\":{\"@type\":\"ImageObject\",\"inLanguage\":\"fr-FR\",\"@id\":\"https:\\\/\\\/zadarapartments.com\\\/#\\\/schema\\\/logo\\\/image\\\/\",\"url\":\"https:\\\/\\\/zadarapartments.com\\\/wp-content\\\/uploads\\\/2018\\\/09\\\/logo-new.png\",\"contentUrl\":\"https:\\\/\\\/zadarapartments.com\\\/wp-content\\\/uploads\\\/2018\\\/09\\\/logo-new.png\",\"width\":300,\"height\":38,\"caption\":\"ZadarApartments.com\"},\"image\":{\"@id\":\"https:\\\/\\\/zadarapartments.com\\\/#\\\/schema\\\/logo\\\/image\\\/\"}}]}<\/script>\n<!-- \/ Yoast SEO plugin. -->","yoast_head_json":{"title":"Zadar Apartments Croatia- ZadarApartments.com","description":"Location d'appartements bon march\u00e9 \u00e0 Zadar Croatie, location de vacances \u00e0 bas prix pour tous les go\u00fbts et tous les budgets, r\u00e9servation d'appartements bon march\u00e9 \u00e0 Zadar.","robots":{"index":"index","follow":"follow","max-snippet":"max-snippet:-1","max-image-preview":"max-image-preview:large","max-video-preview":"max-video-preview:-1"},"canonical":"https:\/\/zadarapartments.com\/fr\/appartements-bon-marche-zadar-croatie\/","og_locale":"fr_FR","og_type":"article","og_title":"Affordable Cheap Zadar Apartments Croatia- ZadarApartments.com","og_description":"Rent Affordable Cheap Zadar Apartments Croatia, low cost vacation rentals for all tastes and budgets, booking budget Zadar apartments.","og_url":"https:\/\/zadarapartments.com\/fr\/appartements-bon-marche-zadar-croatie\/","og_site_name":"Holiday Apartments Zadar Croatia, Luxury, Budget, City or Beach","article_modified_time":"2025-10-12T22:00:48+00:00","twitter_card":"summary_large_image","twitter_misc":{"Dur\u00e9e de lecture estim\u00e9e":"1 minute"},"schema":{"@context":"https:\/\/schema.org","@graph":[{"@type":"WebPage","@id":"https:\/\/zadarapartments.com\/cheap-apartments-zadar-croatia\/","url":"https:\/\/zadarapartments.com\/cheap-apartments-zadar-croatia\/","name":"Zadar Apartments Croatia- ZadarApartments.com","isPartOf":{"@id":"https:\/\/zadarapartments.com\/#website"},"datePublished":"2020-04-24T22:00:10+00:00","dateModified":"2025-10-12T22:00:48+00:00","description":"Location d'appartements bon march\u00e9 \u00e0 Zadar Croatie, location de vacances \u00e0 bas prix pour tous les go\u00fbts et tous les budgets, r\u00e9servation d'appartements bon march\u00e9 \u00e0 Zadar.","breadcrumb":{"@id":"https:\/\/zadarapartments.com\/cheap-apartments-zadar-croatia\/#breadcrumb"},"inLanguage":"fr-FR","potentialAction":[{"@type":"ReadAction","target":["https:\/\/zadarapartments.com\/cheap-apartments-zadar-croatia\/"]}]},{"@type":"BreadcrumbList","@id":"https:\/\/zadarapartments.com\/cheap-apartments-zadar-croatia\/#breadcrumb","itemListElement":[{"@type":"ListItem","position":1,"name":"Home","item":"https:\/\/zadarapartments.com\/"},{"@type":"ListItem","position":2,"name":"Affordable Cheap Zadar Apartments Croatia"}]},{"@type":"WebSite","@id":"https:\/\/zadarapartments.com\/#website","url":"https:\/\/zadarapartments.com\/","name":"Appartements de vacances Zadar, Croatie, luxe, budget, ville ou plage","description":"Louer un appartement de vacances \u00e0 Zadar, Croatie, luxe, bon march\u00e9, ville, plage Location de vacances par le propri\u00e9taire","publisher":{"@id":"https:\/\/zadarapartments.com\/#organization"},"potentialAction":[{"@type":"SearchAction","target":{"@type":"EntryPoint","urlTemplate":"https:\/\/zadarapartments.com\/?s={search_term_string}"},"query-input":{"@type":"PropertyValueSpecification","valueRequired":true,"valueName":"search_term_string"}}],"inLanguage":"fr-FR"},{"@type":"Organization","@id":"https:\/\/zadarapartments.com\/#organization","name":"ZadarApartments.com","url":"https:\/\/zadarapartments.com\/","logo":{"@type":"ImageObject","inLanguage":"fr-FR","@id":"https:\/\/zadarapartments.com\/#\/schema\/logo\/image\/","url":"https:\/\/zadarapartments.com\/wp-content\/uploads\/2018\/09\/logo-new.png","contentUrl":"https:\/\/zadarapartments.com\/wp-content\/uploads\/2018\/09\/logo-new.png","width":300,"height":38,"caption":"ZadarApartments.com"},"image":{"@id":"https:\/\/zadarapartments.com\/#\/schema\/logo\/image\/"}}]}},"_links":{"self":[{"href":"https:\/\/zadarapartments.com\/fr\/wp-json\/wp\/v2\/pages\/19468","targetHints":{"allow":["GET"]}}],"collection":[{"href":"https:\/\/zadarapartments.com\/fr\/wp-json\/wp\/v2\/pages"}],"about":[{"href":"https:\/\/zadarapartments.com\/fr\/wp-json\/wp\/v2\/types\/page"}],"author":[{"embeddable":true,"href":"https:\/\/zadarapartments.com\/fr\/wp-json\/wp\/v2\/users\/1"}],"replies":[{"embeddable":true,"href":"https:\/\/zadarapartments.com\/fr\/wp-json\/wp\/v2\/comments?post=19468"}],"version-history":[{"count":4,"href":"https:\/\/zadarapartments.com\/fr\/wp-json\/wp\/v2\/pages\/19468\/revisions"}],"predecessor-version":[{"id":21113,"href":"https:\/\/zadarapartments.com\/fr\/wp-json\/wp\/v2\/pages\/19468\/revisions\/21113"}],"wp:attachment":[{"href":"https:\/\/zadarapartments.com\/fr\/wp-json\/wp\/v2\/media?parent=19468"}],"curies":[{"name":"wp","href":"https:\/\/api.w.org\/{rel}","templated":true}]}}