{"id":19555,"date":"2020-04-28T00:23:57","date_gmt":"2020-04-27T22:23:57","guid":{"rendered":"https:\/\/zadarapartments.com\/?page_id=19555"},"modified":"2025-08-25T01:55:33","modified_gmt":"2025-08-24T23:55:33","slug":"zadar-wohnungen-kroatien-karte-mieten","status":"publish","type":"page","link":"https:\/\/zadarapartments.com\/de\/zadar-wohnungen-kroatien-karte-mieten\/","title":{"rendered":"Zadar Apartments Karte Standorte, Kroatien"},"content":{"rendered":"<h1 style=\"color: #1060f0;\"><em>Zadar Apartments Karte Standorte, Kroatien <\/em><\/h1>\n<p style=\"line-height: 22px;\">\n<strong><a href=\"https:\/\/zadarapartments.com\/de\/\"><span style=\"color: #505050;\">Zadar Wohnungen<\/span><\/a> Karte<\/strong>, Die Lage von Ferienwohnungen im Stadtzentrum oder von privaten Ferienunterk\u00fcnften am Meer und am Strand, ein Ferienhaus in Laufn\u00e4he zu Restaurants, Bars und Gesch\u00e4ften oder eine private Wohnung in ruhiger Lage f\u00fcr den perfekten Urlaub und die Entspannung mit Ihrer Familie und Ihren Freunden.\n<\/p>\n<p style=\"line-height: 22px;\">\nAuf dieser und den folgenden Seiten finden Sie die genauen Standorte aller Apartments in Zadar, Kroatien, um das beste Apartment in Zadar f\u00fcr Sie, Ihre Familie und Freunde zu finden. \n<\/p>\n<p style=\"line-height: 22px; margin-bottom: 30px;\">\nGenie\u00dfen Sie Ihren Besuch in Zadar in Zadar Apartments. Die G\u00e4ste werden einige der kostenlosen Annehmlichkeiten wie WiFi und Parkplatz, Sonnenterrasse, Garten, Pool, Fitness, Whirlpool, Sauna, Grill, Klimaanlage, Smart-Flat-TV, haustierfreundlich und mehr Highlights haben, oder genie\u00dfen <a href=\"https:\/\/villascroatia.com\/villas-zadar-croatia\" target=\"_blank\"><span style=\"color: #505050;\" > Luxusunterk\u00fcnfte in Zadar <\/span><\/a> - <strong> Rent by owner - Beste Mietpreise!<\/strong>\n<\/p>\n\n\n\n<p><\/p>","protected":false},"excerpt":{"rendered":"Zadar Apartments Map locations, Croatia Zadar Apartments map, locations of holiday apartments in the city center or private vacation rentals &#8230;","protected":false},"author":1,"featured_media":0,"parent":0,"menu_order":0,"comment_status":"closed","ping_status":"closed","template":"property_list_half.php","meta":{"footnotes":""},"class_list":["post-19555","page","type-page","status-publish","hentry"],"yoast_head":"<!-- This site is optimized with the Yoast SEO plugin v27.4 - https:\/\/yoast.com\/product\/yoast-seo-wordpress\/ -->\n<title>Zadar Apartments Map locations, Croatia - ZadarApartments.com<\/title>\n<meta name=\"description\" content=\"Apartments Zadar on the map, Croatia, locations of holiday apartments in the city center or holiday homes by the sea or the beach for rent.\" \/>\n<meta name=\"robots\" content=\"index, follow, max-snippet:-1, max-image-preview:large, max-video-preview:-1\" \/>\n<link rel=\"canonical\" href=\"https:\/\/zadarapartments.com\/de\/zadar-wohnungen-kroatien-karte-mieten\/\" \/>\n<meta property=\"og:locale\" content=\"de_DE\" \/>\n<meta property=\"og:type\" content=\"article\" \/>\n<meta property=\"og:title\" content=\"Zadar Apartments Map locations, Croatia - ZadarApartments.com\" \/>\n<meta property=\"og:description\" content=\"Apartments Zadar on the map, Croatia, locations of holiday apartments in the city center or holiday homes by the sea or the beach for rent.\" \/>\n<meta property=\"og:url\" content=\"https:\/\/zadarapartments.com\/de\/zadar-wohnungen-kroatien-karte-mieten\/\" \/>\n<meta property=\"og:site_name\" content=\"Holiday Apartments Zadar Croatia, Luxury, Budget, City or Beach\" \/>\n<meta property=\"article:modified_time\" content=\"2025-08-24T23:55:33+00:00\" \/>\n<meta name=\"twitter:card\" content=\"summary_large_image\" \/>\n<meta name=\"twitter:label1\" content=\"Gesch\u00e4tzte Lesezeit\" \/>\n\t<meta name=\"twitter:data1\" content=\"1\u00a0Minute\" \/>\n<script type=\"application\/ld+json\" class=\"yoast-schema-graph\">{\"@context\":\"https:\\\/\\\/schema.org\",\"@graph\":[{\"@type\":\"WebPage\",\"@id\":\"https:\\\/\\\/zadarapartments.com\\\/zadar-apartments-map-croatia-rent\\\/\",\"url\":\"https:\\\/\\\/zadarapartments.com\\\/zadar-apartments-map-croatia-rent\\\/\",\"name\":\"Zadar Apartments Map locations, Croatia - ZadarApartments.com\",\"isPartOf\":{\"@id\":\"https:\\\/\\\/zadarapartments.com\\\/#website\"},\"datePublished\":\"2020-04-27T22:23:57+00:00\",\"dateModified\":\"2025-08-24T23:55:33+00:00\",\"description\":\"Apartments Zadar on the map, Croatia, locations of holiday apartments in the city center or holiday homes by the sea or the beach for rent.\",\"breadcrumb\":{\"@id\":\"https:\\\/\\\/zadarapartments.com\\\/zadar-apartments-map-croatia-rent\\\/#breadcrumb\"},\"inLanguage\":\"de\",\"potentialAction\":[{\"@type\":\"ReadAction\",\"target\":[\"https:\\\/\\\/zadarapartments.com\\\/zadar-apartments-map-croatia-rent\\\/\"]}]},{\"@type\":\"BreadcrumbList\",\"@id\":\"https:\\\/\\\/zadarapartments.com\\\/zadar-apartments-map-croatia-rent\\\/#breadcrumb\",\"itemListElement\":[{\"@type\":\"ListItem\",\"position\":1,\"name\":\"Home\",\"item\":\"https:\\\/\\\/zadarapartments.com\\\/\"},{\"@type\":\"ListItem\",\"position\":2,\"name\":\"Zadar Apartments Map locations, Croatia\"}]},{\"@type\":\"WebSite\",\"@id\":\"https:\\\/\\\/zadarapartments.com\\\/#website\",\"url\":\"https:\\\/\\\/zadarapartments.com\\\/\",\"name\":\"Holiday Apartments Zadar, Croatia, Luxury, Budget, City or Beach\",\"description\":\"Rent Holiday Apartment in Zadar, Croatia, Luxury, Cheap, City, Beach Vacation Rentals by Owner\",\"publisher\":{\"@id\":\"https:\\\/\\\/zadarapartments.com\\\/#organization\"},\"potentialAction\":[{\"@type\":\"SearchAction\",\"target\":{\"@type\":\"EntryPoint\",\"urlTemplate\":\"https:\\\/\\\/zadarapartments.com\\\/?s={search_term_string}\"},\"query-input\":{\"@type\":\"PropertyValueSpecification\",\"valueRequired\":true,\"valueName\":\"search_term_string\"}}],\"inLanguage\":\"de\"},{\"@type\":\"Organization\",\"@id\":\"https:\\\/\\\/zadarapartments.com\\\/#organization\",\"name\":\"ZadarApartments.com\",\"url\":\"https:\\\/\\\/zadarapartments.com\\\/\",\"logo\":{\"@type\":\"ImageObject\",\"inLanguage\":\"de\",\"@id\":\"https:\\\/\\\/zadarapartments.com\\\/#\\\/schema\\\/logo\\\/image\\\/\",\"url\":\"https:\\\/\\\/zadarapartments.com\\\/wp-content\\\/uploads\\\/2018\\\/09\\\/logo-new.png\",\"contentUrl\":\"https:\\\/\\\/zadarapartments.com\\\/wp-content\\\/uploads\\\/2018\\\/09\\\/logo-new.png\",\"width\":300,\"height\":38,\"caption\":\"ZadarApartments.com\"},\"image\":{\"@id\":\"https:\\\/\\\/zadarapartments.com\\\/#\\\/schema\\\/logo\\\/image\\\/\"}}]}<\/script>\n<!-- \/ Yoast SEO plugin. -->","yoast_head_json":{"title":"Zadar Apartments Karte Standorte, Kroatien - ZadarApartments.com","description":"Wohnungen Zadar auf der Karte, Kroatien, Standorte von Ferienwohnungen im Stadtzentrum oder Ferienh\u00e4user am Meer oder am Strand zu mieten.","robots":{"index":"index","follow":"follow","max-snippet":"max-snippet:-1","max-image-preview":"max-image-preview:large","max-video-preview":"max-video-preview:-1"},"canonical":"https:\/\/zadarapartments.com\/de\/zadar-wohnungen-kroatien-karte-mieten\/","og_locale":"de_DE","og_type":"article","og_title":"Zadar Apartments Map locations, Croatia - ZadarApartments.com","og_description":"Apartments Zadar on the map, Croatia, locations of holiday apartments in the city center or holiday homes by the sea or the beach for rent.","og_url":"https:\/\/zadarapartments.com\/de\/zadar-wohnungen-kroatien-karte-mieten\/","og_site_name":"Holiday Apartments Zadar Croatia, Luxury, Budget, City or Beach","article_modified_time":"2025-08-24T23:55:33+00:00","twitter_card":"summary_large_image","twitter_misc":{"Gesch\u00e4tzte Lesezeit":"1\u00a0Minute"},"schema":{"@context":"https:\/\/schema.org","@graph":[{"@type":"WebPage","@id":"https:\/\/zadarapartments.com\/zadar-apartments-map-croatia-rent\/","url":"https:\/\/zadarapartments.com\/zadar-apartments-map-croatia-rent\/","name":"Zadar Apartments Karte Standorte, Kroatien - ZadarApartments.com","isPartOf":{"@id":"https:\/\/zadarapartments.com\/#website"},"datePublished":"2020-04-27T22:23:57+00:00","dateModified":"2025-08-24T23:55:33+00:00","description":"Wohnungen Zadar auf der Karte, Kroatien, Standorte von Ferienwohnungen im Stadtzentrum oder Ferienh\u00e4user am Meer oder am Strand zu mieten.","breadcrumb":{"@id":"https:\/\/zadarapartments.com\/zadar-apartments-map-croatia-rent\/#breadcrumb"},"inLanguage":"de","potentialAction":[{"@type":"ReadAction","target":["https:\/\/zadarapartments.com\/zadar-apartments-map-croatia-rent\/"]}]},{"@type":"BreadcrumbList","@id":"https:\/\/zadarapartments.com\/zadar-apartments-map-croatia-rent\/#breadcrumb","itemListElement":[{"@type":"ListItem","position":1,"name":"Home","item":"https:\/\/zadarapartments.com\/"},{"@type":"ListItem","position":2,"name":"Zadar Apartments Map locations, Croatia"}]},{"@type":"WebSite","@id":"https:\/\/zadarapartments.com\/#website","url":"https:\/\/zadarapartments.com\/","name":"Ferienwohnungen Zadar, Kroatien, Luxus, Budget, Stadt oder Strand","description":"Mieten Sie eine Ferienwohnung in Zadar, Kroatien, Luxus, billig, Stadt, Strand Ferienvermietung von Eigent\u00fcmern","publisher":{"@id":"https:\/\/zadarapartments.com\/#organization"},"potentialAction":[{"@type":"SearchAction","target":{"@type":"EntryPoint","urlTemplate":"https:\/\/zadarapartments.com\/?s={search_term_string}"},"query-input":{"@type":"PropertyValueSpecification","valueRequired":true,"valueName":"search_term_string"}}],"inLanguage":"de"},{"@type":"Organization","@id":"https:\/\/zadarapartments.com\/#organization","name":"ZadarWohnungen.de","url":"https:\/\/zadarapartments.com\/","logo":{"@type":"ImageObject","inLanguage":"de","@id":"https:\/\/zadarapartments.com\/#\/schema\/logo\/image\/","url":"https:\/\/zadarapartments.com\/wp-content\/uploads\/2018\/09\/logo-new.png","contentUrl":"https:\/\/zadarapartments.com\/wp-content\/uploads\/2018\/09\/logo-new.png","width":300,"height":38,"caption":"ZadarApartments.com"},"image":{"@id":"https:\/\/zadarapartments.com\/#\/schema\/logo\/image\/"}}]}},"_links":{"self":[{"href":"https:\/\/zadarapartments.com\/de\/wp-json\/wp\/v2\/pages\/19555","targetHints":{"allow":["GET"]}}],"collection":[{"href":"https:\/\/zadarapartments.com\/de\/wp-json\/wp\/v2\/pages"}],"about":[{"href":"https:\/\/zadarapartments.com\/de\/wp-json\/wp\/v2\/types\/page"}],"author":[{"embeddable":true,"href":"https:\/\/zadarapartments.com\/de\/wp-json\/wp\/v2\/users\/1"}],"replies":[{"embeddable":true,"href":"https:\/\/zadarapartments.com\/de\/wp-json\/wp\/v2\/comments?post=19555"}],"version-history":[{"count":4,"href":"https:\/\/zadarapartments.com\/de\/wp-json\/wp\/v2\/pages\/19555\/revisions"}],"predecessor-version":[{"id":21117,"href":"https:\/\/zadarapartments.com\/de\/wp-json\/wp\/v2\/pages\/19555\/revisions\/21117"}],"wp:attachment":[{"href":"https:\/\/zadarapartments.com\/de\/wp-json\/wp\/v2\/media?parent=19555"}],"curies":[{"name":"wp","href":"https:\/\/api.w.org\/{rel}","templated":true}]}}