{"id":19539,"date":"2020-04-27T01:10:34","date_gmt":"2020-04-26T23:10:34","guid":{"rendered":"https:\/\/zadarapartments.com\/?page_id=19539"},"modified":"2025-10-14T00:09:25","modified_gmt":"2025-10-13T22:09:25","slug":"wohnungen-zadar-kroatien-ferienunterkunfte","status":"publish","type":"page","link":"https:\/\/zadarapartments.com\/de\/wohnungen-zadar-kroatien-ferienunterkunfte\/","title":{"rendered":"Wohnungen Zadar Kroatien"},"content":{"rendered":"<p style=\"line-height: 22px; margin-bottom: 10px; padding: 0 5px;\">\n<strong><a href=\"https:\/\/zadarapartments.com\/de\/\"><span style=\"color: #505050;\"> Wohnungen Zadar <\/span><\/a> Kroatien<\/strong>, Luxus-Apartments mit Pool und Meerblick, ger\u00e4umige moderne Design, buchen Sie private Ferienh\u00e4user am Meer und am Strand, erschwingliche Low-Cost-Budget-Ferienwohnungen im Stadtzentrum von Attraktionen und Aktivit\u00e4ten perfekt f\u00fcr gro\u00dfe unvergesslichen Urlaub in Zadar mit Familie und Freunden, kostenloses WiFi und Parkplatz, Haustiere erlaubt, beste Ferienwohnungen zur Miete in Zadar Kroatien, Studios, ein-zwei-drei oder vier Schlafzimmer private Unterkunft. oder <a href=\"https:\/\/villascroatia.com\/villas-zadar-croatia\" target=\"_blank\"><span style=\"color: #505050;\" > Luxusunterk\u00fcnfte in Zadar <\/span><\/a> - <strong>Rent by owner - Beste Mietpreise<\/strong>.\n<\/p>\n\n\n<p><\/p>","protected":false},"excerpt":{"rendered":"Apartments Zadar Croatia, luxury apartments with pool and sea view, spacious modern design, book private holiday homes by the sea &#8230;","protected":false},"author":1,"featured_media":0,"parent":0,"menu_order":0,"comment_status":"closed","ping_status":"closed","template":"property_list.php","meta":{"footnotes":""},"class_list":["post-19539","page","type-page","status-publish","hentry"],"yoast_head":"<!-- This site is optimized with the Yoast SEO plugin v27.4 - https:\/\/yoast.com\/product\/yoast-seo-wordpress\/ -->\n<title>Apartments Zadar Croatia Holiday Rentals - ZadarApartments.com<\/title>\n<meta name=\"description\" content=\"Apartments in Zadar Croatia, luxury apartments with pool, private beach holiday homes for great holiday in Zadar, Rent by owner \u2013 Best rates.\" \/>\n<meta name=\"robots\" content=\"index, follow, max-snippet:-1, max-image-preview:large, max-video-preview:-1\" \/>\n<link rel=\"canonical\" href=\"https:\/\/zadarapartments.com\/de\/wohnungen-zadar-kroatien-ferienunterkunfte\/\" \/>\n<meta property=\"og:locale\" content=\"de_DE\" \/>\n<meta property=\"og:type\" content=\"article\" \/>\n<meta property=\"og:title\" content=\"Apartments Zadar Croatia Holiday Rentals - ZadarApartments.com\" \/>\n<meta property=\"og:description\" content=\"Apartments in Zadar Croatia, luxury apartments with pool, private beach holiday homes for great holiday in Zadar, Rent by owner \u2013 Best rates.\" \/>\n<meta property=\"og:url\" content=\"https:\/\/zadarapartments.com\/de\/wohnungen-zadar-kroatien-ferienunterkunfte\/\" \/>\n<meta property=\"og:site_name\" content=\"Holiday Apartments Zadar Croatia, Luxury, Budget, City or Beach\" \/>\n<meta property=\"article:modified_time\" content=\"2025-10-13T22:09:25+00:00\" \/>\n<meta name=\"twitter:card\" content=\"summary_large_image\" \/>\n<meta name=\"twitter:label1\" content=\"Gesch\u00e4tzte Lesezeit\" \/>\n\t<meta name=\"twitter:data1\" content=\"1\u00a0Minute\" \/>\n<script type=\"application\/ld+json\" class=\"yoast-schema-graph\">{\"@context\":\"https:\\\/\\\/schema.org\",\"@graph\":[{\"@type\":\"WebPage\",\"@id\":\"https:\\\/\\\/zadarapartments.com\\\/apartments-zadar-croatia-holiday-rentals\\\/\",\"url\":\"https:\\\/\\\/zadarapartments.com\\\/apartments-zadar-croatia-holiday-rentals\\\/\",\"name\":\"Apartments Zadar Croatia Holiday Rentals - ZadarApartments.com\",\"isPartOf\":{\"@id\":\"https:\\\/\\\/zadarapartments.com\\\/#website\"},\"datePublished\":\"2020-04-26T23:10:34+00:00\",\"dateModified\":\"2025-10-13T22:09:25+00:00\",\"description\":\"Apartments in Zadar Croatia, luxury apartments with pool, private beach holiday homes for great holiday in Zadar, Rent by owner \u2013 Best rates.\",\"breadcrumb\":{\"@id\":\"https:\\\/\\\/zadarapartments.com\\\/apartments-zadar-croatia-holiday-rentals\\\/#breadcrumb\"},\"inLanguage\":\"de\",\"potentialAction\":[{\"@type\":\"ReadAction\",\"target\":[\"https:\\\/\\\/zadarapartments.com\\\/apartments-zadar-croatia-holiday-rentals\\\/\"]}]},{\"@type\":\"BreadcrumbList\",\"@id\":\"https:\\\/\\\/zadarapartments.com\\\/apartments-zadar-croatia-holiday-rentals\\\/#breadcrumb\",\"itemListElement\":[{\"@type\":\"ListItem\",\"position\":1,\"name\":\"Home\",\"item\":\"https:\\\/\\\/zadarapartments.com\\\/\"},{\"@type\":\"ListItem\",\"position\":2,\"name\":\"Apartments Zadar Croatia\"}]},{\"@type\":\"WebSite\",\"@id\":\"https:\\\/\\\/zadarapartments.com\\\/#website\",\"url\":\"https:\\\/\\\/zadarapartments.com\\\/\",\"name\":\"Holiday Apartments Zadar, Croatia, Luxury, Budget, City or Beach\",\"description\":\"Rent Holiday Apartment in Zadar, Croatia, Luxury, Cheap, City, Beach Vacation Rentals by Owner\",\"publisher\":{\"@id\":\"https:\\\/\\\/zadarapartments.com\\\/#organization\"},\"potentialAction\":[{\"@type\":\"SearchAction\",\"target\":{\"@type\":\"EntryPoint\",\"urlTemplate\":\"https:\\\/\\\/zadarapartments.com\\\/?s={search_term_string}\"},\"query-input\":{\"@type\":\"PropertyValueSpecification\",\"valueRequired\":true,\"valueName\":\"search_term_string\"}}],\"inLanguage\":\"de\"},{\"@type\":\"Organization\",\"@id\":\"https:\\\/\\\/zadarapartments.com\\\/#organization\",\"name\":\"ZadarApartments.com\",\"url\":\"https:\\\/\\\/zadarapartments.com\\\/\",\"logo\":{\"@type\":\"ImageObject\",\"inLanguage\":\"de\",\"@id\":\"https:\\\/\\\/zadarapartments.com\\\/#\\\/schema\\\/logo\\\/image\\\/\",\"url\":\"https:\\\/\\\/zadarapartments.com\\\/wp-content\\\/uploads\\\/2018\\\/09\\\/logo-new.png\",\"contentUrl\":\"https:\\\/\\\/zadarapartments.com\\\/wp-content\\\/uploads\\\/2018\\\/09\\\/logo-new.png\",\"width\":300,\"height\":38,\"caption\":\"ZadarApartments.com\"},\"image\":{\"@id\":\"https:\\\/\\\/zadarapartments.com\\\/#\\\/schema\\\/logo\\\/image\\\/\"}}]}<\/script>\n<!-- \/ Yoast SEO plugin. -->","yoast_head_json":{"title":"Apartments Zadar Kroatien Ferienvermietung - ZadarApartments.com","description":"Wohnungen in Zadar Kroatien, Luxus-Wohnungen mit Pool, Privatstrand Ferienh\u00e4user f\u00fcr einen tollen Urlaub in Zadar, Rent by owner - Beste Preise.","robots":{"index":"index","follow":"follow","max-snippet":"max-snippet:-1","max-image-preview":"max-image-preview:large","max-video-preview":"max-video-preview:-1"},"canonical":"https:\/\/zadarapartments.com\/de\/wohnungen-zadar-kroatien-ferienunterkunfte\/","og_locale":"de_DE","og_type":"article","og_title":"Apartments Zadar Croatia Holiday Rentals - ZadarApartments.com","og_description":"Apartments in Zadar Croatia, luxury apartments with pool, private beach holiday homes for great holiday in Zadar, Rent by owner \u2013 Best rates.","og_url":"https:\/\/zadarapartments.com\/de\/wohnungen-zadar-kroatien-ferienunterkunfte\/","og_site_name":"Holiday Apartments Zadar Croatia, Luxury, Budget, City or Beach","article_modified_time":"2025-10-13T22:09:25+00:00","twitter_card":"summary_large_image","twitter_misc":{"Gesch\u00e4tzte Lesezeit":"1\u00a0Minute"},"schema":{"@context":"https:\/\/schema.org","@graph":[{"@type":"WebPage","@id":"https:\/\/zadarapartments.com\/apartments-zadar-croatia-holiday-rentals\/","url":"https:\/\/zadarapartments.com\/apartments-zadar-croatia-holiday-rentals\/","name":"Apartments Zadar Kroatien Ferienvermietung - ZadarApartments.com","isPartOf":{"@id":"https:\/\/zadarapartments.com\/#website"},"datePublished":"2020-04-26T23:10:34+00:00","dateModified":"2025-10-13T22:09:25+00:00","description":"Wohnungen in Zadar Kroatien, Luxus-Wohnungen mit Pool, Privatstrand Ferienh\u00e4user f\u00fcr einen tollen Urlaub in Zadar, Rent by owner - Beste Preise.","breadcrumb":{"@id":"https:\/\/zadarapartments.com\/apartments-zadar-croatia-holiday-rentals\/#breadcrumb"},"inLanguage":"de","potentialAction":[{"@type":"ReadAction","target":["https:\/\/zadarapartments.com\/apartments-zadar-croatia-holiday-rentals\/"]}]},{"@type":"BreadcrumbList","@id":"https:\/\/zadarapartments.com\/apartments-zadar-croatia-holiday-rentals\/#breadcrumb","itemListElement":[{"@type":"ListItem","position":1,"name":"Home","item":"https:\/\/zadarapartments.com\/"},{"@type":"ListItem","position":2,"name":"Apartments Zadar Croatia"}]},{"@type":"WebSite","@id":"https:\/\/zadarapartments.com\/#website","url":"https:\/\/zadarapartments.com\/","name":"Ferienwohnungen Zadar, Kroatien, Luxus, Budget, Stadt oder Strand","description":"Mieten Sie eine Ferienwohnung in Zadar, Kroatien, Luxus, billig, Stadt, Strand Ferienvermietung von Eigent\u00fcmern","publisher":{"@id":"https:\/\/zadarapartments.com\/#organization"},"potentialAction":[{"@type":"SearchAction","target":{"@type":"EntryPoint","urlTemplate":"https:\/\/zadarapartments.com\/?s={search_term_string}"},"query-input":{"@type":"PropertyValueSpecification","valueRequired":true,"valueName":"search_term_string"}}],"inLanguage":"de"},{"@type":"Organization","@id":"https:\/\/zadarapartments.com\/#organization","name":"ZadarWohnungen.de","url":"https:\/\/zadarapartments.com\/","logo":{"@type":"ImageObject","inLanguage":"de","@id":"https:\/\/zadarapartments.com\/#\/schema\/logo\/image\/","url":"https:\/\/zadarapartments.com\/wp-content\/uploads\/2018\/09\/logo-new.png","contentUrl":"https:\/\/zadarapartments.com\/wp-content\/uploads\/2018\/09\/logo-new.png","width":300,"height":38,"caption":"ZadarApartments.com"},"image":{"@id":"https:\/\/zadarapartments.com\/#\/schema\/logo\/image\/"}}]}},"_links":{"self":[{"href":"https:\/\/zadarapartments.com\/de\/wp-json\/wp\/v2\/pages\/19539","targetHints":{"allow":["GET"]}}],"collection":[{"href":"https:\/\/zadarapartments.com\/de\/wp-json\/wp\/v2\/pages"}],"about":[{"href":"https:\/\/zadarapartments.com\/de\/wp-json\/wp\/v2\/types\/page"}],"author":[{"embeddable":true,"href":"https:\/\/zadarapartments.com\/de\/wp-json\/wp\/v2\/users\/1"}],"replies":[{"embeddable":true,"href":"https:\/\/zadarapartments.com\/de\/wp-json\/wp\/v2\/comments?post=19539"}],"version-history":[{"count":10,"href":"https:\/\/zadarapartments.com\/de\/wp-json\/wp\/v2\/pages\/19539\/revisions"}],"predecessor-version":[{"id":21360,"href":"https:\/\/zadarapartments.com\/de\/wp-json\/wp\/v2\/pages\/19539\/revisions\/21360"}],"wp:attachment":[{"href":"https:\/\/zadarapartments.com\/de\/wp-json\/wp\/v2\/media?parent=19539"}],"curies":[{"name":"wp","href":"https:\/\/api.w.org\/{rel}","templated":true}]}}