{"id":19534,"date":"2020-04-27T01:02:32","date_gmt":"2020-04-26T23:02:32","guid":{"rendered":"https:\/\/zadarapartments.com\/?page_id=19534"},"modified":"2025-10-13T00:04:28","modified_gmt":"2025-10-12T22:04:28","slug":"strand-wohnungen-zadar-kroatien","status":"publish","type":"page","link":"https:\/\/zadarapartments.com\/de\/strand-wohnungen-zadar-kroatien\/","title":{"rendered":"Zadar Beach Apartments Kroatien"},"content":{"rendered":"<h1 style=\"color: #1060f0;\"><em>Zadar Beach Apartments Kroatien <\/em><\/h1>\n<p style=\"line-height: 22px;\">\n<strong> Ferienstrand <a href=\"https:\/\/zadarapartments.com\/de\/\"><span style=\"color: #505050;\">Zadar Wohnungen<\/span><\/a>, Kroatien<\/strong>, am Meer und am Strand zu Fu\u00df erreichbar, einfachen Zugang zum Strand zum Schwimmen, Sonnenbaden, oder einfach nur die Adria genie\u00dfen. Seafront Ferienwohnung mit herrlichem Meerblick ist perfekt f\u00fcr einen entspannten Sommerurlaub Tempo. \n<\/p>\n<p style=\"line-height: 22px;\">\nBei den Beach Apartments Zadar, Kroatien, geht es darum, sich selbst, seine Familie und Freunde mit einem perfekten und unvergesslichen Erlebnis am Meer zu verw\u00f6hnen. Die Unterk\u00fcnfte am Strand bieten einen komfortablen und erholsamen Aufenthalt, eine Erfahrung wie zu Hause f\u00fcr einen tollen Strandurlaub. \n<\/p>\n<p style=\"line-height: 22px; margin-bottom: 30px;\">\nGenie\u00dfen Sie Ihren Besuch in Zadar in Zadar Beach Apartments. Die G\u00e4ste haben einige kostenlose Annehmlichkeiten wie WiFi und Parkplatz, Sonnenterrasse, Garten, Fitness, Whirlpool, Sauna, Grill, Klimaanlage, Smart-Flat-TV, haustierfreundlich und mehr Highlights, genie\u00dfen <a href=\"https:\/\/villascroatia.com\/villas-zadar-croatia\" target=\"_blank\"><span style=\"color: #505050;\" > Luxusunterk\u00fcnfte in Zadar <\/span><\/a> - <strong>Rent by owner - Beste Mietpreise!<\/strong>\n<\/p>\n\n\n<p><\/p>","protected":false},"excerpt":{"rendered":"Zadar Beach Apartments Croatia Holiday Beach Zadar Apartments, Croatia, by the sea and by the beach at walking distance, easy &#8230;","protected":false},"author":1,"featured_media":0,"parent":0,"menu_order":0,"comment_status":"closed","ping_status":"closed","template":"property_list_half.php","meta":{"footnotes":""},"class_list":["post-19534","page","type-page","status-publish","hentry"],"yoast_head":"<!-- This site is optimized with the Yoast SEO plugin v27.4 - https:\/\/yoast.com\/product\/yoast-seo-wordpress\/ -->\n<title>Zadar Beach Apartments Croatia for rent - ZadarApartments.com<\/title>\n<meta name=\"description\" content=\"Holiday Beach Zadar Apartments, Croatia, by the sea, by the beach, swimming, water sports, seafront vacation rental with beautiful sea view.\" \/>\n<meta name=\"robots\" content=\"index, follow, max-snippet:-1, max-image-preview:large, max-video-preview:-1\" \/>\n<link rel=\"canonical\" href=\"https:\/\/zadarapartments.com\/de\/strand-wohnungen-zadar-kroatien\/\" \/>\n<meta property=\"og:locale\" content=\"de_DE\" \/>\n<meta property=\"og:type\" content=\"article\" \/>\n<meta property=\"og:title\" content=\"Zadar Beach Apartments Croatia for rent - ZadarApartments.com\" \/>\n<meta property=\"og:description\" content=\"Holiday Beach Zadar Apartments, Croatia, by the sea, by the beach, swimming, water sports, seafront vacation rental with beautiful sea view.\" \/>\n<meta property=\"og:url\" content=\"https:\/\/zadarapartments.com\/de\/strand-wohnungen-zadar-kroatien\/\" \/>\n<meta property=\"og:site_name\" content=\"Holiday Apartments Zadar Croatia, Luxury, Budget, City or Beach\" \/>\n<meta property=\"article:modified_time\" content=\"2025-10-12T22:04:28+00:00\" \/>\n<meta name=\"twitter:card\" content=\"summary_large_image\" \/>\n<meta name=\"twitter:label1\" content=\"Gesch\u00e4tzte Lesezeit\" \/>\n\t<meta name=\"twitter:data1\" content=\"1\u00a0Minute\" \/>\n<script type=\"application\/ld+json\" class=\"yoast-schema-graph\">{\"@context\":\"https:\\\/\\\/schema.org\",\"@graph\":[{\"@type\":\"WebPage\",\"@id\":\"https:\\\/\\\/zadarapartments.com\\\/beach-apartments-zadar-croatia\\\/\",\"url\":\"https:\\\/\\\/zadarapartments.com\\\/beach-apartments-zadar-croatia\\\/\",\"name\":\"Zadar Beach Apartments Croatia for rent - ZadarApartments.com\",\"isPartOf\":{\"@id\":\"https:\\\/\\\/zadarapartments.com\\\/#website\"},\"datePublished\":\"2020-04-26T23:02:32+00:00\",\"dateModified\":\"2025-10-12T22:04:28+00:00\",\"description\":\"Holiday Beach Zadar Apartments, Croatia, by the sea, by the beach, swimming, water sports, seafront vacation rental with beautiful sea view.\",\"breadcrumb\":{\"@id\":\"https:\\\/\\\/zadarapartments.com\\\/beach-apartments-zadar-croatia\\\/#breadcrumb\"},\"inLanguage\":\"de\",\"potentialAction\":[{\"@type\":\"ReadAction\",\"target\":[\"https:\\\/\\\/zadarapartments.com\\\/beach-apartments-zadar-croatia\\\/\"]}]},{\"@type\":\"BreadcrumbList\",\"@id\":\"https:\\\/\\\/zadarapartments.com\\\/beach-apartments-zadar-croatia\\\/#breadcrumb\",\"itemListElement\":[{\"@type\":\"ListItem\",\"position\":1,\"name\":\"Home\",\"item\":\"https:\\\/\\\/zadarapartments.com\\\/\"},{\"@type\":\"ListItem\",\"position\":2,\"name\":\"Zadar Beach Apartments Croatia\"}]},{\"@type\":\"WebSite\",\"@id\":\"https:\\\/\\\/zadarapartments.com\\\/#website\",\"url\":\"https:\\\/\\\/zadarapartments.com\\\/\",\"name\":\"Holiday Apartments Zadar, Croatia, Luxury, Budget, City or Beach\",\"description\":\"Rent Holiday Apartment in Zadar, Croatia, Luxury, Cheap, City, Beach Vacation Rentals by Owner\",\"publisher\":{\"@id\":\"https:\\\/\\\/zadarapartments.com\\\/#organization\"},\"potentialAction\":[{\"@type\":\"SearchAction\",\"target\":{\"@type\":\"EntryPoint\",\"urlTemplate\":\"https:\\\/\\\/zadarapartments.com\\\/?s={search_term_string}\"},\"query-input\":{\"@type\":\"PropertyValueSpecification\",\"valueRequired\":true,\"valueName\":\"search_term_string\"}}],\"inLanguage\":\"de\"},{\"@type\":\"Organization\",\"@id\":\"https:\\\/\\\/zadarapartments.com\\\/#organization\",\"name\":\"ZadarApartments.com\",\"url\":\"https:\\\/\\\/zadarapartments.com\\\/\",\"logo\":{\"@type\":\"ImageObject\",\"inLanguage\":\"de\",\"@id\":\"https:\\\/\\\/zadarapartments.com\\\/#\\\/schema\\\/logo\\\/image\\\/\",\"url\":\"https:\\\/\\\/zadarapartments.com\\\/wp-content\\\/uploads\\\/2018\\\/09\\\/logo-new.png\",\"contentUrl\":\"https:\\\/\\\/zadarapartments.com\\\/wp-content\\\/uploads\\\/2018\\\/09\\\/logo-new.png\",\"width\":300,\"height\":38,\"caption\":\"ZadarApartments.com\"},\"image\":{\"@id\":\"https:\\\/\\\/zadarapartments.com\\\/#\\\/schema\\\/logo\\\/image\\\/\"}}]}<\/script>\n<!-- \/ Yoast SEO plugin. -->","yoast_head_json":{"title":"Zadar Beach Apartments Kroatien zur Miete - ZadarApartments.com","description":"Holiday Beach Zadar Apartments, Kroatien, am Meer, am Strand, Schwimmen, Wassersport, Ferienvermietung am Meer mit sch\u00f6nem Meerblick.","robots":{"index":"index","follow":"follow","max-snippet":"max-snippet:-1","max-image-preview":"max-image-preview:large","max-video-preview":"max-video-preview:-1"},"canonical":"https:\/\/zadarapartments.com\/de\/strand-wohnungen-zadar-kroatien\/","og_locale":"de_DE","og_type":"article","og_title":"Zadar Beach Apartments Croatia for rent - ZadarApartments.com","og_description":"Holiday Beach Zadar Apartments, Croatia, by the sea, by the beach, swimming, water sports, seafront vacation rental with beautiful sea view.","og_url":"https:\/\/zadarapartments.com\/de\/strand-wohnungen-zadar-kroatien\/","og_site_name":"Holiday Apartments Zadar Croatia, Luxury, Budget, City or Beach","article_modified_time":"2025-10-12T22:04:28+00:00","twitter_card":"summary_large_image","twitter_misc":{"Gesch\u00e4tzte Lesezeit":"1\u00a0Minute"},"schema":{"@context":"https:\/\/schema.org","@graph":[{"@type":"WebPage","@id":"https:\/\/zadarapartments.com\/beach-apartments-zadar-croatia\/","url":"https:\/\/zadarapartments.com\/beach-apartments-zadar-croatia\/","name":"Zadar Beach Apartments Kroatien zur Miete - ZadarApartments.com","isPartOf":{"@id":"https:\/\/zadarapartments.com\/#website"},"datePublished":"2020-04-26T23:02:32+00:00","dateModified":"2025-10-12T22:04:28+00:00","description":"Holiday Beach Zadar Apartments, Kroatien, am Meer, am Strand, Schwimmen, Wassersport, Ferienvermietung am Meer mit sch\u00f6nem Meerblick.","breadcrumb":{"@id":"https:\/\/zadarapartments.com\/beach-apartments-zadar-croatia\/#breadcrumb"},"inLanguage":"de","potentialAction":[{"@type":"ReadAction","target":["https:\/\/zadarapartments.com\/beach-apartments-zadar-croatia\/"]}]},{"@type":"BreadcrumbList","@id":"https:\/\/zadarapartments.com\/beach-apartments-zadar-croatia\/#breadcrumb","itemListElement":[{"@type":"ListItem","position":1,"name":"Home","item":"https:\/\/zadarapartments.com\/"},{"@type":"ListItem","position":2,"name":"Zadar Beach Apartments Croatia"}]},{"@type":"WebSite","@id":"https:\/\/zadarapartments.com\/#website","url":"https:\/\/zadarapartments.com\/","name":"Ferienwohnungen Zadar, Kroatien, Luxus, Budget, Stadt oder Strand","description":"Mieten Sie eine Ferienwohnung in Zadar, Kroatien, Luxus, billig, Stadt, Strand Ferienvermietung von Eigent\u00fcmern","publisher":{"@id":"https:\/\/zadarapartments.com\/#organization"},"potentialAction":[{"@type":"SearchAction","target":{"@type":"EntryPoint","urlTemplate":"https:\/\/zadarapartments.com\/?s={search_term_string}"},"query-input":{"@type":"PropertyValueSpecification","valueRequired":true,"valueName":"search_term_string"}}],"inLanguage":"de"},{"@type":"Organization","@id":"https:\/\/zadarapartments.com\/#organization","name":"ZadarWohnungen.de","url":"https:\/\/zadarapartments.com\/","logo":{"@type":"ImageObject","inLanguage":"de","@id":"https:\/\/zadarapartments.com\/#\/schema\/logo\/image\/","url":"https:\/\/zadarapartments.com\/wp-content\/uploads\/2018\/09\/logo-new.png","contentUrl":"https:\/\/zadarapartments.com\/wp-content\/uploads\/2018\/09\/logo-new.png","width":300,"height":38,"caption":"ZadarApartments.com"},"image":{"@id":"https:\/\/zadarapartments.com\/#\/schema\/logo\/image\/"}}]}},"_links":{"self":[{"href":"https:\/\/zadarapartments.com\/de\/wp-json\/wp\/v2\/pages\/19534","targetHints":{"allow":["GET"]}}],"collection":[{"href":"https:\/\/zadarapartments.com\/de\/wp-json\/wp\/v2\/pages"}],"about":[{"href":"https:\/\/zadarapartments.com\/de\/wp-json\/wp\/v2\/types\/page"}],"author":[{"embeddable":true,"href":"https:\/\/zadarapartments.com\/de\/wp-json\/wp\/v2\/users\/1"}],"replies":[{"embeddable":true,"href":"https:\/\/zadarapartments.com\/de\/wp-json\/wp\/v2\/comments?post=19534"}],"version-history":[{"count":5,"href":"https:\/\/zadarapartments.com\/de\/wp-json\/wp\/v2\/pages\/19534\/revisions"}],"predecessor-version":[{"id":21107,"href":"https:\/\/zadarapartments.com\/de\/wp-json\/wp\/v2\/pages\/19534\/revisions\/21107"}],"wp:attachment":[{"href":"https:\/\/zadarapartments.com\/de\/wp-json\/wp\/v2\/media?parent=19534"}],"curies":[{"name":"wp","href":"https:\/\/api.w.org\/{rel}","templated":true}]}}