{"id":19523,"date":"2020-04-27T00:46:31","date_gmt":"2020-04-26T22:46:31","guid":{"rendered":"https:\/\/zadarapartments.com\/?page_id=19523"},"modified":"2025-10-13T00:06:11","modified_gmt":"2025-10-12T22:06:11","slug":"privatwohnungen-zadar-kroatien","status":"publish","type":"page","link":"https:\/\/zadarapartments.com\/de\/privatwohnungen-zadar-kroatien\/","title":{"rendered":"Familienappartements Zadar Kroatien Privater Kurzurlaub"},"content":{"rendered":"<h1 style=\"color: #1060f0;\"><em> Familienappartements Zadar Kroatien Privater Kurzurlaub <\/em><\/h1>\n<p style=\"line-height: 22px;\">\n<strong>Privater Urlaub Familie <a href=\"https:\/\/zadarapartments.com\/de\/\"><span style=\"color: #505050;\">Zadar Wohnungen<\/span><\/a>, Kroatien<\/strong>, Die gesamte Wohnung bietet mehr Privatsph\u00e4re, Komfort und eine pers\u00f6nlichere Erfahrung, die ganze Wohnung bietet mehr pers\u00f6nlichen Raum und ein Gef\u00fchl der Privatsph\u00e4re, f\u00fcr Paare, Familien oder Gruppen, eine intime und exklusive Urlaubserlebnis, friedliche abgelegene Ferienunterk\u00fcnfte.\n<\/p>\n<p style=\"line-height: 22px;\">\nPrivate familienfreundliche Apartments in Zadar, Kroatien, bieten Ihnen, Ihrer Familie und Ihren Freunden ein perfektes und unvergessliches Erlebnis. Entspannende und angenehme Ferienerlebnisse f\u00fcr G\u00e4ste, die eine Auszeit suchen. \n<\/p>\n<p style=\"line-height: 22px; margin-bottom: 30px;\">\nGenie\u00dfen Sie Ihren Besuch der Boutique romantische Zadar Getaways mit Zadar Private Apartment Getaways. Die G\u00e4ste werden einige kostenlose Annehmlichkeiten wie WiFi und Parkpl\u00e4tze, Sonnenterrasse, Garten, Fitness, Whirlpool, Sauna, Grill, Klimaanlage, Smart-Flat-TV, haustierfreundlich und mehr Highlights haben -. <strong>Rent by owner - Beste Mietpreise!<\/strong>\n<\/p>\n\n\n\n<p><\/p>","protected":false},"excerpt":{"rendered":"Family Apartments Zadar Croatia Private Getaway Private Holiday Family Zadar Apartments, Croatia, offers greater privacy, comfort, and a more personal &#8230;","protected":false},"author":1,"featured_media":0,"parent":0,"menu_order":0,"comment_status":"closed","ping_status":"closed","template":"property_list_half.php","meta":{"footnotes":""},"class_list":["post-19523","page","type-page","status-publish","hentry"],"yoast_head":"<!-- This site is optimized with the Yoast SEO plugin v27.4 - https:\/\/yoast.com\/product\/yoast-seo-wordpress\/ -->\n<title>Family Apartments Zadar Croatia Private - ZadarApartments.com<\/title>\n<meta name=\"description\" content=\"Rent Private Holiday Family Apartments in Zadar, Croatia, romantic getaway secluded vacation rentals, boutique entire apartment for privacy.\" \/>\n<meta name=\"robots\" content=\"index, follow, max-snippet:-1, max-image-preview:large, max-video-preview:-1\" \/>\n<link rel=\"canonical\" href=\"https:\/\/zadarapartments.com\/de\/privatwohnungen-zadar-kroatien\/\" \/>\n<meta property=\"og:locale\" content=\"de_DE\" \/>\n<meta property=\"og:type\" content=\"article\" \/>\n<meta property=\"og:title\" content=\"Family Apartments Zadar Croatia Private - ZadarApartments.com\" \/>\n<meta property=\"og:description\" content=\"Rent Private Holiday Family Apartments in Zadar, Croatia, romantic getaway secluded vacation rentals, boutique entire apartment for privacy.\" \/>\n<meta property=\"og:url\" content=\"https:\/\/zadarapartments.com\/de\/privatwohnungen-zadar-kroatien\/\" \/>\n<meta property=\"og:site_name\" content=\"Holiday Apartments Zadar Croatia, Luxury, Budget, City or Beach\" \/>\n<meta property=\"article:modified_time\" content=\"2025-10-12T22:06:11+00:00\" \/>\n<meta name=\"twitter:card\" content=\"summary_large_image\" \/>\n<meta name=\"twitter:label1\" content=\"Gesch\u00e4tzte Lesezeit\" \/>\n\t<meta name=\"twitter:data1\" content=\"1\u00a0Minute\" \/>\n<script type=\"application\/ld+json\" class=\"yoast-schema-graph\">{\"@context\":\"https:\\\/\\\/schema.org\",\"@graph\":[{\"@type\":\"WebPage\",\"@id\":\"https:\\\/\\\/zadarapartments.com\\\/getaway-apartments-zadar-croatia\\\/\",\"url\":\"https:\\\/\\\/zadarapartments.com\\\/getaway-apartments-zadar-croatia\\\/\",\"name\":\"Family Apartments Zadar Croatia Private - ZadarApartments.com\",\"isPartOf\":{\"@id\":\"https:\\\/\\\/zadarapartments.com\\\/#website\"},\"datePublished\":\"2020-04-26T22:46:31+00:00\",\"dateModified\":\"2025-10-12T22:06:11+00:00\",\"description\":\"Rent Private Holiday Family Apartments in Zadar, Croatia, romantic getaway secluded vacation rentals, boutique entire apartment for privacy.\",\"breadcrumb\":{\"@id\":\"https:\\\/\\\/zadarapartments.com\\\/getaway-apartments-zadar-croatia\\\/#breadcrumb\"},\"inLanguage\":\"de\",\"potentialAction\":[{\"@type\":\"ReadAction\",\"target\":[\"https:\\\/\\\/zadarapartments.com\\\/getaway-apartments-zadar-croatia\\\/\"]}]},{\"@type\":\"BreadcrumbList\",\"@id\":\"https:\\\/\\\/zadarapartments.com\\\/getaway-apartments-zadar-croatia\\\/#breadcrumb\",\"itemListElement\":[{\"@type\":\"ListItem\",\"position\":1,\"name\":\"Home\",\"item\":\"https:\\\/\\\/zadarapartments.com\\\/\"},{\"@type\":\"ListItem\",\"position\":2,\"name\":\"Family Apartments Zadar Croatia Private Getaway\"}]},{\"@type\":\"WebSite\",\"@id\":\"https:\\\/\\\/zadarapartments.com\\\/#website\",\"url\":\"https:\\\/\\\/zadarapartments.com\\\/\",\"name\":\"Holiday Apartments Zadar, Croatia, Luxury, Budget, City or Beach\",\"description\":\"Rent Holiday Apartment in Zadar, Croatia, Luxury, Cheap, City, Beach Vacation Rentals by Owner\",\"publisher\":{\"@id\":\"https:\\\/\\\/zadarapartments.com\\\/#organization\"},\"potentialAction\":[{\"@type\":\"SearchAction\",\"target\":{\"@type\":\"EntryPoint\",\"urlTemplate\":\"https:\\\/\\\/zadarapartments.com\\\/?s={search_term_string}\"},\"query-input\":{\"@type\":\"PropertyValueSpecification\",\"valueRequired\":true,\"valueName\":\"search_term_string\"}}],\"inLanguage\":\"de\"},{\"@type\":\"Organization\",\"@id\":\"https:\\\/\\\/zadarapartments.com\\\/#organization\",\"name\":\"ZadarApartments.com\",\"url\":\"https:\\\/\\\/zadarapartments.com\\\/\",\"logo\":{\"@type\":\"ImageObject\",\"inLanguage\":\"de\",\"@id\":\"https:\\\/\\\/zadarapartments.com\\\/#\\\/schema\\\/logo\\\/image\\\/\",\"url\":\"https:\\\/\\\/zadarapartments.com\\\/wp-content\\\/uploads\\\/2018\\\/09\\\/logo-new.png\",\"contentUrl\":\"https:\\\/\\\/zadarapartments.com\\\/wp-content\\\/uploads\\\/2018\\\/09\\\/logo-new.png\",\"width\":300,\"height\":38,\"caption\":\"ZadarApartments.com\"},\"image\":{\"@id\":\"https:\\\/\\\/zadarapartments.com\\\/#\\\/schema\\\/logo\\\/image\\\/\"}}]}<\/script>\n<!-- \/ Yoast SEO plugin. -->","yoast_head_json":{"title":"Familienwohnungen Zadar Kroatien Privat - ZadarApartments.com","description":"Rent Private Holiday Family Apartments in Zadar, Kroatien, romantische Flucht abgelegene Ferienh\u00e4user, Boutique ganze Wohnung f\u00fcr Privatsph\u00e4re.","robots":{"index":"index","follow":"follow","max-snippet":"max-snippet:-1","max-image-preview":"max-image-preview:large","max-video-preview":"max-video-preview:-1"},"canonical":"https:\/\/zadarapartments.com\/de\/privatwohnungen-zadar-kroatien\/","og_locale":"de_DE","og_type":"article","og_title":"Family Apartments Zadar Croatia Private - ZadarApartments.com","og_description":"Rent Private Holiday Family Apartments in Zadar, Croatia, romantic getaway secluded vacation rentals, boutique entire apartment for privacy.","og_url":"https:\/\/zadarapartments.com\/de\/privatwohnungen-zadar-kroatien\/","og_site_name":"Holiday Apartments Zadar Croatia, Luxury, Budget, City or Beach","article_modified_time":"2025-10-12T22:06:11+00:00","twitter_card":"summary_large_image","twitter_misc":{"Gesch\u00e4tzte Lesezeit":"1\u00a0Minute"},"schema":{"@context":"https:\/\/schema.org","@graph":[{"@type":"WebPage","@id":"https:\/\/zadarapartments.com\/getaway-apartments-zadar-croatia\/","url":"https:\/\/zadarapartments.com\/getaway-apartments-zadar-croatia\/","name":"Familienwohnungen Zadar Kroatien Privat - ZadarApartments.com","isPartOf":{"@id":"https:\/\/zadarapartments.com\/#website"},"datePublished":"2020-04-26T22:46:31+00:00","dateModified":"2025-10-12T22:06:11+00:00","description":"Rent Private Holiday Family Apartments in Zadar, Kroatien, romantische Flucht abgelegene Ferienh\u00e4user, Boutique ganze Wohnung f\u00fcr Privatsph\u00e4re.","breadcrumb":{"@id":"https:\/\/zadarapartments.com\/getaway-apartments-zadar-croatia\/#breadcrumb"},"inLanguage":"de","potentialAction":[{"@type":"ReadAction","target":["https:\/\/zadarapartments.com\/getaway-apartments-zadar-croatia\/"]}]},{"@type":"BreadcrumbList","@id":"https:\/\/zadarapartments.com\/getaway-apartments-zadar-croatia\/#breadcrumb","itemListElement":[{"@type":"ListItem","position":1,"name":"Home","item":"https:\/\/zadarapartments.com\/"},{"@type":"ListItem","position":2,"name":"Family Apartments Zadar Croatia Private Getaway"}]},{"@type":"WebSite","@id":"https:\/\/zadarapartments.com\/#website","url":"https:\/\/zadarapartments.com\/","name":"Ferienwohnungen Zadar, Kroatien, Luxus, Budget, Stadt oder Strand","description":"Mieten Sie eine Ferienwohnung in Zadar, Kroatien, Luxus, billig, Stadt, Strand Ferienvermietung von Eigent\u00fcmern","publisher":{"@id":"https:\/\/zadarapartments.com\/#organization"},"potentialAction":[{"@type":"SearchAction","target":{"@type":"EntryPoint","urlTemplate":"https:\/\/zadarapartments.com\/?s={search_term_string}"},"query-input":{"@type":"PropertyValueSpecification","valueRequired":true,"valueName":"search_term_string"}}],"inLanguage":"de"},{"@type":"Organization","@id":"https:\/\/zadarapartments.com\/#organization","name":"ZadarWohnungen.de","url":"https:\/\/zadarapartments.com\/","logo":{"@type":"ImageObject","inLanguage":"de","@id":"https:\/\/zadarapartments.com\/#\/schema\/logo\/image\/","url":"https:\/\/zadarapartments.com\/wp-content\/uploads\/2018\/09\/logo-new.png","contentUrl":"https:\/\/zadarapartments.com\/wp-content\/uploads\/2018\/09\/logo-new.png","width":300,"height":38,"caption":"ZadarApartments.com"},"image":{"@id":"https:\/\/zadarapartments.com\/#\/schema\/logo\/image\/"}}]}},"_links":{"self":[{"href":"https:\/\/zadarapartments.com\/de\/wp-json\/wp\/v2\/pages\/19523","targetHints":{"allow":["GET"]}}],"collection":[{"href":"https:\/\/zadarapartments.com\/de\/wp-json\/wp\/v2\/pages"}],"about":[{"href":"https:\/\/zadarapartments.com\/de\/wp-json\/wp\/v2\/types\/page"}],"author":[{"embeddable":true,"href":"https:\/\/zadarapartments.com\/de\/wp-json\/wp\/v2\/users\/1"}],"replies":[{"embeddable":true,"href":"https:\/\/zadarapartments.com\/de\/wp-json\/wp\/v2\/comments?post=19523"}],"version-history":[{"count":4,"href":"https:\/\/zadarapartments.com\/de\/wp-json\/wp\/v2\/pages\/19523\/revisions"}],"predecessor-version":[{"id":21111,"href":"https:\/\/zadarapartments.com\/de\/wp-json\/wp\/v2\/pages\/19523\/revisions\/21111"}],"wp:attachment":[{"href":"https:\/\/zadarapartments.com\/de\/wp-json\/wp\/v2\/media?parent=19523"}],"curies":[{"name":"wp","href":"https:\/\/api.w.org\/{rel}","templated":true}]}}