{"id":19468,"date":"2020-04-25T00:00:10","date_gmt":"2020-04-24T22:00:10","guid":{"rendered":"https:\/\/zadarapartments.com\/?page_id=19468"},"modified":"2025-10-13T00:00:48","modified_gmt":"2025-10-12T22:00:48","slug":"gunstige-wohnungen-zadar-kroatien","status":"publish","type":"page","link":"https:\/\/zadarapartments.com\/de\/gunstige-wohnungen-zadar-kroatien\/","title":{"rendered":"Erschwingliche g\u00fcnstige Zadar Apartments Kroatien"},"content":{"rendered":"<h1 style=\"color: #1060f0;\"><em> Erschwingliche g\u00fcnstige Zadar Apartments Kroatien <\/em><\/h1>\n<p style=\"line-height: 22px;\">\n<strong>Erschwinglich G\u00fcnstig <a href=\"https:\/\/zadarapartments.com\/de\/\"><span style=\"color: #505050;\">Zadar Wohnungen<\/span><\/a>, Kroatien<\/strong>, preiswerte Ferienunterk\u00fcnfte f\u00fcr jeden Geschmack und jedes Budget, eine gro\u00dfe Auswahl an erschwinglichen, sauberen, qualitativ hochwertigen Ferienunterk\u00fcnften f\u00fcr Ihren n\u00e4chsten Sommerurlaub mit Familie und Freunden. Sie k\u00f6nnen eine preiswerte Wohnung, die Ihren Bed\u00fcrfnissen entspricht aus unserem Angebot, die Ihr Budget passt zu finden.\n<\/p>\n<p style=\"line-height: 22px;\">\nLow Cost Apartments in Zadar, Kroatien, sind alle \u00fcber verw\u00f6hnen Sie sich, Ihre Familie und Freunde in eine perfekte und unvergessliche Erfahrung zu g\u00fcnstigen Preisen Wohnungen in Zadar Kroatien, erschwingliche Optionen ohne Kompromisse bei Komfort und Qualit\u00e4t.\n<\/p>\n<p style=\"line-height: 22px; margin-bottom: 30px;\">\nGenie\u00dfen Sie Ihren Besuch in Zadar in Zadar Low Cost Cheap Apartments. Die G\u00e4ste werden einige der kostenlosen Annehmlichkeiten wie WiFi und Parkplatz, Sonnenterrasse, Garten, Fitness, Grill, Klimaanlage, Smart-Flat-TV, haustierfreundlich und mehr Highlights - haben. <strong>Rent by owner - Beste Mietpreise!<\/strong>\n<\/p>\n\n\n\n<p><\/p>","protected":false},"excerpt":{"rendered":"Affordable Cheap Zadar Apartments Croatia Affordable Cheap Zadar Apartments, Croatia, low cost vacation rentals for all tastes and budgets, a &#8230;","protected":false},"author":1,"featured_media":0,"parent":0,"menu_order":0,"comment_status":"closed","ping_status":"closed","template":"property_list_half.php","meta":{"footnotes":""},"class_list":["post-19468","page","type-page","status-publish","hentry"],"yoast_head":"<!-- This site is optimized with the Yoast SEO plugin v27.4 - https:\/\/yoast.com\/product\/yoast-seo-wordpress\/ -->\n<title>Affordable Cheap Zadar Apartments Croatia- ZadarApartments.com<\/title>\n<meta name=\"description\" content=\"Rent Affordable Cheap Zadar Apartments Croatia, low cost vacation rentals for all tastes and budgets, booking budget Zadar apartments.\" \/>\n<meta name=\"robots\" content=\"index, follow, max-snippet:-1, max-image-preview:large, max-video-preview:-1\" \/>\n<link rel=\"canonical\" href=\"https:\/\/zadarapartments.com\/de\/gunstige-wohnungen-zadar-kroatien\/\" \/>\n<meta property=\"og:locale\" content=\"de_DE\" \/>\n<meta property=\"og:type\" content=\"article\" \/>\n<meta property=\"og:title\" content=\"Affordable Cheap Zadar Apartments Croatia- ZadarApartments.com\" \/>\n<meta property=\"og:description\" content=\"Rent Affordable Cheap Zadar Apartments Croatia, low cost vacation rentals for all tastes and budgets, booking budget Zadar apartments.\" \/>\n<meta property=\"og:url\" content=\"https:\/\/zadarapartments.com\/de\/gunstige-wohnungen-zadar-kroatien\/\" \/>\n<meta property=\"og:site_name\" content=\"Holiday Apartments Zadar Croatia, Luxury, Budget, City or Beach\" \/>\n<meta property=\"article:modified_time\" content=\"2025-10-12T22:00:48+00:00\" \/>\n<meta name=\"twitter:card\" content=\"summary_large_image\" \/>\n<meta name=\"twitter:label1\" content=\"Gesch\u00e4tzte Lesezeit\" \/>\n\t<meta name=\"twitter:data1\" content=\"1\u00a0Minute\" \/>\n<script type=\"application\/ld+json\" class=\"yoast-schema-graph\">{\"@context\":\"https:\\\/\\\/schema.org\",\"@graph\":[{\"@type\":\"WebPage\",\"@id\":\"https:\\\/\\\/zadarapartments.com\\\/cheap-apartments-zadar-croatia\\\/\",\"url\":\"https:\\\/\\\/zadarapartments.com\\\/cheap-apartments-zadar-croatia\\\/\",\"name\":\"Affordable Cheap Zadar Apartments Croatia- ZadarApartments.com\",\"isPartOf\":{\"@id\":\"https:\\\/\\\/zadarapartments.com\\\/#website\"},\"datePublished\":\"2020-04-24T22:00:10+00:00\",\"dateModified\":\"2025-10-12T22:00:48+00:00\",\"description\":\"Rent Affordable Cheap Zadar Apartments Croatia, low cost vacation rentals for all tastes and budgets, booking budget Zadar apartments.\",\"breadcrumb\":{\"@id\":\"https:\\\/\\\/zadarapartments.com\\\/cheap-apartments-zadar-croatia\\\/#breadcrumb\"},\"inLanguage\":\"de\",\"potentialAction\":[{\"@type\":\"ReadAction\",\"target\":[\"https:\\\/\\\/zadarapartments.com\\\/cheap-apartments-zadar-croatia\\\/\"]}]},{\"@type\":\"BreadcrumbList\",\"@id\":\"https:\\\/\\\/zadarapartments.com\\\/cheap-apartments-zadar-croatia\\\/#breadcrumb\",\"itemListElement\":[{\"@type\":\"ListItem\",\"position\":1,\"name\":\"Home\",\"item\":\"https:\\\/\\\/zadarapartments.com\\\/\"},{\"@type\":\"ListItem\",\"position\":2,\"name\":\"Affordable Cheap Zadar Apartments Croatia\"}]},{\"@type\":\"WebSite\",\"@id\":\"https:\\\/\\\/zadarapartments.com\\\/#website\",\"url\":\"https:\\\/\\\/zadarapartments.com\\\/\",\"name\":\"Holiday Apartments Zadar, Croatia, Luxury, Budget, City or Beach\",\"description\":\"Rent Holiday Apartment in Zadar, Croatia, Luxury, Cheap, City, Beach Vacation Rentals by Owner\",\"publisher\":{\"@id\":\"https:\\\/\\\/zadarapartments.com\\\/#organization\"},\"potentialAction\":[{\"@type\":\"SearchAction\",\"target\":{\"@type\":\"EntryPoint\",\"urlTemplate\":\"https:\\\/\\\/zadarapartments.com\\\/?s={search_term_string}\"},\"query-input\":{\"@type\":\"PropertyValueSpecification\",\"valueRequired\":true,\"valueName\":\"search_term_string\"}}],\"inLanguage\":\"de\"},{\"@type\":\"Organization\",\"@id\":\"https:\\\/\\\/zadarapartments.com\\\/#organization\",\"name\":\"ZadarApartments.com\",\"url\":\"https:\\\/\\\/zadarapartments.com\\\/\",\"logo\":{\"@type\":\"ImageObject\",\"inLanguage\":\"de\",\"@id\":\"https:\\\/\\\/zadarapartments.com\\\/#\\\/schema\\\/logo\\\/image\\\/\",\"url\":\"https:\\\/\\\/zadarapartments.com\\\/wp-content\\\/uploads\\\/2018\\\/09\\\/logo-new.png\",\"contentUrl\":\"https:\\\/\\\/zadarapartments.com\\\/wp-content\\\/uploads\\\/2018\\\/09\\\/logo-new.png\",\"width\":300,\"height\":38,\"caption\":\"ZadarApartments.com\"},\"image\":{\"@id\":\"https:\\\/\\\/zadarapartments.com\\\/#\\\/schema\\\/logo\\\/image\\\/\"}}]}<\/script>\n<!-- \/ Yoast SEO plugin. -->","yoast_head_json":{"title":"Erschwingliche billige Zadar Wohnungen Kroatien- ZadarApartments.com","description":"Rent Affordable Cheap Zadar Apartments Kroatien, Low-Cost-Ferienwohnungen f\u00fcr alle Geschm\u00e4cker und Budgets, Buchung Budget Zadar Wohnungen.","robots":{"index":"index","follow":"follow","max-snippet":"max-snippet:-1","max-image-preview":"max-image-preview:large","max-video-preview":"max-video-preview:-1"},"canonical":"https:\/\/zadarapartments.com\/de\/gunstige-wohnungen-zadar-kroatien\/","og_locale":"de_DE","og_type":"article","og_title":"Affordable Cheap Zadar Apartments Croatia- ZadarApartments.com","og_description":"Rent Affordable Cheap Zadar Apartments Croatia, low cost vacation rentals for all tastes and budgets, booking budget Zadar apartments.","og_url":"https:\/\/zadarapartments.com\/de\/gunstige-wohnungen-zadar-kroatien\/","og_site_name":"Holiday Apartments Zadar Croatia, Luxury, Budget, City or Beach","article_modified_time":"2025-10-12T22:00:48+00:00","twitter_card":"summary_large_image","twitter_misc":{"Gesch\u00e4tzte Lesezeit":"1\u00a0Minute"},"schema":{"@context":"https:\/\/schema.org","@graph":[{"@type":"WebPage","@id":"https:\/\/zadarapartments.com\/cheap-apartments-zadar-croatia\/","url":"https:\/\/zadarapartments.com\/cheap-apartments-zadar-croatia\/","name":"Erschwingliche billige Zadar Wohnungen Kroatien- ZadarApartments.com","isPartOf":{"@id":"https:\/\/zadarapartments.com\/#website"},"datePublished":"2020-04-24T22:00:10+00:00","dateModified":"2025-10-12T22:00:48+00:00","description":"Rent Affordable Cheap Zadar Apartments Kroatien, Low-Cost-Ferienwohnungen f\u00fcr alle Geschm\u00e4cker und Budgets, Buchung Budget Zadar Wohnungen.","breadcrumb":{"@id":"https:\/\/zadarapartments.com\/cheap-apartments-zadar-croatia\/#breadcrumb"},"inLanguage":"de","potentialAction":[{"@type":"ReadAction","target":["https:\/\/zadarapartments.com\/cheap-apartments-zadar-croatia\/"]}]},{"@type":"BreadcrumbList","@id":"https:\/\/zadarapartments.com\/cheap-apartments-zadar-croatia\/#breadcrumb","itemListElement":[{"@type":"ListItem","position":1,"name":"Home","item":"https:\/\/zadarapartments.com\/"},{"@type":"ListItem","position":2,"name":"Affordable Cheap Zadar Apartments Croatia"}]},{"@type":"WebSite","@id":"https:\/\/zadarapartments.com\/#website","url":"https:\/\/zadarapartments.com\/","name":"Ferienwohnungen Zadar, Kroatien, Luxus, Budget, Stadt oder Strand","description":"Mieten Sie eine Ferienwohnung in Zadar, Kroatien, Luxus, billig, Stadt, Strand Ferienvermietung von Eigent\u00fcmern","publisher":{"@id":"https:\/\/zadarapartments.com\/#organization"},"potentialAction":[{"@type":"SearchAction","target":{"@type":"EntryPoint","urlTemplate":"https:\/\/zadarapartments.com\/?s={search_term_string}"},"query-input":{"@type":"PropertyValueSpecification","valueRequired":true,"valueName":"search_term_string"}}],"inLanguage":"de"},{"@type":"Organization","@id":"https:\/\/zadarapartments.com\/#organization","name":"ZadarWohnungen.de","url":"https:\/\/zadarapartments.com\/","logo":{"@type":"ImageObject","inLanguage":"de","@id":"https:\/\/zadarapartments.com\/#\/schema\/logo\/image\/","url":"https:\/\/zadarapartments.com\/wp-content\/uploads\/2018\/09\/logo-new.png","contentUrl":"https:\/\/zadarapartments.com\/wp-content\/uploads\/2018\/09\/logo-new.png","width":300,"height":38,"caption":"ZadarApartments.com"},"image":{"@id":"https:\/\/zadarapartments.com\/#\/schema\/logo\/image\/"}}]}},"_links":{"self":[{"href":"https:\/\/zadarapartments.com\/de\/wp-json\/wp\/v2\/pages\/19468","targetHints":{"allow":["GET"]}}],"collection":[{"href":"https:\/\/zadarapartments.com\/de\/wp-json\/wp\/v2\/pages"}],"about":[{"href":"https:\/\/zadarapartments.com\/de\/wp-json\/wp\/v2\/types\/page"}],"author":[{"embeddable":true,"href":"https:\/\/zadarapartments.com\/de\/wp-json\/wp\/v2\/users\/1"}],"replies":[{"embeddable":true,"href":"https:\/\/zadarapartments.com\/de\/wp-json\/wp\/v2\/comments?post=19468"}],"version-history":[{"count":4,"href":"https:\/\/zadarapartments.com\/de\/wp-json\/wp\/v2\/pages\/19468\/revisions"}],"predecessor-version":[{"id":21113,"href":"https:\/\/zadarapartments.com\/de\/wp-json\/wp\/v2\/pages\/19468\/revisions\/21113"}],"wp:attachment":[{"href":"https:\/\/zadarapartments.com\/de\/wp-json\/wp\/v2\/media?parent=19468"}],"curies":[{"name":"wp","href":"https:\/\/api.w.org\/{rel}","templated":true}]}}