{"id":1886,"date":"2016-03-13T14:05:29","date_gmt":"2016-03-13T14:05:29","guid":{"rendered":"https:\/\/zadarapartments.com\/?page_id=1886"},"modified":"2025-10-25T02:37:37","modified_gmt":"2025-10-25T00:37:37","slug":"zadar-ferienwohnungen-kroatien","status":"publish","type":"page","link":"https:\/\/zadarapartments.com\/de\/zadar-ferienwohnungen-kroatien\/","title":{"rendered":"Zadar Ferienvermietung"},"content":{"rendered":"<div class=\"wpb-content-wrapper\"><div class=\"vc_row wpb_row vc_row-fluid wpestate_row vc_row\"><div class=\"wpb_column vc_column_container vc_col-sm-12 vc_column\"><div class=\"vc_column-inner\"><div class=\"wpb_wrapper\"><h1 style=\"text-align: center\" class=\"vc_custom_heading vc_do_custom_heading vc_custom_heading\" >Zadar Ferienvermietung<\/h1><\/div><\/div><\/div><\/div><div class=\"vc_row wpb_row vc_row-fluid wpestate_row vc_row\"><div class=\"wpb_column vc_column_container vc_col-sm-12 vc_column\"><div class=\"vc_column-inner\"><div class=\"wpb_wrapper\"><div class=\"spacer\" style=\"height:15px;\"><\/div><\/div><\/div><\/div><\/div>\r\n<h2 class=\"vc_custom_heading zdvacationrent vc_custom_heading\"> Ferienwohnungen in Zadar<\/h2>\r\n<div class=\"vc_row wpb_row vc_row-fluid wpestate_row vc_row\">\r\n<div class=\"wpb_column vc_column_container vc_col-sm-4 vc_column\"><div class=\"vc_column-inner\"><div class=\"wpb_wrapper\">\r\n<div class=\"places_wrapper\" data-link=\"https:\/\/zadarapartments.com\/de\/zadar\/manda-wohnungen\/\"><div class=\"listing-hover-gradient\"><\/div><div class=\"listing-hover\"><\/div><div class=\"places1 featuredplace\" style=\"background-image:url(https:\/\/zadarapartments.com\/wp-content\/uploads\/2025\/04\/luxury-manda-apartments-owner.jpg)\"><\/div><div class=\"category_name\"><a class=\"featured_listing_title\" href=\"https:\/\/zadarapartments.com\/de\/zadar\/manda-wohnungen\/\">Manda Wohnungen<\/a><div class=\"category_tagline\"><\/div><\/div><\/div>\n\t<div class=\"wpb_text_column wpb_content_element vc_column_text\" >\n\t\t<div class=\"wpb_wrapper\">\n\t\t\t\n<div>\n<ul class=\"list-unstyled popis\">\n<li><i class=\"fa fa-check checkon\"><\/i> &nbsp; Luxusapartment <img decoding=\"async\" src=\"\/wp-content\/uploads\/2016\/09\/guests.png\" style=\"height: 22px; width: 22px; margin: 0 8px 6px 10px;\" title=\"G\u00e4ste\"> 2+2 <\/li>\n<li><i class=\"fa fa-check checkon\"><\/i> &nbsp; Luxusapartment <img decoding=\"async\" src=\"\/wp-content\/uploads\/2016\/09\/guests.png\" style=\"height: 22px; width: 22px; margin: 0 8px 6px 10px;\" title=\"G\u00e4ste\"> 4 <\/li>\n<li><i class=\"fa fa-check checkon\"><\/i> &nbsp; Luxusapartment <img decoding=\"async\" src=\"\/wp-content\/uploads\/2016\/09\/guests.png\" style=\"height: 22px; width: 22px; margin: 0 8px 6px 10px;\" title=\"G\u00e4ste\"> 4+2 <\/li>\n<\/ul>\n<\/div>\n\n\t\t<\/div>\n\t<\/div>\n<\/div><\/div><\/div>\r\n\r\n<div class=\"wpb_column vc_column_container vc_col-sm-4 vc_column\"><div class=\"vc_column-inner\"><div class=\"wpb_wrapper\">\r\n<div class=\"places_wrapper\" data-link=\"https:\/\/zadarapartments.com\/de\/zadar\/markov-apartments\/\"><div class=\"listing-hover-gradient\"><\/div><div class=\"listing-hover\"><\/div><div class=\"places1 featuredplace\" style=\"background-image:url(https:\/\/zadarapartments.com\/wp-content\/uploads\/2025\/06\/cozy-apartment-near-beach-zadar-owner.jpg)\"><\/div><div class=\"category_name\"><a class=\"featured_listing_title\" href=\"https:\/\/zadarapartments.com\/de\/zadar\/markov-apartments\/\">Markov-Wohnungen<\/a><div class=\"category_tagline\"><\/div><\/div><\/div>\n\t<div class=\"wpb_text_column wpb_content_element vc_column_text\" >\n\t\t<div class=\"wpb_wrapper\">\n\t\t\t\n<div>\n<ul class=\"list-unstyled popis\">\n<li><i class=\"fa fa-check checkon\"><\/i> &nbsp; Strandapartment <img decoding=\"async\" src=\"\/wp-content\/uploads\/2016\/09\/guests.png\" style=\"height: 22px; width: 22px; margin: 0 8px 6px 10px;\" title=\"G\u00e4ste\"> 2+1 <\/li>\n<li><i class=\"fa fa-check checkon\"><\/i> &nbsp; Strandapartment <img decoding=\"async\" src=\"\/wp-content\/uploads\/2016\/09\/guests.png\" style=\"height: 22px; width: 22px; margin: 0 8px 6px 10px;\" title=\"G\u00e4ste\"> 4+2 <\/li>\n<li><i class=\"fa fa-check checkon\"><\/i> &nbsp; Strandapartment <img decoding=\"async\" src=\"\/wp-content\/uploads\/2016\/09\/guests.png\" style=\"height: 22px; width: 22px; margin: 0 8px 6px 10px;\" title=\"G\u00e4ste\"> 4+2 <\/li>\n<\/ul>\n<\/div>\n\n\t\t<\/div>\n\t<\/div>\n<\/div><\/div><\/div>\r\n\r\n<div class=\"wpb_column vc_column_container vc_col-sm-4 vc_column\"><div class=\"vc_column-inner\"><div class=\"wpb_wrapper\">\r\n\r\n<\/div><\/div><\/div>\r\n\r\n<\/div>\r\n\r\n\r\n\r\n<div class=\"vc_row wpb_row vc_row-fluid wpestate_row vc_row\"><div class=\"wpb_column vc_column_container vc_col-sm-12 vc_column\"><div class=\"vc_column-inner\"><div class=\"wpb_wrapper\"><div class=\"spacer\" style=\"height:25px;\"><\/div><\/div><\/div><\/div><\/div><div class=\"vc_row wpb_row vc_row-fluid wpestate_row vc_row\"><div class=\"wpb_column vc_column_container vc_col-sm-12 vc_column\"><div class=\"vc_column-inner\"><div class=\"wpb_wrapper\"><div class=\"spacer\" style=\"height:40px;\"><\/div><\/div><\/div><\/div><\/div><div class=\"vc_row wpb_row vc_row-fluid wpestate_row vc_row\"><div class=\"wpb_column vc_column_container vc_col-sm-12 vc_column\"><div class=\"vc_column-inner\"><div class=\"wpb_wrapper\"><div class=\"vc_separator wpb_content_element vc_separator_align_center vc_sep_width_60 vc_sep_pos_align_center vc_separator_no_text vc_sep_color_turquoise wpb_content_element  wpb_content_element vc_separator vc_text_separator\" ><span class=\"vc_sep_holder vc_sep_holder_l\"><span class=\"vc_sep_line\"><\/span><\/span><span class=\"vc_sep_holder vc_sep_holder_r\"><span class=\"vc_sep_line\"><\/span><\/span>\n<\/div><\/div><\/div><\/div><\/div><div class=\"vc_row wpb_row vc_row-fluid wpestate_row vc_row\"><div class=\"wpb_column vc_column_container vc_col-sm-12 vc_column\"><div class=\"vc_column-inner\"><div class=\"wpb_wrapper\"><div class=\"spacer\" style=\"height:40px;\"><\/div><\/div><\/div><\/div><\/div><div class=\"vc_row wpb_row vc_row-fluid wpestate_row vc_row\"><div class=\"wpb_column vc_column_container vc_col-sm-12 vc_column\"><div class=\"vc_column-inner\"><div class=\"wpb_wrapper\">\n\t<div class=\"wpb_text_column wpb_content_element vc_column_text\" >\n\t\t<div class=\"wpb_wrapper\">\n\t\t\t<p class=\"owner_page_p\">\nSuchen Sie eine <a href=\"https:\/\/zadarapartments.com\/de\/\"><span style=\"color: #505050;\">Apartment in Zadar, Kroatien<\/span><\/a>! Buchen Sie einzigartige Ferienwohnungen bei Einheimischen auf ZadarApartments.com und erleben Sie die Stadt wie ein Einheimischer. Ferienwohnungen f\u00fcr jeden Geschmack \u2013 finden Sie die perfekte Unterkunft in Zadar! <\/p>\n<p class=\"owner_page_p\">\nFerienwohnungen in Zadar eignen sich hervorragend f\u00fcr Paare, Familien oder gr\u00f6\u00dfere Gruppen. Die Ferienh\u00e4user sind in Privatbesitz und k\u00f6nnen sowohl kurz- als auch langfristig gemietet werden. Die angebotenen Ferienh\u00e4user sind m\u00f6bliert und mit einer K\u00fcche zur Selbstverpflegung ausgestattet; Fr\u00fchst\u00fcck kann gegen Aufpreis hinzugebucht werden. <\/p>\n<p class=\"owner_page_p\">\nFerienh\u00e4user mit Pool: Erleben Sie erfrischende Badefreuden in den Ferienwohnungen von Zadar. Genie\u00dfen Sie Annehmlichkeiten wie Whirlpools, Pools und Grillm\u00f6glichkeiten \u2013 entdecken Sie zahlreiche Extras, die Ihren Bed\u00fcrfnissen entsprechen. Finden Sie Ihr perfektes Ferienhaus mit dem Komfort, den Sie sich w\u00fcnschen, f\u00fcr einen traumhaften Urlaub.<\/p>\n<p class=\"owner_page_p\">\nEntdecken Sie auf ZadarApartments.com die besten Ferienwohnungen in Zadar und Umgebung und sparen Sie Geld. Wir bieten preisg\u00fcnstige Optionen. Haustierfreundliche Ferienwohnungen und -h\u00e4user in Zadar, Kroatien \u2013 ideal f\u00fcr Familien, in der Altstadt oder als luxuri\u00f6se Unterkunft direkt vom Eigent\u00fcmer. <\/p>\n\n\t\t<\/div>\n\t<\/div>\n<\/div><\/div><\/div><\/div><\/div>","protected":false},"excerpt":{"rendered":"Ferienwohnungen in Zadar","protected":false},"author":1,"featured_media":0,"parent":0,"menu_order":0,"comment_status":"closed","ping_status":"closed","template":"","meta":{"footnotes":""},"class_list":["post-1886","page","type-page","status-publish","hentry"],"yoast_head":"<!-- This site is optimized with the Yoast SEO plugin v27.4 - https:\/\/yoast.com\/product\/yoast-seo-wordpress\/ -->\n<title>Zadar Vacation Rentals Croatia Holidays - ZadarApartments.com<\/title>\n<meta name=\"description\" content=\"Vacation rentals in Zadar, Croatia, best luxury apartments in city center or by the beach with sea view, affordable, private - Rent by owner.\" \/>\n<meta name=\"robots\" content=\"index, follow, max-snippet:-1, max-image-preview:large, max-video-preview:-1\" \/>\n<link rel=\"canonical\" href=\"https:\/\/zadarapartments.com\/de\/zadar-ferienwohnungen-kroatien\/\" \/>\n<meta property=\"og:locale\" content=\"de_DE\" \/>\n<meta property=\"og:type\" content=\"article\" \/>\n<meta property=\"og:title\" content=\"Zadar Vacation Rentals Croatia Holidays - ZadarApartments.com\" \/>\n<meta property=\"og:description\" content=\"Vacation rentals in Zadar, Croatia, best luxury apartments in city center or by the beach with sea view, affordable, private - Rent by owner.\" \/>\n<meta property=\"og:url\" content=\"https:\/\/zadarapartments.com\/de\/zadar-ferienwohnungen-kroatien\/\" \/>\n<meta property=\"og:site_name\" content=\"Holiday Apartments Zadar Croatia, Luxury, Budget, City or Beach\" \/>\n<meta property=\"article:modified_time\" content=\"2025-10-25T00:37:37+00:00\" \/>\n<meta name=\"twitter:card\" content=\"summary_large_image\" \/>\n<meta name=\"twitter:label1\" content=\"Gesch\u00e4tzte Lesezeit\" \/>\n\t<meta name=\"twitter:data1\" content=\"3\u00a0Minuten\" \/>\n<script type=\"application\/ld+json\" class=\"yoast-schema-graph\">{\"@context\":\"https:\\\/\\\/schema.org\",\"@graph\":[{\"@type\":\"WebPage\",\"@id\":\"https:\\\/\\\/zadarapartments.com\\\/zadar-vacation-rentals-croatia\\\/\",\"url\":\"https:\\\/\\\/zadarapartments.com\\\/zadar-vacation-rentals-croatia\\\/\",\"name\":\"Zadar Vacation Rentals Croatia Holidays - ZadarApartments.com\",\"isPartOf\":{\"@id\":\"https:\\\/\\\/zadarapartments.com\\\/#website\"},\"datePublished\":\"2016-03-13T14:05:29+00:00\",\"dateModified\":\"2025-10-25T00:37:37+00:00\",\"description\":\"Vacation rentals in Zadar, Croatia, best luxury apartments in city center or by the beach with sea view, affordable, private - Rent by owner.\",\"breadcrumb\":{\"@id\":\"https:\\\/\\\/zadarapartments.com\\\/zadar-vacation-rentals-croatia\\\/#breadcrumb\"},\"inLanguage\":\"de\",\"potentialAction\":[{\"@type\":\"ReadAction\",\"target\":[\"https:\\\/\\\/zadarapartments.com\\\/zadar-vacation-rentals-croatia\\\/\"]}]},{\"@type\":\"BreadcrumbList\",\"@id\":\"https:\\\/\\\/zadarapartments.com\\\/zadar-vacation-rentals-croatia\\\/#breadcrumb\",\"itemListElement\":[{\"@type\":\"ListItem\",\"position\":1,\"name\":\"Home\",\"item\":\"https:\\\/\\\/zadarapartments.com\\\/\"},{\"@type\":\"ListItem\",\"position\":2,\"name\":\"Zadar Vacation Rentals\"}]},{\"@type\":\"WebSite\",\"@id\":\"https:\\\/\\\/zadarapartments.com\\\/#website\",\"url\":\"https:\\\/\\\/zadarapartments.com\\\/\",\"name\":\"Holiday Apartments Zadar, Croatia, Luxury, Budget, City or Beach\",\"description\":\"Rent Holiday Apartment in Zadar, Croatia, Luxury, Cheap, City, Beach Vacation Rentals by Owner\",\"publisher\":{\"@id\":\"https:\\\/\\\/zadarapartments.com\\\/#organization\"},\"potentialAction\":[{\"@type\":\"SearchAction\",\"target\":{\"@type\":\"EntryPoint\",\"urlTemplate\":\"https:\\\/\\\/zadarapartments.com\\\/?s={search_term_string}\"},\"query-input\":{\"@type\":\"PropertyValueSpecification\",\"valueRequired\":true,\"valueName\":\"search_term_string\"}}],\"inLanguage\":\"de\"},{\"@type\":\"Organization\",\"@id\":\"https:\\\/\\\/zadarapartments.com\\\/#organization\",\"name\":\"ZadarApartments.com\",\"url\":\"https:\\\/\\\/zadarapartments.com\\\/\",\"logo\":{\"@type\":\"ImageObject\",\"inLanguage\":\"de\",\"@id\":\"https:\\\/\\\/zadarapartments.com\\\/#\\\/schema\\\/logo\\\/image\\\/\",\"url\":\"https:\\\/\\\/zadarapartments.com\\\/wp-content\\\/uploads\\\/2018\\\/09\\\/logo-new.png\",\"contentUrl\":\"https:\\\/\\\/zadarapartments.com\\\/wp-content\\\/uploads\\\/2018\\\/09\\\/logo-new.png\",\"width\":300,\"height\":38,\"caption\":\"ZadarApartments.com\"},\"image\":{\"@id\":\"https:\\\/\\\/zadarapartments.com\\\/#\\\/schema\\\/logo\\\/image\\\/\"}}]}<\/script>\n<!-- \/ Yoast SEO plugin. -->","yoast_head_json":{"title":"Zadar Vacation Rentals Croatia Holidays - ZadarApartments.com","description":"Vacation rentals in Zadar, Croatia, best luxury apartments in city center or by the beach with sea view, affordable, private - Rent by owner.","robots":{"index":"index","follow":"follow","max-snippet":"max-snippet:-1","max-image-preview":"max-image-preview:large","max-video-preview":"max-video-preview:-1"},"canonical":"https:\/\/zadarapartments.com\/de\/zadar-ferienwohnungen-kroatien\/","og_locale":"de_DE","og_type":"article","og_title":"Zadar Vacation Rentals Croatia Holidays - ZadarApartments.com","og_description":"Vacation rentals in Zadar, Croatia, best luxury apartments in city center or by the beach with sea view, affordable, private - Rent by owner.","og_url":"https:\/\/zadarapartments.com\/de\/zadar-ferienwohnungen-kroatien\/","og_site_name":"Holiday Apartments Zadar Croatia, Luxury, Budget, City or Beach","article_modified_time":"2025-10-25T00:37:37+00:00","twitter_card":"summary_large_image","twitter_misc":{"Gesch\u00e4tzte Lesezeit":"3\u00a0Minuten"},"schema":{"@context":"https:\/\/schema.org","@graph":[{"@type":"WebPage","@id":"https:\/\/zadarapartments.com\/zadar-vacation-rentals-croatia\/","url":"https:\/\/zadarapartments.com\/zadar-vacation-rentals-croatia\/","name":"Zadar Vacation Rentals Croatia Holidays - ZadarApartments.com","isPartOf":{"@id":"https:\/\/zadarapartments.com\/#website"},"datePublished":"2016-03-13T14:05:29+00:00","dateModified":"2025-10-25T00:37:37+00:00","description":"Vacation rentals in Zadar, Croatia, best luxury apartments in city center or by the beach with sea view, affordable, private - Rent by owner.","breadcrumb":{"@id":"https:\/\/zadarapartments.com\/zadar-vacation-rentals-croatia\/#breadcrumb"},"inLanguage":"de","potentialAction":[{"@type":"ReadAction","target":["https:\/\/zadarapartments.com\/zadar-vacation-rentals-croatia\/"]}]},{"@type":"BreadcrumbList","@id":"https:\/\/zadarapartments.com\/zadar-vacation-rentals-croatia\/#breadcrumb","itemListElement":[{"@type":"ListItem","position":1,"name":"Home","item":"https:\/\/zadarapartments.com\/"},{"@type":"ListItem","position":2,"name":"Zadar Vacation Rentals"}]},{"@type":"WebSite","@id":"https:\/\/zadarapartments.com\/#website","url":"https:\/\/zadarapartments.com\/","name":"Ferienwohnungen Zadar, Kroatien, Luxus, Budget, Stadt oder Strand","description":"Mieten Sie eine Ferienwohnung in Zadar, Kroatien, Luxus, billig, Stadt, Strand Ferienvermietung von Eigent\u00fcmern","publisher":{"@id":"https:\/\/zadarapartments.com\/#organization"},"potentialAction":[{"@type":"SearchAction","target":{"@type":"EntryPoint","urlTemplate":"https:\/\/zadarapartments.com\/?s={search_term_string}"},"query-input":{"@type":"PropertyValueSpecification","valueRequired":true,"valueName":"search_term_string"}}],"inLanguage":"de"},{"@type":"Organization","@id":"https:\/\/zadarapartments.com\/#organization","name":"ZadarWohnungen.de","url":"https:\/\/zadarapartments.com\/","logo":{"@type":"ImageObject","inLanguage":"de","@id":"https:\/\/zadarapartments.com\/#\/schema\/logo\/image\/","url":"https:\/\/zadarapartments.com\/wp-content\/uploads\/2018\/09\/logo-new.png","contentUrl":"https:\/\/zadarapartments.com\/wp-content\/uploads\/2018\/09\/logo-new.png","width":300,"height":38,"caption":"ZadarApartments.com"},"image":{"@id":"https:\/\/zadarapartments.com\/#\/schema\/logo\/image\/"}}]}},"_links":{"self":[{"href":"https:\/\/zadarapartments.com\/de\/wp-json\/wp\/v2\/pages\/1886","targetHints":{"allow":["GET"]}}],"collection":[{"href":"https:\/\/zadarapartments.com\/de\/wp-json\/wp\/v2\/pages"}],"about":[{"href":"https:\/\/zadarapartments.com\/de\/wp-json\/wp\/v2\/types\/page"}],"author":[{"embeddable":true,"href":"https:\/\/zadarapartments.com\/de\/wp-json\/wp\/v2\/users\/1"}],"replies":[{"embeddable":true,"href":"https:\/\/zadarapartments.com\/de\/wp-json\/wp\/v2\/comments?post=1886"}],"version-history":[{"count":44,"href":"https:\/\/zadarapartments.com\/de\/wp-json\/wp\/v2\/pages\/1886\/revisions"}],"predecessor-version":[{"id":21310,"href":"https:\/\/zadarapartments.com\/de\/wp-json\/wp\/v2\/pages\/1886\/revisions\/21310"}],"wp:attachment":[{"href":"https:\/\/zadarapartments.com\/de\/wp-json\/wp\/v2\/media?parent=1886"}],"curies":[{"name":"wp","href":"https:\/\/api.w.org\/{rel}","templated":true}]}}