{"id":19534,"date":"2020-04-27T01:02:32","date_gmt":"2020-04-26T23:02:32","guid":{"rendered":"https:\/\/zadarapartments.com\/?page_id=19534"},"modified":"2025-10-13T00:04:28","modified_gmt":"2025-10-12T22:04:28","slug":"strandlejligheder-zadar-kroatien","status":"publish","type":"page","link":"https:\/\/zadarapartments.com\/da\/strandlejligheder-zadar-kroatien\/","title":{"rendered":"Zadar Beach Apartments Kroatien"},"content":{"rendered":"<h1 style=\"color: #1060f0;\"><em>Zadar Beach Apartments Kroatien <\/em><\/h1>\n<p style=\"line-height: 22px;\">\n<strong> Holiday Beach <a href=\"https:\/\/zadarapartments.com\/da\/\"><span style=\"color: #505050;\">Zadar lejligheder<\/span><\/a>, Kroatien<\/strong>, Det er nemt at komme til stranden, hvor man kan sv\u00f8mme, solbade eller bare nyde Adriaterhavet. Feriebolig ved havet med smuk havudsigt er perfekt til afslappet sommerferietempo. \n<\/p>\n<p style=\"line-height: 22px;\">\nBeach Apartments Zadar, Kroatien, handler om at fork\u00e6le dig selv, din familie og dine venner med en perfekt og uforglemmelig oplevelse ved havet. Indkvartering ved stranden tilbyder et behageligt og afslappende ophold, en hjemlig oplevelse for en fantastisk ferie ved stranden. \n<\/p>\n<p style=\"line-height: 22px; margin-bottom: 30px;\">\nNyd dit bes\u00f8g i Zadar i Zadar Beach Apartments. G\u00e6sterne f\u00e5r nogle af de gratis fordele som WiFi og parkering, solterrasse, have, fitness, spabad, sauna, grill, aircondition, smart fladsk\u00e6rms-tv, k\u00e6ledyrsvenlig og flere h\u00f8jdepunkter. <a href=\"https:\/\/villascroatia.com\/villas-zadar-croatia\" target=\"_blank\"><span style=\"color: #505050;\" > luksusindkvartering i Zadar <\/span><\/a> - <strong>Lej af ejer - bedste lejepriser!<\/strong>\n<\/p>\n\n\n<p><\/p>","protected":false},"excerpt":{"rendered":"Zadar Beach Apartments Croatia Holiday Beach Zadar Apartments, Croatia, by the sea and by the beach at walking distance, easy &#8230;","protected":false},"author":1,"featured_media":0,"parent":0,"menu_order":0,"comment_status":"closed","ping_status":"closed","template":"property_list_half.php","meta":{"footnotes":""},"class_list":["post-19534","page","type-page","status-publish","hentry"],"yoast_head":"<!-- This site is optimized with the Yoast SEO plugin v27.4 - https:\/\/yoast.com\/product\/yoast-seo-wordpress\/ -->\n<title>Zadar Beach Apartments Croatia for rent - ZadarApartments.com<\/title>\n<meta name=\"description\" content=\"Holiday Beach Zadar Apartments, Croatia, by the sea, by the beach, swimming, water sports, seafront vacation rental with beautiful sea view.\" \/>\n<meta name=\"robots\" content=\"index, follow, max-snippet:-1, max-image-preview:large, max-video-preview:-1\" \/>\n<link rel=\"canonical\" href=\"https:\/\/zadarapartments.com\/da\/strandlejligheder-zadar-kroatien\/\" \/>\n<meta property=\"og:locale\" content=\"da_DK\" \/>\n<meta property=\"og:type\" content=\"article\" \/>\n<meta property=\"og:title\" content=\"Zadar Beach Apartments Croatia for rent - ZadarApartments.com\" \/>\n<meta property=\"og:description\" content=\"Holiday Beach Zadar Apartments, Croatia, by the sea, by the beach, swimming, water sports, seafront vacation rental with beautiful sea view.\" \/>\n<meta property=\"og:url\" content=\"https:\/\/zadarapartments.com\/da\/strandlejligheder-zadar-kroatien\/\" \/>\n<meta property=\"og:site_name\" content=\"Holiday Apartments Zadar Croatia, Luxury, Budget, City or Beach\" \/>\n<meta property=\"article:modified_time\" content=\"2025-10-12T22:04:28+00:00\" \/>\n<meta name=\"twitter:card\" content=\"summary_large_image\" \/>\n<meta name=\"twitter:label1\" content=\"Estimeret l\u00e6setid\" \/>\n\t<meta name=\"twitter:data1\" content=\"1 minut\" \/>\n<script type=\"application\/ld+json\" class=\"yoast-schema-graph\">{\"@context\":\"https:\\\/\\\/schema.org\",\"@graph\":[{\"@type\":\"WebPage\",\"@id\":\"https:\\\/\\\/zadarapartments.com\\\/beach-apartments-zadar-croatia\\\/\",\"url\":\"https:\\\/\\\/zadarapartments.com\\\/beach-apartments-zadar-croatia\\\/\",\"name\":\"Zadar Beach Apartments Croatia for rent - ZadarApartments.com\",\"isPartOf\":{\"@id\":\"https:\\\/\\\/zadarapartments.com\\\/#website\"},\"datePublished\":\"2020-04-26T23:02:32+00:00\",\"dateModified\":\"2025-10-12T22:04:28+00:00\",\"description\":\"Holiday Beach Zadar Apartments, Croatia, by the sea, by the beach, swimming, water sports, seafront vacation rental with beautiful sea view.\",\"breadcrumb\":{\"@id\":\"https:\\\/\\\/zadarapartments.com\\\/beach-apartments-zadar-croatia\\\/#breadcrumb\"},\"inLanguage\":\"da-DK\",\"potentialAction\":[{\"@type\":\"ReadAction\",\"target\":[\"https:\\\/\\\/zadarapartments.com\\\/beach-apartments-zadar-croatia\\\/\"]}]},{\"@type\":\"BreadcrumbList\",\"@id\":\"https:\\\/\\\/zadarapartments.com\\\/beach-apartments-zadar-croatia\\\/#breadcrumb\",\"itemListElement\":[{\"@type\":\"ListItem\",\"position\":1,\"name\":\"Home\",\"item\":\"https:\\\/\\\/zadarapartments.com\\\/\"},{\"@type\":\"ListItem\",\"position\":2,\"name\":\"Zadar Beach Apartments Croatia\"}]},{\"@type\":\"WebSite\",\"@id\":\"https:\\\/\\\/zadarapartments.com\\\/#website\",\"url\":\"https:\\\/\\\/zadarapartments.com\\\/\",\"name\":\"Holiday Apartments Zadar, Croatia, Luxury, Budget, City or Beach\",\"description\":\"Rent Holiday Apartment in Zadar, Croatia, Luxury, Cheap, City, Beach Vacation Rentals by Owner\",\"publisher\":{\"@id\":\"https:\\\/\\\/zadarapartments.com\\\/#organization\"},\"potentialAction\":[{\"@type\":\"SearchAction\",\"target\":{\"@type\":\"EntryPoint\",\"urlTemplate\":\"https:\\\/\\\/zadarapartments.com\\\/?s={search_term_string}\"},\"query-input\":{\"@type\":\"PropertyValueSpecification\",\"valueRequired\":true,\"valueName\":\"search_term_string\"}}],\"inLanguage\":\"da-DK\"},{\"@type\":\"Organization\",\"@id\":\"https:\\\/\\\/zadarapartments.com\\\/#organization\",\"name\":\"ZadarApartments.com\",\"url\":\"https:\\\/\\\/zadarapartments.com\\\/\",\"logo\":{\"@type\":\"ImageObject\",\"inLanguage\":\"da-DK\",\"@id\":\"https:\\\/\\\/zadarapartments.com\\\/#\\\/schema\\\/logo\\\/image\\\/\",\"url\":\"https:\\\/\\\/zadarapartments.com\\\/wp-content\\\/uploads\\\/2018\\\/09\\\/logo-new.png\",\"contentUrl\":\"https:\\\/\\\/zadarapartments.com\\\/wp-content\\\/uploads\\\/2018\\\/09\\\/logo-new.png\",\"width\":300,\"height\":38,\"caption\":\"ZadarApartments.com\"},\"image\":{\"@id\":\"https:\\\/\\\/zadarapartments.com\\\/#\\\/schema\\\/logo\\\/image\\\/\"}}]}<\/script>\n<!-- \/ Yoast SEO plugin. -->","yoast_head_json":{"title":"Zadar Beach Apartments Kroatien til leje - ZadarApartments.com","description":"Holiday Beach Zadar Apartments, Kroatien, ved havet, ved stranden, sv\u00f8mning, vandsport, ferieudlejning ved havet med smuk havudsigt.","robots":{"index":"index","follow":"follow","max-snippet":"max-snippet:-1","max-image-preview":"max-image-preview:large","max-video-preview":"max-video-preview:-1"},"canonical":"https:\/\/zadarapartments.com\/da\/strandlejligheder-zadar-kroatien\/","og_locale":"da_DK","og_type":"article","og_title":"Zadar Beach Apartments Croatia for rent - ZadarApartments.com","og_description":"Holiday Beach Zadar Apartments, Croatia, by the sea, by the beach, swimming, water sports, seafront vacation rental with beautiful sea view.","og_url":"https:\/\/zadarapartments.com\/da\/strandlejligheder-zadar-kroatien\/","og_site_name":"Holiday Apartments Zadar Croatia, Luxury, Budget, City or Beach","article_modified_time":"2025-10-12T22:04:28+00:00","twitter_card":"summary_large_image","twitter_misc":{"Estimeret l\u00e6setid":"1 minut"},"schema":{"@context":"https:\/\/schema.org","@graph":[{"@type":"WebPage","@id":"https:\/\/zadarapartments.com\/beach-apartments-zadar-croatia\/","url":"https:\/\/zadarapartments.com\/beach-apartments-zadar-croatia\/","name":"Zadar Beach Apartments Kroatien til leje - ZadarApartments.com","isPartOf":{"@id":"https:\/\/zadarapartments.com\/#website"},"datePublished":"2020-04-26T23:02:32+00:00","dateModified":"2025-10-12T22:04:28+00:00","description":"Holiday Beach Zadar Apartments, Kroatien, ved havet, ved stranden, sv\u00f8mning, vandsport, ferieudlejning ved havet med smuk havudsigt.","breadcrumb":{"@id":"https:\/\/zadarapartments.com\/beach-apartments-zadar-croatia\/#breadcrumb"},"inLanguage":"da-DK","potentialAction":[{"@type":"ReadAction","target":["https:\/\/zadarapartments.com\/beach-apartments-zadar-croatia\/"]}]},{"@type":"BreadcrumbList","@id":"https:\/\/zadarapartments.com\/beach-apartments-zadar-croatia\/#breadcrumb","itemListElement":[{"@type":"ListItem","position":1,"name":"Home","item":"https:\/\/zadarapartments.com\/"},{"@type":"ListItem","position":2,"name":"Zadar Beach Apartments Croatia"}]},{"@type":"WebSite","@id":"https:\/\/zadarapartments.com\/#website","url":"https:\/\/zadarapartments.com\/","name":"Ferielejligheder Zadar, Kroatien, luksus, budget, by eller strand","description":"Lej ferielejlighed i Zadar, Kroatien, Luksus, Billig, By, Strand Feriebolig udlejes af ejer","publisher":{"@id":"https:\/\/zadarapartments.com\/#organization"},"potentialAction":[{"@type":"SearchAction","target":{"@type":"EntryPoint","urlTemplate":"https:\/\/zadarapartments.com\/?s={search_term_string}"},"query-input":{"@type":"PropertyValueSpecification","valueRequired":true,"valueName":"search_term_string"}}],"inLanguage":"da-DK"},{"@type":"Organization","@id":"https:\/\/zadarapartments.com\/#organization","name":"ZadarApartments.com","url":"https:\/\/zadarapartments.com\/","logo":{"@type":"ImageObject","inLanguage":"da-DK","@id":"https:\/\/zadarapartments.com\/#\/schema\/logo\/image\/","url":"https:\/\/zadarapartments.com\/wp-content\/uploads\/2018\/09\/logo-new.png","contentUrl":"https:\/\/zadarapartments.com\/wp-content\/uploads\/2018\/09\/logo-new.png","width":300,"height":38,"caption":"ZadarApartments.com"},"image":{"@id":"https:\/\/zadarapartments.com\/#\/schema\/logo\/image\/"}}]}},"_links":{"self":[{"href":"https:\/\/zadarapartments.com\/da\/wp-json\/wp\/v2\/pages\/19534","targetHints":{"allow":["GET"]}}],"collection":[{"href":"https:\/\/zadarapartments.com\/da\/wp-json\/wp\/v2\/pages"}],"about":[{"href":"https:\/\/zadarapartments.com\/da\/wp-json\/wp\/v2\/types\/page"}],"author":[{"embeddable":true,"href":"https:\/\/zadarapartments.com\/da\/wp-json\/wp\/v2\/users\/1"}],"replies":[{"embeddable":true,"href":"https:\/\/zadarapartments.com\/da\/wp-json\/wp\/v2\/comments?post=19534"}],"version-history":[{"count":5,"href":"https:\/\/zadarapartments.com\/da\/wp-json\/wp\/v2\/pages\/19534\/revisions"}],"predecessor-version":[{"id":21107,"href":"https:\/\/zadarapartments.com\/da\/wp-json\/wp\/v2\/pages\/19534\/revisions\/21107"}],"wp:attachment":[{"href":"https:\/\/zadarapartments.com\/da\/wp-json\/wp\/v2\/media?parent=19534"}],"curies":[{"name":"wp","href":"https:\/\/api.w.org\/{rel}","templated":true}]}}