{"id":19529,"date":"2020-04-27T00:58:11","date_gmt":"2020-04-26T22:58:11","guid":{"rendered":"https:\/\/zadarapartments.com\/?page_id=19529"},"modified":"2025-10-13T00:02:59","modified_gmt":"2025-10-12T22:02:59","slug":"bylejligheder-zadar-kroatien","status":"publish","type":"page","link":"https:\/\/zadarapartments.com\/da\/bylejligheder-zadar-kroatien\/","title":{"rendered":"Zadar Center Apartments Croatia"},"content":{"rendered":"<h1 style=\"color: #1060f0;\"><em> City Apartments Zadar Kroatien <\/em><\/h1>\n<p style=\"line-height: 22px;\">\n<strong>Holiday City Center <a href=\"https:\/\/zadarapartments.com\/da\/\"><span style=\"color: #505050;\">Zadar lejligheder<\/span><\/a>, Kroatien<\/strong>, De ligger i hjertet af byen og den gamle bydel, s\u00e5 det er nemt for turister at f\u00e5 adgang til de st\u00f8rste attraktioner, kulturelle steder og underholdningssteder i centrum. Ferieboliger i bymidten omfatter luksus og billig indkvartering i g\u00e5afstand til restauranter, barer, butikker, attraktioner og aktiviteter.\n<\/p>\n<p style=\"line-height: 22px;\">\nCity Zadar Center Apartments, Kroatien, handler om at fork\u00e6le dig selv, din familie og dine venner med en perfekt og uforglemmelig oplevelse. Komfortabel og praktisk base for at udforske byen uden at spilde tid i trafikken.\n<\/p>\n<p style=\"line-height: 22px; margin-bottom: 30px;\">\nNyd dit bes\u00f8g i Zadar City Apartments. G\u00e6sterne f\u00e5r nogle af de gratis fordele som WiFi og parkering, solterrasse, have, fitness, spabad, sauna, grill, aircondition, smart fladsk\u00e6rms-tv, k\u00e6ledyrsvenlig og flere h\u00f8jdepunkter, lokale attraktioner i n\u00e6rheden, nyd <a href=\"https:\/\/villascroatia.com\/villas-zadar-croatia\" target=\"_blank\"><span style=\"color: #505050;\" > luksusindkvartering i Zadar <\/span><\/a> - <strong>Lej af ejer - bedste lejepriser!<\/strong>\n<\/p>\n\n\n<p><\/p>","protected":false},"excerpt":{"rendered":"City Apartments Zadar Croatia Holiday City Center Zadar Apartments, Croatia, are in the heart of the city and old town, &#8230;","protected":false},"author":1,"featured_media":0,"parent":0,"menu_order":0,"comment_status":"closed","ping_status":"closed","template":"property_list_half.php","meta":{"footnotes":""},"class_list":["post-19529","page","type-page","status-publish","hentry"],"yoast_head":"<!-- This site is optimized with the Yoast SEO plugin v27.4 - https:\/\/yoast.com\/product\/yoast-seo-wordpress\/ -->\n<title>Zadar Center Apartments Croatia for rent - ZadarApartments.com<\/title>\n<meta name=\"description\" content=\"Holiday City Center Apartments in Zadar, Croatia, old town, convenient to access major attractions, cultural sites, and entertainment.\" \/>\n<meta name=\"robots\" content=\"index, follow, max-snippet:-1, max-image-preview:large, max-video-preview:-1\" \/>\n<link rel=\"canonical\" href=\"https:\/\/zadarapartments.com\/da\/bylejligheder-zadar-kroatien\/\" \/>\n<meta property=\"og:locale\" content=\"da_DK\" \/>\n<meta property=\"og:type\" content=\"article\" \/>\n<meta property=\"og:title\" content=\"Zadar Center Apartments Croatia for rent - ZadarApartments.com\" \/>\n<meta property=\"og:description\" content=\"Holiday City Center Apartments in Zadar, Croatia, old town, convenient to access major attractions, cultural sites, and entertainment.\" \/>\n<meta property=\"og:url\" content=\"https:\/\/zadarapartments.com\/da\/bylejligheder-zadar-kroatien\/\" \/>\n<meta property=\"og:site_name\" content=\"Holiday Apartments Zadar Croatia, Luxury, Budget, City or Beach\" \/>\n<meta property=\"article:modified_time\" content=\"2025-10-12T22:02:59+00:00\" \/>\n<meta name=\"twitter:card\" content=\"summary_large_image\" \/>\n<meta name=\"twitter:label1\" content=\"Estimeret l\u00e6setid\" \/>\n\t<meta name=\"twitter:data1\" content=\"1 minut\" \/>\n<script type=\"application\/ld+json\" class=\"yoast-schema-graph\">{\"@context\":\"https:\\\/\\\/schema.org\",\"@graph\":[{\"@type\":\"WebPage\",\"@id\":\"https:\\\/\\\/zadarapartments.com\\\/city-apartments-zadar-croatia\\\/\",\"url\":\"https:\\\/\\\/zadarapartments.com\\\/city-apartments-zadar-croatia\\\/\",\"name\":\"Zadar Center Apartments Croatia for rent - ZadarApartments.com\",\"isPartOf\":{\"@id\":\"https:\\\/\\\/zadarapartments.com\\\/#website\"},\"datePublished\":\"2020-04-26T22:58:11+00:00\",\"dateModified\":\"2025-10-12T22:02:59+00:00\",\"description\":\"Holiday City Center Apartments in Zadar, Croatia, old town, convenient to access major attractions, cultural sites, and entertainment.\",\"breadcrumb\":{\"@id\":\"https:\\\/\\\/zadarapartments.com\\\/city-apartments-zadar-croatia\\\/#breadcrumb\"},\"inLanguage\":\"da-DK\",\"potentialAction\":[{\"@type\":\"ReadAction\",\"target\":[\"https:\\\/\\\/zadarapartments.com\\\/city-apartments-zadar-croatia\\\/\"]}]},{\"@type\":\"BreadcrumbList\",\"@id\":\"https:\\\/\\\/zadarapartments.com\\\/city-apartments-zadar-croatia\\\/#breadcrumb\",\"itemListElement\":[{\"@type\":\"ListItem\",\"position\":1,\"name\":\"Home\",\"item\":\"https:\\\/\\\/zadarapartments.com\\\/\"},{\"@type\":\"ListItem\",\"position\":2,\"name\":\"Zadar Center Apartments Croatia\"}]},{\"@type\":\"WebSite\",\"@id\":\"https:\\\/\\\/zadarapartments.com\\\/#website\",\"url\":\"https:\\\/\\\/zadarapartments.com\\\/\",\"name\":\"Holiday Apartments Zadar, Croatia, Luxury, Budget, City or Beach\",\"description\":\"Rent Holiday Apartment in Zadar, Croatia, Luxury, Cheap, City, Beach Vacation Rentals by Owner\",\"publisher\":{\"@id\":\"https:\\\/\\\/zadarapartments.com\\\/#organization\"},\"potentialAction\":[{\"@type\":\"SearchAction\",\"target\":{\"@type\":\"EntryPoint\",\"urlTemplate\":\"https:\\\/\\\/zadarapartments.com\\\/?s={search_term_string}\"},\"query-input\":{\"@type\":\"PropertyValueSpecification\",\"valueRequired\":true,\"valueName\":\"search_term_string\"}}],\"inLanguage\":\"da-DK\"},{\"@type\":\"Organization\",\"@id\":\"https:\\\/\\\/zadarapartments.com\\\/#organization\",\"name\":\"ZadarApartments.com\",\"url\":\"https:\\\/\\\/zadarapartments.com\\\/\",\"logo\":{\"@type\":\"ImageObject\",\"inLanguage\":\"da-DK\",\"@id\":\"https:\\\/\\\/zadarapartments.com\\\/#\\\/schema\\\/logo\\\/image\\\/\",\"url\":\"https:\\\/\\\/zadarapartments.com\\\/wp-content\\\/uploads\\\/2018\\\/09\\\/logo-new.png\",\"contentUrl\":\"https:\\\/\\\/zadarapartments.com\\\/wp-content\\\/uploads\\\/2018\\\/09\\\/logo-new.png\",\"width\":300,\"height\":38,\"caption\":\"ZadarApartments.com\"},\"image\":{\"@id\":\"https:\\\/\\\/zadarapartments.com\\\/#\\\/schema\\\/logo\\\/image\\\/\"}}]}<\/script>\n<!-- \/ Yoast SEO plugin. -->","yoast_head_json":{"title":"Zadar Center Apartments Kroatien til leje - ZadarApartments.com","description":"Holiday City Center Apartments i den gamle bydel i Zadar, Kroatien, med nem adgang til store attraktioner, kulturelle steder og underholdning.","robots":{"index":"index","follow":"follow","max-snippet":"max-snippet:-1","max-image-preview":"max-image-preview:large","max-video-preview":"max-video-preview:-1"},"canonical":"https:\/\/zadarapartments.com\/da\/bylejligheder-zadar-kroatien\/","og_locale":"da_DK","og_type":"article","og_title":"Zadar Center Apartments Croatia for rent - ZadarApartments.com","og_description":"Holiday City Center Apartments in Zadar, Croatia, old town, convenient to access major attractions, cultural sites, and entertainment.","og_url":"https:\/\/zadarapartments.com\/da\/bylejligheder-zadar-kroatien\/","og_site_name":"Holiday Apartments Zadar Croatia, Luxury, Budget, City or Beach","article_modified_time":"2025-10-12T22:02:59+00:00","twitter_card":"summary_large_image","twitter_misc":{"Estimeret l\u00e6setid":"1 minut"},"schema":{"@context":"https:\/\/schema.org","@graph":[{"@type":"WebPage","@id":"https:\/\/zadarapartments.com\/city-apartments-zadar-croatia\/","url":"https:\/\/zadarapartments.com\/city-apartments-zadar-croatia\/","name":"Zadar Center Apartments Kroatien til leje - ZadarApartments.com","isPartOf":{"@id":"https:\/\/zadarapartments.com\/#website"},"datePublished":"2020-04-26T22:58:11+00:00","dateModified":"2025-10-12T22:02:59+00:00","description":"Holiday City Center Apartments i den gamle bydel i Zadar, Kroatien, med nem adgang til store attraktioner, kulturelle steder og underholdning.","breadcrumb":{"@id":"https:\/\/zadarapartments.com\/city-apartments-zadar-croatia\/#breadcrumb"},"inLanguage":"da-DK","potentialAction":[{"@type":"ReadAction","target":["https:\/\/zadarapartments.com\/city-apartments-zadar-croatia\/"]}]},{"@type":"BreadcrumbList","@id":"https:\/\/zadarapartments.com\/city-apartments-zadar-croatia\/#breadcrumb","itemListElement":[{"@type":"ListItem","position":1,"name":"Home","item":"https:\/\/zadarapartments.com\/"},{"@type":"ListItem","position":2,"name":"Zadar Center Apartments Croatia"}]},{"@type":"WebSite","@id":"https:\/\/zadarapartments.com\/#website","url":"https:\/\/zadarapartments.com\/","name":"Ferielejligheder Zadar, Kroatien, luksus, budget, by eller strand","description":"Lej ferielejlighed i Zadar, Kroatien, Luksus, Billig, By, Strand Feriebolig udlejes af ejer","publisher":{"@id":"https:\/\/zadarapartments.com\/#organization"},"potentialAction":[{"@type":"SearchAction","target":{"@type":"EntryPoint","urlTemplate":"https:\/\/zadarapartments.com\/?s={search_term_string}"},"query-input":{"@type":"PropertyValueSpecification","valueRequired":true,"valueName":"search_term_string"}}],"inLanguage":"da-DK"},{"@type":"Organization","@id":"https:\/\/zadarapartments.com\/#organization","name":"ZadarApartments.com","url":"https:\/\/zadarapartments.com\/","logo":{"@type":"ImageObject","inLanguage":"da-DK","@id":"https:\/\/zadarapartments.com\/#\/schema\/logo\/image\/","url":"https:\/\/zadarapartments.com\/wp-content\/uploads\/2018\/09\/logo-new.png","contentUrl":"https:\/\/zadarapartments.com\/wp-content\/uploads\/2018\/09\/logo-new.png","width":300,"height":38,"caption":"ZadarApartments.com"},"image":{"@id":"https:\/\/zadarapartments.com\/#\/schema\/logo\/image\/"}}]}},"_links":{"self":[{"href":"https:\/\/zadarapartments.com\/da\/wp-json\/wp\/v2\/pages\/19529","targetHints":{"allow":["GET"]}}],"collection":[{"href":"https:\/\/zadarapartments.com\/da\/wp-json\/wp\/v2\/pages"}],"about":[{"href":"https:\/\/zadarapartments.com\/da\/wp-json\/wp\/v2\/types\/page"}],"author":[{"embeddable":true,"href":"https:\/\/zadarapartments.com\/da\/wp-json\/wp\/v2\/users\/1"}],"replies":[{"embeddable":true,"href":"https:\/\/zadarapartments.com\/da\/wp-json\/wp\/v2\/comments?post=19529"}],"version-history":[{"count":4,"href":"https:\/\/zadarapartments.com\/da\/wp-json\/wp\/v2\/pages\/19529\/revisions"}],"predecessor-version":[{"id":21109,"href":"https:\/\/zadarapartments.com\/da\/wp-json\/wp\/v2\/pages\/19529\/revisions\/21109"}],"wp:attachment":[{"href":"https:\/\/zadarapartments.com\/da\/wp-json\/wp\/v2\/media?parent=19529"}],"curies":[{"name":"wp","href":"https:\/\/api.w.org\/{rel}","templated":true}]}}