{"id":19523,"date":"2020-04-27T00:46:31","date_gmt":"2020-04-26T22:46:31","guid":{"rendered":"https:\/\/zadarapartments.com\/?page_id=19523"},"modified":"2025-10-13T00:06:11","modified_gmt":"2025-10-12T22:06:11","slug":"private-lejligheder-zadar-kroatien","status":"publish","type":"page","link":"https:\/\/zadarapartments.com\/da\/private-lejligheder-zadar-kroatien\/","title":{"rendered":"Familielejligheder Zadar Kroatien Privat ferie"},"content":{"rendered":"<h1 style=\"color: #1060f0;\"><em> Familielejligheder Zadar Kroatien Privat ferie <\/em><\/h1>\n<p style=\"line-height: 22px;\">\n<strong>Privat ferie familie <a href=\"https:\/\/zadarapartments.com\/da\/\"><span style=\"color: #505050;\">Zadar lejligheder<\/span><\/a>, Kroatien<\/strong>, Hele lejligheden tilbyder mere personlig plads og en f\u00f8lelse af privatliv, for par, familier eller grupper, en mere intim og eksklusiv ferieoplevelse, fredelig afsondret ferieudlejning.\n<\/p>\n<p style=\"line-height: 22px;\">\nPrivate familievenlige lejligheder i Zadar, Kroatien, handler om at fork\u00e6le dig selv, din familie og dine venner med en perfekt og uforglemmelig oplevelse. Afslappende og behagelig ferieoplevelse for g\u00e6ster, der s\u00f8ger en pause. \n<\/p>\n<p style=\"line-height: 22px; margin-bottom: 30px;\">\nNyd dit bes\u00f8g i boutique romantiske Zadar getaways med Zadar Private Apartment getaways. G\u00e6sterne f\u00e5r nogle af de gratis fordele som WiFi og parkering, solterrasse, have, fitness, spabad, sauna, grill, aircondition, smart fladsk\u00e6rms-tv, k\u00e6ledyrsvenlig og flere h\u00f8jdepunkter. <strong>Lej af ejer - bedste lejepriser!<\/strong>\n<\/p>\n\n\n\n<p><\/p>","protected":false},"excerpt":{"rendered":"Family Apartments Zadar Croatia Private Getaway Private Holiday Family Zadar Apartments, Croatia, offers greater privacy, comfort, and a more personal &#8230;","protected":false},"author":1,"featured_media":0,"parent":0,"menu_order":0,"comment_status":"closed","ping_status":"closed","template":"property_list_half.php","meta":{"footnotes":""},"class_list":["post-19523","page","type-page","status-publish","hentry"],"yoast_head":"<!-- This site is optimized with the Yoast SEO plugin v27.4 - https:\/\/yoast.com\/product\/yoast-seo-wordpress\/ -->\n<title>Family Apartments Zadar Croatia Private - ZadarApartments.com<\/title>\n<meta name=\"description\" content=\"Rent Private Holiday Family Apartments in Zadar, Croatia, romantic getaway secluded vacation rentals, boutique entire apartment for privacy.\" \/>\n<meta name=\"robots\" content=\"index, follow, max-snippet:-1, max-image-preview:large, max-video-preview:-1\" \/>\n<link rel=\"canonical\" href=\"https:\/\/zadarapartments.com\/da\/private-lejligheder-zadar-kroatien\/\" \/>\n<meta property=\"og:locale\" content=\"da_DK\" \/>\n<meta property=\"og:type\" content=\"article\" \/>\n<meta property=\"og:title\" content=\"Family Apartments Zadar Croatia Private - ZadarApartments.com\" \/>\n<meta property=\"og:description\" content=\"Rent Private Holiday Family Apartments in Zadar, Croatia, romantic getaway secluded vacation rentals, boutique entire apartment for privacy.\" \/>\n<meta property=\"og:url\" content=\"https:\/\/zadarapartments.com\/da\/private-lejligheder-zadar-kroatien\/\" \/>\n<meta property=\"og:site_name\" content=\"Holiday Apartments Zadar Croatia, Luxury, Budget, City or Beach\" \/>\n<meta property=\"article:modified_time\" content=\"2025-10-12T22:06:11+00:00\" \/>\n<meta name=\"twitter:card\" content=\"summary_large_image\" \/>\n<meta name=\"twitter:label1\" content=\"Estimeret l\u00e6setid\" \/>\n\t<meta name=\"twitter:data1\" content=\"1 minut\" \/>\n<script type=\"application\/ld+json\" class=\"yoast-schema-graph\">{\"@context\":\"https:\\\/\\\/schema.org\",\"@graph\":[{\"@type\":\"WebPage\",\"@id\":\"https:\\\/\\\/zadarapartments.com\\\/getaway-apartments-zadar-croatia\\\/\",\"url\":\"https:\\\/\\\/zadarapartments.com\\\/getaway-apartments-zadar-croatia\\\/\",\"name\":\"Family Apartments Zadar Croatia Private - ZadarApartments.com\",\"isPartOf\":{\"@id\":\"https:\\\/\\\/zadarapartments.com\\\/#website\"},\"datePublished\":\"2020-04-26T22:46:31+00:00\",\"dateModified\":\"2025-10-12T22:06:11+00:00\",\"description\":\"Rent Private Holiday Family Apartments in Zadar, Croatia, romantic getaway secluded vacation rentals, boutique entire apartment for privacy.\",\"breadcrumb\":{\"@id\":\"https:\\\/\\\/zadarapartments.com\\\/getaway-apartments-zadar-croatia\\\/#breadcrumb\"},\"inLanguage\":\"da-DK\",\"potentialAction\":[{\"@type\":\"ReadAction\",\"target\":[\"https:\\\/\\\/zadarapartments.com\\\/getaway-apartments-zadar-croatia\\\/\"]}]},{\"@type\":\"BreadcrumbList\",\"@id\":\"https:\\\/\\\/zadarapartments.com\\\/getaway-apartments-zadar-croatia\\\/#breadcrumb\",\"itemListElement\":[{\"@type\":\"ListItem\",\"position\":1,\"name\":\"Home\",\"item\":\"https:\\\/\\\/zadarapartments.com\\\/\"},{\"@type\":\"ListItem\",\"position\":2,\"name\":\"Family Apartments Zadar Croatia Private Getaway\"}]},{\"@type\":\"WebSite\",\"@id\":\"https:\\\/\\\/zadarapartments.com\\\/#website\",\"url\":\"https:\\\/\\\/zadarapartments.com\\\/\",\"name\":\"Holiday Apartments Zadar, Croatia, Luxury, Budget, City or Beach\",\"description\":\"Rent Holiday Apartment in Zadar, Croatia, Luxury, Cheap, City, Beach Vacation Rentals by Owner\",\"publisher\":{\"@id\":\"https:\\\/\\\/zadarapartments.com\\\/#organization\"},\"potentialAction\":[{\"@type\":\"SearchAction\",\"target\":{\"@type\":\"EntryPoint\",\"urlTemplate\":\"https:\\\/\\\/zadarapartments.com\\\/?s={search_term_string}\"},\"query-input\":{\"@type\":\"PropertyValueSpecification\",\"valueRequired\":true,\"valueName\":\"search_term_string\"}}],\"inLanguage\":\"da-DK\"},{\"@type\":\"Organization\",\"@id\":\"https:\\\/\\\/zadarapartments.com\\\/#organization\",\"name\":\"ZadarApartments.com\",\"url\":\"https:\\\/\\\/zadarapartments.com\\\/\",\"logo\":{\"@type\":\"ImageObject\",\"inLanguage\":\"da-DK\",\"@id\":\"https:\\\/\\\/zadarapartments.com\\\/#\\\/schema\\\/logo\\\/image\\\/\",\"url\":\"https:\\\/\\\/zadarapartments.com\\\/wp-content\\\/uploads\\\/2018\\\/09\\\/logo-new.png\",\"contentUrl\":\"https:\\\/\\\/zadarapartments.com\\\/wp-content\\\/uploads\\\/2018\\\/09\\\/logo-new.png\",\"width\":300,\"height\":38,\"caption\":\"ZadarApartments.com\"},\"image\":{\"@id\":\"https:\\\/\\\/zadarapartments.com\\\/#\\\/schema\\\/logo\\\/image\\\/\"}}]}<\/script>\n<!-- \/ Yoast SEO plugin. -->","yoast_head_json":{"title":"Familielejligheder Zadar Kroatien Privat - ZadarApartments.com","description":"Lej private ferielejligheder i Zadar, Kroatien, romantisk ferie tilbagetrukket ferieboliger, boutique hele lejligheden for privatlivets fred.","robots":{"index":"index","follow":"follow","max-snippet":"max-snippet:-1","max-image-preview":"max-image-preview:large","max-video-preview":"max-video-preview:-1"},"canonical":"https:\/\/zadarapartments.com\/da\/private-lejligheder-zadar-kroatien\/","og_locale":"da_DK","og_type":"article","og_title":"Family Apartments Zadar Croatia Private - ZadarApartments.com","og_description":"Rent Private Holiday Family Apartments in Zadar, Croatia, romantic getaway secluded vacation rentals, boutique entire apartment for privacy.","og_url":"https:\/\/zadarapartments.com\/da\/private-lejligheder-zadar-kroatien\/","og_site_name":"Holiday Apartments Zadar Croatia, Luxury, Budget, City or Beach","article_modified_time":"2025-10-12T22:06:11+00:00","twitter_card":"summary_large_image","twitter_misc":{"Estimeret l\u00e6setid":"1 minut"},"schema":{"@context":"https:\/\/schema.org","@graph":[{"@type":"WebPage","@id":"https:\/\/zadarapartments.com\/getaway-apartments-zadar-croatia\/","url":"https:\/\/zadarapartments.com\/getaway-apartments-zadar-croatia\/","name":"Familielejligheder Zadar Kroatien Privat - ZadarApartments.com","isPartOf":{"@id":"https:\/\/zadarapartments.com\/#website"},"datePublished":"2020-04-26T22:46:31+00:00","dateModified":"2025-10-12T22:06:11+00:00","description":"Lej private ferielejligheder i Zadar, Kroatien, romantisk ferie tilbagetrukket ferieboliger, boutique hele lejligheden for privatlivets fred.","breadcrumb":{"@id":"https:\/\/zadarapartments.com\/getaway-apartments-zadar-croatia\/#breadcrumb"},"inLanguage":"da-DK","potentialAction":[{"@type":"ReadAction","target":["https:\/\/zadarapartments.com\/getaway-apartments-zadar-croatia\/"]}]},{"@type":"BreadcrumbList","@id":"https:\/\/zadarapartments.com\/getaway-apartments-zadar-croatia\/#breadcrumb","itemListElement":[{"@type":"ListItem","position":1,"name":"Home","item":"https:\/\/zadarapartments.com\/"},{"@type":"ListItem","position":2,"name":"Family Apartments Zadar Croatia Private Getaway"}]},{"@type":"WebSite","@id":"https:\/\/zadarapartments.com\/#website","url":"https:\/\/zadarapartments.com\/","name":"Ferielejligheder Zadar, Kroatien, luksus, budget, by eller strand","description":"Lej ferielejlighed i Zadar, Kroatien, Luksus, Billig, By, Strand Feriebolig udlejes af ejer","publisher":{"@id":"https:\/\/zadarapartments.com\/#organization"},"potentialAction":[{"@type":"SearchAction","target":{"@type":"EntryPoint","urlTemplate":"https:\/\/zadarapartments.com\/?s={search_term_string}"},"query-input":{"@type":"PropertyValueSpecification","valueRequired":true,"valueName":"search_term_string"}}],"inLanguage":"da-DK"},{"@type":"Organization","@id":"https:\/\/zadarapartments.com\/#organization","name":"ZadarApartments.com","url":"https:\/\/zadarapartments.com\/","logo":{"@type":"ImageObject","inLanguage":"da-DK","@id":"https:\/\/zadarapartments.com\/#\/schema\/logo\/image\/","url":"https:\/\/zadarapartments.com\/wp-content\/uploads\/2018\/09\/logo-new.png","contentUrl":"https:\/\/zadarapartments.com\/wp-content\/uploads\/2018\/09\/logo-new.png","width":300,"height":38,"caption":"ZadarApartments.com"},"image":{"@id":"https:\/\/zadarapartments.com\/#\/schema\/logo\/image\/"}}]}},"_links":{"self":[{"href":"https:\/\/zadarapartments.com\/da\/wp-json\/wp\/v2\/pages\/19523","targetHints":{"allow":["GET"]}}],"collection":[{"href":"https:\/\/zadarapartments.com\/da\/wp-json\/wp\/v2\/pages"}],"about":[{"href":"https:\/\/zadarapartments.com\/da\/wp-json\/wp\/v2\/types\/page"}],"author":[{"embeddable":true,"href":"https:\/\/zadarapartments.com\/da\/wp-json\/wp\/v2\/users\/1"}],"replies":[{"embeddable":true,"href":"https:\/\/zadarapartments.com\/da\/wp-json\/wp\/v2\/comments?post=19523"}],"version-history":[{"count":4,"href":"https:\/\/zadarapartments.com\/da\/wp-json\/wp\/v2\/pages\/19523\/revisions"}],"predecessor-version":[{"id":21111,"href":"https:\/\/zadarapartments.com\/da\/wp-json\/wp\/v2\/pages\/19523\/revisions\/21111"}],"wp:attachment":[{"href":"https:\/\/zadarapartments.com\/da\/wp-json\/wp\/v2\/media?parent=19523"}],"curies":[{"name":"wp","href":"https:\/\/api.w.org\/{rel}","templated":true}]}}