{"id":20916,"date":"2025-08-16T23:29:14","date_gmt":"2025-08-16T21:29:14","guid":{"rendered":"https:\/\/zadarapartments.com\/?page_id=20916"},"modified":"2025-10-14T00:06:50","modified_gmt":"2025-10-13T22:06:50","slug":"dvoupokojove-apartmany-zadar-chorvatsko","status":"publish","type":"page","link":"https:\/\/zadarapartments.com\/cs\/dvoupokojove-apartmany-zadar-chorvatsko\/","title":{"rendered":"2 lo\u017enice Zadar Apartm\u00e1ny k pron\u00e1jmu"},"content":{"rendered":"<p style=\"line-height: 22px; margin-bottom: 10px; padding: 0 5px;\"> \n<strong> 2 lo\u017enice <a href=\"https:\/\/zadarapartments.com\/cs\/\"><span style=\"color: #505050;\">Zadar Apartm\u00e1ny<\/span><\/a> <\/strong>, Chorvatsko luxusn\u00ed ubytov\u00e1n\u00ed, modern\u00ed design, prostorn\u00e9 soukrom\u00e9 dvoupokojov\u00e9 apartm\u00e1ny, v centru m\u011bsta nebo u pl\u00e1\u017ee, cenov\u011b dostupn\u00e9 pron\u00e1jmy pro perfektn\u00ed rodinnou dovolenou, rezervujte si levn\u00e9 ubytov\u00e1n\u00ed v Zadaru Chorvatsko s v\u00fdhledem na mo\u0159e, u mo\u0159e, star\u00e9 m\u011bsto v centru, bezplatn\u00e9 Wi-Fi a parkov\u00e1n\u00ed, klimatizace, dom\u00e1c\u00ed zv\u00ed\u0159ata povolena a dal\u0161\u00ed vybaven\u00ed, pronajm\u011bte si nejlep\u0161\u00ed pr\u00e1zdninov\u00e9 dvoupokojov\u00e9 apartm\u00e1ny Zadar Chorvatsko s vlastn\u00edm stravov\u00e1n\u00edm nebo si u\u017eijte. <a href=\"https:\/\/villascroatia.com\/villas-zadar-croatia\" target=\"_blank\"><span style=\"color: #505050;\" > luxusn\u00ed ubytov\u00e1n\u00ed v Zadaru <\/span><\/a> - <strong>Pron\u00e1jem od majitele - Nejlep\u0161\u00ed ceny pron\u00e1jmu<\/strong>.\n<\/p>\n\n\n<p><\/p>","protected":false},"excerpt":{"rendered":"2 bedrooms Zadar Apartments , Croatia luxury accommodation, modern design, spacious private double bedroom apartments, in city center or by &#8230;","protected":false},"author":1,"featured_media":0,"parent":0,"menu_order":0,"comment_status":"closed","ping_status":"closed","template":"property_list.php","meta":{"footnotes":""},"class_list":["post-20916","page","type-page","status-publish","hentry"],"yoast_head":"<!-- This site is optimized with the Yoast SEO plugin v27.4 - https:\/\/yoast.com\/product\/yoast-seo-wordpress\/ -->\n<title>2 Bedrooms Zadar Apartments for rent - ZadarApartments.com<\/title>\n<meta name=\"description\" content=\"Holiday apartments in Zadar, Croatia with 2 bedrooms, luxury apartments in city, by beach, private getaway, family low cost - rent by owner.\" \/>\n<meta name=\"robots\" content=\"index, follow, max-snippet:-1, max-image-preview:large, max-video-preview:-1\" \/>\n<link rel=\"canonical\" href=\"https:\/\/zadarapartments.com\/cs\/dvoupokojove-apartmany-zadar-chorvatsko\/\" \/>\n<meta property=\"og:locale\" content=\"cs_CZ\" \/>\n<meta property=\"og:type\" content=\"article\" \/>\n<meta property=\"og:title\" content=\"2 Bedrooms Zadar Apartments for rent - ZadarApartments.com\" \/>\n<meta property=\"og:description\" content=\"Holiday apartments in Zadar, Croatia with 2 bedrooms, luxury apartments in city, by beach, private getaway, family low cost - rent by owner.\" \/>\n<meta property=\"og:url\" content=\"https:\/\/zadarapartments.com\/cs\/dvoupokojove-apartmany-zadar-chorvatsko\/\" \/>\n<meta property=\"og:site_name\" content=\"Holiday Apartments Zadar Croatia, Luxury, Budget, City or Beach\" \/>\n<meta property=\"article:modified_time\" content=\"2025-10-13T22:06:50+00:00\" \/>\n<meta name=\"twitter:card\" content=\"summary_large_image\" \/>\n<meta name=\"twitter:label1\" content=\"Odhadovan\u00e1 doba \u010dten\u00ed\" \/>\n\t<meta name=\"twitter:data1\" content=\"1 minuta\" \/>\n<script type=\"application\/ld+json\" class=\"yoast-schema-graph\">{\"@context\":\"https:\\\/\\\/schema.org\",\"@graph\":[{\"@type\":\"WebPage\",\"@id\":\"https:\\\/\\\/zadarapartments.com\\\/2-bedroom-apartments-zadar-croatia\\\/\",\"url\":\"https:\\\/\\\/zadarapartments.com\\\/2-bedroom-apartments-zadar-croatia\\\/\",\"name\":\"2 Bedrooms Zadar Apartments for rent - ZadarApartments.com\",\"isPartOf\":{\"@id\":\"https:\\\/\\\/zadarapartments.com\\\/#website\"},\"datePublished\":\"2025-08-16T21:29:14+00:00\",\"dateModified\":\"2025-10-13T22:06:50+00:00\",\"description\":\"Holiday apartments in Zadar, Croatia with 2 bedrooms, luxury apartments in city, by beach, private getaway, family low cost - rent by owner.\",\"breadcrumb\":{\"@id\":\"https:\\\/\\\/zadarapartments.com\\\/2-bedroom-apartments-zadar-croatia\\\/#breadcrumb\"},\"inLanguage\":\"cs\",\"potentialAction\":[{\"@type\":\"ReadAction\",\"target\":[\"https:\\\/\\\/zadarapartments.com\\\/2-bedroom-apartments-zadar-croatia\\\/\"]}]},{\"@type\":\"BreadcrumbList\",\"@id\":\"https:\\\/\\\/zadarapartments.com\\\/2-bedroom-apartments-zadar-croatia\\\/#breadcrumb\",\"itemListElement\":[{\"@type\":\"ListItem\",\"position\":1,\"name\":\"Home\",\"item\":\"https:\\\/\\\/zadarapartments.com\\\/\"},{\"@type\":\"ListItem\",\"position\":2,\"name\":\"2 Bedrooms Zadar Apartments for rent\"}]},{\"@type\":\"WebSite\",\"@id\":\"https:\\\/\\\/zadarapartments.com\\\/#website\",\"url\":\"https:\\\/\\\/zadarapartments.com\\\/\",\"name\":\"Holiday Apartments Zadar, Croatia, Luxury, Budget, City or Beach\",\"description\":\"Rent Holiday Apartment in Zadar, Croatia, Luxury, Cheap, City, Beach Vacation Rentals by Owner\",\"publisher\":{\"@id\":\"https:\\\/\\\/zadarapartments.com\\\/#organization\"},\"potentialAction\":[{\"@type\":\"SearchAction\",\"target\":{\"@type\":\"EntryPoint\",\"urlTemplate\":\"https:\\\/\\\/zadarapartments.com\\\/?s={search_term_string}\"},\"query-input\":{\"@type\":\"PropertyValueSpecification\",\"valueRequired\":true,\"valueName\":\"search_term_string\"}}],\"inLanguage\":\"cs\"},{\"@type\":\"Organization\",\"@id\":\"https:\\\/\\\/zadarapartments.com\\\/#organization\",\"name\":\"ZadarApartments.com\",\"url\":\"https:\\\/\\\/zadarapartments.com\\\/\",\"logo\":{\"@type\":\"ImageObject\",\"inLanguage\":\"cs\",\"@id\":\"https:\\\/\\\/zadarapartments.com\\\/#\\\/schema\\\/logo\\\/image\\\/\",\"url\":\"https:\\\/\\\/zadarapartments.com\\\/wp-content\\\/uploads\\\/2018\\\/09\\\/logo-new.png\",\"contentUrl\":\"https:\\\/\\\/zadarapartments.com\\\/wp-content\\\/uploads\\\/2018\\\/09\\\/logo-new.png\",\"width\":300,\"height\":38,\"caption\":\"ZadarApartments.com\"},\"image\":{\"@id\":\"https:\\\/\\\/zadarapartments.com\\\/#\\\/schema\\\/logo\\\/image\\\/\"}}]}<\/script>\n<!-- \/ Yoast SEO plugin. -->","yoast_head_json":{"title":"2 lo\u017enice Zadar Apartm\u00e1ny k pron\u00e1jmu - ZadarApartments.com","description":"Rekrea\u010dn\u00ed apartm\u00e1ny v Zadaru, Chorvatsko s 2 lo\u017enicemi, luxusn\u00ed apartm\u00e1ny ve m\u011bst\u011b, u pl\u00e1\u017ee, soukrom\u00e9 \u00fat\u011bk, rodinn\u00e9 n\u00edzkon\u00e1kladov\u00e9 - pron\u00e1jem od majitele.","robots":{"index":"index","follow":"follow","max-snippet":"max-snippet:-1","max-image-preview":"max-image-preview:large","max-video-preview":"max-video-preview:-1"},"canonical":"https:\/\/zadarapartments.com\/cs\/dvoupokojove-apartmany-zadar-chorvatsko\/","og_locale":"cs_CZ","og_type":"article","og_title":"2 Bedrooms Zadar Apartments for rent - ZadarApartments.com","og_description":"Holiday apartments in Zadar, Croatia with 2 bedrooms, luxury apartments in city, by beach, private getaway, family low cost - rent by owner.","og_url":"https:\/\/zadarapartments.com\/cs\/dvoupokojove-apartmany-zadar-chorvatsko\/","og_site_name":"Holiday Apartments Zadar Croatia, Luxury, Budget, City or Beach","article_modified_time":"2025-10-13T22:06:50+00:00","twitter_card":"summary_large_image","twitter_misc":{"Odhadovan\u00e1 doba \u010dten\u00ed":"1 minuta"},"schema":{"@context":"https:\/\/schema.org","@graph":[{"@type":"WebPage","@id":"https:\/\/zadarapartments.com\/2-bedroom-apartments-zadar-croatia\/","url":"https:\/\/zadarapartments.com\/2-bedroom-apartments-zadar-croatia\/","name":"2 lo\u017enice Zadar Apartm\u00e1ny k pron\u00e1jmu - ZadarApartments.com","isPartOf":{"@id":"https:\/\/zadarapartments.com\/#website"},"datePublished":"2025-08-16T21:29:14+00:00","dateModified":"2025-10-13T22:06:50+00:00","description":"Rekrea\u010dn\u00ed apartm\u00e1ny v Zadaru, Chorvatsko s 2 lo\u017enicemi, luxusn\u00ed apartm\u00e1ny ve m\u011bst\u011b, u pl\u00e1\u017ee, soukrom\u00e9 \u00fat\u011bk, rodinn\u00e9 n\u00edzkon\u00e1kladov\u00e9 - pron\u00e1jem od majitele.","breadcrumb":{"@id":"https:\/\/zadarapartments.com\/2-bedroom-apartments-zadar-croatia\/#breadcrumb"},"inLanguage":"cs","potentialAction":[{"@type":"ReadAction","target":["https:\/\/zadarapartments.com\/2-bedroom-apartments-zadar-croatia\/"]}]},{"@type":"BreadcrumbList","@id":"https:\/\/zadarapartments.com\/2-bedroom-apartments-zadar-croatia\/#breadcrumb","itemListElement":[{"@type":"ListItem","position":1,"name":"Home","item":"https:\/\/zadarapartments.com\/"},{"@type":"ListItem","position":2,"name":"2 Bedrooms Zadar Apartments for rent"}]},{"@type":"WebSite","@id":"https:\/\/zadarapartments.com\/#website","url":"https:\/\/zadarapartments.com\/","name":"Apartm\u00e1ny Zadar, Chorvatsko, Luxusn\u00ed, Levn\u00e9, M\u011bsto nebo Pl\u00e1\u017e","description":"Apartm\u00e1ny v Zadaru, Chorvatsko, luxusn\u00ed, levn\u00e9, m\u011bstsk\u00e9, pl\u00e1\u017eov\u00e9 Ubytov\u00e1n\u00ed za poplatek","publisher":{"@id":"https:\/\/zadarapartments.com\/#organization"},"potentialAction":[{"@type":"SearchAction","target":{"@type":"EntryPoint","urlTemplate":"https:\/\/zadarapartments.com\/?s={search_term_string}"},"query-input":{"@type":"PropertyValueSpecification","valueRequired":true,"valueName":"search_term_string"}}],"inLanguage":"cs"},{"@type":"Organization","@id":"https:\/\/zadarapartments.com\/#organization","name":"ZadarApartments.com","url":"https:\/\/zadarapartments.com\/","logo":{"@type":"ImageObject","inLanguage":"cs","@id":"https:\/\/zadarapartments.com\/#\/schema\/logo\/image\/","url":"https:\/\/zadarapartments.com\/wp-content\/uploads\/2018\/09\/logo-new.png","contentUrl":"https:\/\/zadarapartments.com\/wp-content\/uploads\/2018\/09\/logo-new.png","width":300,"height":38,"caption":"ZadarApartments.com"},"image":{"@id":"https:\/\/zadarapartments.com\/#\/schema\/logo\/image\/"}}]}},"_links":{"self":[{"href":"https:\/\/zadarapartments.com\/cs\/wp-json\/wp\/v2\/pages\/20916","targetHints":{"allow":["GET"]}}],"collection":[{"href":"https:\/\/zadarapartments.com\/cs\/wp-json\/wp\/v2\/pages"}],"about":[{"href":"https:\/\/zadarapartments.com\/cs\/wp-json\/wp\/v2\/types\/page"}],"author":[{"embeddable":true,"href":"https:\/\/zadarapartments.com\/cs\/wp-json\/wp\/v2\/users\/1"}],"replies":[{"embeddable":true,"href":"https:\/\/zadarapartments.com\/cs\/wp-json\/wp\/v2\/comments?post=20916"}],"version-history":[{"count":8,"href":"https:\/\/zadarapartments.com\/cs\/wp-json\/wp\/v2\/pages\/20916\/revisions"}],"predecessor-version":[{"id":21359,"href":"https:\/\/zadarapartments.com\/cs\/wp-json\/wp\/v2\/pages\/20916\/revisions\/21359"}],"wp:attachment":[{"href":"https:\/\/zadarapartments.com\/cs\/wp-json\/wp\/v2\/media?parent=20916"}],"curies":[{"name":"wp","href":"https:\/\/api.w.org\/{rel}","templated":true}]}}