{"id":19555,"date":"2020-04-28T00:23:57","date_gmt":"2020-04-27T22:23:57","guid":{"rendered":"https:\/\/zadarapartments.com\/?page_id=19555"},"modified":"2025-08-25T01:55:33","modified_gmt":"2025-08-24T23:55:33","slug":"zadar-apartmany-mapa-chorvatsko-pronajem","status":"publish","type":"page","link":"https:\/\/zadarapartments.com\/cs\/zadar-apartmany-mapa-chorvatsko-pronajem\/","title":{"rendered":"Zadar Apartm\u00e1ny Mapa um\u00edst\u011bn\u00ed, Chorvatsko"},"content":{"rendered":"<h1 style=\"color: #1060f0;\"><em>Zadar Apartm\u00e1ny Mapa um\u00edst\u011bn\u00ed, Chorvatsko <\/em><\/h1>\n<p style=\"line-height: 22px;\">\n<strong><a href=\"https:\/\/zadarapartments.com\/cs\/\"><span style=\"color: #505050;\">Zadar Apartm\u00e1ny<\/span><\/a> mapa<\/strong>, lokality rekrea\u010dn\u00edch apartm\u00e1n\u016f v centru m\u011bsta nebo soukrom\u00e9 rekrea\u010dn\u00ed pron\u00e1jmy u mo\u0159e a na pl\u00e1\u017ei, rekrea\u010dn\u00ed d\u016fm v p\u011b\u0161\u00ed vzd\u00e1lenosti od restaurac\u00ed, bar\u016f a obchod\u016f nebo soukrom\u00fd apartm\u00e1n v klidn\u00e9 lokalit\u011b pro dokonal\u00fd \u00fat\u011bk a relaxaci s rodinou a p\u0159\u00e1teli.\n<\/p>\n<p style=\"line-height: 22px;\">\nTato a n\u00e1sleduj\u00edc\u00ed webov\u00e9 str\u00e1nky v\u00e1m p\u0159edstavuj\u00ed p\u0159esnou polohu v\u0161ech apartm\u00e1n\u016f v Zadaru, Chorvatsko na map\u011b, abyste si mohli vybrat ten nejlep\u0161\u00ed apartm\u00e1n v Zadaru pro sebe, svou rodinu a p\u0159\u00e1tele. \n<\/p>\n<p style=\"line-height: 22px; margin-bottom: 30px;\">\nU\u017eijte si n\u00e1v\u0161t\u011bvu Zadaru v apartm\u00e1nech Zadar. Host\u00e9 budou m\u00edt k dispozici n\u011bkter\u00e9 z bezplatn\u00fdch v\u00fdhod, jako je Wi-Fi a parkov\u00e1n\u00ed, slune\u010dn\u00ed terasa, zahrada, baz\u00e9n, fitness, v\u00ed\u0159ivka, sauna, gril, klimatizace, chytr\u00e1 ploch\u00e1 TV, mo\u017enost ubytov\u00e1n\u00ed s dom\u00e1c\u00edmi mazl\u00ed\u010dky a dal\u0161\u00ed v\u00fdhody, nebo si u\u017e\u00edt <a href=\"https:\/\/villascroatia.com\/villas-zadar-croatia\" target=\"_blank\"><span style=\"color: #505050;\" > luxusn\u00ed ubytov\u00e1n\u00ed v Zadaru <\/span><\/a> - <strong> Pron\u00e1jem od majitele - Nejlep\u0161\u00ed ceny pron\u00e1jmu!<\/strong>\n<\/p>\n\n\n\n<p><\/p>","protected":false},"excerpt":{"rendered":"Zadar Apartments Map locations, Croatia Zadar Apartments map, locations of holiday apartments in the city center or private vacation rentals &#8230;","protected":false},"author":1,"featured_media":0,"parent":0,"menu_order":0,"comment_status":"closed","ping_status":"closed","template":"property_list_half.php","meta":{"footnotes":""},"class_list":["post-19555","page","type-page","status-publish","hentry"],"yoast_head":"<!-- This site is optimized with the Yoast SEO plugin v27.4 - https:\/\/yoast.com\/product\/yoast-seo-wordpress\/ -->\n<title>Zadar Apartments Map locations, Croatia - ZadarApartments.com<\/title>\n<meta name=\"description\" content=\"Apartments Zadar on the map, Croatia, locations of holiday apartments in the city center or holiday homes by the sea or the beach for rent.\" \/>\n<meta name=\"robots\" content=\"index, follow, max-snippet:-1, max-image-preview:large, max-video-preview:-1\" \/>\n<link rel=\"canonical\" href=\"https:\/\/zadarapartments.com\/cs\/zadar-apartmany-mapa-chorvatsko-pronajem\/\" \/>\n<meta property=\"og:locale\" content=\"cs_CZ\" \/>\n<meta property=\"og:type\" content=\"article\" \/>\n<meta property=\"og:title\" content=\"Zadar Apartments Map locations, Croatia - ZadarApartments.com\" \/>\n<meta property=\"og:description\" content=\"Apartments Zadar on the map, Croatia, locations of holiday apartments in the city center or holiday homes by the sea or the beach for rent.\" \/>\n<meta property=\"og:url\" content=\"https:\/\/zadarapartments.com\/cs\/zadar-apartmany-mapa-chorvatsko-pronajem\/\" \/>\n<meta property=\"og:site_name\" content=\"Holiday Apartments Zadar Croatia, Luxury, Budget, City or Beach\" \/>\n<meta property=\"article:modified_time\" content=\"2025-08-24T23:55:33+00:00\" \/>\n<meta name=\"twitter:card\" content=\"summary_large_image\" \/>\n<meta name=\"twitter:label1\" content=\"Odhadovan\u00e1 doba \u010dten\u00ed\" \/>\n\t<meta name=\"twitter:data1\" content=\"1 minuta\" \/>\n<script type=\"application\/ld+json\" class=\"yoast-schema-graph\">{\"@context\":\"https:\\\/\\\/schema.org\",\"@graph\":[{\"@type\":\"WebPage\",\"@id\":\"https:\\\/\\\/zadarapartments.com\\\/zadar-apartments-map-croatia-rent\\\/\",\"url\":\"https:\\\/\\\/zadarapartments.com\\\/zadar-apartments-map-croatia-rent\\\/\",\"name\":\"Zadar Apartments Map locations, Croatia - ZadarApartments.com\",\"isPartOf\":{\"@id\":\"https:\\\/\\\/zadarapartments.com\\\/#website\"},\"datePublished\":\"2020-04-27T22:23:57+00:00\",\"dateModified\":\"2025-08-24T23:55:33+00:00\",\"description\":\"Apartments Zadar on the map, Croatia, locations of holiday apartments in the city center or holiday homes by the sea or the beach for rent.\",\"breadcrumb\":{\"@id\":\"https:\\\/\\\/zadarapartments.com\\\/zadar-apartments-map-croatia-rent\\\/#breadcrumb\"},\"inLanguage\":\"cs\",\"potentialAction\":[{\"@type\":\"ReadAction\",\"target\":[\"https:\\\/\\\/zadarapartments.com\\\/zadar-apartments-map-croatia-rent\\\/\"]}]},{\"@type\":\"BreadcrumbList\",\"@id\":\"https:\\\/\\\/zadarapartments.com\\\/zadar-apartments-map-croatia-rent\\\/#breadcrumb\",\"itemListElement\":[{\"@type\":\"ListItem\",\"position\":1,\"name\":\"Home\",\"item\":\"https:\\\/\\\/zadarapartments.com\\\/\"},{\"@type\":\"ListItem\",\"position\":2,\"name\":\"Zadar Apartments Map locations, Croatia\"}]},{\"@type\":\"WebSite\",\"@id\":\"https:\\\/\\\/zadarapartments.com\\\/#website\",\"url\":\"https:\\\/\\\/zadarapartments.com\\\/\",\"name\":\"Holiday Apartments Zadar, Croatia, Luxury, Budget, City or Beach\",\"description\":\"Rent Holiday Apartment in Zadar, Croatia, Luxury, Cheap, City, Beach Vacation Rentals by Owner\",\"publisher\":{\"@id\":\"https:\\\/\\\/zadarapartments.com\\\/#organization\"},\"potentialAction\":[{\"@type\":\"SearchAction\",\"target\":{\"@type\":\"EntryPoint\",\"urlTemplate\":\"https:\\\/\\\/zadarapartments.com\\\/?s={search_term_string}\"},\"query-input\":{\"@type\":\"PropertyValueSpecification\",\"valueRequired\":true,\"valueName\":\"search_term_string\"}}],\"inLanguage\":\"cs\"},{\"@type\":\"Organization\",\"@id\":\"https:\\\/\\\/zadarapartments.com\\\/#organization\",\"name\":\"ZadarApartments.com\",\"url\":\"https:\\\/\\\/zadarapartments.com\\\/\",\"logo\":{\"@type\":\"ImageObject\",\"inLanguage\":\"cs\",\"@id\":\"https:\\\/\\\/zadarapartments.com\\\/#\\\/schema\\\/logo\\\/image\\\/\",\"url\":\"https:\\\/\\\/zadarapartments.com\\\/wp-content\\\/uploads\\\/2018\\\/09\\\/logo-new.png\",\"contentUrl\":\"https:\\\/\\\/zadarapartments.com\\\/wp-content\\\/uploads\\\/2018\\\/09\\\/logo-new.png\",\"width\":300,\"height\":38,\"caption\":\"ZadarApartments.com\"},\"image\":{\"@id\":\"https:\\\/\\\/zadarapartments.com\\\/#\\\/schema\\\/logo\\\/image\\\/\"}}]}<\/script>\n<!-- \/ Yoast SEO plugin. -->","yoast_head_json":{"title":"Zadar Apartm\u00e1ny Mapa um\u00edst\u011bn\u00ed, Chorvatsko - ZadarApartments.com","description":"Apartm\u00e1ny Zadar na map\u011b, Chorvatsko, um\u00edst\u011bn\u00ed apartm\u00e1n\u016f v centru m\u011bsta nebo rekrea\u010dn\u00edch dom\u016f u mo\u0159e nebo na pl\u00e1\u017ei k pron\u00e1jmu.","robots":{"index":"index","follow":"follow","max-snippet":"max-snippet:-1","max-image-preview":"max-image-preview:large","max-video-preview":"max-video-preview:-1"},"canonical":"https:\/\/zadarapartments.com\/cs\/zadar-apartmany-mapa-chorvatsko-pronajem\/","og_locale":"cs_CZ","og_type":"article","og_title":"Zadar Apartments Map locations, Croatia - ZadarApartments.com","og_description":"Apartments Zadar on the map, Croatia, locations of holiday apartments in the city center or holiday homes by the sea or the beach for rent.","og_url":"https:\/\/zadarapartments.com\/cs\/zadar-apartmany-mapa-chorvatsko-pronajem\/","og_site_name":"Holiday Apartments Zadar Croatia, Luxury, Budget, City or Beach","article_modified_time":"2025-08-24T23:55:33+00:00","twitter_card":"summary_large_image","twitter_misc":{"Odhadovan\u00e1 doba \u010dten\u00ed":"1 minuta"},"schema":{"@context":"https:\/\/schema.org","@graph":[{"@type":"WebPage","@id":"https:\/\/zadarapartments.com\/zadar-apartments-map-croatia-rent\/","url":"https:\/\/zadarapartments.com\/zadar-apartments-map-croatia-rent\/","name":"Zadar Apartm\u00e1ny Mapa um\u00edst\u011bn\u00ed, Chorvatsko - ZadarApartments.com","isPartOf":{"@id":"https:\/\/zadarapartments.com\/#website"},"datePublished":"2020-04-27T22:23:57+00:00","dateModified":"2025-08-24T23:55:33+00:00","description":"Apartm\u00e1ny Zadar na map\u011b, Chorvatsko, um\u00edst\u011bn\u00ed apartm\u00e1n\u016f v centru m\u011bsta nebo rekrea\u010dn\u00edch dom\u016f u mo\u0159e nebo na pl\u00e1\u017ei k pron\u00e1jmu.","breadcrumb":{"@id":"https:\/\/zadarapartments.com\/zadar-apartments-map-croatia-rent\/#breadcrumb"},"inLanguage":"cs","potentialAction":[{"@type":"ReadAction","target":["https:\/\/zadarapartments.com\/zadar-apartments-map-croatia-rent\/"]}]},{"@type":"BreadcrumbList","@id":"https:\/\/zadarapartments.com\/zadar-apartments-map-croatia-rent\/#breadcrumb","itemListElement":[{"@type":"ListItem","position":1,"name":"Home","item":"https:\/\/zadarapartments.com\/"},{"@type":"ListItem","position":2,"name":"Zadar Apartments Map locations, Croatia"}]},{"@type":"WebSite","@id":"https:\/\/zadarapartments.com\/#website","url":"https:\/\/zadarapartments.com\/","name":"Apartm\u00e1ny Zadar, Chorvatsko, Luxusn\u00ed, Levn\u00e9, M\u011bsto nebo Pl\u00e1\u017e","description":"Apartm\u00e1ny v Zadaru, Chorvatsko, luxusn\u00ed, levn\u00e9, m\u011bstsk\u00e9, pl\u00e1\u017eov\u00e9 Ubytov\u00e1n\u00ed za poplatek","publisher":{"@id":"https:\/\/zadarapartments.com\/#organization"},"potentialAction":[{"@type":"SearchAction","target":{"@type":"EntryPoint","urlTemplate":"https:\/\/zadarapartments.com\/?s={search_term_string}"},"query-input":{"@type":"PropertyValueSpecification","valueRequired":true,"valueName":"search_term_string"}}],"inLanguage":"cs"},{"@type":"Organization","@id":"https:\/\/zadarapartments.com\/#organization","name":"ZadarApartments.com","url":"https:\/\/zadarapartments.com\/","logo":{"@type":"ImageObject","inLanguage":"cs","@id":"https:\/\/zadarapartments.com\/#\/schema\/logo\/image\/","url":"https:\/\/zadarapartments.com\/wp-content\/uploads\/2018\/09\/logo-new.png","contentUrl":"https:\/\/zadarapartments.com\/wp-content\/uploads\/2018\/09\/logo-new.png","width":300,"height":38,"caption":"ZadarApartments.com"},"image":{"@id":"https:\/\/zadarapartments.com\/#\/schema\/logo\/image\/"}}]}},"_links":{"self":[{"href":"https:\/\/zadarapartments.com\/cs\/wp-json\/wp\/v2\/pages\/19555","targetHints":{"allow":["GET"]}}],"collection":[{"href":"https:\/\/zadarapartments.com\/cs\/wp-json\/wp\/v2\/pages"}],"about":[{"href":"https:\/\/zadarapartments.com\/cs\/wp-json\/wp\/v2\/types\/page"}],"author":[{"embeddable":true,"href":"https:\/\/zadarapartments.com\/cs\/wp-json\/wp\/v2\/users\/1"}],"replies":[{"embeddable":true,"href":"https:\/\/zadarapartments.com\/cs\/wp-json\/wp\/v2\/comments?post=19555"}],"version-history":[{"count":4,"href":"https:\/\/zadarapartments.com\/cs\/wp-json\/wp\/v2\/pages\/19555\/revisions"}],"predecessor-version":[{"id":21117,"href":"https:\/\/zadarapartments.com\/cs\/wp-json\/wp\/v2\/pages\/19555\/revisions\/21117"}],"wp:attachment":[{"href":"https:\/\/zadarapartments.com\/cs\/wp-json\/wp\/v2\/media?parent=19555"}],"curies":[{"name":"wp","href":"https:\/\/api.w.org\/{rel}","templated":true}]}}