{"id":19539,"date":"2020-04-27T01:10:34","date_gmt":"2020-04-26T23:10:34","guid":{"rendered":"https:\/\/zadarapartments.com\/?page_id=19539"},"modified":"2025-10-14T00:09:25","modified_gmt":"2025-10-13T22:09:25","slug":"apartmany-zadar-chorvatsko-pronajem-ubytovani","status":"publish","type":"page","link":"https:\/\/zadarapartments.com\/cs\/apartmany-zadar-chorvatsko-pronajem-ubytovani\/","title":{"rendered":"Apartm\u00e1ny Zadar Chorvatsko"},"content":{"rendered":"<p style=\"line-height: 22px; margin-bottom: 10px; padding: 0 5px;\">\n<strong><a href=\"https:\/\/zadarapartments.com\/cs\/\"><span style=\"color: #505050;\"> Apartm\u00e1ny Zadar <\/span><\/a> Chorvatsko<\/strong>, luxusn\u00ed apartm\u00e1ny s baz\u00e9nem a v\u00fdhledem na mo\u0159e, prostorn\u00fd modern\u00ed design, rezervujte si soukrom\u00e9 rekrea\u010dn\u00ed domy u mo\u0159e a pl\u00e1\u017ee, cenov\u011b dostupn\u00e9 levn\u00e9 pron\u00e1jmy v centru m\u011bsta u atrakc\u00ed a aktivit, ide\u00e1ln\u00ed pro skv\u011blou nezapomenutelnou dovolenou v Zadaru s rodinou a p\u0159\u00e1teli, bezplatn\u00e9 Wi-Fi a parkov\u00e1n\u00ed, dom\u00e1c\u00ed zv\u00ed\u0159ata povolena, nejlep\u0161\u00ed apartm\u00e1ny k pron\u00e1jmu v Zadaru Chorvatsko, studia, jedno-dv\u011b-t\u0159i nebo \u010dty\u0159i lo\u017enice soukrom\u00e9 ubytov\u00e1n\u00ed. nebo <a href=\"https:\/\/villascroatia.com\/villas-zadar-croatia\" target=\"_blank\"><span style=\"color: #505050;\" > luxusn\u00ed ubytov\u00e1n\u00ed v Zadaru <\/span><\/a> - <strong>Pron\u00e1jem od majitele - Nejlep\u0161\u00ed ceny pron\u00e1jmu<\/strong>.\n<\/p>\n\n\n<p><\/p>","protected":false},"excerpt":{"rendered":"Apartments Zadar Croatia, luxury apartments with pool and sea view, spacious modern design, book private holiday homes by the sea &#8230;","protected":false},"author":1,"featured_media":0,"parent":0,"menu_order":0,"comment_status":"closed","ping_status":"closed","template":"property_list.php","meta":{"footnotes":""},"class_list":["post-19539","page","type-page","status-publish","hentry"],"yoast_head":"<!-- This site is optimized with the Yoast SEO plugin v27.4 - https:\/\/yoast.com\/product\/yoast-seo-wordpress\/ -->\n<title>Apartments Zadar Croatia Holiday Rentals - ZadarApartments.com<\/title>\n<meta name=\"description\" content=\"Apartments in Zadar Croatia, luxury apartments with pool, private beach holiday homes for great holiday in Zadar, Rent by owner \u2013 Best rates.\" \/>\n<meta name=\"robots\" content=\"index, follow, max-snippet:-1, max-image-preview:large, max-video-preview:-1\" \/>\n<link rel=\"canonical\" href=\"https:\/\/zadarapartments.com\/cs\/apartmany-zadar-chorvatsko-pronajem-ubytovani\/\" \/>\n<meta property=\"og:locale\" content=\"cs_CZ\" \/>\n<meta property=\"og:type\" content=\"article\" \/>\n<meta property=\"og:title\" content=\"Apartments Zadar Croatia Holiday Rentals - ZadarApartments.com\" \/>\n<meta property=\"og:description\" content=\"Apartments in Zadar Croatia, luxury apartments with pool, private beach holiday homes for great holiday in Zadar, Rent by owner \u2013 Best rates.\" \/>\n<meta property=\"og:url\" content=\"https:\/\/zadarapartments.com\/cs\/apartmany-zadar-chorvatsko-pronajem-ubytovani\/\" \/>\n<meta property=\"og:site_name\" content=\"Holiday Apartments Zadar Croatia, Luxury, Budget, City or Beach\" \/>\n<meta property=\"article:modified_time\" content=\"2025-10-13T22:09:25+00:00\" \/>\n<meta name=\"twitter:card\" content=\"summary_large_image\" \/>\n<meta name=\"twitter:label1\" content=\"Odhadovan\u00e1 doba \u010dten\u00ed\" \/>\n\t<meta name=\"twitter:data1\" content=\"1 minuta\" \/>\n<script type=\"application\/ld+json\" class=\"yoast-schema-graph\">{\"@context\":\"https:\\\/\\\/schema.org\",\"@graph\":[{\"@type\":\"WebPage\",\"@id\":\"https:\\\/\\\/zadarapartments.com\\\/apartments-zadar-croatia-holiday-rentals\\\/\",\"url\":\"https:\\\/\\\/zadarapartments.com\\\/apartments-zadar-croatia-holiday-rentals\\\/\",\"name\":\"Apartments Zadar Croatia Holiday Rentals - ZadarApartments.com\",\"isPartOf\":{\"@id\":\"https:\\\/\\\/zadarapartments.com\\\/#website\"},\"datePublished\":\"2020-04-26T23:10:34+00:00\",\"dateModified\":\"2025-10-13T22:09:25+00:00\",\"description\":\"Apartments in Zadar Croatia, luxury apartments with pool, private beach holiday homes for great holiday in Zadar, Rent by owner \u2013 Best rates.\",\"breadcrumb\":{\"@id\":\"https:\\\/\\\/zadarapartments.com\\\/apartments-zadar-croatia-holiday-rentals\\\/#breadcrumb\"},\"inLanguage\":\"cs\",\"potentialAction\":[{\"@type\":\"ReadAction\",\"target\":[\"https:\\\/\\\/zadarapartments.com\\\/apartments-zadar-croatia-holiday-rentals\\\/\"]}]},{\"@type\":\"BreadcrumbList\",\"@id\":\"https:\\\/\\\/zadarapartments.com\\\/apartments-zadar-croatia-holiday-rentals\\\/#breadcrumb\",\"itemListElement\":[{\"@type\":\"ListItem\",\"position\":1,\"name\":\"Home\",\"item\":\"https:\\\/\\\/zadarapartments.com\\\/\"},{\"@type\":\"ListItem\",\"position\":2,\"name\":\"Apartments Zadar Croatia\"}]},{\"@type\":\"WebSite\",\"@id\":\"https:\\\/\\\/zadarapartments.com\\\/#website\",\"url\":\"https:\\\/\\\/zadarapartments.com\\\/\",\"name\":\"Holiday Apartments Zadar, Croatia, Luxury, Budget, City or Beach\",\"description\":\"Rent Holiday Apartment in Zadar, Croatia, Luxury, Cheap, City, Beach Vacation Rentals by Owner\",\"publisher\":{\"@id\":\"https:\\\/\\\/zadarapartments.com\\\/#organization\"},\"potentialAction\":[{\"@type\":\"SearchAction\",\"target\":{\"@type\":\"EntryPoint\",\"urlTemplate\":\"https:\\\/\\\/zadarapartments.com\\\/?s={search_term_string}\"},\"query-input\":{\"@type\":\"PropertyValueSpecification\",\"valueRequired\":true,\"valueName\":\"search_term_string\"}}],\"inLanguage\":\"cs\"},{\"@type\":\"Organization\",\"@id\":\"https:\\\/\\\/zadarapartments.com\\\/#organization\",\"name\":\"ZadarApartments.com\",\"url\":\"https:\\\/\\\/zadarapartments.com\\\/\",\"logo\":{\"@type\":\"ImageObject\",\"inLanguage\":\"cs\",\"@id\":\"https:\\\/\\\/zadarapartments.com\\\/#\\\/schema\\\/logo\\\/image\\\/\",\"url\":\"https:\\\/\\\/zadarapartments.com\\\/wp-content\\\/uploads\\\/2018\\\/09\\\/logo-new.png\",\"contentUrl\":\"https:\\\/\\\/zadarapartments.com\\\/wp-content\\\/uploads\\\/2018\\\/09\\\/logo-new.png\",\"width\":300,\"height\":38,\"caption\":\"ZadarApartments.com\"},\"image\":{\"@id\":\"https:\\\/\\\/zadarapartments.com\\\/#\\\/schema\\\/logo\\\/image\\\/\"}}]}<\/script>\n<!-- \/ Yoast SEO plugin. -->","yoast_head_json":{"title":"Apartm\u00e1ny Zadar Chorvatsko Ubytov\u00e1n\u00ed - ZadarApartments.com","description":"Apartm\u00e1ny v Zadaru Chorvatsko, luxusn\u00ed apartm\u00e1ny s baz\u00e9nem, soukrom\u00e1 pl\u00e1\u017e, rekrea\u010dn\u00ed domy pro skv\u011blou dovolenou v Zadaru, Pron\u00e1jem od majitele - Nejlep\u0161\u00ed ceny.","robots":{"index":"index","follow":"follow","max-snippet":"max-snippet:-1","max-image-preview":"max-image-preview:large","max-video-preview":"max-video-preview:-1"},"canonical":"https:\/\/zadarapartments.com\/cs\/apartmany-zadar-chorvatsko-pronajem-ubytovani\/","og_locale":"cs_CZ","og_type":"article","og_title":"Apartments Zadar Croatia Holiday Rentals - ZadarApartments.com","og_description":"Apartments in Zadar Croatia, luxury apartments with pool, private beach holiday homes for great holiday in Zadar, Rent by owner \u2013 Best rates.","og_url":"https:\/\/zadarapartments.com\/cs\/apartmany-zadar-chorvatsko-pronajem-ubytovani\/","og_site_name":"Holiday Apartments Zadar Croatia, Luxury, Budget, City or Beach","article_modified_time":"2025-10-13T22:09:25+00:00","twitter_card":"summary_large_image","twitter_misc":{"Odhadovan\u00e1 doba \u010dten\u00ed":"1 minuta"},"schema":{"@context":"https:\/\/schema.org","@graph":[{"@type":"WebPage","@id":"https:\/\/zadarapartments.com\/apartments-zadar-croatia-holiday-rentals\/","url":"https:\/\/zadarapartments.com\/apartments-zadar-croatia-holiday-rentals\/","name":"Apartm\u00e1ny Zadar Chorvatsko Ubytov\u00e1n\u00ed - ZadarApartments.com","isPartOf":{"@id":"https:\/\/zadarapartments.com\/#website"},"datePublished":"2020-04-26T23:10:34+00:00","dateModified":"2025-10-13T22:09:25+00:00","description":"Apartm\u00e1ny v Zadaru Chorvatsko, luxusn\u00ed apartm\u00e1ny s baz\u00e9nem, soukrom\u00e1 pl\u00e1\u017e, rekrea\u010dn\u00ed domy pro skv\u011blou dovolenou v Zadaru, Pron\u00e1jem od majitele - Nejlep\u0161\u00ed ceny.","breadcrumb":{"@id":"https:\/\/zadarapartments.com\/apartments-zadar-croatia-holiday-rentals\/#breadcrumb"},"inLanguage":"cs","potentialAction":[{"@type":"ReadAction","target":["https:\/\/zadarapartments.com\/apartments-zadar-croatia-holiday-rentals\/"]}]},{"@type":"BreadcrumbList","@id":"https:\/\/zadarapartments.com\/apartments-zadar-croatia-holiday-rentals\/#breadcrumb","itemListElement":[{"@type":"ListItem","position":1,"name":"Home","item":"https:\/\/zadarapartments.com\/"},{"@type":"ListItem","position":2,"name":"Apartments Zadar Croatia"}]},{"@type":"WebSite","@id":"https:\/\/zadarapartments.com\/#website","url":"https:\/\/zadarapartments.com\/","name":"Apartm\u00e1ny Zadar, Chorvatsko, Luxusn\u00ed, Levn\u00e9, M\u011bsto nebo Pl\u00e1\u017e","description":"Apartm\u00e1ny v Zadaru, Chorvatsko, luxusn\u00ed, levn\u00e9, m\u011bstsk\u00e9, pl\u00e1\u017eov\u00e9 Ubytov\u00e1n\u00ed za poplatek","publisher":{"@id":"https:\/\/zadarapartments.com\/#organization"},"potentialAction":[{"@type":"SearchAction","target":{"@type":"EntryPoint","urlTemplate":"https:\/\/zadarapartments.com\/?s={search_term_string}"},"query-input":{"@type":"PropertyValueSpecification","valueRequired":true,"valueName":"search_term_string"}}],"inLanguage":"cs"},{"@type":"Organization","@id":"https:\/\/zadarapartments.com\/#organization","name":"ZadarApartments.com","url":"https:\/\/zadarapartments.com\/","logo":{"@type":"ImageObject","inLanguage":"cs","@id":"https:\/\/zadarapartments.com\/#\/schema\/logo\/image\/","url":"https:\/\/zadarapartments.com\/wp-content\/uploads\/2018\/09\/logo-new.png","contentUrl":"https:\/\/zadarapartments.com\/wp-content\/uploads\/2018\/09\/logo-new.png","width":300,"height":38,"caption":"ZadarApartments.com"},"image":{"@id":"https:\/\/zadarapartments.com\/#\/schema\/logo\/image\/"}}]}},"_links":{"self":[{"href":"https:\/\/zadarapartments.com\/cs\/wp-json\/wp\/v2\/pages\/19539","targetHints":{"allow":["GET"]}}],"collection":[{"href":"https:\/\/zadarapartments.com\/cs\/wp-json\/wp\/v2\/pages"}],"about":[{"href":"https:\/\/zadarapartments.com\/cs\/wp-json\/wp\/v2\/types\/page"}],"author":[{"embeddable":true,"href":"https:\/\/zadarapartments.com\/cs\/wp-json\/wp\/v2\/users\/1"}],"replies":[{"embeddable":true,"href":"https:\/\/zadarapartments.com\/cs\/wp-json\/wp\/v2\/comments?post=19539"}],"version-history":[{"count":10,"href":"https:\/\/zadarapartments.com\/cs\/wp-json\/wp\/v2\/pages\/19539\/revisions"}],"predecessor-version":[{"id":21360,"href":"https:\/\/zadarapartments.com\/cs\/wp-json\/wp\/v2\/pages\/19539\/revisions\/21360"}],"wp:attachment":[{"href":"https:\/\/zadarapartments.com\/cs\/wp-json\/wp\/v2\/media?parent=19539"}],"curies":[{"name":"wp","href":"https:\/\/api.w.org\/{rel}","templated":true}]}}