{"id":19529,"date":"2020-04-27T00:58:11","date_gmt":"2020-04-26T22:58:11","guid":{"rendered":"https:\/\/zadarapartments.com\/?page_id=19529"},"modified":"2025-10-13T00:02:59","modified_gmt":"2025-10-12T22:02:59","slug":"mestske-apartmany-zadar-chorvatsko","status":"publish","type":"page","link":"https:\/\/zadarapartments.com\/cs\/mestske-apartmany-zadar-chorvatsko\/","title":{"rendered":"Zadar Center Apartments Croatia"},"content":{"rendered":"<h1 style=\"color: #1060f0;\"><em> City Apartments Zadar Chorvatsko <\/em><\/h1>\n<p style=\"line-height: 22px;\">\n<strong>Holiday City Center <a href=\"https:\/\/zadarapartments.com\/cs\/\"><span style=\"color: #505050;\">Zadar Apartm\u00e1ny<\/span><\/a>, Chorvatsko<\/strong>, se nach\u00e1z\u00ed v centru m\u011bsta a star\u00e9ho m\u011bsta, odkud se turist\u00e9 pohodln\u011b dostanou k hlavn\u00edm atrakc\u00edm, kulturn\u00edm pam\u00e1tk\u00e1m a z\u00e1bavn\u00edm podnik\u016fm v centru m\u011bsta. Rekrea\u010dn\u00ed pron\u00e1jmy v centru m\u011bsta zahrnuj\u00ed luxusn\u00ed a levn\u00e9 ubytov\u00e1n\u00ed v p\u011b\u0161\u00ed vzd\u00e1lenosti od restaurac\u00ed, bar\u016f, obchod\u016f, atrakc\u00ed a aktivit.\n<\/p>\n<p style=\"line-height: 22px;\">\nApartm\u00e1ny City Zadar Center, Chorvatsko, jsou o tom, jak dop\u0159\u00e1t sob\u011b, sv\u00e9 rodin\u011b a p\u0159\u00e1tel\u016fm dokonal\u00fd a nezapomenuteln\u00fd z\u00e1\u017eitek. Pohodln\u00e1 a pohodln\u00e1 z\u00e1kladna pro pozn\u00e1v\u00e1n\u00ed m\u011bsta, ani\u017e byste ztr\u00e1celi \u010das v doprav\u011b.\n<\/p>\n<p style=\"line-height: 22px; margin-bottom: 30px;\">\nU\u017eijte si n\u00e1v\u0161t\u011bvu v Zadar City Apartments. Host\u00e9 budou m\u00edt k dispozici n\u011bkter\u00e9 z bezplatn\u00fdch v\u00fdhod, jako je Wi-Fi a parkov\u00e1n\u00ed, slune\u010dn\u00ed terasa, zahrada, fitness, v\u00ed\u0159ivka, sauna, gril, klimatizace, chytr\u00e1 ploch\u00e1 TV, p\u0159\u00e1telsk\u00fd k dom\u00e1c\u00edm mazl\u00ed\u010dk\u016fm a dal\u0161\u00ed v\u00fdhody, m\u00edstn\u00ed zaj\u00edmavosti v okol\u00ed, u\u017eijte si <a href=\"https:\/\/villascroatia.com\/villas-zadar-croatia\" target=\"_blank\"><span style=\"color: #505050;\" > luxusn\u00ed ubytov\u00e1n\u00ed v Zadaru <\/span><\/a> - <strong>Pron\u00e1jem od majitele - Nejlep\u0161\u00ed ceny pron\u00e1jmu!<\/strong>\n<\/p>\n\n\n<p><\/p>","protected":false},"excerpt":{"rendered":"City Apartments Zadar Croatia Holiday City Center Zadar Apartments, Croatia, are in the heart of the city and old town, &#8230;","protected":false},"author":1,"featured_media":0,"parent":0,"menu_order":0,"comment_status":"closed","ping_status":"closed","template":"property_list_half.php","meta":{"footnotes":""},"class_list":["post-19529","page","type-page","status-publish","hentry"],"yoast_head":"<!-- This site is optimized with the Yoast SEO plugin v27.4 - https:\/\/yoast.com\/product\/yoast-seo-wordpress\/ -->\n<title>Zadar Center Apartments Croatia for rent - ZadarApartments.com<\/title>\n<meta name=\"description\" content=\"Holiday City Center Apartments in Zadar, Croatia, old town, convenient to access major attractions, cultural sites, and entertainment.\" \/>\n<meta name=\"robots\" content=\"index, follow, max-snippet:-1, max-image-preview:large, max-video-preview:-1\" \/>\n<link rel=\"canonical\" href=\"https:\/\/zadarapartments.com\/cs\/mestske-apartmany-zadar-chorvatsko\/\" \/>\n<meta property=\"og:locale\" content=\"cs_CZ\" \/>\n<meta property=\"og:type\" content=\"article\" \/>\n<meta property=\"og:title\" content=\"Zadar Center Apartments Croatia for rent - ZadarApartments.com\" \/>\n<meta property=\"og:description\" content=\"Holiday City Center Apartments in Zadar, Croatia, old town, convenient to access major attractions, cultural sites, and entertainment.\" \/>\n<meta property=\"og:url\" content=\"https:\/\/zadarapartments.com\/cs\/mestske-apartmany-zadar-chorvatsko\/\" \/>\n<meta property=\"og:site_name\" content=\"Holiday Apartments Zadar Croatia, Luxury, Budget, City or Beach\" \/>\n<meta property=\"article:modified_time\" content=\"2025-10-12T22:02:59+00:00\" \/>\n<meta name=\"twitter:card\" content=\"summary_large_image\" \/>\n<meta name=\"twitter:label1\" content=\"Odhadovan\u00e1 doba \u010dten\u00ed\" \/>\n\t<meta name=\"twitter:data1\" content=\"1 minuta\" \/>\n<script type=\"application\/ld+json\" class=\"yoast-schema-graph\">{\"@context\":\"https:\\\/\\\/schema.org\",\"@graph\":[{\"@type\":\"WebPage\",\"@id\":\"https:\\\/\\\/zadarapartments.com\\\/city-apartments-zadar-croatia\\\/\",\"url\":\"https:\\\/\\\/zadarapartments.com\\\/city-apartments-zadar-croatia\\\/\",\"name\":\"Zadar Center Apartments Croatia for rent - ZadarApartments.com\",\"isPartOf\":{\"@id\":\"https:\\\/\\\/zadarapartments.com\\\/#website\"},\"datePublished\":\"2020-04-26T22:58:11+00:00\",\"dateModified\":\"2025-10-12T22:02:59+00:00\",\"description\":\"Holiday City Center Apartments in Zadar, Croatia, old town, convenient to access major attractions, cultural sites, and entertainment.\",\"breadcrumb\":{\"@id\":\"https:\\\/\\\/zadarapartments.com\\\/city-apartments-zadar-croatia\\\/#breadcrumb\"},\"inLanguage\":\"cs\",\"potentialAction\":[{\"@type\":\"ReadAction\",\"target\":[\"https:\\\/\\\/zadarapartments.com\\\/city-apartments-zadar-croatia\\\/\"]}]},{\"@type\":\"BreadcrumbList\",\"@id\":\"https:\\\/\\\/zadarapartments.com\\\/city-apartments-zadar-croatia\\\/#breadcrumb\",\"itemListElement\":[{\"@type\":\"ListItem\",\"position\":1,\"name\":\"Home\",\"item\":\"https:\\\/\\\/zadarapartments.com\\\/\"},{\"@type\":\"ListItem\",\"position\":2,\"name\":\"Zadar Center Apartments Croatia\"}]},{\"@type\":\"WebSite\",\"@id\":\"https:\\\/\\\/zadarapartments.com\\\/#website\",\"url\":\"https:\\\/\\\/zadarapartments.com\\\/\",\"name\":\"Holiday Apartments Zadar, Croatia, Luxury, Budget, City or Beach\",\"description\":\"Rent Holiday Apartment in Zadar, Croatia, Luxury, Cheap, City, Beach Vacation Rentals by Owner\",\"publisher\":{\"@id\":\"https:\\\/\\\/zadarapartments.com\\\/#organization\"},\"potentialAction\":[{\"@type\":\"SearchAction\",\"target\":{\"@type\":\"EntryPoint\",\"urlTemplate\":\"https:\\\/\\\/zadarapartments.com\\\/?s={search_term_string}\"},\"query-input\":{\"@type\":\"PropertyValueSpecification\",\"valueRequired\":true,\"valueName\":\"search_term_string\"}}],\"inLanguage\":\"cs\"},{\"@type\":\"Organization\",\"@id\":\"https:\\\/\\\/zadarapartments.com\\\/#organization\",\"name\":\"ZadarApartments.com\",\"url\":\"https:\\\/\\\/zadarapartments.com\\\/\",\"logo\":{\"@type\":\"ImageObject\",\"inLanguage\":\"cs\",\"@id\":\"https:\\\/\\\/zadarapartments.com\\\/#\\\/schema\\\/logo\\\/image\\\/\",\"url\":\"https:\\\/\\\/zadarapartments.com\\\/wp-content\\\/uploads\\\/2018\\\/09\\\/logo-new.png\",\"contentUrl\":\"https:\\\/\\\/zadarapartments.com\\\/wp-content\\\/uploads\\\/2018\\\/09\\\/logo-new.png\",\"width\":300,\"height\":38,\"caption\":\"ZadarApartments.com\"},\"image\":{\"@id\":\"https:\\\/\\\/zadarapartments.com\\\/#\\\/schema\\\/logo\\\/image\\\/\"}}]}<\/script>\n<!-- \/ Yoast SEO plugin. -->","yoast_head_json":{"title":"Zadar Center Apartm\u00e1ny Chorvatsko k pron\u00e1jmu - ZadarApartments.com","description":"Holiday City Center Apartments v Zadaru, Chorvatsko, star\u00e9 m\u011bsto, pohodln\u00fd p\u0159\u00edstup k hlavn\u00edm atrakc\u00edm, kulturn\u00edm pam\u00e1tk\u00e1m a z\u00e1bav\u011b.","robots":{"index":"index","follow":"follow","max-snippet":"max-snippet:-1","max-image-preview":"max-image-preview:large","max-video-preview":"max-video-preview:-1"},"canonical":"https:\/\/zadarapartments.com\/cs\/mestske-apartmany-zadar-chorvatsko\/","og_locale":"cs_CZ","og_type":"article","og_title":"Zadar Center Apartments Croatia for rent - ZadarApartments.com","og_description":"Holiday City Center Apartments in Zadar, Croatia, old town, convenient to access major attractions, cultural sites, and entertainment.","og_url":"https:\/\/zadarapartments.com\/cs\/mestske-apartmany-zadar-chorvatsko\/","og_site_name":"Holiday Apartments Zadar Croatia, Luxury, Budget, City or Beach","article_modified_time":"2025-10-12T22:02:59+00:00","twitter_card":"summary_large_image","twitter_misc":{"Odhadovan\u00e1 doba \u010dten\u00ed":"1 minuta"},"schema":{"@context":"https:\/\/schema.org","@graph":[{"@type":"WebPage","@id":"https:\/\/zadarapartments.com\/city-apartments-zadar-croatia\/","url":"https:\/\/zadarapartments.com\/city-apartments-zadar-croatia\/","name":"Zadar Center Apartm\u00e1ny Chorvatsko k pron\u00e1jmu - ZadarApartments.com","isPartOf":{"@id":"https:\/\/zadarapartments.com\/#website"},"datePublished":"2020-04-26T22:58:11+00:00","dateModified":"2025-10-12T22:02:59+00:00","description":"Holiday City Center Apartments v Zadaru, Chorvatsko, star\u00e9 m\u011bsto, pohodln\u00fd p\u0159\u00edstup k hlavn\u00edm atrakc\u00edm, kulturn\u00edm pam\u00e1tk\u00e1m a z\u00e1bav\u011b.","breadcrumb":{"@id":"https:\/\/zadarapartments.com\/city-apartments-zadar-croatia\/#breadcrumb"},"inLanguage":"cs","potentialAction":[{"@type":"ReadAction","target":["https:\/\/zadarapartments.com\/city-apartments-zadar-croatia\/"]}]},{"@type":"BreadcrumbList","@id":"https:\/\/zadarapartments.com\/city-apartments-zadar-croatia\/#breadcrumb","itemListElement":[{"@type":"ListItem","position":1,"name":"Home","item":"https:\/\/zadarapartments.com\/"},{"@type":"ListItem","position":2,"name":"Zadar Center Apartments Croatia"}]},{"@type":"WebSite","@id":"https:\/\/zadarapartments.com\/#website","url":"https:\/\/zadarapartments.com\/","name":"Apartm\u00e1ny Zadar, Chorvatsko, Luxusn\u00ed, Levn\u00e9, M\u011bsto nebo Pl\u00e1\u017e","description":"Apartm\u00e1ny v Zadaru, Chorvatsko, luxusn\u00ed, levn\u00e9, m\u011bstsk\u00e9, pl\u00e1\u017eov\u00e9 Ubytov\u00e1n\u00ed za poplatek","publisher":{"@id":"https:\/\/zadarapartments.com\/#organization"},"potentialAction":[{"@type":"SearchAction","target":{"@type":"EntryPoint","urlTemplate":"https:\/\/zadarapartments.com\/?s={search_term_string}"},"query-input":{"@type":"PropertyValueSpecification","valueRequired":true,"valueName":"search_term_string"}}],"inLanguage":"cs"},{"@type":"Organization","@id":"https:\/\/zadarapartments.com\/#organization","name":"ZadarApartments.com","url":"https:\/\/zadarapartments.com\/","logo":{"@type":"ImageObject","inLanguage":"cs","@id":"https:\/\/zadarapartments.com\/#\/schema\/logo\/image\/","url":"https:\/\/zadarapartments.com\/wp-content\/uploads\/2018\/09\/logo-new.png","contentUrl":"https:\/\/zadarapartments.com\/wp-content\/uploads\/2018\/09\/logo-new.png","width":300,"height":38,"caption":"ZadarApartments.com"},"image":{"@id":"https:\/\/zadarapartments.com\/#\/schema\/logo\/image\/"}}]}},"_links":{"self":[{"href":"https:\/\/zadarapartments.com\/cs\/wp-json\/wp\/v2\/pages\/19529","targetHints":{"allow":["GET"]}}],"collection":[{"href":"https:\/\/zadarapartments.com\/cs\/wp-json\/wp\/v2\/pages"}],"about":[{"href":"https:\/\/zadarapartments.com\/cs\/wp-json\/wp\/v2\/types\/page"}],"author":[{"embeddable":true,"href":"https:\/\/zadarapartments.com\/cs\/wp-json\/wp\/v2\/users\/1"}],"replies":[{"embeddable":true,"href":"https:\/\/zadarapartments.com\/cs\/wp-json\/wp\/v2\/comments?post=19529"}],"version-history":[{"count":4,"href":"https:\/\/zadarapartments.com\/cs\/wp-json\/wp\/v2\/pages\/19529\/revisions"}],"predecessor-version":[{"id":21109,"href":"https:\/\/zadarapartments.com\/cs\/wp-json\/wp\/v2\/pages\/19529\/revisions\/21109"}],"wp:attachment":[{"href":"https:\/\/zadarapartments.com\/cs\/wp-json\/wp\/v2\/media?parent=19529"}],"curies":[{"name":"wp","href":"https:\/\/api.w.org\/{rel}","templated":true}]}}