{"id":19518,"date":"2020-04-27T00:41:22","date_gmt":"2020-04-26T22:41:22","guid":{"rendered":"https:\/\/zadarapartments.com\/?page_id=19518"},"modified":"2025-08-24T20:00:55","modified_gmt":"2025-08-24T18:00:55","slug":"luxusni-apartmany-zadar-chorvatsko","status":"publish","type":"page","link":"https:\/\/zadarapartments.com\/cs\/luxusni-apartmany-zadar-chorvatsko\/","title":{"rendered":"Luxusn\u00ed apartm\u00e1ny Zadar Chorvatsko"},"content":{"rendered":"<h1 style=\"color: #1060f0;\"><em> Luxusn\u00ed apartm\u00e1ny Zadar Chorvatsko <\/em><\/h1>\n<p style=\"line-height: 22px;\">\n<strong>Dovolen\u00e1 v luxusu <a href=\"https:\/\/zadarapartments.com\/cs\/\"><span style=\"color: #505050;\"> Zadar Apartm\u00e1ny <\/span><\/a>, Chorvatsko<\/strong>, nejlep\u0161\u00ed modern\u00ed design s baz\u00e9nem, nejvy\u0161\u0161\u00ed \u00farove\u0148 pohodl\u00ed, slu\u017eeb a vybaven\u00ed nad r\u00e1mec z\u00e1kladn\u00edch po\u017eadavk\u016f, poskytuj\u00edc\u00ed vyt\u0159\u00edben\u00fd z\u00e1\u017eitek d\u00edky prostorn\u00fdm dispozic\u00edm a prvot\u0159\u00eddn\u00edm povrchov\u00fdm \u00faprav\u00e1m, \u0161pi\u010dkov\u00fdm spot\u0159ebi\u010d\u016fm, funkc\u00edm inteligentn\u00edho domu a vynikaj\u00edc\u00edm lokalit\u00e1m: centrum m\u011bsta, u pl\u00e1\u017ee, s v\u00fdhledem na mo\u0159e. \n<\/p>\n<p style=\"line-height: 22px;\">\nLuxusn\u00ed apartm\u00e1ny v chorvatsk\u00e9m Zadaru v\u00e1m umo\u017en\u00ed dop\u0159\u00e1t sob\u011b, sv\u00e9 rodin\u011b a p\u0159\u00e1tel\u016fm dokonal\u00fd a nezapomenuteln\u00fd exkluzivn\u00ed z\u00e1\u017eitek, kter\u00fd p\u0159es\u00e1hne z\u00e1kladn\u00ed \u00farove\u0148 a p\u0159enese v\u00e1s do sv\u011bta \u0161pi\u010dkov\u00fdch slu\u017eeb, pohodl\u00ed a exkluzivity.\n<\/p>\n<p style=\"line-height: 22px; margin-bottom: 30px;\">\nU\u017eijte si n\u00e1v\u0161t\u011bvu v Zadaru Luxury Apartments. Host\u00e9 maj\u00ed k dispozici n\u011bkter\u00e9 z bezplatn\u00fdch v\u00fdhod, jako je WiFi a parkov\u00e1n\u00ed, modern\u00ed prostorn\u00e9 prostory, slune\u010dn\u00ed terasa, zahrada, baz\u00e9n, fitness, v\u00ed\u0159ivka, sauna, gril, klimatizace, chytr\u00e1 ploch\u00e1 TV, mo\u017enost ubytov\u00e1n\u00ed s dom\u00e1c\u00edmi mazl\u00ed\u010dky a dal\u0161\u00ed v\u00fdhody, <a href=\"https:\/\/villascroatia.com\/villas-zadar-croatia\" target=\"_blank\"><span style=\"color: #505050;\" > luxusn\u00ed ubytov\u00e1n\u00ed v Zadaru <\/span><\/a>- <strong> Pron\u00e1jem od majitele - Nejlep\u0161\u00ed ceny pron\u00e1jmu!<\/strong>\n<\/p>\n\n\n<p><\/p>","protected":false},"excerpt":{"rendered":"Luxury Apartments Zadar Croatia Holiday Luxury Zadar Apartments , Croatia, best modern design with pool, top level of comfort, service, &#8230;","protected":false},"author":1,"featured_media":0,"parent":0,"menu_order":0,"comment_status":"closed","ping_status":"closed","template":"property_list_half.php","meta":{"footnotes":""},"class_list":["post-19518","page","type-page","status-publish","hentry"],"yoast_head":"<!-- This site is optimized with the Yoast SEO plugin v27.4 - https:\/\/yoast.com\/product\/yoast-seo-wordpress\/ -->\n<title>Luxury Apartments Zadar Croatia for rent - ZadarApartments.com<\/title>\n<meta name=\"description\" content=\"Holiday Zadar Luxury Apartments , Croatia, best modern design with pool, top comfort, service, city center, by the sea - Rent by owner.\" \/>\n<meta name=\"robots\" content=\"index, follow, max-snippet:-1, max-image-preview:large, max-video-preview:-1\" \/>\n<link rel=\"canonical\" href=\"https:\/\/zadarapartments.com\/cs\/luxusni-apartmany-zadar-chorvatsko\/\" \/>\n<meta property=\"og:locale\" content=\"cs_CZ\" \/>\n<meta property=\"og:type\" content=\"article\" \/>\n<meta property=\"og:title\" content=\"Luxury Apartments Zadar Croatia for rent - ZadarApartments.com\" \/>\n<meta property=\"og:description\" content=\"Holiday Zadar Luxury Apartments , Croatia, best modern design with pool, top comfort, service, city center, by the sea - Rent by owner.\" \/>\n<meta property=\"og:url\" content=\"https:\/\/zadarapartments.com\/cs\/luxusni-apartmany-zadar-chorvatsko\/\" \/>\n<meta property=\"og:site_name\" content=\"Holiday Apartments Zadar Croatia, Luxury, Budget, City or Beach\" \/>\n<meta property=\"article:modified_time\" content=\"2025-08-24T18:00:55+00:00\" \/>\n<meta name=\"twitter:card\" content=\"summary_large_image\" \/>\n<meta name=\"twitter:label1\" content=\"Odhadovan\u00e1 doba \u010dten\u00ed\" \/>\n\t<meta name=\"twitter:data1\" content=\"1 minuta\" \/>\n<script type=\"application\/ld+json\" class=\"yoast-schema-graph\">{\"@context\":\"https:\\\/\\\/schema.org\",\"@graph\":[{\"@type\":\"WebPage\",\"@id\":\"https:\\\/\\\/zadarapartments.com\\\/luxury-apartments-zadar-croatia\\\/\",\"url\":\"https:\\\/\\\/zadarapartments.com\\\/luxury-apartments-zadar-croatia\\\/\",\"name\":\"Luxury Apartments Zadar Croatia for rent - ZadarApartments.com\",\"isPartOf\":{\"@id\":\"https:\\\/\\\/zadarapartments.com\\\/#website\"},\"datePublished\":\"2020-04-26T22:41:22+00:00\",\"dateModified\":\"2025-08-24T18:00:55+00:00\",\"description\":\"Holiday Zadar Luxury Apartments , Croatia, best modern design with pool, top comfort, service, city center, by the sea - Rent by owner.\",\"breadcrumb\":{\"@id\":\"https:\\\/\\\/zadarapartments.com\\\/luxury-apartments-zadar-croatia\\\/#breadcrumb\"},\"inLanguage\":\"cs\",\"potentialAction\":[{\"@type\":\"ReadAction\",\"target\":[\"https:\\\/\\\/zadarapartments.com\\\/luxury-apartments-zadar-croatia\\\/\"]}]},{\"@type\":\"BreadcrumbList\",\"@id\":\"https:\\\/\\\/zadarapartments.com\\\/luxury-apartments-zadar-croatia\\\/#breadcrumb\",\"itemListElement\":[{\"@type\":\"ListItem\",\"position\":1,\"name\":\"Home\",\"item\":\"https:\\\/\\\/zadarapartments.com\\\/\"},{\"@type\":\"ListItem\",\"position\":2,\"name\":\"Luxury Apartments Zadar Croatia\"}]},{\"@type\":\"WebSite\",\"@id\":\"https:\\\/\\\/zadarapartments.com\\\/#website\",\"url\":\"https:\\\/\\\/zadarapartments.com\\\/\",\"name\":\"Holiday Apartments Zadar, Croatia, Luxury, Budget, City or Beach\",\"description\":\"Rent Holiday Apartment in Zadar, Croatia, Luxury, Cheap, City, Beach Vacation Rentals by Owner\",\"publisher\":{\"@id\":\"https:\\\/\\\/zadarapartments.com\\\/#organization\"},\"potentialAction\":[{\"@type\":\"SearchAction\",\"target\":{\"@type\":\"EntryPoint\",\"urlTemplate\":\"https:\\\/\\\/zadarapartments.com\\\/?s={search_term_string}\"},\"query-input\":{\"@type\":\"PropertyValueSpecification\",\"valueRequired\":true,\"valueName\":\"search_term_string\"}}],\"inLanguage\":\"cs\"},{\"@type\":\"Organization\",\"@id\":\"https:\\\/\\\/zadarapartments.com\\\/#organization\",\"name\":\"ZadarApartments.com\",\"url\":\"https:\\\/\\\/zadarapartments.com\\\/\",\"logo\":{\"@type\":\"ImageObject\",\"inLanguage\":\"cs\",\"@id\":\"https:\\\/\\\/zadarapartments.com\\\/#\\\/schema\\\/logo\\\/image\\\/\",\"url\":\"https:\\\/\\\/zadarapartments.com\\\/wp-content\\\/uploads\\\/2018\\\/09\\\/logo-new.png\",\"contentUrl\":\"https:\\\/\\\/zadarapartments.com\\\/wp-content\\\/uploads\\\/2018\\\/09\\\/logo-new.png\",\"width\":300,\"height\":38,\"caption\":\"ZadarApartments.com\"},\"image\":{\"@id\":\"https:\\\/\\\/zadarapartments.com\\\/#\\\/schema\\\/logo\\\/image\\\/\"}}]}<\/script>\n<!-- \/ Yoast SEO plugin. -->","yoast_head_json":{"title":"Luxusn\u00ed apartm\u00e1ny Zadar Chorvatsko k pron\u00e1jmu - ZadarApartments.com","description":"Holiday Zadar Luxury Apartments , Chorvatsko, nejlep\u0161\u00ed modern\u00ed design s baz\u00e9nem, nejvy\u0161\u0161\u00ed komfort, slu\u017eby, centrum m\u011bsta, u mo\u0159e - Pron\u00e1jem od majitele.","robots":{"index":"index","follow":"follow","max-snippet":"max-snippet:-1","max-image-preview":"max-image-preview:large","max-video-preview":"max-video-preview:-1"},"canonical":"https:\/\/zadarapartments.com\/cs\/luxusni-apartmany-zadar-chorvatsko\/","og_locale":"cs_CZ","og_type":"article","og_title":"Luxury Apartments Zadar Croatia for rent - ZadarApartments.com","og_description":"Holiday Zadar Luxury Apartments , Croatia, best modern design with pool, top comfort, service, city center, by the sea - Rent by owner.","og_url":"https:\/\/zadarapartments.com\/cs\/luxusni-apartmany-zadar-chorvatsko\/","og_site_name":"Holiday Apartments Zadar Croatia, Luxury, Budget, City or Beach","article_modified_time":"2025-08-24T18:00:55+00:00","twitter_card":"summary_large_image","twitter_misc":{"Odhadovan\u00e1 doba \u010dten\u00ed":"1 minuta"},"schema":{"@context":"https:\/\/schema.org","@graph":[{"@type":"WebPage","@id":"https:\/\/zadarapartments.com\/luxury-apartments-zadar-croatia\/","url":"https:\/\/zadarapartments.com\/luxury-apartments-zadar-croatia\/","name":"Luxusn\u00ed apartm\u00e1ny Zadar Chorvatsko k pron\u00e1jmu - ZadarApartments.com","isPartOf":{"@id":"https:\/\/zadarapartments.com\/#website"},"datePublished":"2020-04-26T22:41:22+00:00","dateModified":"2025-08-24T18:00:55+00:00","description":"Holiday Zadar Luxury Apartments , Chorvatsko, nejlep\u0161\u00ed modern\u00ed design s baz\u00e9nem, nejvy\u0161\u0161\u00ed komfort, slu\u017eby, centrum m\u011bsta, u mo\u0159e - Pron\u00e1jem od majitele.","breadcrumb":{"@id":"https:\/\/zadarapartments.com\/luxury-apartments-zadar-croatia\/#breadcrumb"},"inLanguage":"cs","potentialAction":[{"@type":"ReadAction","target":["https:\/\/zadarapartments.com\/luxury-apartments-zadar-croatia\/"]}]},{"@type":"BreadcrumbList","@id":"https:\/\/zadarapartments.com\/luxury-apartments-zadar-croatia\/#breadcrumb","itemListElement":[{"@type":"ListItem","position":1,"name":"Home","item":"https:\/\/zadarapartments.com\/"},{"@type":"ListItem","position":2,"name":"Luxury Apartments Zadar Croatia"}]},{"@type":"WebSite","@id":"https:\/\/zadarapartments.com\/#website","url":"https:\/\/zadarapartments.com\/","name":"Apartm\u00e1ny Zadar, Chorvatsko, Luxusn\u00ed, Levn\u00e9, M\u011bsto nebo Pl\u00e1\u017e","description":"Apartm\u00e1ny v Zadaru, Chorvatsko, luxusn\u00ed, levn\u00e9, m\u011bstsk\u00e9, pl\u00e1\u017eov\u00e9 Ubytov\u00e1n\u00ed za poplatek","publisher":{"@id":"https:\/\/zadarapartments.com\/#organization"},"potentialAction":[{"@type":"SearchAction","target":{"@type":"EntryPoint","urlTemplate":"https:\/\/zadarapartments.com\/?s={search_term_string}"},"query-input":{"@type":"PropertyValueSpecification","valueRequired":true,"valueName":"search_term_string"}}],"inLanguage":"cs"},{"@type":"Organization","@id":"https:\/\/zadarapartments.com\/#organization","name":"ZadarApartments.com","url":"https:\/\/zadarapartments.com\/","logo":{"@type":"ImageObject","inLanguage":"cs","@id":"https:\/\/zadarapartments.com\/#\/schema\/logo\/image\/","url":"https:\/\/zadarapartments.com\/wp-content\/uploads\/2018\/09\/logo-new.png","contentUrl":"https:\/\/zadarapartments.com\/wp-content\/uploads\/2018\/09\/logo-new.png","width":300,"height":38,"caption":"ZadarApartments.com"},"image":{"@id":"https:\/\/zadarapartments.com\/#\/schema\/logo\/image\/"}}]}},"_links":{"self":[{"href":"https:\/\/zadarapartments.com\/cs\/wp-json\/wp\/v2\/pages\/19518","targetHints":{"allow":["GET"]}}],"collection":[{"href":"https:\/\/zadarapartments.com\/cs\/wp-json\/wp\/v2\/pages"}],"about":[{"href":"https:\/\/zadarapartments.com\/cs\/wp-json\/wp\/v2\/types\/page"}],"author":[{"embeddable":true,"href":"https:\/\/zadarapartments.com\/cs\/wp-json\/wp\/v2\/users\/1"}],"replies":[{"embeddable":true,"href":"https:\/\/zadarapartments.com\/cs\/wp-json\/wp\/v2\/comments?post=19518"}],"version-history":[{"count":9,"href":"https:\/\/zadarapartments.com\/cs\/wp-json\/wp\/v2\/pages\/19518\/revisions"}],"predecessor-version":[{"id":21103,"href":"https:\/\/zadarapartments.com\/cs\/wp-json\/wp\/v2\/pages\/19518\/revisions\/21103"}],"wp:attachment":[{"href":"https:\/\/zadarapartments.com\/cs\/wp-json\/wp\/v2\/media?parent=19518"}],"curies":[{"name":"wp","href":"https:\/\/api.w.org\/{rel}","templated":true}]}}