{"id":19513,"date":"2020-04-27T00:23:46","date_gmt":"2020-04-26T22:23:46","guid":{"rendered":"https:\/\/zadarapartments.com\/?page_id=19513"},"modified":"2025-10-12T23:57:42","modified_gmt":"2025-10-12T21:57:42","slug":"rekreacni-apartmany-zadar-chorvatsko","status":"publish","type":"page","link":"https:\/\/zadarapartments.com\/cs\/rekreacni-apartmany-zadar-chorvatsko\/","title":{"rendered":"Apartm\u00e1ny Zadar Chorvatsko"},"content":{"rendered":"<h1 style=\"color: #1060f0;\"><em> Apartm\u00e1ny Zadar Chorvatsko <\/em><\/h1>\n<p style=\"line-height: 22px;\">\n<strong>Dovolen\u00e1 <a href=\"https:\/\/zadarapartments.com\/cs\/\"><span style=\"color: #505050;\">Zadar Apartm\u00e1ny<\/span><\/a>, Chorvatsko<\/strong>, od luxusn\u00edch rekrea\u010dn\u00edch dom\u016f a\u017e po levn\u00e1 studia, kter\u00e1 se nach\u00e1zej\u00ed v centru m\u011bsta nebo na \u00fat\u011bku u mo\u0159e a na pl\u00e1\u017ei, soukrom\u00e9 rekrea\u010dn\u00ed domy s baz\u00e9nem a v\u00fdhledem na mo\u0159e, s mo\u017enost\u00ed vlastn\u00edho stravov\u00e1n\u00ed, s dom\u00e1c\u00edmi mazl\u00ed\u010dky a dal\u0161\u00ed. Pronajm\u011bte si apartm\u00e1n Zadar s 1 lo\u017enic\u00ed, 2 lo\u017enicemi, 3 lo\u017enicemi nebo studio apartm\u00e1n.  \n<\/p>\n<p style=\"line-height: 22px;\">\nRekrea\u010dn\u00ed apartm\u00e1ny v Zadaru v Chorvatsku jsou o tom, \u017ee si vy, va\u0161e rodina a p\u0159\u00e1tel\u00e9 m\u016f\u017eete dop\u0159\u00e1t dokonal\u00fd a nezapomenuteln\u00fd z\u00e1\u017eitek. V\u00e1\u0161 pr\u00e1zdninov\u00fd domov pro pozn\u00e1v\u00e1n\u00ed zadarsk\u00fdch atrakc\u00ed, aktivit a z\u00e1bavy.\n<\/p>\n<p style=\"line-height: 22px; margin-bottom: 30px;\">\nU\u017eijte si n\u00e1v\u0161t\u011bvu Zadaru v apartm\u00e1nech Zadar Holiday Apartments. Host\u00e9 budou m\u00edt k dispozici n\u011bkter\u00e9 z bezplatn\u00fdch v\u00fdhod, jako je Wi-Fi a parkov\u00e1n\u00ed, slune\u010dn\u00ed terasa, zahrada, baz\u00e9n, fitness, v\u00ed\u0159ivka, sauna, gril, klimatizace, chytr\u00e1 ploch\u00e1 TV, p\u0159\u00e1telsk\u00fd k dom\u00e1c\u00edm mazl\u00ed\u010dk\u016fm a dal\u0161\u00ed v\u00fdhody nebo si u\u017e\u00edt <a href=\"https:\/\/villascroatia.com\/villas-zadar-croatia\" target=\"_blank\"><span style=\"color: #505050;\" > luxusn\u00ed ubytov\u00e1n\u00ed v Zadaru <\/span><\/a> - <strong>Pron\u00e1jem od majitele - Nejlep\u0161\u00ed ceny pron\u00e1jmu!<\/strong>\n<\/p>\n\n\n\n<p><\/p>","protected":false},"excerpt":{"rendered":"Holiday Apartments Zadar Croatia Holiday Zadar Apartments, Croatia, from luxury holiday homes to low cost studios, located in the city &#8230;","protected":false},"author":1,"featured_media":0,"parent":0,"menu_order":0,"comment_status":"closed","ping_status":"closed","template":"property_list_half.php","meta":{"footnotes":""},"class_list":["post-19513","page","type-page","status-publish","hentry"],"yoast_head":"<!-- This site is optimized with the Yoast SEO plugin v27.4 - https:\/\/yoast.com\/product\/yoast-seo-wordpress\/ -->\n<title>Holiday Apartments Zadar Croatia for rent - ZadarApartments.com<\/title>\n<meta name=\"description\" content=\"Holiday Apartments Zadar, Croatia, luxury to low cost, center or beach getaway, private vacation rentals with pool, sea view, 1-3 bedrooms.\" \/>\n<meta name=\"robots\" content=\"index, follow, max-snippet:-1, max-image-preview:large, max-video-preview:-1\" \/>\n<link rel=\"canonical\" href=\"https:\/\/zadarapartments.com\/cs\/rekreacni-apartmany-zadar-chorvatsko\/\" \/>\n<meta property=\"og:locale\" content=\"cs_CZ\" \/>\n<meta property=\"og:type\" content=\"article\" \/>\n<meta property=\"og:title\" content=\"Holiday Apartments Zadar Croatia for rent - ZadarApartments.com\" \/>\n<meta property=\"og:description\" content=\"Holiday Apartments Zadar, Croatia, luxury to low cost, center or beach getaway, private vacation rentals with pool, sea view, 1-3 bedrooms.\" \/>\n<meta property=\"og:url\" content=\"https:\/\/zadarapartments.com\/cs\/rekreacni-apartmany-zadar-chorvatsko\/\" \/>\n<meta property=\"og:site_name\" content=\"Holiday Apartments Zadar Croatia, Luxury, Budget, City or Beach\" \/>\n<meta property=\"article:modified_time\" content=\"2025-10-12T21:57:42+00:00\" \/>\n<meta name=\"twitter:card\" content=\"summary_large_image\" \/>\n<meta name=\"twitter:label1\" content=\"Odhadovan\u00e1 doba \u010dten\u00ed\" \/>\n\t<meta name=\"twitter:data1\" content=\"1 minuta\" \/>\n<script type=\"application\/ld+json\" class=\"yoast-schema-graph\">{\"@context\":\"https:\\\/\\\/schema.org\",\"@graph\":[{\"@type\":\"WebPage\",\"@id\":\"https:\\\/\\\/zadarapartments.com\\\/holiday-apartments-zadar-croatia\\\/\",\"url\":\"https:\\\/\\\/zadarapartments.com\\\/holiday-apartments-zadar-croatia\\\/\",\"name\":\"Holiday Apartments Zadar Croatia for rent - ZadarApartments.com\",\"isPartOf\":{\"@id\":\"https:\\\/\\\/zadarapartments.com\\\/#website\"},\"datePublished\":\"2020-04-26T22:23:46+00:00\",\"dateModified\":\"2025-10-12T21:57:42+00:00\",\"description\":\"Holiday Apartments Zadar, Croatia, luxury to low cost, center or beach getaway, private vacation rentals with pool, sea view, 1-3 bedrooms.\",\"breadcrumb\":{\"@id\":\"https:\\\/\\\/zadarapartments.com\\\/holiday-apartments-zadar-croatia\\\/#breadcrumb\"},\"inLanguage\":\"cs\",\"potentialAction\":[{\"@type\":\"ReadAction\",\"target\":[\"https:\\\/\\\/zadarapartments.com\\\/holiday-apartments-zadar-croatia\\\/\"]}]},{\"@type\":\"BreadcrumbList\",\"@id\":\"https:\\\/\\\/zadarapartments.com\\\/holiday-apartments-zadar-croatia\\\/#breadcrumb\",\"itemListElement\":[{\"@type\":\"ListItem\",\"position\":1,\"name\":\"Home\",\"item\":\"https:\\\/\\\/zadarapartments.com\\\/\"},{\"@type\":\"ListItem\",\"position\":2,\"name\":\"Holiday Apartments Zadar Croatia\"}]},{\"@type\":\"WebSite\",\"@id\":\"https:\\\/\\\/zadarapartments.com\\\/#website\",\"url\":\"https:\\\/\\\/zadarapartments.com\\\/\",\"name\":\"Holiday Apartments Zadar, Croatia, Luxury, Budget, City or Beach\",\"description\":\"Rent Holiday Apartment in Zadar, Croatia, Luxury, Cheap, City, Beach Vacation Rentals by Owner\",\"publisher\":{\"@id\":\"https:\\\/\\\/zadarapartments.com\\\/#organization\"},\"potentialAction\":[{\"@type\":\"SearchAction\",\"target\":{\"@type\":\"EntryPoint\",\"urlTemplate\":\"https:\\\/\\\/zadarapartments.com\\\/?s={search_term_string}\"},\"query-input\":{\"@type\":\"PropertyValueSpecification\",\"valueRequired\":true,\"valueName\":\"search_term_string\"}}],\"inLanguage\":\"cs\"},{\"@type\":\"Organization\",\"@id\":\"https:\\\/\\\/zadarapartments.com\\\/#organization\",\"name\":\"ZadarApartments.com\",\"url\":\"https:\\\/\\\/zadarapartments.com\\\/\",\"logo\":{\"@type\":\"ImageObject\",\"inLanguage\":\"cs\",\"@id\":\"https:\\\/\\\/zadarapartments.com\\\/#\\\/schema\\\/logo\\\/image\\\/\",\"url\":\"https:\\\/\\\/zadarapartments.com\\\/wp-content\\\/uploads\\\/2018\\\/09\\\/logo-new.png\",\"contentUrl\":\"https:\\\/\\\/zadarapartments.com\\\/wp-content\\\/uploads\\\/2018\\\/09\\\/logo-new.png\",\"width\":300,\"height\":38,\"caption\":\"ZadarApartments.com\"},\"image\":{\"@id\":\"https:\\\/\\\/zadarapartments.com\\\/#\\\/schema\\\/logo\\\/image\\\/\"}}]}<\/script>\n<!-- \/ Yoast SEO plugin. -->","yoast_head_json":{"title":"Apartm\u00e1ny Zadar Chorvatsko k pron\u00e1jmu - ZadarApartments.com","description":"Apartm\u00e1ny Zadar, Chorvatsko, luxusn\u00ed a\u017e levn\u00e9, dovolen\u00e1 v centru nebo na pl\u00e1\u017ei, soukrom\u00e9 apartm\u00e1ny s baz\u00e9nem, v\u00fdhled na mo\u0159e, 1-3 lo\u017enice.","robots":{"index":"index","follow":"follow","max-snippet":"max-snippet:-1","max-image-preview":"max-image-preview:large","max-video-preview":"max-video-preview:-1"},"canonical":"https:\/\/zadarapartments.com\/cs\/rekreacni-apartmany-zadar-chorvatsko\/","og_locale":"cs_CZ","og_type":"article","og_title":"Holiday Apartments Zadar Croatia for rent - ZadarApartments.com","og_description":"Holiday Apartments Zadar, Croatia, luxury to low cost, center or beach getaway, private vacation rentals with pool, sea view, 1-3 bedrooms.","og_url":"https:\/\/zadarapartments.com\/cs\/rekreacni-apartmany-zadar-chorvatsko\/","og_site_name":"Holiday Apartments Zadar Croatia, Luxury, Budget, City or Beach","article_modified_time":"2025-10-12T21:57:42+00:00","twitter_card":"summary_large_image","twitter_misc":{"Odhadovan\u00e1 doba \u010dten\u00ed":"1 minuta"},"schema":{"@context":"https:\/\/schema.org","@graph":[{"@type":"WebPage","@id":"https:\/\/zadarapartments.com\/holiday-apartments-zadar-croatia\/","url":"https:\/\/zadarapartments.com\/holiday-apartments-zadar-croatia\/","name":"Apartm\u00e1ny Zadar Chorvatsko k pron\u00e1jmu - ZadarApartments.com","isPartOf":{"@id":"https:\/\/zadarapartments.com\/#website"},"datePublished":"2020-04-26T22:23:46+00:00","dateModified":"2025-10-12T21:57:42+00:00","description":"Apartm\u00e1ny Zadar, Chorvatsko, luxusn\u00ed a\u017e levn\u00e9, dovolen\u00e1 v centru nebo na pl\u00e1\u017ei, soukrom\u00e9 apartm\u00e1ny s baz\u00e9nem, v\u00fdhled na mo\u0159e, 1-3 lo\u017enice.","breadcrumb":{"@id":"https:\/\/zadarapartments.com\/holiday-apartments-zadar-croatia\/#breadcrumb"},"inLanguage":"cs","potentialAction":[{"@type":"ReadAction","target":["https:\/\/zadarapartments.com\/holiday-apartments-zadar-croatia\/"]}]},{"@type":"BreadcrumbList","@id":"https:\/\/zadarapartments.com\/holiday-apartments-zadar-croatia\/#breadcrumb","itemListElement":[{"@type":"ListItem","position":1,"name":"Home","item":"https:\/\/zadarapartments.com\/"},{"@type":"ListItem","position":2,"name":"Holiday Apartments Zadar Croatia"}]},{"@type":"WebSite","@id":"https:\/\/zadarapartments.com\/#website","url":"https:\/\/zadarapartments.com\/","name":"Apartm\u00e1ny Zadar, Chorvatsko, Luxusn\u00ed, Levn\u00e9, M\u011bsto nebo Pl\u00e1\u017e","description":"Apartm\u00e1ny v Zadaru, Chorvatsko, luxusn\u00ed, levn\u00e9, m\u011bstsk\u00e9, pl\u00e1\u017eov\u00e9 Ubytov\u00e1n\u00ed za poplatek","publisher":{"@id":"https:\/\/zadarapartments.com\/#organization"},"potentialAction":[{"@type":"SearchAction","target":{"@type":"EntryPoint","urlTemplate":"https:\/\/zadarapartments.com\/?s={search_term_string}"},"query-input":{"@type":"PropertyValueSpecification","valueRequired":true,"valueName":"search_term_string"}}],"inLanguage":"cs"},{"@type":"Organization","@id":"https:\/\/zadarapartments.com\/#organization","name":"ZadarApartments.com","url":"https:\/\/zadarapartments.com\/","logo":{"@type":"ImageObject","inLanguage":"cs","@id":"https:\/\/zadarapartments.com\/#\/schema\/logo\/image\/","url":"https:\/\/zadarapartments.com\/wp-content\/uploads\/2018\/09\/logo-new.png","contentUrl":"https:\/\/zadarapartments.com\/wp-content\/uploads\/2018\/09\/logo-new.png","width":300,"height":38,"caption":"ZadarApartments.com"},"image":{"@id":"https:\/\/zadarapartments.com\/#\/schema\/logo\/image\/"}}]}},"_links":{"self":[{"href":"https:\/\/zadarapartments.com\/cs\/wp-json\/wp\/v2\/pages\/19513","targetHints":{"allow":["GET"]}}],"collection":[{"href":"https:\/\/zadarapartments.com\/cs\/wp-json\/wp\/v2\/pages"}],"about":[{"href":"https:\/\/zadarapartments.com\/cs\/wp-json\/wp\/v2\/types\/page"}],"author":[{"embeddable":true,"href":"https:\/\/zadarapartments.com\/cs\/wp-json\/wp\/v2\/users\/1"}],"replies":[{"embeddable":true,"href":"https:\/\/zadarapartments.com\/cs\/wp-json\/wp\/v2\/comments?post=19513"}],"version-history":[{"count":6,"href":"https:\/\/zadarapartments.com\/cs\/wp-json\/wp\/v2\/pages\/19513\/revisions"}],"predecessor-version":[{"id":21115,"href":"https:\/\/zadarapartments.com\/cs\/wp-json\/wp\/v2\/pages\/19513\/revisions\/21115"}],"wp:attachment":[{"href":"https:\/\/zadarapartments.com\/cs\/wp-json\/wp\/v2\/media?parent=19513"}],"curies":[{"name":"wp","href":"https:\/\/api.w.org\/{rel}","templated":true}]}}